{"id":237,"date":"2024-07-08T16:14:27","date_gmt":"2024-07-08T16:14:27","guid":{"rendered":"http:\/\/fasgrel.com\/?page_id=237"},"modified":"2024-10-08T00:34:21","modified_gmt":"2024-10-08T00:34:21","slug":"instalaciones-electricas-industriales","status":"publish","type":"page","link":"https:\/\/fasgrel.com\/en\/instalaciones-electricas-industriales\/","title":{"rendered":"Instalaciones El\u00e9ctricas Industriales"},"content":{"rendered":"<div data-elementor-type=\"wp-page\" data-elementor-id=\"237\" class=\"elementor elementor-237\" data-elementor-post-type=\"page\">\n\t\t\t\t\t\t<section class=\"elementor-section elementor-top-section elementor-element elementor-element-7f065bb5 elementor-section-height-min-height elementor-section-boxed elementor-section-height-default elementor-section-items-middle\" data-id=\"7f065bb5\" data-element_type=\"section\" data-e-type=\"section\" data-settings=\"{&quot;background_background&quot;:&quot;classic&quot;,&quot;ekit_has_onepagescroll_dot&quot;:&quot;yes&quot;}\">\n\t\t\t\t\t\t\t<div class=\"elementor-background-overlay\"><\/div>\n\t\t\t\t\t\t\t<div class=\"elementor-container elementor-column-gap-default\">\n\t\t\t\t\t<div class=\"elementor-column elementor-col-100 elementor-top-column elementor-element elementor-element-6c8e4d15\" data-id=\"6c8e4d15\" data-element_type=\"column\" data-e-type=\"column\">\n\t\t\t<div class=\"elementor-widget-wrap elementor-element-populated\">\n\t\t\t\t\t\t<div class=\"elementor-element elementor-element-53edee42 elementor-widget elementor-widget-heading\" data-id=\"53edee42\" data-element_type=\"widget\" data-e-type=\"widget\" data-settings=\"{&quot;ekit_we_effect_on&quot;:&quot;none&quot;}\" data-widget_type=\"heading.default\">\n\t\t\t\t<div class=\"elementor-widget-container\">\n\t\t\t\t\t<h2 class=\"elementor-heading-title elementor-size-default\">Instalaciones El\u00e9ctricas Industriales<\/h2>\t\t\t\t<\/div>\n\t\t\t\t<\/div>\n\t\t\t\t<div class=\"elementor-element elementor-element-629da5c0 elementor-widget elementor-widget-text-editor\" data-id=\"629da5c0\" data-element_type=\"widget\" data-e-type=\"widget\" data-settings=\"{&quot;ekit_we_effect_on&quot;:&quot;none&quot;}\" data-widget_type=\"text-editor.default\">\n\t\t\t\t<div class=\"elementor-widget-container\">\n\t\t\t\t\t\t\t\t\t<p><a href=\"http:\/\/fasgrel.com\/en\/\">Inicio<\/a> \/ Servicios<\/p>\t\t\t\t\t\t\t\t<\/div>\n\t\t\t\t<\/div>\n\t\t\t\t\t<\/div>\n\t\t<\/div>\n\t\t\t\t\t<\/div>\n\t\t<\/section>\n\t\t\t\t<section class=\"elementor-section elementor-top-section elementor-element elementor-element-4ba59525 elementor-section-boxed elementor-section-height-default elementor-section-height-default\" data-id=\"4ba59525\" data-element_type=\"section\" data-e-type=\"section\" data-settings=\"{&quot;ekit_has_onepagescroll_dot&quot;:&quot;yes&quot;}\">\n\t\t\t\t\t\t<div class=\"elementor-container elementor-column-gap-default\">\n\t\t\t\t\t<div class=\"elementor-column elementor-col-100 elementor-top-column elementor-element elementor-element-475dcc58\" data-id=\"475dcc58\" data-element_type=\"column\" data-e-type=\"column\">\n\t\t\t<div class=\"elementor-widget-wrap elementor-element-populated\">\n\t\t\t\t\t\t<div class=\"elementor-element elementor-element-cc0cd2a elementor-widget elementor-widget-heading\" data-id=\"cc0cd2a\" data-element_type=\"widget\" data-e-type=\"widget\" data-settings=\"{&quot;ekit_we_effect_on&quot;:&quot;none&quot;}\" data-widget_type=\"heading.default\">\n\t\t\t\t<div class=\"elementor-widget-container\">\n\t\t\t\t\t<h5 class=\"elementor-heading-title elementor-size-default\">Proyectos de Baja y Media Tensi\u00f3n<\/h5>\t\t\t\t<\/div>\n\t\t\t\t<\/div>\n\t\t\t\t<div class=\"elementor-element elementor-element-6b6e36e3 elementor-widget elementor-widget-text-editor\" data-id=\"6b6e36e3\" data-element_type=\"widget\" data-e-type=\"widget\" data-settings=\"{&quot;ekit_we_effect_on&quot;:&quot;none&quot;}\" data-widget_type=\"text-editor.default\">\n\t\t\t\t<div class=\"elementor-widget-container\">\n\t\t\t\t\t\t\t\t\t<p style=\"text-align: justify;\"><span style=\"color: #000000;\">Brindamos soluciones integrales en todos los proyectos de Instalaciones El\u00e9ctricas Industriales, tomando en cuenta la diversidad de las necesidades de nuestros clientes. Ofrecemos soluciones que cumplan con las normas y est\u00e1ndares de calidad, contribuyendo a optimizar los procesos y a sostener las ventajas competitivas de cada uno de ellos. Atendemos a los diferentes sectores industriales, aportando al mercado de instalaciones un extenso abanico de actividades y servicios del sector.<\/span><\/p><p style=\"text-align: justify;\"><span style=\"color: #000000;\">Elaboramos y ejecutamos Proyectos de Baja y Media Tensi\u00f3n, para todos los sectores industriales. Nuestra capacidad de adaptarnos a entornos cambiantes y de incorporar las \u00faltimas tecnolog\u00edas nos permite ayudar a nuestros clientes a tener siempre instalaciones de alta calidad y en perfecto funcionamiento que les permita asegurar la m\u00e1xima rentabilidad en sus procesos productivos.<\/span><\/p><p style=\"text-align: justify;\"><span style=\"color: #000000;\">Trabajamos s\u00f3lo con materiales de primera calidad, efectuamos la planificaci\u00f3n y c\u00e1lculos previos teniendo en cuenta los requerimientos y recursos del cliente, el lugar donde se va a efectuar la instalaci\u00f3n y los fen\u00f3menos indeseados para cada aplicaci\u00f3n. Nuestro trabajo es supervisado paso a paso para garantizar los tiempos y costos asignados al proyecto.<\/span><\/p><p style=\"text-align: justify;\"><span style=\"color: #000000;\">Si requiere alguna instalaci\u00f3n o desea implementar una mejora, no dude en contactarse con nosotros, ofrecemos un trabajo profesional y a un precio competitivo con el mejor Servicio de Instalaciones El\u00e9ctricas.<\/span><\/p><p><span style=\"color: #000000;\">Ejecutamos proyectos de diversa \u00edndole, tales como:<\/span><\/p>\t\t\t\t\t\t\t\t<\/div>\n\t\t\t\t<\/div>\n\t\t<div class=\"elementor-element elementor-element-106ee89 e-flex e-con-boxed e-con e-parent\" data-id=\"106ee89\" data-element_type=\"container\" data-e-type=\"container\" data-settings=\"{&quot;ekit_has_onepagescroll_dot&quot;:&quot;yes&quot;}\">\n\t\t\t\t\t<div class=\"e-con-inner\">\n\t\t<div class=\"elementor-element elementor-element-beafb6b e-grid e-con-full e-con e-child\" data-id=\"beafb6b\" data-element_type=\"container\" data-e-type=\"container\" data-settings=\"{&quot;ekit_has_onepagescroll_dot&quot;:&quot;yes&quot;}\">\n\t\t<div class=\"elementor-element elementor-element-1a0a0b6 e-con-full e-flex e-con e-child\" data-id=\"1a0a0b6\" data-element_type=\"container\" data-e-type=\"container\" data-settings=\"{&quot;ekit_has_onepagescroll_dot&quot;:&quot;yes&quot;}\">\n\t\t\t\t<div class=\"elementor-element elementor-element-cc3aeed elementor-align-start elementor-icon-list--layout-traditional elementor-list-item-link-full_width elementor-widget elementor-widget-icon-list\" data-id=\"cc3aeed\" data-element_type=\"widget\" data-e-type=\"widget\" data-settings=\"{&quot;ekit_we_effect_on&quot;:&quot;none&quot;}\" data-widget_type=\"icon-list.default\">\n\t\t\t\t<div class=\"elementor-widget-container\">\n\t\t\t\t\t\t\t<ul class=\"elementor-icon-list-items\">\n\t\t\t\t\t\t\t<li class=\"elementor-icon-list-item\">\n\t\t\t\t\t\t\t\t\t\t\t<span class=\"elementor-icon-list-icon\">\n\t\t\t\t\t\t\t<i aria-hidden=\"true\" class=\"icon icon-flash\"><\/i>\t\t\t\t\t\t<\/span>\n\t\t\t\t\t\t\t\t\t\t<span class=\"elementor-icon-list-text\">Instalaciones El\u00e9ctricas de Baja y Media Tensi\u00f3n.<\/span>\n\t\t\t\t\t\t\t\t\t<\/li>\n\t\t\t\t\t\t\t\t<li class=\"elementor-icon-list-item\">\n\t\t\t\t\t\t\t\t\t\t\t<span class=\"elementor-icon-list-icon\">\n\t\t\t\t\t\t\t<i aria-hidden=\"true\" class=\"icon icon-flash\"><\/i>\t\t\t\t\t\t<\/span>\n\t\t\t\t\t\t\t\t\t\t<span class=\"elementor-icon-list-text\">Montaje e Instalaci\u00f3n de Cuadros Generales de Distribuci\u00f3n y Cuadros Secundarios para Fuerza y Alumbrado.<\/span>\n\t\t\t\t\t\t\t\t\t<\/li>\n\t\t\t\t\t\t\t\t<li class=\"elementor-icon-list-item\">\n\t\t\t\t\t\t\t\t\t\t\t<span class=\"elementor-icon-list-icon\">\n\t\t\t\t\t\t\t<i aria-hidden=\"true\" class=\"icon icon-flash\"><\/i>\t\t\t\t\t\t<\/span>\n\t\t\t\t\t\t\t\t\t\t<span class=\"elementor-icon-list-text\">Montaje, Instalaci\u00f3n y Programaci\u00f3n de Cuadros de Control, Regulaci\u00f3n y Automatizaci\u00f3n (CCMs).<\/span>\n\t\t\t\t\t\t\t\t\t<\/li>\n\t\t\t\t\t\t\t\t<li class=\"elementor-icon-list-item\">\n\t\t\t\t\t\t\t\t\t\t\t<span class=\"elementor-icon-list-icon\">\n\t\t\t\t\t\t\t<i aria-hidden=\"true\" class=\"icon icon-flash\"><\/i>\t\t\t\t\t\t<\/span>\n\t\t\t\t\t\t\t\t\t\t<span class=\"elementor-icon-list-text\">Centros de Transformaci\u00f3n de Intemperie (CTI), Interior y Compactos.<\/span>\n\t\t\t\t\t\t\t\t\t<\/li>\n\t\t\t\t\t\t\t\t<li class=\"elementor-icon-list-item\">\n\t\t\t\t\t\t\t\t\t\t\t<span class=\"elementor-icon-list-icon\">\n\t\t\t\t\t\t\t<i aria-hidden=\"true\" class=\"icon icon-flash\"><\/i>\t\t\t\t\t\t<\/span>\n\t\t\t\t\t\t\t\t\t\t<span class=\"elementor-icon-list-text\">Ejecuci\u00f3n de Empalmes en Media Tensi\u00f3n hasta 30KV.<\/span>\n\t\t\t\t\t\t\t\t\t<\/li>\n\t\t\t\t\t\t<\/ul>\n\t\t\t\t\t\t<\/div>\n\t\t\t\t<\/div>\n\t\t\t\t<\/div>\n\t\t<div class=\"elementor-element elementor-element-a7a634e e-con-full e-flex e-con e-child\" data-id=\"a7a634e\" data-element_type=\"container\" data-e-type=\"container\" data-settings=\"{&quot;ekit_has_onepagescroll_dot&quot;:&quot;yes&quot;}\">\n\t\t\t\t<div class=\"elementor-element elementor-element-ea27e70 elementor-align-start elementor-icon-list--layout-traditional elementor-list-item-link-full_width elementor-widget elementor-widget-icon-list\" data-id=\"ea27e70\" data-element_type=\"widget\" data-e-type=\"widget\" data-settings=\"{&quot;ekit_we_effect_on&quot;:&quot;none&quot;}\" data-widget_type=\"icon-list.default\">\n\t\t\t\t<div class=\"elementor-widget-container\">\n\t\t\t\t\t\t\t<ul class=\"elementor-icon-list-items\">\n\t\t\t\t\t\t\t<li class=\"elementor-icon-list-item\">\n\t\t\t\t\t\t\t\t\t\t\t<span class=\"elementor-icon-list-icon\">\n\t\t\t\t\t\t\t<i aria-hidden=\"true\" class=\"icon icon-flash\"><\/i>\t\t\t\t\t\t<\/span>\n\t\t\t\t\t\t\t\t\t\t<span class=\"elementor-icon-list-text\">Instalaciones de Puesta a Tierra.<\/span>\n\t\t\t\t\t\t\t\t\t<\/li>\n\t\t\t\t\t\t\t\t<li class=\"elementor-icon-list-item\">\n\t\t\t\t\t\t\t\t\t\t\t<span class=\"elementor-icon-list-icon\">\n\t\t\t\t\t\t\t<i aria-hidden=\"true\" class=\"icon icon-flash\"><\/i>\t\t\t\t\t\t<\/span>\n\t\t\t\t\t\t\t\t\t\t<span class=\"elementor-icon-list-text\">Mantenimiento Preventivo y Correctivo de Instalaciones El\u00e9ctricas.<\/span>\n\t\t\t\t\t\t\t\t\t<\/li>\n\t\t\t\t\t\t\t\t<li class=\"elementor-icon-list-item\">\n\t\t\t\t\t\t\t\t\t\t\t<span class=\"elementor-icon-list-icon\">\n\t\t\t\t\t\t\t<i aria-hidden=\"true\" class=\"icon icon-flash\"><\/i>\t\t\t\t\t\t<\/span>\n\t\t\t\t\t\t\t\t\t\t<span class=\"elementor-icon-list-text\">Localizaci\u00f3n y Correcci\u00f3n de Aver\u00edas en Instalaciones El\u00e9ctricas y Maquinarias.<\/span>\n\t\t\t\t\t\t\t\t\t<\/li>\n\t\t\t\t\t\t\t\t<li class=\"elementor-icon-list-item\">\n\t\t\t\t\t\t\t\t\t\t\t<span class=\"elementor-icon-list-icon\">\n\t\t\t\t\t\t\t<i aria-hidden=\"true\" class=\"icon icon-flash\"><\/i>\t\t\t\t\t\t<\/span>\n\t\t\t\t\t\t\t\t\t\t<span class=\"elementor-icon-list-text\">Instalaci\u00f3n de Inversores, UPS, Generadores de Emergencia, Bater\u00edas, Condensadores.<\/span>\n\t\t\t\t\t\t\t\t\t<\/li>\n\t\t\t\t\t\t\t\t<li class=\"elementor-icon-list-item\">\n\t\t\t\t\t\t\t\t\t\t\t<span class=\"elementor-icon-list-icon\">\n\t\t\t\t\t\t\t<i aria-hidden=\"true\" class=\"icon icon-flash\"><\/i>\t\t\t\t\t\t<\/span>\n\t\t\t\t\t\t\t\t\t\t<span class=\"elementor-icon-list-text\">Contratos de Mantenimiento de Instalaciones El\u00e9ctricas en Locales de p\u00fablica concurrencia y Establecimientos Industriales.<\/span>\n\t\t\t\t\t\t\t\t\t<\/li>\n\t\t\t\t\t\t<\/ul>\n\t\t\t\t\t\t<\/div>\n\t\t\t\t<\/div>\n\t\t\t\t<\/div>\n\t\t\t\t<\/div>\n\t\t\t\t\t<\/div>\n\t\t\t\t<\/div>\n\t\t<div class=\"elementor-element elementor-element-ea25a8d e-flex e-con-boxed e-con e-parent\" data-id=\"ea25a8d\" data-element_type=\"container\" data-e-type=\"container\" data-settings=\"{&quot;ekit_has_onepagescroll_dot&quot;:&quot;yes&quot;}\">\n\t\t\t\t\t<div class=\"e-con-inner\">\n\t\t\t\t<div class=\"elementor-element elementor-element-0101530 gallery-spacing-custom elementor-widget elementor-widget-image-gallery\" data-id=\"0101530\" data-element_type=\"widget\" data-e-type=\"widget\" data-settings=\"{&quot;ekit_we_effect_on&quot;:&quot;none&quot;}\" data-widget_type=\"image-gallery.default\">\n\t\t\t\t<div class=\"elementor-widget-container\">\n\t\t\t\t\t\t\t<div class=\"elementor-image-gallery\">\n\t\t\t<div id='gallery-1' class='gallery galleryid-237 gallery-columns-1 gallery-size-full'><figure class='gallery-item'>\n\t\t\t<div class='gallery-icon landscape'>\n\t\t\t\t<img fetchpriority=\"high\" decoding=\"async\" width=\"1020\" height=\"680\" src=\"https:\/\/fasgrel.com\/wp-content\/uploads\/2024\/10\/instalaciones-electricas.jpg\" class=\"attachment-full size-full\" alt=\"instalaciones el\u00e9ctricas\" aria-describedby=\"gallery-1-2137\" srcset=\"https:\/\/fasgrel.com\/wp-content\/uploads\/2024\/10\/instalaciones-electricas.jpg 1020w, https:\/\/fasgrel.com\/wp-content\/uploads\/2024\/10\/instalaciones-electricas-300x200.jpg 300w, https:\/\/fasgrel.com\/wp-content\/uploads\/2024\/10\/instalaciones-electricas-768x512.jpg 768w, https:\/\/fasgrel.com\/wp-content\/uploads\/2024\/10\/instalaciones-electricas-600x400.jpg 600w\" sizes=\"(max-width: 1020px) 100vw, 1020px\" \/>\n\t\t\t<\/div>\n\t\t\t\t<figcaption class='wp-caption-text gallery-caption' id='gallery-1-2137'>\n\t\t\t\tA male electrician works in a switchboard with an electrical connecting cable, connects the equipment with tools. SSUCv3H4sIAAAAAAAACpyRz27DIAzG75P2DhHnRsrfJtmrVDs4QBJUChWQTlPVd5+BUHHeDf9sf\/Znnp8fRUFmsIKSr+LpI4yFlLt1BpzQCnF1OrjhinGTk4dpz1UOOBNOGwEyhzM4uim4cYRql9LjV0gS68Dtlls\/\/UAUHF9RI8K3RFzxEuMiJUISOzBFyCljdp8DSyiK\/6szPr6TG1i5or9h4cyI4ZJDNHKJpeT647i55dZgZ0Jnrh6agvQFbaZ0N4IKtWZt2m3h7KmN6l0541d4b06k1neYpT\/xgpo88Q2sxXKWeDaI4ifrWzZHaRcMHKqE4U\/4sG6bYer6aer76jw1dTseBfH3NoE6YZ0khDG9CpZbF34DQpuBUeihrAc2lx2rqnIcl67kC4z1uLCuqwEP\/\/oDAAD\/\/wMABlbxvpgCAAA=\n\t\t\t\t<\/figcaption><\/figure>\n\t\t<\/div>\n\t\t<\/div>\n\t\t\t\t\t\t<\/div>\n\t\t\t\t<\/div>\n\t\t\t\t\t<\/div>\n\t\t\t\t<\/div>\n\t\t\t\t\t<\/div>\n\t\t<\/div>\n\t\t\t\t\t<\/div>\n\t\t<\/section>\n\t\t<div class=\"elementor-element elementor-element-e6be02c e-grid e-con-boxed e-con e-parent\" data-id=\"e6be02c\" data-element_type=\"container\" data-e-type=\"container\" data-settings=\"{&quot;ekit_has_onepagescroll_dot&quot;:&quot;yes&quot;}\">\n\t\t\t\t\t<div class=\"e-con-inner\">\n\t\t\t\t\t<\/div>\n\t\t\t\t<\/div>\n\t\t\t\t<\/div>","protected":false},"excerpt":{"rendered":"<p>Inicio \/ Servicios Proyectos de Baja y Media Tensi\u00f3n Brindamos soluciones integrales en todos los proyectos de Instalaciones El\u00e9ctricas Industriales, tomando en cuenta la diversidad de las necesidades de nuestros clientes. Ofrecemos soluciones que cumplan con las normas y est\u00e1ndares de calidad, contribuyendo a optimizar los procesos y a sostener las ventajas competitivas de cada [&hellip;]<\/p>\n","protected":false},"author":1,"featured_media":0,"parent":0,"menu_order":0,"comment_status":"closed","ping_status":"closed","template":"","meta":{"_acf_changed":false,"_joinchat":[],"footnotes":""},"class_list":["post-237","page","type-page","status-publish","hentry"],"acf":[],"yoast_head":"<!-- This site is optimized with the Yoast SEO Premium plugin v22.9 (Yoast SEO v27.1.1) - https:\/\/yoast.com\/product\/yoast-seo-premium-wordpress\/ -->\n<title>Instalaciones El\u00e9ctricas Industriales | Baja y Media Tensi\u00f3n<\/title>\n<meta name=\"description\" content=\"Ejecutamos instalaciones el\u00e9ctricas industriales en baja y media tensi\u00f3n para todos los sectores industriales. Seg\u00fan normas y est\u00e1ndares de calidad.\" \/>\n<meta name=\"robots\" content=\"index, follow, max-snippet:-1, max-image-preview:large, max-video-preview:-1\" \/>\n<link rel=\"canonical\" href=\"https:\/\/fasgrel.com\/en\/instalaciones-electricas-industriales\/\" \/>\n<meta property=\"og:locale\" content=\"en_US\" \/>\n<meta property=\"og:type\" content=\"article\" \/>\n<meta property=\"og:title\" content=\"Instalaciones El\u00e9ctricas Industriales\" \/>\n<meta property=\"og:description\" content=\"Ejecutamos instalaciones el\u00e9ctricas industriales en baja y media tensi\u00f3n para todos los sectores industriales. Seg\u00fan normas y est\u00e1ndares de calidad.\" \/>\n<meta property=\"og:url\" content=\"https:\/\/fasgrel.com\/en\/instalaciones-electricas-industriales\/\" \/>\n<meta property=\"og:site_name\" content=\"Fasgrel\" \/>\n<meta property=\"article:modified_time\" content=\"2024-10-08T00:34:21+00:00\" \/>\n<meta property=\"og:image\" content=\"http:\/\/fasgrel.com\/wp-content\/uploads\/2024\/10\/instalaciones-electricas.jpg\" \/>\n<meta name=\"twitter:card\" content=\"summary_large_image\" \/>\n<meta name=\"twitter:label1\" content=\"Est. reading time\" \/>\n\t<meta name=\"twitter:data1\" content=\"2 minutes\" \/>\n<script type=\"application\/ld+json\" class=\"yoast-schema-graph\">{\"@context\":\"https:\/\/schema.org\",\"@graph\":[{\"@type\":\"WebPage\",\"@id\":\"https:\/\/fasgrel.com\/instalaciones-electricas-industriales\/\",\"url\":\"https:\/\/fasgrel.com\/instalaciones-electricas-industriales\/\",\"name\":\"Instalaciones El\u00e9ctricas Industriales | Baja y Media Tensi\u00f3n\",\"isPartOf\":{\"@id\":\"https:\/\/fasgrel.com\/#website\"},\"primaryImageOfPage\":{\"@id\":\"https:\/\/fasgrel.com\/instalaciones-electricas-industriales\/#primaryimage\"},\"image\":{\"@id\":\"https:\/\/fasgrel.com\/instalaciones-electricas-industriales\/#primaryimage\"},\"thumbnailUrl\":\"http:\/\/fasgrel.com\/wp-content\/uploads\/2024\/10\/instalaciones-electricas.jpg\",\"datePublished\":\"2024-07-08T16:14:27+00:00\",\"dateModified\":\"2024-10-08T00:34:21+00:00\",\"description\":\"Ejecutamos instalaciones el\u00e9ctricas industriales en baja y media tensi\u00f3n para todos los sectores industriales. Seg\u00fan normas y est\u00e1ndares de calidad.\",\"breadcrumb\":{\"@id\":\"https:\/\/fasgrel.com\/instalaciones-electricas-industriales\/#breadcrumb\"},\"inLanguage\":\"en-US\",\"potentialAction\":[{\"@type\":\"ReadAction\",\"target\":[\"https:\/\/fasgrel.com\/instalaciones-electricas-industriales\/\"]}]},{\"@type\":\"ImageObject\",\"inLanguage\":\"en-US\",\"@id\":\"https:\/\/fasgrel.com\/instalaciones-electricas-industriales\/#primaryimage\",\"url\":\"http:\/\/fasgrel.com\/wp-content\/uploads\/2024\/10\/instalaciones-electricas.jpg\",\"contentUrl\":\"http:\/\/fasgrel.com\/wp-content\/uploads\/2024\/10\/instalaciones-electricas.jpg\"},{\"@type\":\"BreadcrumbList\",\"@id\":\"https:\/\/fasgrel.com\/instalaciones-electricas-industriales\/#breadcrumb\",\"itemListElement\":[{\"@type\":\"ListItem\",\"position\":1,\"name\":\"Portada\",\"item\":\"https:\/\/fasgrel.com\/\"},{\"@type\":\"ListItem\",\"position\":2,\"name\":\"Instalaciones El\u00e9ctricas Industriales\"}]},{\"@type\":\"WebSite\",\"@id\":\"https:\/\/fasgrel.com\/#website\",\"url\":\"https:\/\/fasgrel.com\/\",\"name\":\"Fasgrel\",\"description\":\"Sitio en Construcci\u00f3n\",\"publisher\":{\"@id\":\"https:\/\/fasgrel.com\/#organization\"},\"potentialAction\":[{\"@type\":\"SearchAction\",\"target\":{\"@type\":\"EntryPoint\",\"urlTemplate\":\"https:\/\/fasgrel.com\/?s={search_term_string}\"},\"query-input\":{\"@type\":\"PropertyValueSpecification\",\"valueRequired\":true,\"valueName\":\"search_term_string\"}}],\"inLanguage\":\"en-US\"},{\"@type\":\"Organization\",\"@id\":\"https:\/\/fasgrel.com\/#organization\",\"name\":\"FASGREL\",\"url\":\"https:\/\/fasgrel.com\/\",\"logo\":{\"@type\":\"ImageObject\",\"inLanguage\":\"en-US\",\"@id\":\"https:\/\/fasgrel.com\/#\/schema\/logo\/image\/\",\"url\":\"https:\/\/fasgrel.com\/wp-content\/uploads\/2024\/10\/logo-fasgrel.png\",\"contentUrl\":\"https:\/\/fasgrel.com\/wp-content\/uploads\/2024\/10\/logo-fasgrel.png\",\"width\":427,\"height\":110,\"caption\":\"FASGREL\"},\"image\":{\"@id\":\"https:\/\/fasgrel.com\/#\/schema\/logo\/image\/\"}}]}<\/script>\n<!-- \/ Yoast SEO Premium plugin. -->","yoast_head_json":{"title":"Instalaciones El\u00e9ctricas Industriales | Baja y Media Tensi\u00f3n","description":"Ejecutamos instalaciones el\u00e9ctricas industriales en baja y media tensi\u00f3n para todos los sectores industriales. Seg\u00fan normas y est\u00e1ndares de calidad.","robots":{"index":"index","follow":"follow","max-snippet":"max-snippet:-1","max-image-preview":"max-image-preview:large","max-video-preview":"max-video-preview:-1"},"canonical":"https:\/\/fasgrel.com\/en\/instalaciones-electricas-industriales\/","og_locale":"en_US","og_type":"article","og_title":"Instalaciones El\u00e9ctricas Industriales","og_description":"Ejecutamos instalaciones el\u00e9ctricas industriales en baja y media tensi\u00f3n para todos los sectores industriales. Seg\u00fan normas y est\u00e1ndares de calidad.","og_url":"https:\/\/fasgrel.com\/en\/instalaciones-electricas-industriales\/","og_site_name":"Fasgrel","article_modified_time":"2024-10-08T00:34:21+00:00","og_image":[{"url":"http:\/\/fasgrel.com\/wp-content\/uploads\/2024\/10\/instalaciones-electricas.jpg","type":"","width":"","height":""}],"twitter_card":"summary_large_image","twitter_misc":{"Est. reading time":"2 minutes"},"schema":{"@context":"https:\/\/schema.org","@graph":[{"@type":"WebPage","@id":"https:\/\/fasgrel.com\/instalaciones-electricas-industriales\/","url":"https:\/\/fasgrel.com\/instalaciones-electricas-industriales\/","name":"Instalaciones El\u00e9ctricas Industriales | Baja y Media Tensi\u00f3n","isPartOf":{"@id":"https:\/\/fasgrel.com\/#website"},"primaryImageOfPage":{"@id":"https:\/\/fasgrel.com\/instalaciones-electricas-industriales\/#primaryimage"},"image":{"@id":"https:\/\/fasgrel.com\/instalaciones-electricas-industriales\/#primaryimage"},"thumbnailUrl":"http:\/\/fasgrel.com\/wp-content\/uploads\/2024\/10\/instalaciones-electricas.jpg","datePublished":"2024-07-08T16:14:27+00:00","dateModified":"2024-10-08T00:34:21+00:00","description":"Ejecutamos instalaciones el\u00e9ctricas industriales en baja y media tensi\u00f3n para todos los sectores industriales. Seg\u00fan normas y est\u00e1ndares de calidad.","breadcrumb":{"@id":"https:\/\/fasgrel.com\/instalaciones-electricas-industriales\/#breadcrumb"},"inLanguage":"en-US","potentialAction":[{"@type":"ReadAction","target":["https:\/\/fasgrel.com\/instalaciones-electricas-industriales\/"]}]},{"@type":"ImageObject","inLanguage":"en-US","@id":"https:\/\/fasgrel.com\/instalaciones-electricas-industriales\/#primaryimage","url":"http:\/\/fasgrel.com\/wp-content\/uploads\/2024\/10\/instalaciones-electricas.jpg","contentUrl":"http:\/\/fasgrel.com\/wp-content\/uploads\/2024\/10\/instalaciones-electricas.jpg"},{"@type":"BreadcrumbList","@id":"https:\/\/fasgrel.com\/instalaciones-electricas-industriales\/#breadcrumb","itemListElement":[{"@type":"ListItem","position":1,"name":"Portada","item":"https:\/\/fasgrel.com\/"},{"@type":"ListItem","position":2,"name":"Instalaciones El\u00e9ctricas Industriales"}]},{"@type":"WebSite","@id":"https:\/\/fasgrel.com\/#website","url":"https:\/\/fasgrel.com\/","name":"Fasgrel","description":"Sitio en Construcci\u00f3n","publisher":{"@id":"https:\/\/fasgrel.com\/#organization"},"potentialAction":[{"@type":"SearchAction","target":{"@type":"EntryPoint","urlTemplate":"https:\/\/fasgrel.com\/?s={search_term_string}"},"query-input":{"@type":"PropertyValueSpecification","valueRequired":true,"valueName":"search_term_string"}}],"inLanguage":"en-US"},{"@type":"Organization","@id":"https:\/\/fasgrel.com\/#organization","name":"FASGREL","url":"https:\/\/fasgrel.com\/","logo":{"@type":"ImageObject","inLanguage":"en-US","@id":"https:\/\/fasgrel.com\/#\/schema\/logo\/image\/","url":"https:\/\/fasgrel.com\/wp-content\/uploads\/2024\/10\/logo-fasgrel.png","contentUrl":"https:\/\/fasgrel.com\/wp-content\/uploads\/2024\/10\/logo-fasgrel.png","width":427,"height":110,"caption":"FASGREL"},"image":{"@id":"https:\/\/fasgrel.com\/#\/schema\/logo\/image\/"}}]}},"_links":{"self":[{"href":"https:\/\/fasgrel.com\/en\/wp-json\/wp\/v2\/pages\/237","targetHints":{"allow":["GET"]}}],"collection":[{"href":"https:\/\/fasgrel.com\/en\/wp-json\/wp\/v2\/pages"}],"about":[{"href":"https:\/\/fasgrel.com\/en\/wp-json\/wp\/v2\/types\/page"}],"author":[{"embeddable":true,"href":"https:\/\/fasgrel.com\/en\/wp-json\/wp\/v2\/users\/1"}],"replies":[{"embeddable":true,"href":"https:\/\/fasgrel.com\/en\/wp-json\/wp\/v2\/comments?post=237"}],"version-history":[{"count":64,"href":"https:\/\/fasgrel.com\/en\/wp-json\/wp\/v2\/pages\/237\/revisions"}],"predecessor-version":[{"id":2168,"href":"https:\/\/fasgrel.com\/en\/wp-json\/wp\/v2\/pages\/237\/revisions\/2168"}],"wp:attachment":[{"href":"https:\/\/fasgrel.com\/en\/wp-json\/wp\/v2\/media?parent=237"}],"curies":[{"name":"wp","href":"https:\/\/api.w.org\/{rel}","templated":true}]}}