{"id":242,"date":"2024-07-08T16:15:27","date_gmt":"2024-07-08T16:15:27","guid":{"rendered":"http:\/\/fasgrel.com\/?page_id=242"},"modified":"2024-10-08T01:09:13","modified_gmt":"2024-10-08T01:09:13","slug":"automatizacion-industrial","status":"publish","type":"page","link":"https:\/\/fasgrel.com\/en\/automatizacion-industrial\/","title":{"rendered":"Automatizaci\u00f3n Industrial"},"content":{"rendered":"<div data-elementor-type=\"wp-page\" data-elementor-id=\"242\" class=\"elementor elementor-242\" data-elementor-post-type=\"page\">\n\t\t\t\t\t\t<section class=\"elementor-section elementor-top-section elementor-element elementor-element-96a39b6 elementor-section-height-min-height elementor-section-boxed elementor-section-height-default elementor-section-items-middle\" data-id=\"96a39b6\" data-element_type=\"section\" data-e-type=\"section\" data-settings=\"{&quot;background_background&quot;:&quot;classic&quot;,&quot;ekit_has_onepagescroll_dot&quot;:&quot;yes&quot;}\">\n\t\t\t\t\t\t\t<div class=\"elementor-background-overlay\"><\/div>\n\t\t\t\t\t\t\t<div class=\"elementor-container elementor-column-gap-default\">\n\t\t\t\t\t<div class=\"elementor-column elementor-col-100 elementor-top-column elementor-element elementor-element-2dfe756\" data-id=\"2dfe756\" data-element_type=\"column\" data-e-type=\"column\">\n\t\t\t<div class=\"elementor-widget-wrap elementor-element-populated\">\n\t\t\t\t\t\t<div class=\"elementor-element elementor-element-79f3dd8 elementor-widget elementor-widget-heading\" data-id=\"79f3dd8\" data-element_type=\"widget\" data-e-type=\"widget\" data-settings=\"{&quot;ekit_we_effect_on&quot;:&quot;none&quot;}\" data-widget_type=\"heading.default\">\n\t\t\t\t<div class=\"elementor-widget-container\">\n\t\t\t\t\t<h2 class=\"elementor-heading-title elementor-size-default\">Automatizaci\u00f3n Industrial<\/h2>\t\t\t\t<\/div>\n\t\t\t\t<\/div>\n\t\t\t\t<div class=\"elementor-element elementor-element-ba69f7d elementor-widget elementor-widget-text-editor\" data-id=\"ba69f7d\" data-element_type=\"widget\" data-e-type=\"widget\" data-settings=\"{&quot;ekit_we_effect_on&quot;:&quot;none&quot;}\" data-widget_type=\"text-editor.default\">\n\t\t\t\t<div class=\"elementor-widget-container\">\n\t\t\t\t\t\t\t\t\t<p><a href=\"http:\/\/fasgrel.com\/en\/\">Inicio<\/a> \/ Servicios<\/p>\t\t\t\t\t\t\t\t<\/div>\n\t\t\t\t<\/div>\n\t\t\t\t\t<\/div>\n\t\t<\/div>\n\t\t\t\t\t<\/div>\n\t\t<\/section>\n\t\t\t\t<section class=\"elementor-section elementor-top-section elementor-element elementor-element-d2a22f4 elementor-section-boxed elementor-section-height-default elementor-section-height-default\" data-id=\"d2a22f4\" data-element_type=\"section\" data-e-type=\"section\" data-settings=\"{&quot;ekit_has_onepagescroll_dot&quot;:&quot;yes&quot;}\">\n\t\t\t\t\t\t<div class=\"elementor-container elementor-column-gap-default\">\n\t\t\t\t\t<div class=\"elementor-column elementor-col-100 elementor-top-column elementor-element elementor-element-40a7946\" data-id=\"40a7946\" data-element_type=\"column\" data-e-type=\"column\">\n\t\t\t<div class=\"elementor-widget-wrap elementor-element-populated\">\n\t\t\t\t\t\t<div class=\"elementor-element elementor-element-8bbb85b elementor-widget elementor-widget-heading\" data-id=\"8bbb85b\" data-element_type=\"widget\" data-e-type=\"widget\" data-settings=\"{&quot;ekit_we_effect_on&quot;:&quot;none&quot;}\" data-widget_type=\"heading.default\">\n\t\t\t\t<div class=\"elementor-widget-container\">\n\t\t\t\t\t<h5 class=\"elementor-heading-title elementor-size-default\">Intregraci\u00f3n de procesos productivos en planta<\/h5>\t\t\t\t<\/div>\n\t\t\t\t<\/div>\n\t\t\t\t<div class=\"elementor-element elementor-element-c62a8e1 elementor-widget elementor-widget-text-editor\" data-id=\"c62a8e1\" data-element_type=\"widget\" data-e-type=\"widget\" data-settings=\"{&quot;ekit_we_effect_on&quot;:&quot;none&quot;}\" data-widget_type=\"text-editor.default\">\n\t\t\t\t<div class=\"elementor-widget-container\">\n\t\t\t\t\t\t\t\t\t<p style=\"text-align: justify;\"><span style=\"color: #000000;\">Desde la instrumentaci\u00f3n en planta hasta la integraci\u00f3n con sus sistemas de planificaci\u00f3n de recursos, la Automatizaci\u00f3n Industrial le permite monitorear y controlar los par\u00e1metros de sus procesos productivos brind\u00e1ndole informaci\u00f3n donde usted se encuentre, en el formato que espera y cuando usted lo requiera, ayud\u00e1ndole a tomar decisiones correctas en tiempo real.<\/span><\/p><p style=\"text-align: justify;\"><span style=\"color: #000000;\">Gracias a la Automatizaci\u00f3n Industrial, las empresas pueden mejorar su productividad y competitividad, ya que \u00e9sta les permite reducir costos y aumentar la calidad de sus productos.<\/span><\/p><p style=\"text-align: justify;\"><span style=\"color: #000000;\">Usamos marcas l\u00edderes en el mercado de la Automatizaci\u00f3n Industrial, tanto de software (HMI, SCADA, MES) como de hardware (PLC, RTU, PAC, DCS), lo que nos permite ofrecerle soluciones integrales para ayudarle a alcanzar la excelencia operacional.<\/span><\/p><p style=\"text-align: justify;\"><span style=\"color: #000000;\">Si est\u00e1 interesado en mejorar la Automatizaci\u00f3n Industrial de su empresa, no dude en ponerse en contacto con nosotros. Nuestros expertos estar\u00e1n encantados de asesorarle para que encuentre la soluci\u00f3n m\u00e1s adecuada para su negocio.<\/span><\/p><p><span style=\"color: #000000;\">Puede contar con nuestros servicios de:<\/span><\/p>\t\t\t\t\t\t\t\t<\/div>\n\t\t\t\t<\/div>\n\t\t<div class=\"elementor-element elementor-element-54bfb5e e-flex e-con-boxed e-con e-parent\" data-id=\"54bfb5e\" data-element_type=\"container\" data-e-type=\"container\" data-settings=\"{&quot;ekit_has_onepagescroll_dot&quot;:&quot;yes&quot;}\">\n\t\t\t\t\t<div class=\"e-con-inner\">\n\t\t<div class=\"elementor-element elementor-element-30b2e3e e-grid e-con-full e-con e-child\" data-id=\"30b2e3e\" data-element_type=\"container\" data-e-type=\"container\" data-settings=\"{&quot;ekit_has_onepagescroll_dot&quot;:&quot;yes&quot;}\">\n\t\t<div class=\"elementor-element elementor-element-a98dc99 e-con-full e-flex e-con e-child\" data-id=\"a98dc99\" data-element_type=\"container\" data-e-type=\"container\" data-settings=\"{&quot;ekit_has_onepagescroll_dot&quot;:&quot;yes&quot;}\">\n\t\t\t\t<div class=\"elementor-element elementor-element-df005c8 elementor-align-start elementor-icon-list--layout-traditional elementor-list-item-link-full_width elementor-widget elementor-widget-icon-list\" data-id=\"df005c8\" data-element_type=\"widget\" data-e-type=\"widget\" data-settings=\"{&quot;ekit_we_effect_on&quot;:&quot;none&quot;}\" data-widget_type=\"icon-list.default\">\n\t\t\t\t<div class=\"elementor-widget-container\">\n\t\t\t\t\t\t\t<ul class=\"elementor-icon-list-items\">\n\t\t\t\t\t\t\t<li class=\"elementor-icon-list-item\">\n\t\t\t\t\t\t\t\t\t\t\t<span class=\"elementor-icon-list-icon\">\n\t\t\t\t\t\t\t<i aria-hidden=\"true\" class=\"icon icon-flash\"><\/i>\t\t\t\t\t\t<\/span>\n\t\t\t\t\t\t\t\t\t\t<span class=\"elementor-icon-list-text\">Consultar\u00eda en la definici\u00f3n de Sistemas de Automatizaci\u00f3n Industrial.<\/span>\n\t\t\t\t\t\t\t\t\t<\/li>\n\t\t\t\t\t\t\t\t<li class=\"elementor-icon-list-item\">\n\t\t\t\t\t\t\t\t\t\t\t<span class=\"elementor-icon-list-icon\">\n\t\t\t\t\t\t\t<i aria-hidden=\"true\" class=\"icon icon-flash\"><\/i>\t\t\t\t\t\t<\/span>\n\t\t\t\t\t\t\t\t\t\t<span class=\"elementor-icon-list-text\">Suministro, Configuraci\u00f3n y Desarrollo de Aplicaciones de Automatizaci\u00f3n.<\/span>\n\t\t\t\t\t\t\t\t\t<\/li>\n\t\t\t\t\t\t\t\t<li class=\"elementor-icon-list-item\">\n\t\t\t\t\t\t\t\t\t\t\t<span class=\"elementor-icon-list-icon\">\n\t\t\t\t\t\t\t<i aria-hidden=\"true\" class=\"icon icon-flash\"><\/i>\t\t\t\t\t\t<\/span>\n\t\t\t\t\t\t\t\t\t\t<span class=\"elementor-icon-list-text\">Implementaci\u00f3n de Proyectos de Automatizaci\u00f3n Industrial.<\/span>\n\t\t\t\t\t\t\t\t\t<\/li>\n\t\t\t\t\t\t<\/ul>\n\t\t\t\t\t\t<\/div>\n\t\t\t\t<\/div>\n\t\t\t\t<\/div>\n\t\t<div class=\"elementor-element elementor-element-a9a22bb e-con-full e-flex e-con e-child\" data-id=\"a9a22bb\" data-element_type=\"container\" data-e-type=\"container\" data-settings=\"{&quot;ekit_has_onepagescroll_dot&quot;:&quot;yes&quot;}\">\n\t\t\t\t<div class=\"elementor-element elementor-element-0ab6e4f elementor-align-start elementor-icon-list--layout-traditional elementor-list-item-link-full_width elementor-widget elementor-widget-icon-list\" data-id=\"0ab6e4f\" data-element_type=\"widget\" data-e-type=\"widget\" data-settings=\"{&quot;ekit_we_effect_on&quot;:&quot;none&quot;}\" data-widget_type=\"icon-list.default\">\n\t\t\t\t<div class=\"elementor-widget-container\">\n\t\t\t\t\t\t\t<ul class=\"elementor-icon-list-items\">\n\t\t\t\t\t\t\t<li class=\"elementor-icon-list-item\">\n\t\t\t\t\t\t\t\t\t\t\t<span class=\"elementor-icon-list-icon\">\n\t\t\t\t\t\t\t<i aria-hidden=\"true\" class=\"icon icon-flash\"><\/i>\t\t\t\t\t\t<\/span>\n\t\t\t\t\t\t\t\t\t\t<span class=\"elementor-icon-list-text\">Sistemas de Automatizaci\u00f3n y Coordinaci\u00f3n de Protecciones para Subestaciones El\u00e9ctricas, Generadores y Motores.<\/span>\n\t\t\t\t\t\t\t\t\t<\/li>\n\t\t\t\t\t\t\t\t<li class=\"elementor-icon-list-item\">\n\t\t\t\t\t\t\t\t\t\t\t<span class=\"elementor-icon-list-icon\">\n\t\t\t\t\t\t\t<i aria-hidden=\"true\" class=\"icon icon-flash\"><\/i>\t\t\t\t\t\t<\/span>\n\t\t\t\t\t\t\t\t\t\t<span class=\"elementor-icon-list-text\">Instalaci\u00f3n y Programaci\u00f3n de PLCs, RTUs, PACs, HMI.<\/span>\n\t\t\t\t\t\t\t\t\t<\/li>\n\t\t\t\t\t\t<\/ul>\n\t\t\t\t\t\t<\/div>\n\t\t\t\t<\/div>\n\t\t\t\t<\/div>\n\t\t\t\t<\/div>\n\t\t\t\t\t<\/div>\n\t\t\t\t<\/div>\n\t\t\t\t<div class=\"elementor-element elementor-element-4654661 gallery-spacing-custom elementor-widget elementor-widget-image-gallery\" data-id=\"4654661\" data-element_type=\"widget\" data-e-type=\"widget\" data-settings=\"{&quot;ekit_we_effect_on&quot;:&quot;none&quot;}\" data-widget_type=\"image-gallery.default\">\n\t\t\t\t<div class=\"elementor-widget-container\">\n\t\t\t\t\t\t\t<div class=\"elementor-image-gallery\">\n\t\t\t<div id='gallery-1' class='gallery galleryid-242 gallery-columns-1 gallery-size-full'><figure class='gallery-item'>\n\t\t\t<div class='gallery-icon landscape'>\n\t\t\t\t<img fetchpriority=\"high\" decoding=\"async\" width=\"849\" height=\"615\" src=\"https:\/\/fasgrel.com\/wp-content\/uploads\/2024\/10\/automatizacion-industrial.jpg\" class=\"attachment-full size-full\" alt=\"automatizaci\u00f3n industrial\" srcset=\"https:\/\/fasgrel.com\/wp-content\/uploads\/2024\/10\/automatizacion-industrial.jpg 849w, https:\/\/fasgrel.com\/wp-content\/uploads\/2024\/10\/automatizacion-industrial-300x217.jpg 300w, https:\/\/fasgrel.com\/wp-content\/uploads\/2024\/10\/automatizacion-industrial-768x556.jpg 768w, https:\/\/fasgrel.com\/wp-content\/uploads\/2024\/10\/automatizacion-industrial-600x435.jpg 600w\" sizes=\"(max-width: 849px) 100vw, 849px\" \/>\n\t\t\t<\/div><\/figure>\n\t\t<\/div>\n\t\t<\/div>\n\t\t\t\t\t\t<\/div>\n\t\t\t\t<\/div>\n\t\t\t\t\t<\/div>\n\t\t<\/div>\n\t\t\t\t\t<\/div>\n\t\t<\/section>\n\t\t\t\t<\/div>","protected":false},"excerpt":{"rendered":"<p>Inicio \/ Servicios Intregraci\u00f3n de procesos productivos en planta Desde la instrumentaci\u00f3n en planta hasta la integraci\u00f3n con sus sistemas de planificaci\u00f3n de recursos, la Automatizaci\u00f3n Industrial le permite monitorear y controlar los par\u00e1metros de sus procesos productivos brind\u00e1ndole informaci\u00f3n donde usted se encuentre, en el formato que espera y cuando usted lo requiera, ayud\u00e1ndole [&hellip;]<\/p>\n","protected":false},"author":1,"featured_media":0,"parent":0,"menu_order":0,"comment_status":"closed","ping_status":"closed","template":"","meta":{"_acf_changed":false,"_joinchat":[],"footnotes":""},"class_list":["post-242","page","type-page","status-publish","hentry"],"acf":[],"yoast_head":"<!-- This site is optimized with the Yoast SEO Premium plugin v22.9 (Yoast SEO v27.1.1) - https:\/\/yoast.com\/product\/yoast-seo-premium-wordpress\/ -->\n<title>Automatizaci\u00f3n Industrial | Integramos sus procesos productivos<\/title>\n<meta name=\"description\" content=\"a automatizaci\u00f3n industrial le permite reducir costos, aumentar la calidad de sus productos y mejorar su productividad y competitividad.\" \/>\n<meta name=\"robots\" content=\"index, follow, max-snippet:-1, max-image-preview:large, max-video-preview:-1\" \/>\n<link rel=\"canonical\" href=\"https:\/\/fasgrel.com\/en\/automatizacion-industrial\/\" \/>\n<meta property=\"og:locale\" content=\"en_US\" \/>\n<meta property=\"og:type\" content=\"article\" \/>\n<meta property=\"og:title\" content=\"Automatizaci\u00f3n Industrial\" \/>\n<meta property=\"og:description\" content=\"a automatizaci\u00f3n industrial le permite reducir costos, aumentar la calidad de sus productos y mejorar su productividad y competitividad.\" \/>\n<meta property=\"og:url\" content=\"https:\/\/fasgrel.com\/en\/automatizacion-industrial\/\" \/>\n<meta property=\"og:site_name\" content=\"Fasgrel\" \/>\n<meta property=\"article:modified_time\" content=\"2024-10-08T01:09:13+00:00\" \/>\n<meta property=\"og:image\" content=\"http:\/\/fasgrel.com\/wp-content\/uploads\/2024\/10\/automatizacion-industrial.jpg\" \/>\n<meta name=\"twitter:card\" content=\"summary_large_image\" \/>\n<meta name=\"twitter:label1\" content=\"Est. reading time\" \/>\n\t<meta name=\"twitter:data1\" content=\"2 minutes\" \/>\n<script type=\"application\/ld+json\" class=\"yoast-schema-graph\">{\"@context\":\"https:\/\/schema.org\",\"@graph\":[{\"@type\":\"WebPage\",\"@id\":\"https:\/\/fasgrel.com\/automatizacion-industrial\/\",\"url\":\"https:\/\/fasgrel.com\/automatizacion-industrial\/\",\"name\":\"Automatizaci\u00f3n Industrial | Integramos sus procesos productivos\",\"isPartOf\":{\"@id\":\"https:\/\/fasgrel.com\/#website\"},\"primaryImageOfPage\":{\"@id\":\"https:\/\/fasgrel.com\/automatizacion-industrial\/#primaryimage\"},\"image\":{\"@id\":\"https:\/\/fasgrel.com\/automatizacion-industrial\/#primaryimage\"},\"thumbnailUrl\":\"http:\/\/fasgrel.com\/wp-content\/uploads\/2024\/10\/automatizacion-industrial.jpg\",\"datePublished\":\"2024-07-08T16:15:27+00:00\",\"dateModified\":\"2024-10-08T01:09:13+00:00\",\"description\":\"a automatizaci\u00f3n industrial le permite reducir costos, aumentar la calidad de sus productos y mejorar su productividad y competitividad.\",\"breadcrumb\":{\"@id\":\"https:\/\/fasgrel.com\/automatizacion-industrial\/#breadcrumb\"},\"inLanguage\":\"en-US\",\"potentialAction\":[{\"@type\":\"ReadAction\",\"target\":[\"https:\/\/fasgrel.com\/automatizacion-industrial\/\"]}]},{\"@type\":\"ImageObject\",\"inLanguage\":\"en-US\",\"@id\":\"https:\/\/fasgrel.com\/automatizacion-industrial\/#primaryimage\",\"url\":\"http:\/\/fasgrel.com\/wp-content\/uploads\/2024\/10\/automatizacion-industrial.jpg\",\"contentUrl\":\"http:\/\/fasgrel.com\/wp-content\/uploads\/2024\/10\/automatizacion-industrial.jpg\"},{\"@type\":\"BreadcrumbList\",\"@id\":\"https:\/\/fasgrel.com\/automatizacion-industrial\/#breadcrumb\",\"itemListElement\":[{\"@type\":\"ListItem\",\"position\":1,\"name\":\"Portada\",\"item\":\"https:\/\/fasgrel.com\/\"},{\"@type\":\"ListItem\",\"position\":2,\"name\":\"Automatizaci\u00f3n Industrial\"}]},{\"@type\":\"WebSite\",\"@id\":\"https:\/\/fasgrel.com\/#website\",\"url\":\"https:\/\/fasgrel.com\/\",\"name\":\"Fasgrel\",\"description\":\"Sitio en Construcci\u00f3n\",\"publisher\":{\"@id\":\"https:\/\/fasgrel.com\/#organization\"},\"potentialAction\":[{\"@type\":\"SearchAction\",\"target\":{\"@type\":\"EntryPoint\",\"urlTemplate\":\"https:\/\/fasgrel.com\/?s={search_term_string}\"},\"query-input\":{\"@type\":\"PropertyValueSpecification\",\"valueRequired\":true,\"valueName\":\"search_term_string\"}}],\"inLanguage\":\"en-US\"},{\"@type\":\"Organization\",\"@id\":\"https:\/\/fasgrel.com\/#organization\",\"name\":\"FASGREL\",\"url\":\"https:\/\/fasgrel.com\/\",\"logo\":{\"@type\":\"ImageObject\",\"inLanguage\":\"en-US\",\"@id\":\"https:\/\/fasgrel.com\/#\/schema\/logo\/image\/\",\"url\":\"https:\/\/fasgrel.com\/wp-content\/uploads\/2024\/10\/logo-fasgrel.png\",\"contentUrl\":\"https:\/\/fasgrel.com\/wp-content\/uploads\/2024\/10\/logo-fasgrel.png\",\"width\":427,\"height\":110,\"caption\":\"FASGREL\"},\"image\":{\"@id\":\"https:\/\/fasgrel.com\/#\/schema\/logo\/image\/\"}}]}<\/script>\n<!-- \/ Yoast SEO Premium plugin. -->","yoast_head_json":{"title":"Automatizaci\u00f3n Industrial | Integramos sus procesos productivos","description":"a automatizaci\u00f3n industrial le permite reducir costos, aumentar la calidad de sus productos y mejorar su productividad y competitividad.","robots":{"index":"index","follow":"follow","max-snippet":"max-snippet:-1","max-image-preview":"max-image-preview:large","max-video-preview":"max-video-preview:-1"},"canonical":"https:\/\/fasgrel.com\/en\/automatizacion-industrial\/","og_locale":"en_US","og_type":"article","og_title":"Automatizaci\u00f3n Industrial","og_description":"a automatizaci\u00f3n industrial le permite reducir costos, aumentar la calidad de sus productos y mejorar su productividad y competitividad.","og_url":"https:\/\/fasgrel.com\/en\/automatizacion-industrial\/","og_site_name":"Fasgrel","article_modified_time":"2024-10-08T01:09:13+00:00","og_image":[{"url":"http:\/\/fasgrel.com\/wp-content\/uploads\/2024\/10\/automatizacion-industrial.jpg","type":"","width":"","height":""}],"twitter_card":"summary_large_image","twitter_misc":{"Est. reading time":"2 minutes"},"schema":{"@context":"https:\/\/schema.org","@graph":[{"@type":"WebPage","@id":"https:\/\/fasgrel.com\/automatizacion-industrial\/","url":"https:\/\/fasgrel.com\/automatizacion-industrial\/","name":"Automatizaci\u00f3n Industrial | Integramos sus procesos productivos","isPartOf":{"@id":"https:\/\/fasgrel.com\/#website"},"primaryImageOfPage":{"@id":"https:\/\/fasgrel.com\/automatizacion-industrial\/#primaryimage"},"image":{"@id":"https:\/\/fasgrel.com\/automatizacion-industrial\/#primaryimage"},"thumbnailUrl":"http:\/\/fasgrel.com\/wp-content\/uploads\/2024\/10\/automatizacion-industrial.jpg","datePublished":"2024-07-08T16:15:27+00:00","dateModified":"2024-10-08T01:09:13+00:00","description":"a automatizaci\u00f3n industrial le permite reducir costos, aumentar la calidad de sus productos y mejorar su productividad y competitividad.","breadcrumb":{"@id":"https:\/\/fasgrel.com\/automatizacion-industrial\/#breadcrumb"},"inLanguage":"en-US","potentialAction":[{"@type":"ReadAction","target":["https:\/\/fasgrel.com\/automatizacion-industrial\/"]}]},{"@type":"ImageObject","inLanguage":"en-US","@id":"https:\/\/fasgrel.com\/automatizacion-industrial\/#primaryimage","url":"http:\/\/fasgrel.com\/wp-content\/uploads\/2024\/10\/automatizacion-industrial.jpg","contentUrl":"http:\/\/fasgrel.com\/wp-content\/uploads\/2024\/10\/automatizacion-industrial.jpg"},{"@type":"BreadcrumbList","@id":"https:\/\/fasgrel.com\/automatizacion-industrial\/#breadcrumb","itemListElement":[{"@type":"ListItem","position":1,"name":"Portada","item":"https:\/\/fasgrel.com\/"},{"@type":"ListItem","position":2,"name":"Automatizaci\u00f3n Industrial"}]},{"@type":"WebSite","@id":"https:\/\/fasgrel.com\/#website","url":"https:\/\/fasgrel.com\/","name":"Fasgrel","description":"Sitio en Construcci\u00f3n","publisher":{"@id":"https:\/\/fasgrel.com\/#organization"},"potentialAction":[{"@type":"SearchAction","target":{"@type":"EntryPoint","urlTemplate":"https:\/\/fasgrel.com\/?s={search_term_string}"},"query-input":{"@type":"PropertyValueSpecification","valueRequired":true,"valueName":"search_term_string"}}],"inLanguage":"en-US"},{"@type":"Organization","@id":"https:\/\/fasgrel.com\/#organization","name":"FASGREL","url":"https:\/\/fasgrel.com\/","logo":{"@type":"ImageObject","inLanguage":"en-US","@id":"https:\/\/fasgrel.com\/#\/schema\/logo\/image\/","url":"https:\/\/fasgrel.com\/wp-content\/uploads\/2024\/10\/logo-fasgrel.png","contentUrl":"https:\/\/fasgrel.com\/wp-content\/uploads\/2024\/10\/logo-fasgrel.png","width":427,"height":110,"caption":"FASGREL"},"image":{"@id":"https:\/\/fasgrel.com\/#\/schema\/logo\/image\/"}}]}},"_links":{"self":[{"href":"https:\/\/fasgrel.com\/en\/wp-json\/wp\/v2\/pages\/242","targetHints":{"allow":["GET"]}}],"collection":[{"href":"https:\/\/fasgrel.com\/en\/wp-json\/wp\/v2\/pages"}],"about":[{"href":"https:\/\/fasgrel.com\/en\/wp-json\/wp\/v2\/types\/page"}],"author":[{"embeddable":true,"href":"https:\/\/fasgrel.com\/en\/wp-json\/wp\/v2\/users\/1"}],"replies":[{"embeddable":true,"href":"https:\/\/fasgrel.com\/en\/wp-json\/wp\/v2\/comments?post=242"}],"version-history":[{"count":52,"href":"https:\/\/fasgrel.com\/en\/wp-json\/wp\/v2\/pages\/242\/revisions"}],"predecessor-version":[{"id":2186,"href":"https:\/\/fasgrel.com\/en\/wp-json\/wp\/v2\/pages\/242\/revisions\/2186"}],"wp:attachment":[{"href":"https:\/\/fasgrel.com\/en\/wp-json\/wp\/v2\/media?parent=242"}],"curies":[{"name":"wp","href":"https:\/\/api.w.org\/{rel}","templated":true}]}}