{"id":244,"date":"2024-07-08T16:15:48","date_gmt":"2024-07-08T16:15:48","guid":{"rendered":"http:\/\/fasgrel.com\/?page_id=244"},"modified":"2024-10-08T01:19:06","modified_gmt":"2024-10-08T01:19:06","slug":"cableado-estructurado-industrial","status":"publish","type":"page","link":"https:\/\/fasgrel.com\/en\/cableado-estructurado-industrial\/","title":{"rendered":"Cableado Estructurado Industrial"},"content":{"rendered":"<div data-elementor-type=\"wp-page\" data-elementor-id=\"244\" class=\"elementor elementor-244\" data-elementor-post-type=\"page\">\n\t\t\t\t\t\t<section class=\"elementor-section elementor-top-section elementor-element elementor-element-f5e9e80 elementor-section-height-min-height elementor-section-boxed elementor-section-height-default elementor-section-items-middle\" data-id=\"f5e9e80\" data-element_type=\"section\" data-e-type=\"section\" data-settings=\"{&quot;background_background&quot;:&quot;classic&quot;,&quot;ekit_has_onepagescroll_dot&quot;:&quot;yes&quot;}\">\n\t\t\t\t\t\t\t<div class=\"elementor-background-overlay\"><\/div>\n\t\t\t\t\t\t\t<div class=\"elementor-container elementor-column-gap-default\">\n\t\t\t\t\t<div class=\"elementor-column elementor-col-100 elementor-top-column elementor-element elementor-element-9bf0158\" data-id=\"9bf0158\" data-element_type=\"column\" data-e-type=\"column\">\n\t\t\t<div class=\"elementor-widget-wrap elementor-element-populated\">\n\t\t\t\t\t\t<div class=\"elementor-element elementor-element-423c025 elementor-widget elementor-widget-heading\" data-id=\"423c025\" data-element_type=\"widget\" data-e-type=\"widget\" data-settings=\"{&quot;ekit_we_effect_on&quot;:&quot;none&quot;}\" data-widget_type=\"heading.default\">\n\t\t\t\t<div class=\"elementor-widget-container\">\n\t\t\t\t\t<h2 class=\"elementor-heading-title elementor-size-default\">Cableado Estructurado Industrial<\/h2>\t\t\t\t<\/div>\n\t\t\t\t<\/div>\n\t\t\t\t<div class=\"elementor-element elementor-element-f9363c4 elementor-widget elementor-widget-text-editor\" data-id=\"f9363c4\" data-element_type=\"widget\" data-e-type=\"widget\" data-settings=\"{&quot;ekit_we_effect_on&quot;:&quot;none&quot;}\" data-widget_type=\"text-editor.default\">\n\t\t\t\t<div class=\"elementor-widget-container\">\n\t\t\t\t\t\t\t\t\t<p><a href=\"http:\/\/fasgrel.com\/en\/\">Inicio<\/a> \/ Servicios<\/p>\t\t\t\t\t\t\t\t<\/div>\n\t\t\t\t<\/div>\n\t\t\t\t\t<\/div>\n\t\t<\/div>\n\t\t\t\t\t<\/div>\n\t\t<\/section>\n\t\t\t\t<section class=\"elementor-section elementor-top-section elementor-element elementor-element-9a795e7 elementor-section-boxed elementor-section-height-default elementor-section-height-default\" data-id=\"9a795e7\" data-element_type=\"section\" data-e-type=\"section\" data-settings=\"{&quot;ekit_has_onepagescroll_dot&quot;:&quot;yes&quot;}\">\n\t\t\t\t\t\t<div class=\"elementor-container elementor-column-gap-default\">\n\t\t\t\t\t<div class=\"elementor-column elementor-col-100 elementor-top-column elementor-element elementor-element-0bac121\" data-id=\"0bac121\" data-element_type=\"column\" data-e-type=\"column\">\n\t\t\t<div class=\"elementor-widget-wrap elementor-element-populated\">\n\t\t\t\t\t\t<div class=\"elementor-element elementor-element-465106c elementor-widget elementor-widget-heading\" data-id=\"465106c\" data-element_type=\"widget\" data-e-type=\"widget\" data-settings=\"{&quot;ekit_we_effect_on&quot;:&quot;none&quot;}\" data-widget_type=\"heading.default\">\n\t\t\t\t<div class=\"elementor-widget-container\">\n\t\t\t\t\t<h5 class=\"elementor-heading-title elementor-size-default\">Instalaci\u00f3n de Redes Industriales<\/h5>\t\t\t\t<\/div>\n\t\t\t\t<\/div>\n\t\t\t\t<div class=\"elementor-element elementor-element-296c788 elementor-widget elementor-widget-text-editor\" data-id=\"296c788\" data-element_type=\"widget\" data-e-type=\"widget\" data-settings=\"{&quot;ekit_we_effect_on&quot;:&quot;none&quot;}\" data-widget_type=\"text-editor.default\">\n\t\t\t\t<div class=\"elementor-widget-container\">\n\t\t\t\t\t\t\t\t\t<p style=\"text-align: justify;\"><span style=\"color: #000000;\">Somos especialistas en instalaciones de Cableado Estructurado Industrial para plantas industriales.<\/span><\/p><p style=\"text-align: justify;\"><span style=\"color: #000000;\">Las redes de comunicaci\u00f3n industrial son la columna vertebral de cualquier arquitectura de sistemas de automatizaci\u00f3n, ya que proporciona un poderoso medio de intercambio de datos, control y flexibilidad para conectar y monitorear varios dispositivos.<\/span><\/p><p style=\"text-align: justify;\"><span style=\"color: #000000;\">La planta de producci\u00f3n es un entorno muy diferente al dom\u00e9stico y al de la oficina. Por su lado, las aplicaciones de f\u00e1brica tambi\u00e9n presentan muchas necesidades diferentes a las aplicaciones comerciales.<\/span><\/p><p style=\"text-align: justify;\"><span style=\"color: #000000;\">Las Redes Industriales permiten conectar los controladores con los dispositivos de E\/S de la planta de producci\u00f3n, incluidos los PLC, sensores, transductores, c\u00e9lulas fotoel\u00e9ctricas, caudal\u00edmetros, variadores de velocidad y otros equipos de automatizaci\u00f3n y movimiento.<\/span><\/p><p><span style=\"color: #000000;\">Ofrecemos los siguientes servicios:<\/span><\/p>\t\t\t\t\t\t\t\t<\/div>\n\t\t\t\t<\/div>\n\t\t<div class=\"elementor-element elementor-element-56772f8 e-flex e-con-boxed e-con e-parent\" data-id=\"56772f8\" data-element_type=\"container\" data-e-type=\"container\" data-settings=\"{&quot;ekit_has_onepagescroll_dot&quot;:&quot;yes&quot;}\">\n\t\t\t\t\t<div class=\"e-con-inner\">\n\t\t<div class=\"elementor-element elementor-element-f8a7f3a e-grid e-con-full e-con e-child\" data-id=\"f8a7f3a\" data-element_type=\"container\" data-e-type=\"container\" data-settings=\"{&quot;ekit_has_onepagescroll_dot&quot;:&quot;yes&quot;}\">\n\t\t<div class=\"elementor-element elementor-element-e6dd689 e-con-full e-flex e-con e-child\" data-id=\"e6dd689\" data-element_type=\"container\" data-e-type=\"container\" data-settings=\"{&quot;ekit_has_onepagescroll_dot&quot;:&quot;yes&quot;}\">\n\t\t\t\t<div class=\"elementor-element elementor-element-26b5887 elementor-align-start elementor-icon-list--layout-traditional elementor-list-item-link-full_width elementor-widget elementor-widget-icon-list\" data-id=\"26b5887\" data-element_type=\"widget\" data-e-type=\"widget\" data-settings=\"{&quot;ekit_we_effect_on&quot;:&quot;none&quot;}\" data-widget_type=\"icon-list.default\">\n\t\t\t\t<div class=\"elementor-widget-container\">\n\t\t\t\t\t\t\t<ul class=\"elementor-icon-list-items\">\n\t\t\t\t\t\t\t<li class=\"elementor-icon-list-item\">\n\t\t\t\t\t\t\t\t\t\t\t<span class=\"elementor-icon-list-icon\">\n\t\t\t\t\t\t\t<i aria-hidden=\"true\" class=\"icon icon-flash\"><\/i>\t\t\t\t\t\t<\/span>\n\t\t\t\t\t\t\t\t\t\t<span class=\"elementor-icon-list-text\">Dise\u00f1o e Instalaci\u00f3n de Proyectos de Cableado Estructurado Industrial.<\/span>\n\t\t\t\t\t\t\t\t\t<\/li>\n\t\t\t\t\t\t\t\t<li class=\"elementor-icon-list-item\">\n\t\t\t\t\t\t\t\t\t\t\t<span class=\"elementor-icon-list-icon\">\n\t\t\t\t\t\t\t<i aria-hidden=\"true\" class=\"icon icon-flash\"><\/i>\t\t\t\t\t\t<\/span>\n\t\t\t\t\t\t\t\t\t\t<span class=\"elementor-icon-list-text\">Ingenier\u00eda y Consultor\u00eda en Sistemas de Cableado.<\/span>\n\t\t\t\t\t\t\t\t\t<\/li>\n\t\t\t\t\t\t\t\t<li class=\"elementor-icon-list-item\">\n\t\t\t\t\t\t\t\t\t\t\t<span class=\"elementor-icon-list-icon\">\n\t\t\t\t\t\t\t<i aria-hidden=\"true\" class=\"icon icon-flash\"><\/i>\t\t\t\t\t\t<\/span>\n\t\t\t\t\t\t\t\t\t\t<span class=\"elementor-icon-list-text\">Instalaci\u00f3n y Configuraci\u00f3n de Switches y Routers Industriales.<\/span>\n\t\t\t\t\t\t\t\t\t<\/li>\n\t\t\t\t\t\t<\/ul>\n\t\t\t\t\t\t<\/div>\n\t\t\t\t<\/div>\n\t\t\t\t<\/div>\n\t\t<div class=\"elementor-element elementor-element-76fcb96 e-con-full e-flex e-con e-child\" data-id=\"76fcb96\" data-element_type=\"container\" data-e-type=\"container\" data-settings=\"{&quot;ekit_has_onepagescroll_dot&quot;:&quot;yes&quot;}\">\n\t\t\t\t<div class=\"elementor-element elementor-element-1c91629 elementor-align-start elementor-icon-list--layout-traditional elementor-list-item-link-full_width elementor-widget elementor-widget-icon-list\" data-id=\"1c91629\" data-element_type=\"widget\" data-e-type=\"widget\" data-settings=\"{&quot;ekit_we_effect_on&quot;:&quot;none&quot;}\" data-widget_type=\"icon-list.default\">\n\t\t\t\t<div class=\"elementor-widget-container\">\n\t\t\t\t\t\t\t<ul class=\"elementor-icon-list-items\">\n\t\t\t\t\t\t\t<li class=\"elementor-icon-list-item\">\n\t\t\t\t\t\t\t\t\t\t\t<span class=\"elementor-icon-list-icon\">\n\t\t\t\t\t\t\t<i aria-hidden=\"true\" class=\"icon icon-flash\"><\/i>\t\t\t\t\t\t<\/span>\n\t\t\t\t\t\t\t\t\t\t<span class=\"elementor-icon-list-text\">Instalaci\u00f3n de Redes Industriales y Tendidos de Fibra \u00d3ptica.<\/span>\n\t\t\t\t\t\t\t\t\t<\/li>\n\t\t\t\t\t\t\t\t<li class=\"elementor-icon-list-item\">\n\t\t\t\t\t\t\t\t\t\t\t<span class=\"elementor-icon-list-icon\">\n\t\t\t\t\t\t\t<i aria-hidden=\"true\" class=\"icon icon-flash\"><\/i>\t\t\t\t\t\t<\/span>\n\t\t\t\t\t\t\t\t\t\t<span class=\"elementor-icon-list-text\">Instalaci\u00f3n de Antenas de Radiofrecuencia en Establecimientos Industriales.<\/span>\n\t\t\t\t\t\t\t\t\t<\/li>\n\t\t\t\t\t\t<\/ul>\n\t\t\t\t\t\t<\/div>\n\t\t\t\t<\/div>\n\t\t\t\t<\/div>\n\t\t\t\t<\/div>\n\t\t\t\t\t<\/div>\n\t\t\t\t<\/div>\n\t\t\t\t<div class=\"elementor-element elementor-element-529ea83 gallery-spacing-custom elementor-widget elementor-widget-image-gallery\" data-id=\"529ea83\" data-element_type=\"widget\" data-e-type=\"widget\" data-settings=\"{&quot;ekit_we_effect_on&quot;:&quot;none&quot;}\" data-widget_type=\"image-gallery.default\">\n\t\t\t\t<div class=\"elementor-widget-container\">\n\t\t\t\t\t\t\t<div class=\"elementor-image-gallery\">\n\t\t\t<div id='gallery-1' class='gallery galleryid-244 gallery-columns-1 gallery-size-full'><figure class='gallery-item'>\n\t\t\t<div class='gallery-icon landscape'>\n\t\t\t\t<img fetchpriority=\"high\" decoding=\"async\" width=\"1020\" height=\"680\" src=\"https:\/\/fasgrel.com\/wp-content\/uploads\/2024\/10\/cableado-estructurado.jpg\" class=\"attachment-full size-full\" alt=\"cableado estructurado\" aria-describedby=\"gallery-1-2141\" srcset=\"https:\/\/fasgrel.com\/wp-content\/uploads\/2024\/10\/cableado-estructurado.jpg 1020w, https:\/\/fasgrel.com\/wp-content\/uploads\/2024\/10\/cableado-estructurado-300x200.jpg 300w, https:\/\/fasgrel.com\/wp-content\/uploads\/2024\/10\/cableado-estructurado-768x512.jpg 768w, https:\/\/fasgrel.com\/wp-content\/uploads\/2024\/10\/cableado-estructurado-600x400.jpg 600w\" sizes=\"(max-width: 1020px) 100vw, 1020px\" \/>\n\t\t\t<\/div>\n\t\t\t\t<figcaption class='wp-caption-text gallery-caption' id='gallery-1-2141'>\n\t\t\t\tA male electrician works in a switchboard with an electrical connecting cable, connects the equipment with tools. SSUCv3H4sIAAAAAAAACpyRy47DIAxF9yPNP0SsGylpHm3mV6pZmEcSVAoVkI5GVf99DISK9ezwsX3ta56fH1VFKDjJyFf1DBHGUqnNeQteGo24OezcCs2FLcnDdmNTAsGlN1aCKiEFz1YNN4FQb0oF\/IpJ4jz4zQkXpu+IgRcLaiT4lkgrXlJc5URMYgemCDkUzG00soyS+L860+M7u4FFaPYbFy6MWKEEJCOXVEquP17YW2kNNi5N4ephGKhQ0BVKdyuZ1EvRZvwaz57bmNm0t2GF9+ZEGXMHqsKJZ9QUma\/gHJbzzItBDD\/Z3Io52vhoYFclHH8ihG13PJ3Pw9Q23akdh3YY94L0e6tEnbhOFsKYXSUvrcuwAeG06enE+xo6EHUPbV9PA6M1b4CPAxvOx3nGw7\/+AAAA\/\/8DAOVRnyeYAgAA\n\t\t\t\t<\/figcaption><\/figure>\n\t\t<\/div>\n\t\t<\/div>\n\t\t\t\t\t\t<\/div>\n\t\t\t\t<\/div>\n\t\t\t\t\t<\/div>\n\t\t<\/div>\n\t\t\t\t\t<\/div>\n\t\t<\/section>\n\t\t\t\t<\/div>","protected":false},"excerpt":{"rendered":"<p>Inicio \/ Servicios Instalaci\u00f3n de Redes Industriales Somos especialistas en instalaciones de Cableado Estructurado Industrial para plantas industriales. Las redes de comunicaci\u00f3n industrial son la columna vertebral de cualquier arquitectura de sistemas de automatizaci\u00f3n, ya que proporciona un poderoso medio de intercambio de datos, control y flexibilidad para conectar y monitorear varios dispositivos. La planta [&hellip;]<\/p>\n","protected":false},"author":1,"featured_media":0,"parent":0,"menu_order":0,"comment_status":"closed","ping_status":"closed","template":"","meta":{"_acf_changed":false,"_joinchat":[],"footnotes":""},"class_list":["post-244","page","type-page","status-publish","hentry"],"acf":[],"yoast_head":"<!-- This site is optimized with the Yoast SEO Premium plugin v22.9 (Yoast SEO v27.1.1) - https:\/\/yoast.com\/product\/yoast-seo-premium-wordpress\/ -->\n<title>Cableado Estructurado Industrial | Redes Industriales<\/title>\n<meta name=\"description\" content=\"Somos especialistas en la instalaci\u00f3n de Redes Industriales y Proyectos de Cableado Estructurado Industrial.\" \/>\n<meta name=\"robots\" content=\"index, follow, max-snippet:-1, max-image-preview:large, max-video-preview:-1\" \/>\n<link rel=\"canonical\" href=\"https:\/\/fasgrel.com\/en\/cableado-estructurado-industrial\/\" \/>\n<meta property=\"og:locale\" content=\"en_US\" \/>\n<meta property=\"og:type\" content=\"article\" \/>\n<meta property=\"og:title\" content=\"Cableado Estructurado Industrial\" \/>\n<meta property=\"og:description\" content=\"Somos especialistas en la instalaci\u00f3n de Redes Industriales y Proyectos de Cableado Estructurado Industrial.\" \/>\n<meta property=\"og:url\" content=\"https:\/\/fasgrel.com\/en\/cableado-estructurado-industrial\/\" \/>\n<meta property=\"og:site_name\" content=\"Fasgrel\" \/>\n<meta property=\"article:modified_time\" content=\"2024-10-08T01:19:06+00:00\" \/>\n<meta property=\"og:image\" content=\"http:\/\/fasgrel.com\/wp-content\/uploads\/2024\/10\/cableado-estructurado.jpg\" \/>\n<meta name=\"twitter:card\" content=\"summary_large_image\" \/>\n<meta name=\"twitter:label1\" content=\"Est. reading time\" \/>\n\t<meta name=\"twitter:data1\" content=\"2 minutes\" \/>\n<script type=\"application\/ld+json\" class=\"yoast-schema-graph\">{\"@context\":\"https:\/\/schema.org\",\"@graph\":[{\"@type\":\"WebPage\",\"@id\":\"https:\/\/fasgrel.com\/cableado-estructurado-industrial\/\",\"url\":\"https:\/\/fasgrel.com\/cableado-estructurado-industrial\/\",\"name\":\"Cableado Estructurado Industrial | Redes Industriales\",\"isPartOf\":{\"@id\":\"https:\/\/fasgrel.com\/#website\"},\"primaryImageOfPage\":{\"@id\":\"https:\/\/fasgrel.com\/cableado-estructurado-industrial\/#primaryimage\"},\"image\":{\"@id\":\"https:\/\/fasgrel.com\/cableado-estructurado-industrial\/#primaryimage\"},\"thumbnailUrl\":\"http:\/\/fasgrel.com\/wp-content\/uploads\/2024\/10\/cableado-estructurado.jpg\",\"datePublished\":\"2024-07-08T16:15:48+00:00\",\"dateModified\":\"2024-10-08T01:19:06+00:00\",\"description\":\"Somos especialistas en la instalaci\u00f3n de Redes Industriales y Proyectos de Cableado Estructurado Industrial.\",\"breadcrumb\":{\"@id\":\"https:\/\/fasgrel.com\/cableado-estructurado-industrial\/#breadcrumb\"},\"inLanguage\":\"en-US\",\"potentialAction\":[{\"@type\":\"ReadAction\",\"target\":[\"https:\/\/fasgrel.com\/cableado-estructurado-industrial\/\"]}]},{\"@type\":\"ImageObject\",\"inLanguage\":\"en-US\",\"@id\":\"https:\/\/fasgrel.com\/cableado-estructurado-industrial\/#primaryimage\",\"url\":\"http:\/\/fasgrel.com\/wp-content\/uploads\/2024\/10\/cableado-estructurado.jpg\",\"contentUrl\":\"http:\/\/fasgrel.com\/wp-content\/uploads\/2024\/10\/cableado-estructurado.jpg\"},{\"@type\":\"BreadcrumbList\",\"@id\":\"https:\/\/fasgrel.com\/cableado-estructurado-industrial\/#breadcrumb\",\"itemListElement\":[{\"@type\":\"ListItem\",\"position\":1,\"name\":\"Portada\",\"item\":\"https:\/\/fasgrel.com\/\"},{\"@type\":\"ListItem\",\"position\":2,\"name\":\"Cableado Estructurado Industrial\"}]},{\"@type\":\"WebSite\",\"@id\":\"https:\/\/fasgrel.com\/#website\",\"url\":\"https:\/\/fasgrel.com\/\",\"name\":\"Fasgrel\",\"description\":\"Sitio en Construcci\u00f3n\",\"publisher\":{\"@id\":\"https:\/\/fasgrel.com\/#organization\"},\"potentialAction\":[{\"@type\":\"SearchAction\",\"target\":{\"@type\":\"EntryPoint\",\"urlTemplate\":\"https:\/\/fasgrel.com\/?s={search_term_string}\"},\"query-input\":{\"@type\":\"PropertyValueSpecification\",\"valueRequired\":true,\"valueName\":\"search_term_string\"}}],\"inLanguage\":\"en-US\"},{\"@type\":\"Organization\",\"@id\":\"https:\/\/fasgrel.com\/#organization\",\"name\":\"FASGREL\",\"url\":\"https:\/\/fasgrel.com\/\",\"logo\":{\"@type\":\"ImageObject\",\"inLanguage\":\"en-US\",\"@id\":\"https:\/\/fasgrel.com\/#\/schema\/logo\/image\/\",\"url\":\"https:\/\/fasgrel.com\/wp-content\/uploads\/2024\/10\/logo-fasgrel.png\",\"contentUrl\":\"https:\/\/fasgrel.com\/wp-content\/uploads\/2024\/10\/logo-fasgrel.png\",\"width\":427,\"height\":110,\"caption\":\"FASGREL\"},\"image\":{\"@id\":\"https:\/\/fasgrel.com\/#\/schema\/logo\/image\/\"}}]}<\/script>\n<!-- \/ Yoast SEO Premium plugin. -->","yoast_head_json":{"title":"Cableado Estructurado Industrial | Redes Industriales","description":"Somos especialistas en la instalaci\u00f3n de Redes Industriales y Proyectos de Cableado Estructurado Industrial.","robots":{"index":"index","follow":"follow","max-snippet":"max-snippet:-1","max-image-preview":"max-image-preview:large","max-video-preview":"max-video-preview:-1"},"canonical":"https:\/\/fasgrel.com\/en\/cableado-estructurado-industrial\/","og_locale":"en_US","og_type":"article","og_title":"Cableado Estructurado Industrial","og_description":"Somos especialistas en la instalaci\u00f3n de Redes Industriales y Proyectos de Cableado Estructurado Industrial.","og_url":"https:\/\/fasgrel.com\/en\/cableado-estructurado-industrial\/","og_site_name":"Fasgrel","article_modified_time":"2024-10-08T01:19:06+00:00","og_image":[{"url":"http:\/\/fasgrel.com\/wp-content\/uploads\/2024\/10\/cableado-estructurado.jpg","type":"","width":"","height":""}],"twitter_card":"summary_large_image","twitter_misc":{"Est. reading time":"2 minutes"},"schema":{"@context":"https:\/\/schema.org","@graph":[{"@type":"WebPage","@id":"https:\/\/fasgrel.com\/cableado-estructurado-industrial\/","url":"https:\/\/fasgrel.com\/cableado-estructurado-industrial\/","name":"Cableado Estructurado Industrial | Redes Industriales","isPartOf":{"@id":"https:\/\/fasgrel.com\/#website"},"primaryImageOfPage":{"@id":"https:\/\/fasgrel.com\/cableado-estructurado-industrial\/#primaryimage"},"image":{"@id":"https:\/\/fasgrel.com\/cableado-estructurado-industrial\/#primaryimage"},"thumbnailUrl":"http:\/\/fasgrel.com\/wp-content\/uploads\/2024\/10\/cableado-estructurado.jpg","datePublished":"2024-07-08T16:15:48+00:00","dateModified":"2024-10-08T01:19:06+00:00","description":"Somos especialistas en la instalaci\u00f3n de Redes Industriales y Proyectos de Cableado Estructurado Industrial.","breadcrumb":{"@id":"https:\/\/fasgrel.com\/cableado-estructurado-industrial\/#breadcrumb"},"inLanguage":"en-US","potentialAction":[{"@type":"ReadAction","target":["https:\/\/fasgrel.com\/cableado-estructurado-industrial\/"]}]},{"@type":"ImageObject","inLanguage":"en-US","@id":"https:\/\/fasgrel.com\/cableado-estructurado-industrial\/#primaryimage","url":"http:\/\/fasgrel.com\/wp-content\/uploads\/2024\/10\/cableado-estructurado.jpg","contentUrl":"http:\/\/fasgrel.com\/wp-content\/uploads\/2024\/10\/cableado-estructurado.jpg"},{"@type":"BreadcrumbList","@id":"https:\/\/fasgrel.com\/cableado-estructurado-industrial\/#breadcrumb","itemListElement":[{"@type":"ListItem","position":1,"name":"Portada","item":"https:\/\/fasgrel.com\/"},{"@type":"ListItem","position":2,"name":"Cableado Estructurado Industrial"}]},{"@type":"WebSite","@id":"https:\/\/fasgrel.com\/#website","url":"https:\/\/fasgrel.com\/","name":"Fasgrel","description":"Sitio en Construcci\u00f3n","publisher":{"@id":"https:\/\/fasgrel.com\/#organization"},"potentialAction":[{"@type":"SearchAction","target":{"@type":"EntryPoint","urlTemplate":"https:\/\/fasgrel.com\/?s={search_term_string}"},"query-input":{"@type":"PropertyValueSpecification","valueRequired":true,"valueName":"search_term_string"}}],"inLanguage":"en-US"},{"@type":"Organization","@id":"https:\/\/fasgrel.com\/#organization","name":"FASGREL","url":"https:\/\/fasgrel.com\/","logo":{"@type":"ImageObject","inLanguage":"en-US","@id":"https:\/\/fasgrel.com\/#\/schema\/logo\/image\/","url":"https:\/\/fasgrel.com\/wp-content\/uploads\/2024\/10\/logo-fasgrel.png","contentUrl":"https:\/\/fasgrel.com\/wp-content\/uploads\/2024\/10\/logo-fasgrel.png","width":427,"height":110,"caption":"FASGREL"},"image":{"@id":"https:\/\/fasgrel.com\/#\/schema\/logo\/image\/"}}]}},"_links":{"self":[{"href":"https:\/\/fasgrel.com\/en\/wp-json\/wp\/v2\/pages\/244","targetHints":{"allow":["GET"]}}],"collection":[{"href":"https:\/\/fasgrel.com\/en\/wp-json\/wp\/v2\/pages"}],"about":[{"href":"https:\/\/fasgrel.com\/en\/wp-json\/wp\/v2\/types\/page"}],"author":[{"embeddable":true,"href":"https:\/\/fasgrel.com\/en\/wp-json\/wp\/v2\/users\/1"}],"replies":[{"embeddable":true,"href":"https:\/\/fasgrel.com\/en\/wp-json\/wp\/v2\/comments?post=244"}],"version-history":[{"count":46,"href":"https:\/\/fasgrel.com\/en\/wp-json\/wp\/v2\/pages\/244\/revisions"}],"predecessor-version":[{"id":2201,"href":"https:\/\/fasgrel.com\/en\/wp-json\/wp\/v2\/pages\/244\/revisions\/2201"}],"wp:attachment":[{"href":"https:\/\/fasgrel.com\/en\/wp-json\/wp\/v2\/media?parent=244"}],"curies":[{"name":"wp","href":"https:\/\/api.w.org\/{rel}","templated":true}]}}