{"id":246,"date":"2024-07-08T16:16:13","date_gmt":"2024-07-08T16:16:13","guid":{"rendered":"http:\/\/fasgrel.com\/?page_id=246"},"modified":"2024-10-08T01:32:25","modified_gmt":"2024-10-08T01:32:25","slug":"mantenimiento-de-instalaciones-electricas","status":"publish","type":"page","link":"https:\/\/fasgrel.com\/en\/mantenimiento-de-instalaciones-electricas\/","title":{"rendered":"Mantenimiento de Instalaciones El\u00e9ctricas"},"content":{"rendered":"<div data-elementor-type=\"wp-page\" data-elementor-id=\"246\" class=\"elementor elementor-246\" data-elementor-post-type=\"page\">\n\t\t\t\t\t\t<section class=\"elementor-section elementor-top-section elementor-element elementor-element-6e677af elementor-section-height-min-height elementor-section-boxed elementor-section-height-default elementor-section-items-middle\" data-id=\"6e677af\" data-element_type=\"section\" data-e-type=\"section\" data-settings=\"{&quot;background_background&quot;:&quot;classic&quot;,&quot;ekit_has_onepagescroll_dot&quot;:&quot;yes&quot;}\">\n\t\t\t\t\t\t\t<div class=\"elementor-background-overlay\"><\/div>\n\t\t\t\t\t\t\t<div class=\"elementor-container elementor-column-gap-default\">\n\t\t\t\t\t<div class=\"elementor-column elementor-col-100 elementor-top-column elementor-element elementor-element-b295471\" data-id=\"b295471\" data-element_type=\"column\" data-e-type=\"column\">\n\t\t\t<div class=\"elementor-widget-wrap elementor-element-populated\">\n\t\t\t\t\t\t<div class=\"elementor-element elementor-element-b3b5e4d elementor-widget elementor-widget-heading\" data-id=\"b3b5e4d\" data-element_type=\"widget\" data-e-type=\"widget\" data-settings=\"{&quot;ekit_we_effect_on&quot;:&quot;none&quot;}\" data-widget_type=\"heading.default\">\n\t\t\t\t<div class=\"elementor-widget-container\">\n\t\t\t\t\t<h2 class=\"elementor-heading-title elementor-size-default\">Mantenimiento de Instalaciones El\u00e9ctricas<\/h2>\t\t\t\t<\/div>\n\t\t\t\t<\/div>\n\t\t\t\t<div class=\"elementor-element elementor-element-efa6c5d elementor-widget elementor-widget-text-editor\" data-id=\"efa6c5d\" data-element_type=\"widget\" data-e-type=\"widget\" data-settings=\"{&quot;ekit_we_effect_on&quot;:&quot;none&quot;}\" data-widget_type=\"text-editor.default\">\n\t\t\t\t<div class=\"elementor-widget-container\">\n\t\t\t\t\t\t\t\t\t<p><a href=\"http:\/\/fasgrel.com\/en\/\">Inicio<\/a> \/ Servicios<\/p>\t\t\t\t\t\t\t\t<\/div>\n\t\t\t\t<\/div>\n\t\t\t\t\t<\/div>\n\t\t<\/div>\n\t\t\t\t\t<\/div>\n\t\t<\/section>\n\t\t\t\t<section class=\"elementor-section elementor-top-section elementor-element elementor-element-06e36ae elementor-section-boxed elementor-section-height-default elementor-section-height-default\" data-id=\"06e36ae\" data-element_type=\"section\" data-e-type=\"section\" data-settings=\"{&quot;ekit_has_onepagescroll_dot&quot;:&quot;yes&quot;}\">\n\t\t\t\t\t\t<div class=\"elementor-container elementor-column-gap-default\">\n\t\t\t\t\t<div class=\"elementor-column elementor-col-100 elementor-top-column elementor-element elementor-element-4433c14\" data-id=\"4433c14\" data-element_type=\"column\" data-e-type=\"column\">\n\t\t\t<div class=\"elementor-widget-wrap elementor-element-populated\">\n\t\t\t\t\t\t<div class=\"elementor-element elementor-element-0c8e8b4 elementor-widget elementor-widget-heading\" data-id=\"0c8e8b4\" data-element_type=\"widget\" data-e-type=\"widget\" data-settings=\"{&quot;ekit_we_effect_on&quot;:&quot;none&quot;}\" data-widget_type=\"heading.default\">\n\t\t\t\t<div class=\"elementor-widget-container\">\n\t\t\t\t\t<h5 class=\"elementor-heading-title elementor-size-default\">Mantenimiento Predictivo, Preventivo y Correctivo<\/h5>\t\t\t\t<\/div>\n\t\t\t\t<\/div>\n\t\t\t\t<div class=\"elementor-element elementor-element-205b27b elementor-widget elementor-widget-text-editor\" data-id=\"205b27b\" data-element_type=\"widget\" data-e-type=\"widget\" data-settings=\"{&quot;ekit_we_effect_on&quot;:&quot;none&quot;}\" data-widget_type=\"text-editor.default\">\n\t\t\t\t<div class=\"elementor-widget-container\">\n\t\t\t\t\t\t\t\t\t<p style=\"text-align: justify;\"><span style=\"color: #000000;\">Brindamos servicios de Mantenimiento El\u00e9ctrico\u00a0 en baja y media tensi\u00f3n para plantas el\u00e9ctricas, subestaciones, motores y maquinaria el\u00e9ctrica en general, para todos los sectores industriales, utilizando equipos de pruebas y an\u00e1lisis con tecnolog\u00eda de vanguardia.<\/span><\/p><p style=\"text-align: justify;\"><span style=\"color: #000000;\">Los programas de Mantenimiento El\u00e9ctrico le servir\u00e1n para proteger su inversi\u00f3n y asegurar la confiabilidad y el buen funcionamiento de sus equipos el\u00e9ctricos, evitando gastos y paros innecesarios debido a fallas generadas por falta de un mantenimiento programado.<\/span><\/p><p><span style=\"color: #000000;\">Ofrecemos los siguientes Servicios de Mantenimiento:<\/span><\/p>\t\t\t\t\t\t\t\t<\/div>\n\t\t\t\t<\/div>\n\t\t<div class=\"elementor-element elementor-element-f754107 e-flex e-con-boxed e-con e-parent\" data-id=\"f754107\" data-element_type=\"container\" data-e-type=\"container\" data-settings=\"{&quot;ekit_has_onepagescroll_dot&quot;:&quot;yes&quot;}\">\n\t\t\t\t\t<div class=\"e-con-inner\">\n\t\t<div class=\"elementor-element elementor-element-0791af2 e-grid e-con-full e-con e-child\" data-id=\"0791af2\" data-element_type=\"container\" data-e-type=\"container\" data-settings=\"{&quot;ekit_has_onepagescroll_dot&quot;:&quot;yes&quot;}\">\n\t\t<div class=\"elementor-element elementor-element-8b62d7b e-con-full e-flex e-con e-child\" data-id=\"8b62d7b\" data-element_type=\"container\" data-e-type=\"container\" data-settings=\"{&quot;ekit_has_onepagescroll_dot&quot;:&quot;yes&quot;}\">\n\t\t\t\t<div class=\"elementor-element elementor-element-0252b40 elementor-align-start elementor-icon-list--layout-traditional elementor-list-item-link-full_width elementor-widget elementor-widget-icon-list\" data-id=\"0252b40\" data-element_type=\"widget\" data-e-type=\"widget\" data-settings=\"{&quot;ekit_we_effect_on&quot;:&quot;none&quot;}\" data-widget_type=\"icon-list.default\">\n\t\t\t\t<div class=\"elementor-widget-container\">\n\t\t\t\t\t\t\t<ul class=\"elementor-icon-list-items\">\n\t\t\t\t\t\t\t<li class=\"elementor-icon-list-item\">\n\t\t\t\t\t\t\t\t\t\t\t<span class=\"elementor-icon-list-icon\">\n\t\t\t\t\t\t\t<i aria-hidden=\"true\" class=\"icon icon-flash\"><\/i>\t\t\t\t\t\t<\/span>\n\t\t\t\t\t\t\t\t\t\t<span class=\"elementor-icon-list-text\">Subestaciones El\u00e9ctricas.<\/span>\n\t\t\t\t\t\t\t\t\t<\/li>\n\t\t\t\t\t\t\t\t<li class=\"elementor-icon-list-item\">\n\t\t\t\t\t\t\t\t\t\t\t<span class=\"elementor-icon-list-icon\">\n\t\t\t\t\t\t\t<i aria-hidden=\"true\" class=\"icon icon-flash\"><\/i>\t\t\t\t\t\t<\/span>\n\t\t\t\t\t\t\t\t\t\t<span class=\"elementor-icon-list-text\">Plantas de Emergencia El\u00e9ctrica.<\/span>\n\t\t\t\t\t\t\t\t\t<\/li>\n\t\t\t\t\t\t\t\t<li class=\"elementor-icon-list-item\">\n\t\t\t\t\t\t\t\t\t\t\t<span class=\"elementor-icon-list-icon\">\n\t\t\t\t\t\t\t<i aria-hidden=\"true\" class=\"icon icon-flash\"><\/i>\t\t\t\t\t\t<\/span>\n\t\t\t\t\t\t\t\t\t\t<span class=\"elementor-icon-list-text\">Transformadores El\u00e9ctricos.<\/span>\n\t\t\t\t\t\t\t\t\t<\/li>\n\t\t\t\t\t\t\t\t<li class=\"elementor-icon-list-item\">\n\t\t\t\t\t\t\t\t\t\t\t<span class=\"elementor-icon-list-icon\">\n\t\t\t\t\t\t\t<i aria-hidden=\"true\" class=\"icon icon-flash\"><\/i>\t\t\t\t\t\t<\/span>\n\t\t\t\t\t\t\t\t\t\t<span class=\"elementor-icon-list-text\">Gabinetes de Media Tensi\u00f3n.<\/span>\n\t\t\t\t\t\t\t\t\t<\/li>\n\t\t\t\t\t\t<\/ul>\n\t\t\t\t\t\t<\/div>\n\t\t\t\t<\/div>\n\t\t\t\t<\/div>\n\t\t<div class=\"elementor-element elementor-element-cfed7b9 e-con-full e-flex e-con e-child\" data-id=\"cfed7b9\" data-element_type=\"container\" data-e-type=\"container\" data-settings=\"{&quot;ekit_has_onepagescroll_dot&quot;:&quot;yes&quot;}\">\n\t\t\t\t<div class=\"elementor-element elementor-element-9b57622 elementor-align-start elementor-icon-list--layout-traditional elementor-list-item-link-full_width elementor-widget elementor-widget-icon-list\" data-id=\"9b57622\" data-element_type=\"widget\" data-e-type=\"widget\" data-settings=\"{&quot;ekit_we_effect_on&quot;:&quot;none&quot;}\" data-widget_type=\"icon-list.default\">\n\t\t\t\t<div class=\"elementor-widget-container\">\n\t\t\t\t\t\t\t<ul class=\"elementor-icon-list-items\">\n\t\t\t\t\t\t\t<li class=\"elementor-icon-list-item\">\n\t\t\t\t\t\t\t\t\t\t\t<span class=\"elementor-icon-list-icon\">\n\t\t\t\t\t\t\t<i aria-hidden=\"true\" class=\"icon icon-flash\"><\/i>\t\t\t\t\t\t<\/span>\n\t\t\t\t\t\t\t\t\t\t<span class=\"elementor-icon-list-text\">Motores El\u00e9ctricos.<\/span>\n\t\t\t\t\t\t\t\t\t<\/li>\n\t\t\t\t\t\t\t\t<li class=\"elementor-icon-list-item\">\n\t\t\t\t\t\t\t\t\t\t\t<span class=\"elementor-icon-list-icon\">\n\t\t\t\t\t\t\t<i aria-hidden=\"true\" class=\"icon icon-flash\"><\/i>\t\t\t\t\t\t<\/span>\n\t\t\t\t\t\t\t\t\t\t<span class=\"elementor-icon-list-text\">Equipo de Bombeo El\u00e9ctrico.<\/span>\n\t\t\t\t\t\t\t\t\t<\/li>\n\t\t\t\t\t\t\t\t<li class=\"elementor-icon-list-item\">\n\t\t\t\t\t\t\t\t\t\t\t<span class=\"elementor-icon-list-icon\">\n\t\t\t\t\t\t\t<i aria-hidden=\"true\" class=\"icon icon-flash\"><\/i>\t\t\t\t\t\t<\/span>\n\t\t\t\t\t\t\t\t\t\t<span class=\"elementor-icon-list-text\">Sistemas de Voltaje Regulado.<\/span>\n\t\t\t\t\t\t\t\t\t<\/li>\n\t\t\t\t\t\t\t\t<li class=\"elementor-icon-list-item\">\n\t\t\t\t\t\t\t\t\t\t\t<span class=\"elementor-icon-list-icon\">\n\t\t\t\t\t\t\t<i aria-hidden=\"true\" class=\"icon icon-flash\"><\/i>\t\t\t\t\t\t<\/span>\n\t\t\t\t\t\t\t\t\t\t<span class=\"elementor-icon-list-text\">UPS (no breaks).<\/span>\n\t\t\t\t\t\t\t\t\t<\/li>\n\t\t\t\t\t\t<\/ul>\n\t\t\t\t\t\t<\/div>\n\t\t\t\t<\/div>\n\t\t\t\t<\/div>\n\t\t\t\t<\/div>\n\t\t\t\t\t<\/div>\n\t\t\t\t<\/div>\n\t\t\t\t<div class=\"elementor-element elementor-element-161bcb1 gallery-spacing-custom elementor-widget elementor-widget-image-gallery\" data-id=\"161bcb1\" data-element_type=\"widget\" data-e-type=\"widget\" data-settings=\"{&quot;ekit_we_effect_on&quot;:&quot;none&quot;}\" data-widget_type=\"image-gallery.default\">\n\t\t\t\t<div class=\"elementor-widget-container\">\n\t\t\t\t\t\t\t<div class=\"elementor-image-gallery\">\n\t\t\t<div id='gallery-1' class='gallery galleryid-246 gallery-columns-1 gallery-size-full'><figure class='gallery-item'>\n\t\t\t<div class='gallery-icon landscape'>\n\t\t\t\t<img fetchpriority=\"high\" decoding=\"async\" width=\"1019\" height=\"638\" src=\"https:\/\/fasgrel.com\/wp-content\/uploads\/2024\/10\/mantenimiento-electrico.jpg\" class=\"attachment-full size-full\" alt=\"mantenimiento el\u00e9ctrico\" srcset=\"https:\/\/fasgrel.com\/wp-content\/uploads\/2024\/10\/mantenimiento-electrico.jpg 1019w, https:\/\/fasgrel.com\/wp-content\/uploads\/2024\/10\/mantenimiento-electrico-300x188.jpg 300w, https:\/\/fasgrel.com\/wp-content\/uploads\/2024\/10\/mantenimiento-electrico-768x481.jpg 768w, https:\/\/fasgrel.com\/wp-content\/uploads\/2024\/10\/mantenimiento-electrico-600x376.jpg 600w\" sizes=\"(max-width: 1019px) 100vw, 1019px\" \/>\n\t\t\t<\/div><\/figure>\n\t\t<\/div>\n\t\t<\/div>\n\t\t\t\t\t\t<\/div>\n\t\t\t\t<\/div>\n\t\t\t\t\t<\/div>\n\t\t<\/div>\n\t\t\t\t\t<\/div>\n\t\t<\/section>\n\t\t\t\t<\/div>","protected":false},"excerpt":{"rendered":"<p>Inicio \/ Servicios Mantenimiento Predictivo, Preventivo y Correctivo Brindamos servicios de Mantenimiento El\u00e9ctrico\u00a0 en baja y media tensi\u00f3n para plantas el\u00e9ctricas, subestaciones, motores y maquinaria el\u00e9ctrica en general, para todos los sectores industriales, utilizando equipos de pruebas y an\u00e1lisis con tecnolog\u00eda de vanguardia. Los programas de Mantenimiento El\u00e9ctrico le servir\u00e1n para proteger su inversi\u00f3n y [&hellip;]<\/p>\n","protected":false},"author":1,"featured_media":0,"parent":0,"menu_order":0,"comment_status":"closed","ping_status":"closed","template":"","meta":{"_acf_changed":false,"_joinchat":[],"footnotes":""},"class_list":["post-246","page","type-page","status-publish","hentry"],"acf":[],"yoast_head":"<!-- This site is optimized with the Yoast SEO Premium plugin v22.9 (Yoast SEO v27.1.1) - https:\/\/yoast.com\/product\/yoast-seo-premium-wordpress\/ -->\n<title>Mantenimiento El\u00e9ctrico | Predictivo, Preventivo y Correctivo<\/title>\n<meta name=\"description\" content=\"Servicio de mantenimiento el\u00e9ctrico en baja y media tensi\u00f3n para plantas el\u00e9ctricas, subestaciones, motores y maquinaria el\u00e9ctrica en general.\" \/>\n<meta name=\"robots\" content=\"index, follow, max-snippet:-1, max-image-preview:large, max-video-preview:-1\" \/>\n<link rel=\"canonical\" href=\"https:\/\/fasgrel.com\/en\/mantenimiento-de-instalaciones-electricas\/\" \/>\n<meta property=\"og:locale\" content=\"en_US\" \/>\n<meta property=\"og:type\" content=\"article\" \/>\n<meta property=\"og:title\" content=\"Mantenimiento de Instalaciones El\u00e9ctricas\" \/>\n<meta property=\"og:description\" content=\"Servicio de mantenimiento el\u00e9ctrico en baja y media tensi\u00f3n para plantas el\u00e9ctricas, subestaciones, motores y maquinaria el\u00e9ctrica en general.\" \/>\n<meta property=\"og:url\" content=\"https:\/\/fasgrel.com\/en\/mantenimiento-de-instalaciones-electricas\/\" \/>\n<meta property=\"og:site_name\" content=\"Fasgrel\" \/>\n<meta property=\"article:modified_time\" content=\"2024-10-08T01:32:25+00:00\" \/>\n<meta property=\"og:image\" content=\"http:\/\/fasgrel.com\/wp-content\/uploads\/2024\/10\/mantenimiento-electrico.jpg\" \/>\n<meta name=\"twitter:card\" content=\"summary_large_image\" \/>\n<meta name=\"twitter:label1\" content=\"Est. reading time\" \/>\n\t<meta name=\"twitter:data1\" content=\"1 minute\" \/>\n<script type=\"application\/ld+json\" class=\"yoast-schema-graph\">{\"@context\":\"https:\/\/schema.org\",\"@graph\":[{\"@type\":\"WebPage\",\"@id\":\"https:\/\/fasgrel.com\/mantenimiento-de-instalaciones-electricas\/\",\"url\":\"https:\/\/fasgrel.com\/mantenimiento-de-instalaciones-electricas\/\",\"name\":\"Mantenimiento El\u00e9ctrico | Predictivo, Preventivo y Correctivo\",\"isPartOf\":{\"@id\":\"https:\/\/fasgrel.com\/#website\"},\"primaryImageOfPage\":{\"@id\":\"https:\/\/fasgrel.com\/mantenimiento-de-instalaciones-electricas\/#primaryimage\"},\"image\":{\"@id\":\"https:\/\/fasgrel.com\/mantenimiento-de-instalaciones-electricas\/#primaryimage\"},\"thumbnailUrl\":\"http:\/\/fasgrel.com\/wp-content\/uploads\/2024\/10\/mantenimiento-electrico.jpg\",\"datePublished\":\"2024-07-08T16:16:13+00:00\",\"dateModified\":\"2024-10-08T01:32:25+00:00\",\"description\":\"Servicio de mantenimiento el\u00e9ctrico en baja y media tensi\u00f3n para plantas el\u00e9ctricas, subestaciones, motores y maquinaria el\u00e9ctrica en general.\",\"breadcrumb\":{\"@id\":\"https:\/\/fasgrel.com\/mantenimiento-de-instalaciones-electricas\/#breadcrumb\"},\"inLanguage\":\"en-US\",\"potentialAction\":[{\"@type\":\"ReadAction\",\"target\":[\"https:\/\/fasgrel.com\/mantenimiento-de-instalaciones-electricas\/\"]}]},{\"@type\":\"ImageObject\",\"inLanguage\":\"en-US\",\"@id\":\"https:\/\/fasgrel.com\/mantenimiento-de-instalaciones-electricas\/#primaryimage\",\"url\":\"http:\/\/fasgrel.com\/wp-content\/uploads\/2024\/10\/mantenimiento-electrico.jpg\",\"contentUrl\":\"http:\/\/fasgrel.com\/wp-content\/uploads\/2024\/10\/mantenimiento-electrico.jpg\"},{\"@type\":\"BreadcrumbList\",\"@id\":\"https:\/\/fasgrel.com\/mantenimiento-de-instalaciones-electricas\/#breadcrumb\",\"itemListElement\":[{\"@type\":\"ListItem\",\"position\":1,\"name\":\"Portada\",\"item\":\"https:\/\/fasgrel.com\/\"},{\"@type\":\"ListItem\",\"position\":2,\"name\":\"Mantenimiento de Instalaciones El\u00e9ctricas\"}]},{\"@type\":\"WebSite\",\"@id\":\"https:\/\/fasgrel.com\/#website\",\"url\":\"https:\/\/fasgrel.com\/\",\"name\":\"Fasgrel\",\"description\":\"Sitio en Construcci\u00f3n\",\"publisher\":{\"@id\":\"https:\/\/fasgrel.com\/#organization\"},\"potentialAction\":[{\"@type\":\"SearchAction\",\"target\":{\"@type\":\"EntryPoint\",\"urlTemplate\":\"https:\/\/fasgrel.com\/?s={search_term_string}\"},\"query-input\":{\"@type\":\"PropertyValueSpecification\",\"valueRequired\":true,\"valueName\":\"search_term_string\"}}],\"inLanguage\":\"en-US\"},{\"@type\":\"Organization\",\"@id\":\"https:\/\/fasgrel.com\/#organization\",\"name\":\"FASGREL\",\"url\":\"https:\/\/fasgrel.com\/\",\"logo\":{\"@type\":\"ImageObject\",\"inLanguage\":\"en-US\",\"@id\":\"https:\/\/fasgrel.com\/#\/schema\/logo\/image\/\",\"url\":\"https:\/\/fasgrel.com\/wp-content\/uploads\/2024\/10\/logo-fasgrel.png\",\"contentUrl\":\"https:\/\/fasgrel.com\/wp-content\/uploads\/2024\/10\/logo-fasgrel.png\",\"width\":427,\"height\":110,\"caption\":\"FASGREL\"},\"image\":{\"@id\":\"https:\/\/fasgrel.com\/#\/schema\/logo\/image\/\"}}]}<\/script>\n<!-- \/ Yoast SEO Premium plugin. -->","yoast_head_json":{"title":"Mantenimiento El\u00e9ctrico | Predictivo, Preventivo y Correctivo","description":"Servicio de mantenimiento el\u00e9ctrico en baja y media tensi\u00f3n para plantas el\u00e9ctricas, subestaciones, motores y maquinaria el\u00e9ctrica en general.","robots":{"index":"index","follow":"follow","max-snippet":"max-snippet:-1","max-image-preview":"max-image-preview:large","max-video-preview":"max-video-preview:-1"},"canonical":"https:\/\/fasgrel.com\/en\/mantenimiento-de-instalaciones-electricas\/","og_locale":"en_US","og_type":"article","og_title":"Mantenimiento de Instalaciones El\u00e9ctricas","og_description":"Servicio de mantenimiento el\u00e9ctrico en baja y media tensi\u00f3n para plantas el\u00e9ctricas, subestaciones, motores y maquinaria el\u00e9ctrica en general.","og_url":"https:\/\/fasgrel.com\/en\/mantenimiento-de-instalaciones-electricas\/","og_site_name":"Fasgrel","article_modified_time":"2024-10-08T01:32:25+00:00","og_image":[{"url":"http:\/\/fasgrel.com\/wp-content\/uploads\/2024\/10\/mantenimiento-electrico.jpg","type":"","width":"","height":""}],"twitter_card":"summary_large_image","twitter_misc":{"Est. reading time":"1 minute"},"schema":{"@context":"https:\/\/schema.org","@graph":[{"@type":"WebPage","@id":"https:\/\/fasgrel.com\/mantenimiento-de-instalaciones-electricas\/","url":"https:\/\/fasgrel.com\/mantenimiento-de-instalaciones-electricas\/","name":"Mantenimiento El\u00e9ctrico | Predictivo, Preventivo y Correctivo","isPartOf":{"@id":"https:\/\/fasgrel.com\/#website"},"primaryImageOfPage":{"@id":"https:\/\/fasgrel.com\/mantenimiento-de-instalaciones-electricas\/#primaryimage"},"image":{"@id":"https:\/\/fasgrel.com\/mantenimiento-de-instalaciones-electricas\/#primaryimage"},"thumbnailUrl":"http:\/\/fasgrel.com\/wp-content\/uploads\/2024\/10\/mantenimiento-electrico.jpg","datePublished":"2024-07-08T16:16:13+00:00","dateModified":"2024-10-08T01:32:25+00:00","description":"Servicio de mantenimiento el\u00e9ctrico en baja y media tensi\u00f3n para plantas el\u00e9ctricas, subestaciones, motores y maquinaria el\u00e9ctrica en general.","breadcrumb":{"@id":"https:\/\/fasgrel.com\/mantenimiento-de-instalaciones-electricas\/#breadcrumb"},"inLanguage":"en-US","potentialAction":[{"@type":"ReadAction","target":["https:\/\/fasgrel.com\/mantenimiento-de-instalaciones-electricas\/"]}]},{"@type":"ImageObject","inLanguage":"en-US","@id":"https:\/\/fasgrel.com\/mantenimiento-de-instalaciones-electricas\/#primaryimage","url":"http:\/\/fasgrel.com\/wp-content\/uploads\/2024\/10\/mantenimiento-electrico.jpg","contentUrl":"http:\/\/fasgrel.com\/wp-content\/uploads\/2024\/10\/mantenimiento-electrico.jpg"},{"@type":"BreadcrumbList","@id":"https:\/\/fasgrel.com\/mantenimiento-de-instalaciones-electricas\/#breadcrumb","itemListElement":[{"@type":"ListItem","position":1,"name":"Portada","item":"https:\/\/fasgrel.com\/"},{"@type":"ListItem","position":2,"name":"Mantenimiento de Instalaciones El\u00e9ctricas"}]},{"@type":"WebSite","@id":"https:\/\/fasgrel.com\/#website","url":"https:\/\/fasgrel.com\/","name":"Fasgrel","description":"Sitio en Construcci\u00f3n","publisher":{"@id":"https:\/\/fasgrel.com\/#organization"},"potentialAction":[{"@type":"SearchAction","target":{"@type":"EntryPoint","urlTemplate":"https:\/\/fasgrel.com\/?s={search_term_string}"},"query-input":{"@type":"PropertyValueSpecification","valueRequired":true,"valueName":"search_term_string"}}],"inLanguage":"en-US"},{"@type":"Organization","@id":"https:\/\/fasgrel.com\/#organization","name":"FASGREL","url":"https:\/\/fasgrel.com\/","logo":{"@type":"ImageObject","inLanguage":"en-US","@id":"https:\/\/fasgrel.com\/#\/schema\/logo\/image\/","url":"https:\/\/fasgrel.com\/wp-content\/uploads\/2024\/10\/logo-fasgrel.png","contentUrl":"https:\/\/fasgrel.com\/wp-content\/uploads\/2024\/10\/logo-fasgrel.png","width":427,"height":110,"caption":"FASGREL"},"image":{"@id":"https:\/\/fasgrel.com\/#\/schema\/logo\/image\/"}}]}},"_links":{"self":[{"href":"https:\/\/fasgrel.com\/en\/wp-json\/wp\/v2\/pages\/246","targetHints":{"allow":["GET"]}}],"collection":[{"href":"https:\/\/fasgrel.com\/en\/wp-json\/wp\/v2\/pages"}],"about":[{"href":"https:\/\/fasgrel.com\/en\/wp-json\/wp\/v2\/types\/page"}],"author":[{"embeddable":true,"href":"https:\/\/fasgrel.com\/en\/wp-json\/wp\/v2\/users\/1"}],"replies":[{"embeddable":true,"href":"https:\/\/fasgrel.com\/en\/wp-json\/wp\/v2\/comments?post=246"}],"version-history":[{"count":53,"href":"https:\/\/fasgrel.com\/en\/wp-json\/wp\/v2\/pages\/246\/revisions"}],"predecessor-version":[{"id":2200,"href":"https:\/\/fasgrel.com\/en\/wp-json\/wp\/v2\/pages\/246\/revisions\/2200"}],"wp:attachment":[{"href":"https:\/\/fasgrel.com\/en\/wp-json\/wp\/v2\/media?parent=246"}],"curies":[{"name":"wp","href":"https:\/\/api.w.org\/{rel}","templated":true}]}}