{"id":1861,"date":"2024-08-25T06:00:24","date_gmt":"2024-08-25T06:00:24","guid":{"rendered":"http:\/\/fasgrel.com\/?post_type=product&#038;p=1861"},"modified":"2026-04-06T02:34:53","modified_gmt":"2026-04-06T02:34:53","slug":"switches-industriales-administrables","status":"publish","type":"product","link":"https:\/\/fasgrel.com\/en\/product\/switches-industriales-administrables\/","title":{"rendered":"SWITCHES INDUSTRIALES | Administrables"},"content":{"rendered":"<p><span style=\"color: #ff6600;\"><strong>Switches Industriales | Administrables<\/strong><\/span><\/p>\n<p><span style=\"color: #000000;\"><strong>F\u00c1CIL CONTROL DE LA RED<\/strong><\/span><\/p>\n<p><span style=\"color: #000000;\">Con nuestros switches industriales administrables garantizamos una comunicaci\u00f3n fluida en su red de m\u00e1quinas y proporcionamos la infraestructura \u00f3ptima para el tr\u00e1fico de datos en su planta.<\/span><\/p>\n<p><span style=\"color: #000000;\">Nuestros dispositivos garantizan una transferencia de datos fiable y eficaz en su red al admitir funciones est\u00e1ndar como la negociaci\u00f3n autom\u00e1tica, el cruce autom\u00e1tico y el control de flujo para asegurar una adaptaci\u00f3n autom\u00e1tica a velocidades de transmisi\u00f3n muy variables. No necesitan ning\u00fan tipo de configuraci\u00f3n ni programaci\u00f3n, por lo que pueden aplicarse directamente. La amplia gama de switches industriales administrables WIELAND (con diferentes n\u00fameros de puerto, carcasas, PoE, normas y homologaciones) est\u00e1 dise\u00f1ada para cumplir con los requerimientos incluso en los entornos m\u00e1s duros y las aplicaciones m\u00e1s exigentes.<\/span><\/p>\n<p><span style=\"color: #000000;\"><strong>CARACTER\u00cdSTICAS:<\/strong><\/span><\/p>\n<ul>\n<li><span style=\"color: #000000;\">Puesta en marcha r\u00e1pida y sencilla<\/span><\/li>\n<li><span style=\"color: #000000;\">Gran variedad de n\u00fameros de puerto compatibles con Fast Ethernet, Gigabit y tramas Jumbo<\/span><\/li>\n<li><span style=\"color: #000000;\">Carcasa compacta (25 mm de ancho)<\/span><\/li>\n<li><span style=\"color: #000000;\">Hasta 4 puertos SFP (small form-factor pluggable) y de fibra \u00f3ptica<\/span><\/li>\n<li><span style=\"color: #000000;\">Funciones PoE (Power-over-Ethernet) (IEEE 802.3 af\/at)<\/span><\/li>\n<li><span style=\"color: #000000;\">Amplio rango de temperaturas y versiones IP67<\/span><\/li>\n<\/ul>\n<p><span style=\"color: #000000;\"><strong>VENTAJAS:<\/strong><\/span><\/p>\n<ul>\n<li><span style=\"color: #000000;\">Reducci\u00f3n del tiempo de instalaci\u00f3n<\/span><\/li>\n<li><span style=\"color: #000000;\">Mayor productividad gracias a la m\u00e1xima disponibilidad de la red<\/span><\/li>\n<li><span style=\"color: #000000;\">Permite la integraci\u00f3n en los espacios m\u00e1s reducidos y ahorra espacio en el cuadro el\u00e9ctrico.<\/span><\/li>\n<li><span style=\"color: #000000;\">Conexi\u00f3n fiable y segura de redes remotas con menor diafon\u00eda<\/span><\/li>\n<li><span style=\"color: #000000;\">No se necesita cableado adicional para alimentar perif\u00e9ricos como c\u00e1maras o tel\u00e9fonos IP<\/span><\/li>\n<li><span style=\"color: #000000;\">Uso fiable a largo plazo en los entornos m\u00e1s exigentes<\/span><\/li>\n<\/ul>\n<h4><strong><span style=\"color: #ff6600;\">SERIE FS<\/span><\/strong><br \/>\n<strong><span style=\"color: #000000;\">Requisitos<\/span><\/strong><\/h4>\n<ul>\n<li><span style=\"color: #000000;\">Red Ethernet industrial disponible (Profinet o Ethernet\/IP)<\/span><\/li>\n<li><span style=\"color: #000000;\">Informaci\u00f3n sobre el estado de la red deseada<\/span><\/li>\n<li><span style=\"color: #000000;\">Integraci\u00f3n en entorno de automatizaci\u00f3n<\/span><\/li>\n<li><span style=\"color: #000000;\">Entorno industrial duro<\/span><\/li>\n<\/ul>\n<p><strong><span style=\"color: #000000;\">Caracter\u00edsticas<\/span><\/strong><\/p>\n<ul>\n<li><span style=\"color: #000000;\">Diagn\u00f3stico sobre calidad y carga de la red<\/span><\/li>\n<li><span style=\"color: #000000;\">hasta el nivel del dispositivo Ethernet y el nivel del puerto<\/span><\/li>\n<li><span style=\"color: #000000;\">A trav\u00e9s de LED, interfaz web, SNMP, salidas de alarma de rel\u00e9 de protocolo de bus<\/span><\/li>\n<li><span style=\"color: #000000;\">Fuente de alimentaci\u00f3n redundante con entrada de voltaje amplio (8,4 a 52,8 V CC)<\/span><\/li>\n<li><span style=\"color: #000000;\">Temperatura ambiente de -40\u00b0C a +75\u00b0C<\/span><\/li>\n<li><span style=\"color: #000000;\">Prevenci\u00f3n de errores durante la instalaci\u00f3n mediante marcado con el logotipo de bus de campo<\/span><\/li>\n<\/ul>\n<h4><strong><span style=\"color: #ff6600;\">SERIE L2MS<\/span><\/strong><br \/>\n<strong><span style=\"color: #000000;\">Requisitos<\/span><\/strong><\/h4>\n<ul>\n<li><span style=\"color: #000000;\">Grandes redes con muchos suscriptores<\/span><\/li>\n<li><span style=\"color: #000000;\">Necesidad de m\u00e1xima disponibilidad de red con recuperaci\u00f3n r\u00e1pida<\/span><\/li>\n<li><span style=\"color: #000000;\">Red Ethernet industrial (Profinet a CC-B o Ethernet\/IP)<\/span><\/li>\n<li><span style=\"color: #000000;\">Aplicaci\u00f3n de fibra \u00f3ptica disponible<\/span><\/li>\n<li><span style=\"color: #000000;\">Entorno industrial duro<\/span><\/li>\n<li><span style=\"color: #000000;\">Datos con requisitos en tiempo real<\/span><\/li>\n<\/ul>\n<p><strong><span style=\"color: #000000;\">Caracter\u00edsticas<\/span><\/strong><\/p>\n<ul>\n<li><span style=\"color: #000000;\">Priorizaci\u00f3n de paquetes Ethernet<\/span><\/li>\n<li><span style=\"color: #000000;\">Compatibilidad con PoE+<\/span><\/li>\n<li><span style=\"color: #000000;\">Nivel 3 de compatibilidad electromagn\u00e9tica<\/span><\/li>\n<li><span style=\"color: #000000;\">Topolog\u00edas de anillo redundantes con un tiempo de fabricaci\u00f3n de m\u00e1x. 20 ms<\/span><\/li>\n<li><span style=\"color: #000000;\">Fuente de alimentaci\u00f3n redundante con entrada de amplio voltaje (9-57 V CC)<\/span><\/li>\n<li><span style=\"color: #000000;\">Diagn\u00f3stico mediante LED, interfaz web, SNMP, protocolo de bus, salidas de alarma de rel\u00e9<\/span><\/li>\n<li><span style=\"color: #000000;\">Temperatura ambiente de -40\u00b0C a +75\u00b0C<\/span><\/li>\n<li><span style=\"color: #000000;\">Opcionalmente con puertos Gigabit y protocolo de tiempo de precisi\u00f3n (serie L2MS-G)<\/span><\/li>\n<\/ul>","protected":false},"excerpt":{"rendered":"<p><img decoding=\"async\" class=\"size-full wp-image-1817 alignleft\" src=\"http:\/\/fasgrel.com\/wp-content\/uploads\/2024\/07\/logo-wieland.png\" alt=\"\" width=\"240\" height=\"100\" \/><\/p>\n<p><span style=\"color: #000000;\"><strong>SERIE FS: 8 y 16 puertos RJ45<\/strong><\/span><\/p>\n<p><span style=\"color: #000000;\"><strong>SERIE L2MS: Hasta 12 puertos RJ45<\/strong><\/span><\/p>\n<p style=\"text-align: right;\"><span style=\"color: #333399;\"><strong>\u00a0 \u00a0 \u00a0 \u00a0 \u00a0<\/strong><\/span><strong><span style=\"font-size: 18px;\"><em><span style=\"color: #0000ff;\"><a style=\"color: #0000ff;\" href=\"https:\/\/cdn.wieland-electric.com\/_Resources\/Persistent\/d\/6\/a\/8\/d6a8720210bacf4a160510f5010b3ec3d4033d79\/0801.1_CAT_wienet_Industrial_Network_Screen_EN.pdf\" target=\"_blank\" rel=\"noopener noreferrer\">Ver cat\u00e1logo<\/a><\/span><\/em><\/span><\/strong><\/p>\n<hr \/>\n<p><span style=\"color: #ff6600;\"><strong>Control total en la red<\/strong><\/span><\/p>\n<ul>\n<li><span style=\"color: #000000;\">Diagn\u00f3stico remoto<\/span><\/li>\n<li><span style=\"color: #000000;\">Integraci\u00f3n en el sistema de monitorizaci\u00f3n<\/span><\/li>\n<li><span style=\"color: #000000;\">Evaluaci\u00f3n detallada de las estad\u00edsticas internas<\/span><\/li>\n<li><span style=\"color: #000000;\">Monitoreo y detecci\u00f3n de errores<\/span><\/li>\n<li><span style=\"color: #000000;\">Priorizaci\u00f3n del tr\u00e1fico de LAN<\/span><\/li>\n<\/ul>\n<p><span style=\"color: #0000ff;\"><a style=\"color: #0000ff;\" href=\"http:\/\/fasgrel.com\/en\/categoria\/switches-y-routers-industriales\/\"><strong><em>Retornar \u21b5<\/em><\/strong><\/a><\/span><\/p>\n<hr \/>\n<p><span style=\"color: #000000; font-size: 13px;\"><strong>Fabricado en Alemania<\/strong><\/span><\/p>\n<h4><img decoding=\"async\" class=\"size-full wp-image-1836 alignright\" src=\"http:\/\/fasgrel.com\/wp-content\/uploads\/2024\/07\/de.png\" alt=\"\" width=\"73\" height=\"53\" \/><\/h4>\n<p><span style=\"color: #000000; font-size: 13px;\">Los productos Wieland se dise\u00f1an y fabrican en Alemania seg\u00fan los principios del sistema de gesti\u00f3n de calidad y medioambi<\/span><span style=\"color: #000000; font-size: 13px;\">ente de las normas ISO 9001 e ISO 14001:2015<\/span><\/p>","protected":false},"featured_media":4047,"comment_status":"closed","ping_status":"closed","template":"","meta":{"_acf_changed":false,"_joinchat":[]},"pwb-brand":[34],"product_brand":[],"product_cat":[31],"product_tag":[],"class_list":{"0":"post-1861","1":"product","2":"type-product","3":"status-publish","4":"has-post-thumbnail","6":"pwb-brand-wieland","7":"product_cat-routers-y-switches-industriales","9":"first","10":"instock","11":"featured","12":"shipping-taxable","13":"product-type-simple"},"acf":[],"yoast_head":"<!-- This site is optimized with the Yoast SEO Premium plugin v22.9 (Yoast SEO v27.1.1) - https:\/\/yoast.com\/product\/yoast-seo-premium-wordpress\/ -->\n<title>Switches Industriales | Administrables | Ethernet | WIELAND<\/title>\n<meta name=\"description\" content=\"Los switches industriales administrables WIELAND garantizan una comunicaci\u00f3n fluida y proporcionan la infraestructura \u00f3ptima para el tr\u00e1fico de datos.\" \/>\n<meta name=\"robots\" content=\"index, follow, max-snippet:-1, max-image-preview:large, max-video-preview:-1\" \/>\n<link rel=\"canonical\" href=\"https:\/\/fasgrel.com\/en\/product\/switches-industriales-administrables\/\" \/>\n<meta property=\"og:locale\" content=\"en_US\" \/>\n<meta property=\"og:type\" content=\"article\" \/>\n<meta property=\"og:title\" content=\"SWITCHES INDUSTRIALES | Administrables\" \/>\n<meta property=\"og:description\" content=\"Los switches industriales administrables WIELAND garantizan una comunicaci\u00f3n fluida y proporcionan la infraestructura \u00f3ptima para el tr\u00e1fico de datos.\" \/>\n<meta property=\"og:url\" content=\"https:\/\/fasgrel.com\/en\/product\/switches-industriales-administrables\/\" \/>\n<meta property=\"og:site_name\" content=\"Fasgrel\" \/>\n<meta property=\"article:modified_time\" content=\"2026-04-06T02:34:53+00:00\" \/>\n<meta property=\"og:image\" content=\"https:\/\/fasgrel.com\/wp-content\/uploads\/2024\/08\/switch-administrable.jpg\" \/>\n\t<meta property=\"og:image:width\" content=\"600\" \/>\n\t<meta property=\"og:image:height\" content=\"600\" \/>\n\t<meta property=\"og:image:type\" content=\"image\/jpeg\" \/>\n<meta name=\"twitter:card\" content=\"summary_large_image\" \/>\n<meta name=\"twitter:label1\" content=\"Est. reading time\" \/>\n\t<meta name=\"twitter:data1\" content=\"3 minutes\" \/>\n<script type=\"application\/ld+json\" class=\"yoast-schema-graph\">{\"@context\":\"https:\/\/schema.org\",\"@graph\":[{\"@type\":\"WebPage\",\"@id\":\"https:\/\/fasgrel.com\/producto\/switches-industriales-administrables\/\",\"url\":\"https:\/\/fasgrel.com\/producto\/switches-industriales-administrables\/\",\"name\":\"Switches Industriales | Administrables | Ethernet | WIELAND\",\"isPartOf\":{\"@id\":\"https:\/\/fasgrel.com\/#website\"},\"primaryImageOfPage\":{\"@id\":\"https:\/\/fasgrel.com\/producto\/switches-industriales-administrables\/#primaryimage\"},\"image\":{\"@id\":\"https:\/\/fasgrel.com\/producto\/switches-industriales-administrables\/#primaryimage\"},\"thumbnailUrl\":\"https:\/\/fasgrel.com\/wp-content\/uploads\/2024\/08\/switch-administrable.jpg\",\"datePublished\":\"2024-08-25T06:00:24+00:00\",\"dateModified\":\"2026-04-06T02:34:53+00:00\",\"description\":\"Los switches industriales administrables WIELAND garantizan una comunicaci\u00f3n fluida y proporcionan la infraestructura \u00f3ptima para el tr\u00e1fico de datos.\",\"breadcrumb\":{\"@id\":\"https:\/\/fasgrel.com\/producto\/switches-industriales-administrables\/#breadcrumb\"},\"inLanguage\":\"en-US\",\"potentialAction\":[{\"@type\":\"ReadAction\",\"target\":[\"https:\/\/fasgrel.com\/producto\/switches-industriales-administrables\/\"]}]},{\"@type\":\"ImageObject\",\"inLanguage\":\"en-US\",\"@id\":\"https:\/\/fasgrel.com\/producto\/switches-industriales-administrables\/#primaryimage\",\"url\":\"https:\/\/fasgrel.com\/wp-content\/uploads\/2024\/08\/switch-administrable.jpg\",\"contentUrl\":\"https:\/\/fasgrel.com\/wp-content\/uploads\/2024\/08\/switch-administrable.jpg\",\"width\":600,\"height\":600},{\"@type\":\"BreadcrumbList\",\"@id\":\"https:\/\/fasgrel.com\/producto\/switches-industriales-administrables\/#breadcrumb\",\"itemListElement\":[{\"@type\":\"ListItem\",\"position\":1,\"name\":\"Portada\",\"item\":\"https:\/\/fasgrel.com\/\"},{\"@type\":\"ListItem\",\"position\":2,\"name\":\"Tienda\",\"item\":\"https:\/\/fasgrel.com\/tienda\/\"},{\"@type\":\"ListItem\",\"position\":3,\"name\":\"SWITCHES INDUSTRIALES | Administrables\"}]},{\"@type\":\"WebSite\",\"@id\":\"https:\/\/fasgrel.com\/#website\",\"url\":\"https:\/\/fasgrel.com\/\",\"name\":\"Fasgrel\",\"description\":\"Sitio en Construcci\u00f3n\",\"publisher\":{\"@id\":\"https:\/\/fasgrel.com\/#organization\"},\"potentialAction\":[{\"@type\":\"SearchAction\",\"target\":{\"@type\":\"EntryPoint\",\"urlTemplate\":\"https:\/\/fasgrel.com\/?s={search_term_string}\"},\"query-input\":{\"@type\":\"PropertyValueSpecification\",\"valueRequired\":true,\"valueName\":\"search_term_string\"}}],\"inLanguage\":\"en-US\"},{\"@type\":\"Organization\",\"@id\":\"https:\/\/fasgrel.com\/#organization\",\"name\":\"FASGREL\",\"url\":\"https:\/\/fasgrel.com\/\",\"logo\":{\"@type\":\"ImageObject\",\"inLanguage\":\"en-US\",\"@id\":\"https:\/\/fasgrel.com\/#\/schema\/logo\/image\/\",\"url\":\"https:\/\/fasgrel.com\/wp-content\/uploads\/2024\/10\/logo-fasgrel.png\",\"contentUrl\":\"https:\/\/fasgrel.com\/wp-content\/uploads\/2024\/10\/logo-fasgrel.png\",\"width\":427,\"height\":110,\"caption\":\"FASGREL\"},\"image\":{\"@id\":\"https:\/\/fasgrel.com\/#\/schema\/logo\/image\/\"}}]}<\/script>\n<!-- \/ Yoast SEO Premium plugin. -->","yoast_head_json":{"title":"Switches Industriales | Administrables | Ethernet | WIELAND","description":"Los switches industriales administrables WIELAND garantizan una comunicaci\u00f3n fluida y proporcionan la infraestructura \u00f3ptima para el tr\u00e1fico de datos.","robots":{"index":"index","follow":"follow","max-snippet":"max-snippet:-1","max-image-preview":"max-image-preview:large","max-video-preview":"max-video-preview:-1"},"canonical":"https:\/\/fasgrel.com\/en\/product\/switches-industriales-administrables\/","og_locale":"en_US","og_type":"article","og_title":"SWITCHES INDUSTRIALES | Administrables","og_description":"Los switches industriales administrables WIELAND garantizan una comunicaci\u00f3n fluida y proporcionan la infraestructura \u00f3ptima para el tr\u00e1fico de datos.","og_url":"https:\/\/fasgrel.com\/en\/product\/switches-industriales-administrables\/","og_site_name":"Fasgrel","article_modified_time":"2026-04-06T02:34:53+00:00","og_image":[{"width":600,"height":600,"url":"https:\/\/fasgrel.com\/wp-content\/uploads\/2024\/08\/switch-administrable.jpg","type":"image\/jpeg"}],"twitter_card":"summary_large_image","twitter_misc":{"Est. reading time":"3 minutes"},"schema":{"@context":"https:\/\/schema.org","@graph":[{"@type":"WebPage","@id":"https:\/\/fasgrel.com\/producto\/switches-industriales-administrables\/","url":"https:\/\/fasgrel.com\/producto\/switches-industriales-administrables\/","name":"Switches Industriales | Administrables | Ethernet | WIELAND","isPartOf":{"@id":"https:\/\/fasgrel.com\/#website"},"primaryImageOfPage":{"@id":"https:\/\/fasgrel.com\/producto\/switches-industriales-administrables\/#primaryimage"},"image":{"@id":"https:\/\/fasgrel.com\/producto\/switches-industriales-administrables\/#primaryimage"},"thumbnailUrl":"https:\/\/fasgrel.com\/wp-content\/uploads\/2024\/08\/switch-administrable.jpg","datePublished":"2024-08-25T06:00:24+00:00","dateModified":"2026-04-06T02:34:53+00:00","description":"Los switches industriales administrables WIELAND garantizan una comunicaci\u00f3n fluida y proporcionan la infraestructura \u00f3ptima para el tr\u00e1fico de datos.","breadcrumb":{"@id":"https:\/\/fasgrel.com\/producto\/switches-industriales-administrables\/#breadcrumb"},"inLanguage":"en-US","potentialAction":[{"@type":"ReadAction","target":["https:\/\/fasgrel.com\/producto\/switches-industriales-administrables\/"]}]},{"@type":"ImageObject","inLanguage":"en-US","@id":"https:\/\/fasgrel.com\/producto\/switches-industriales-administrables\/#primaryimage","url":"https:\/\/fasgrel.com\/wp-content\/uploads\/2024\/08\/switch-administrable.jpg","contentUrl":"https:\/\/fasgrel.com\/wp-content\/uploads\/2024\/08\/switch-administrable.jpg","width":600,"height":600},{"@type":"BreadcrumbList","@id":"https:\/\/fasgrel.com\/producto\/switches-industriales-administrables\/#breadcrumb","itemListElement":[{"@type":"ListItem","position":1,"name":"Portada","item":"https:\/\/fasgrel.com\/"},{"@type":"ListItem","position":2,"name":"Tienda","item":"https:\/\/fasgrel.com\/tienda\/"},{"@type":"ListItem","position":3,"name":"SWITCHES INDUSTRIALES | Administrables"}]},{"@type":"WebSite","@id":"https:\/\/fasgrel.com\/#website","url":"https:\/\/fasgrel.com\/","name":"Fasgrel","description":"Sitio en Construcci\u00f3n","publisher":{"@id":"https:\/\/fasgrel.com\/#organization"},"potentialAction":[{"@type":"SearchAction","target":{"@type":"EntryPoint","urlTemplate":"https:\/\/fasgrel.com\/?s={search_term_string}"},"query-input":{"@type":"PropertyValueSpecification","valueRequired":true,"valueName":"search_term_string"}}],"inLanguage":"en-US"},{"@type":"Organization","@id":"https:\/\/fasgrel.com\/#organization","name":"FASGREL","url":"https:\/\/fasgrel.com\/","logo":{"@type":"ImageObject","inLanguage":"en-US","@id":"https:\/\/fasgrel.com\/#\/schema\/logo\/image\/","url":"https:\/\/fasgrel.com\/wp-content\/uploads\/2024\/10\/logo-fasgrel.png","contentUrl":"https:\/\/fasgrel.com\/wp-content\/uploads\/2024\/10\/logo-fasgrel.png","width":427,"height":110,"caption":"FASGREL"},"image":{"@id":"https:\/\/fasgrel.com\/#\/schema\/logo\/image\/"}}]}},"brands":[{"id":34,"name":"Wieland","slug":"wieland"}],"_links":{"self":[{"href":"https:\/\/fasgrel.com\/en\/wp-json\/wp\/v2\/product\/1861","targetHints":{"allow":["GET"]}}],"collection":[{"href":"https:\/\/fasgrel.com\/en\/wp-json\/wp\/v2\/product"}],"about":[{"href":"https:\/\/fasgrel.com\/en\/wp-json\/wp\/v2\/types\/product"}],"replies":[{"embeddable":true,"href":"https:\/\/fasgrel.com\/en\/wp-json\/wp\/v2\/comments?post=1861"}],"wp:featuredmedia":[{"embeddable":true,"href":"https:\/\/fasgrel.com\/en\/wp-json\/wp\/v2\/media\/4047"}],"wp:attachment":[{"href":"https:\/\/fasgrel.com\/en\/wp-json\/wp\/v2\/media?parent=1861"}],"wp:term":[{"taxonomy":"pwb-brand","embeddable":true,"href":"https:\/\/fasgrel.com\/en\/wp-json\/wp\/v2\/pwb-brand?post=1861"},{"taxonomy":"product_brand","embeddable":true,"href":"https:\/\/fasgrel.com\/en\/wp-json\/wp\/v2\/product_brand?post=1861"},{"taxonomy":"product_cat","embeddable":true,"href":"https:\/\/fasgrel.com\/en\/wp-json\/wp\/v2\/product_cat?post=1861"},{"taxonomy":"product_tag","embeddable":true,"href":"https:\/\/fasgrel.com\/en\/wp-json\/wp\/v2\/product_tag?post=1861"}],"curies":[{"name":"wp","href":"https:\/\/api.w.org\/{rel}","templated":true}]}}