{"id":1863,"date":"2024-08-25T06:03:55","date_gmt":"2024-08-25T06:03:55","guid":{"rendered":"http:\/\/fasgrel.com\/?post_type=product&#038;p=1863"},"modified":"2026-04-06T02:20:27","modified_gmt":"2026-04-06T02:20:27","slug":"routers-industriales","status":"publish","type":"product","link":"https:\/\/fasgrel.com\/en\/product\/routers-industriales\/","title":{"rendered":"ROUTERS INDUSTRIALES"},"content":{"rendered":"<p><span style=\"color: #ff6600;\"><strong>Routers Industriales<\/strong><\/span><\/p>\n<p><span style=\"color: #000000;\"><strong>ACCESO REMTO DESDE CUALQUIER LUGAR DEL MUNDO<\/strong><\/span><\/p>\n<p><span style=\"color: #000000;\">Los routers industriales VPN de WIELAND permiten el acceso remoto a sus m\u00e1quinas desde cualquier lugar del mundo. Puede visualizar el estado de su m\u00e1quina, parametrizarla o ejecutar tareas remotamente.<\/span><\/p>\n<p><span style=\"color: #000000;\"><strong>CARACTER\u00cdSTICAS<\/strong><\/span><\/p>\n<ul>\n<li><span style=\"color: #000000;\">Portal VPN para establecer y gestionar r\u00e1pidamente la conexi\u00f3n VPN.<\/span><\/li>\n<li><span style=\"color: #000000;\">VPN: openVPN, IPsec, L2TP, PPTP, GRE, EasyVPN.<\/span><\/li>\n<li><span style=\"color: #000000;\">Hasta 5 puertos RJ45 con funci\u00f3n de switch.<\/span><\/li>\n<li><span style=\"color: #000000;\">Acceso a Internet mediante red m\u00f3vil, LAN a LAN o Wi-Fi<\/span><\/li>\n<li><span style=\"color: #000000;\">Interfaces serie como RS232 y RS485, as\u00ed como DIs y DOs.<\/span><\/li>\n<li><span style=\"color: #000000;\">4G LTE con hasta 150 Mbit\/s de bajada y 50 Mbit\/s de subida.<\/span><\/li>\n<li><span style=\"color: #000000;\">Doble ranura para tarjetas SIM.<\/span><\/li>\n<li><span style=\"color: #000000;\">Carcasa met\u00e1lica robusta<\/span><\/li>\n<\/ul>\n<p><span style=\"color: #000000;\"><strong>VENTAJAS<\/strong><\/span><\/p>\n<ul>\n<li><span style=\"color: #000000;\">Reducci\u00f3n de los costes de desplazamiento al permitir un mantenimiento remoto seguro y sencillo.<\/span><\/li>\n<li><span style=\"color: #000000;\">Realice aplicaciones IIoT complejas sin conocimientos de programaci\u00f3n gracias a los m\u00f3dulos de usuario de software preconfigurados<\/span><\/li>\n<li><span style=\"color: #000000;\">Maximizaci\u00f3n de la eficacia global de los equipos (OEE) mediante notificaciones inmediatas de incidencias cr\u00edticas.<\/span><\/li>\n<li><span style=\"color: #000000;\">Actualizaciones de seguridad y \u00faltimas funcionalidades<\/span><\/li>\n<li><span style=\"color: #000000;\">M\u00e1xima disponibilidad de la red gracias a los backups<\/span><\/li>\n<li><span style=\"color: #000000;\">Uso fiable en entornos dif\u00edciles<\/span><\/li>\n<li><span style=\"color: #000000;\">Conexi\u00f3n directa de dispositivos de campo a trav\u00e9s de Ethernet<\/span><\/li>\n<li><span style=\"color: #000000;\">Transferencia r\u00e1pida de archivos de configuraci\u00f3n para ahorrar tiempo de puesta en marcha<\/span><\/li>\n<\/ul>\n<p>&nbsp;<\/p>","protected":false},"excerpt":{"rendered":"<p><img decoding=\"async\" class=\"size-full wp-image-1817 alignleft\" src=\"http:\/\/fasgrel.com\/wp-content\/uploads\/2024\/07\/logo-wieland.png\" alt=\"\" width=\"240\" \/><span style=\"color: #000000;\"><strong>SERIE WR-LAN: 2 y 5 puertos RJ45<\/strong><\/span><\/p>\n<p><span style=\"color: #000000;\"><strong>SERIE LTE V2: 1 y 2 puertos RJ45<\/strong><\/span><\/p>\n<p><span style=\"color: #333399;\"><strong><span style=\"color: #000000;\">SERIE WR-LTE V3: 5 puertos RJ45<\/span>\u00a0 \u00a0 \u00a0 \u00a0 \u00a0<\/strong><\/span><strong><span style=\"font-size: 18px;\"><em><span style=\"color: #0000ff;\"><a style=\"color: #0000ff;\" href=\"https:\/\/cdn.wieland-electric.com\/_Resources\/Persistent\/4\/3\/c\/b\/43cb39229a275b0f33f308fb22351c311f2c4ad7\/0810.1_CAT_wienet_Industrial_Automation_Screen_EN_0523.pdf\" target=\"_blank\" rel=\"noopener noreferrer\">Ver cat\u00e1logo<\/a><\/span><\/em><\/span><\/strong><\/p>\n<hr \/>\n<p><span style=\"color: #ff6600;\"><strong>Acceso remoto desde cualquier parte del mundo<\/strong><\/span><\/p>\n<p><span style=\"color: #000000;\">Los routers industriales VPN permiten el acceso remoto a sus m\u00e1quinas desde cualquier lugar del mundo. Puede visualizar el estado de su m\u00e1quina, parametrizarla o ejecutar tareas desde cualquier parte del mundo 24\/7. Adem\u00e1s, la transmisi\u00f3n de mensajes de alarma en caso de imprevistos maximiza la eficacia global de sus equipos.<\/span><\/p>\n<p><span style=\"color: #000000;\">Con los routers de seguridad VPN de WIENET y el portal de servidores VPN WIE-SERVICE24 , las m\u00e1quinas y dispositivos se conectan a Internet de forma segura y los datos se transfieren a trav\u00e9s de VPN de forma cifrada y totalmente independiente del protocolo.<\/span><\/p>\n<p><span style=\"color: #0000ff;\"><a style=\"color: #0000ff;\" href=\"http:\/\/fasgrel.com\/en\/categoria\/switches-y-routers-industriales\/\"><strong><em>Retornar \u21b5<\/em><\/strong><\/a><\/span><\/p>\n<hr \/>\n<p><span style=\"color: #000000; font-size: 13px;\"><strong>Fabricado en Alemania<\/strong><\/span><\/p>\n<h4><img decoding=\"async\" class=\"size-full wp-image-1836 alignright\" src=\"http:\/\/fasgrel.com\/wp-content\/uploads\/2024\/07\/de.png\" alt=\"\" width=\"73\" height=\"53\" \/><\/h4>\n<p><span style=\"color: #000000; font-size: 13px;\">Los productos Wieland se dise\u00f1an y fabrican en Alemania seg\u00fan los principios del sistema de gesti\u00f3n de calidad y medioambi<\/span><span style=\"color: #000000; font-size: 13px;\">ente de las normas ISO 9001 e ISO 14001:2015<\/span><\/p>","protected":false},"featured_media":4042,"comment_status":"closed","ping_status":"closed","template":"","meta":{"_acf_changed":false,"_joinchat":[]},"pwb-brand":[34],"product_brand":[],"product_cat":[31],"product_tag":[],"class_list":{"0":"post-1863","1":"product","2":"type-product","3":"status-publish","4":"has-post-thumbnail","6":"pwb-brand-wieland","7":"product_cat-routers-y-switches-industriales","9":"first","10":"instock","11":"featured","12":"shipping-taxable","13":"product-type-simple"},"acf":[],"yoast_head":"<!-- This site is optimized with the Yoast SEO Premium plugin v22.9 (Yoast SEO v27.1.1) - https:\/\/yoast.com\/product\/yoast-seo-premium-wordpress\/ -->\n<title>Routers Industriales | Ethernet | WIELAND<\/title>\n<meta name=\"description\" content=\"Los routers industriales WIELAND permiten el acceso remoto a sus m\u00e1quinas desde cualquier lugar del mundo, para visualizar, parametrizar o ejecutar tareas.\" \/>\n<meta name=\"robots\" content=\"index, follow, max-snippet:-1, max-image-preview:large, max-video-preview:-1\" \/>\n<link rel=\"canonical\" href=\"https:\/\/fasgrel.com\/en\/product\/routers-industriales\/\" \/>\n<meta property=\"og:locale\" content=\"en_US\" \/>\n<meta property=\"og:type\" content=\"article\" \/>\n<meta property=\"og:title\" content=\"ROUTERS INDUSTRIALES\" \/>\n<meta property=\"og:description\" content=\"Los routers industriales WIELAND permiten el acceso remoto a sus m\u00e1quinas desde cualquier lugar del mundo, para visualizar, parametrizar o ejecutar tareas.\" \/>\n<meta property=\"og:url\" content=\"https:\/\/fasgrel.com\/en\/product\/routers-industriales\/\" \/>\n<meta property=\"og:site_name\" content=\"Fasgrel\" \/>\n<meta property=\"article:modified_time\" content=\"2026-04-06T02:20:27+00:00\" \/>\n<meta property=\"og:image\" content=\"https:\/\/fasgrel.com\/wp-content\/uploads\/2024\/08\/router-industrial.jpg\" \/>\n\t<meta property=\"og:image:width\" content=\"600\" \/>\n\t<meta property=\"og:image:height\" content=\"600\" \/>\n\t<meta property=\"og:image:type\" content=\"image\/jpeg\" \/>\n<meta name=\"twitter:card\" content=\"summary_large_image\" \/>\n<meta name=\"twitter:label1\" content=\"Est. reading time\" \/>\n\t<meta name=\"twitter:data1\" content=\"2 minutes\" \/>\n<script type=\"application\/ld+json\" class=\"yoast-schema-graph\">{\"@context\":\"https:\/\/schema.org\",\"@graph\":[{\"@type\":\"WebPage\",\"@id\":\"https:\/\/fasgrel.com\/producto\/routers-industriales\/\",\"url\":\"https:\/\/fasgrel.com\/producto\/routers-industriales\/\",\"name\":\"Routers Industriales | Ethernet | WIELAND\",\"isPartOf\":{\"@id\":\"https:\/\/fasgrel.com\/#website\"},\"primaryImageOfPage\":{\"@id\":\"https:\/\/fasgrel.com\/producto\/routers-industriales\/#primaryimage\"},\"image\":{\"@id\":\"https:\/\/fasgrel.com\/producto\/routers-industriales\/#primaryimage\"},\"thumbnailUrl\":\"https:\/\/fasgrel.com\/wp-content\/uploads\/2024\/08\/router-industrial.jpg\",\"datePublished\":\"2024-08-25T06:03:55+00:00\",\"dateModified\":\"2026-04-06T02:20:27+00:00\",\"description\":\"Los routers industriales WIELAND permiten el acceso remoto a sus m\u00e1quinas desde cualquier lugar del mundo, para visualizar, parametrizar o ejecutar tareas.\",\"breadcrumb\":{\"@id\":\"https:\/\/fasgrel.com\/producto\/routers-industriales\/#breadcrumb\"},\"inLanguage\":\"en-US\",\"potentialAction\":[{\"@type\":\"ReadAction\",\"target\":[\"https:\/\/fasgrel.com\/producto\/routers-industriales\/\"]}]},{\"@type\":\"ImageObject\",\"inLanguage\":\"en-US\",\"@id\":\"https:\/\/fasgrel.com\/producto\/routers-industriales\/#primaryimage\",\"url\":\"https:\/\/fasgrel.com\/wp-content\/uploads\/2024\/08\/router-industrial.jpg\",\"contentUrl\":\"https:\/\/fasgrel.com\/wp-content\/uploads\/2024\/08\/router-industrial.jpg\",\"width\":600,\"height\":600},{\"@type\":\"BreadcrumbList\",\"@id\":\"https:\/\/fasgrel.com\/producto\/routers-industriales\/#breadcrumb\",\"itemListElement\":[{\"@type\":\"ListItem\",\"position\":1,\"name\":\"Portada\",\"item\":\"https:\/\/fasgrel.com\/\"},{\"@type\":\"ListItem\",\"position\":2,\"name\":\"Tienda\",\"item\":\"https:\/\/fasgrel.com\/tienda\/\"},{\"@type\":\"ListItem\",\"position\":3,\"name\":\"ROUTERS INDUSTRIALES\"}]},{\"@type\":\"WebSite\",\"@id\":\"https:\/\/fasgrel.com\/#website\",\"url\":\"https:\/\/fasgrel.com\/\",\"name\":\"Fasgrel\",\"description\":\"Sitio en Construcci\u00f3n\",\"publisher\":{\"@id\":\"https:\/\/fasgrel.com\/#organization\"},\"potentialAction\":[{\"@type\":\"SearchAction\",\"target\":{\"@type\":\"EntryPoint\",\"urlTemplate\":\"https:\/\/fasgrel.com\/?s={search_term_string}\"},\"query-input\":{\"@type\":\"PropertyValueSpecification\",\"valueRequired\":true,\"valueName\":\"search_term_string\"}}],\"inLanguage\":\"en-US\"},{\"@type\":\"Organization\",\"@id\":\"https:\/\/fasgrel.com\/#organization\",\"name\":\"FASGREL\",\"url\":\"https:\/\/fasgrel.com\/\",\"logo\":{\"@type\":\"ImageObject\",\"inLanguage\":\"en-US\",\"@id\":\"https:\/\/fasgrel.com\/#\/schema\/logo\/image\/\",\"url\":\"https:\/\/fasgrel.com\/wp-content\/uploads\/2024\/10\/logo-fasgrel.png\",\"contentUrl\":\"https:\/\/fasgrel.com\/wp-content\/uploads\/2024\/10\/logo-fasgrel.png\",\"width\":427,\"height\":110,\"caption\":\"FASGREL\"},\"image\":{\"@id\":\"https:\/\/fasgrel.com\/#\/schema\/logo\/image\/\"}}]}<\/script>\n<!-- \/ Yoast SEO Premium plugin. -->","yoast_head_json":{"title":"Routers Industriales | Ethernet | WIELAND","description":"Los routers industriales WIELAND permiten el acceso remoto a sus m\u00e1quinas desde cualquier lugar del mundo, para visualizar, parametrizar o ejecutar tareas.","robots":{"index":"index","follow":"follow","max-snippet":"max-snippet:-1","max-image-preview":"max-image-preview:large","max-video-preview":"max-video-preview:-1"},"canonical":"https:\/\/fasgrel.com\/en\/product\/routers-industriales\/","og_locale":"en_US","og_type":"article","og_title":"ROUTERS INDUSTRIALES","og_description":"Los routers industriales WIELAND permiten el acceso remoto a sus m\u00e1quinas desde cualquier lugar del mundo, para visualizar, parametrizar o ejecutar tareas.","og_url":"https:\/\/fasgrel.com\/en\/product\/routers-industriales\/","og_site_name":"Fasgrel","article_modified_time":"2026-04-06T02:20:27+00:00","og_image":[{"width":600,"height":600,"url":"https:\/\/fasgrel.com\/wp-content\/uploads\/2024\/08\/router-industrial.jpg","type":"image\/jpeg"}],"twitter_card":"summary_large_image","twitter_misc":{"Est. reading time":"2 minutes"},"schema":{"@context":"https:\/\/schema.org","@graph":[{"@type":"WebPage","@id":"https:\/\/fasgrel.com\/producto\/routers-industriales\/","url":"https:\/\/fasgrel.com\/producto\/routers-industriales\/","name":"Routers Industriales | Ethernet | WIELAND","isPartOf":{"@id":"https:\/\/fasgrel.com\/#website"},"primaryImageOfPage":{"@id":"https:\/\/fasgrel.com\/producto\/routers-industriales\/#primaryimage"},"image":{"@id":"https:\/\/fasgrel.com\/producto\/routers-industriales\/#primaryimage"},"thumbnailUrl":"https:\/\/fasgrel.com\/wp-content\/uploads\/2024\/08\/router-industrial.jpg","datePublished":"2024-08-25T06:03:55+00:00","dateModified":"2026-04-06T02:20:27+00:00","description":"Los routers industriales WIELAND permiten el acceso remoto a sus m\u00e1quinas desde cualquier lugar del mundo, para visualizar, parametrizar o ejecutar tareas.","breadcrumb":{"@id":"https:\/\/fasgrel.com\/producto\/routers-industriales\/#breadcrumb"},"inLanguage":"en-US","potentialAction":[{"@type":"ReadAction","target":["https:\/\/fasgrel.com\/producto\/routers-industriales\/"]}]},{"@type":"ImageObject","inLanguage":"en-US","@id":"https:\/\/fasgrel.com\/producto\/routers-industriales\/#primaryimage","url":"https:\/\/fasgrel.com\/wp-content\/uploads\/2024\/08\/router-industrial.jpg","contentUrl":"https:\/\/fasgrel.com\/wp-content\/uploads\/2024\/08\/router-industrial.jpg","width":600,"height":600},{"@type":"BreadcrumbList","@id":"https:\/\/fasgrel.com\/producto\/routers-industriales\/#breadcrumb","itemListElement":[{"@type":"ListItem","position":1,"name":"Portada","item":"https:\/\/fasgrel.com\/"},{"@type":"ListItem","position":2,"name":"Tienda","item":"https:\/\/fasgrel.com\/tienda\/"},{"@type":"ListItem","position":3,"name":"ROUTERS INDUSTRIALES"}]},{"@type":"WebSite","@id":"https:\/\/fasgrel.com\/#website","url":"https:\/\/fasgrel.com\/","name":"Fasgrel","description":"Sitio en Construcci\u00f3n","publisher":{"@id":"https:\/\/fasgrel.com\/#organization"},"potentialAction":[{"@type":"SearchAction","target":{"@type":"EntryPoint","urlTemplate":"https:\/\/fasgrel.com\/?s={search_term_string}"},"query-input":{"@type":"PropertyValueSpecification","valueRequired":true,"valueName":"search_term_string"}}],"inLanguage":"en-US"},{"@type":"Organization","@id":"https:\/\/fasgrel.com\/#organization","name":"FASGREL","url":"https:\/\/fasgrel.com\/","logo":{"@type":"ImageObject","inLanguage":"en-US","@id":"https:\/\/fasgrel.com\/#\/schema\/logo\/image\/","url":"https:\/\/fasgrel.com\/wp-content\/uploads\/2024\/10\/logo-fasgrel.png","contentUrl":"https:\/\/fasgrel.com\/wp-content\/uploads\/2024\/10\/logo-fasgrel.png","width":427,"height":110,"caption":"FASGREL"},"image":{"@id":"https:\/\/fasgrel.com\/#\/schema\/logo\/image\/"}}]}},"brands":[{"id":34,"name":"Wieland","slug":"wieland"}],"_links":{"self":[{"href":"https:\/\/fasgrel.com\/en\/wp-json\/wp\/v2\/product\/1863","targetHints":{"allow":["GET"]}}],"collection":[{"href":"https:\/\/fasgrel.com\/en\/wp-json\/wp\/v2\/product"}],"about":[{"href":"https:\/\/fasgrel.com\/en\/wp-json\/wp\/v2\/types\/product"}],"replies":[{"embeddable":true,"href":"https:\/\/fasgrel.com\/en\/wp-json\/wp\/v2\/comments?post=1863"}],"wp:featuredmedia":[{"embeddable":true,"href":"https:\/\/fasgrel.com\/en\/wp-json\/wp\/v2\/media\/4042"}],"wp:attachment":[{"href":"https:\/\/fasgrel.com\/en\/wp-json\/wp\/v2\/media?parent=1863"}],"wp:term":[{"taxonomy":"pwb-brand","embeddable":true,"href":"https:\/\/fasgrel.com\/en\/wp-json\/wp\/v2\/pwb-brand?post=1863"},{"taxonomy":"product_brand","embeddable":true,"href":"https:\/\/fasgrel.com\/en\/wp-json\/wp\/v2\/product_brand?post=1863"},{"taxonomy":"product_cat","embeddable":true,"href":"https:\/\/fasgrel.com\/en\/wp-json\/wp\/v2\/product_cat?post=1863"},{"taxonomy":"product_tag","embeddable":true,"href":"https:\/\/fasgrel.com\/en\/wp-json\/wp\/v2\/product_tag?post=1863"}],"curies":[{"name":"wp","href":"https:\/\/api.w.org\/{rel}","templated":true}]}}