{"id":1868,"date":"2024-08-25T17:37:13","date_gmt":"2024-08-25T17:37:13","guid":{"rendered":"http:\/\/fasgrel.com\/?post_type=product&#038;p=1868"},"modified":"2024-10-11T05:15:34","modified_gmt":"2024-10-11T05:15:34","slug":"controladores-de-seguridad","status":"publish","type":"product","link":"https:\/\/fasgrel.com\/en\/product\/controladores-de-seguridad\/","title":{"rendered":"CONTROLADORES DE SEGURIDAD"},"content":{"rendered":"<p><span style=\"color: #ff6600;\"><strong>Controladores de Seguridad<\/strong><\/span><\/p>\n<p><span style=\"color: #000000;\">SAMOS<\/span><span style=\"color: #000000;\">\u00ae PRO es el sistema configurable de seguridad que optimiza la productividad de las m\u00e1quinas y da forma al mantenimiento preventivo.<\/span><\/p>\n<p><strong><span style=\"color: #000000;\">CARACTER\u00cdSTICAS<\/span><\/strong><\/p>\n<ul>\n<li><span style=\"color: #000000;\">Programaci\u00f3n con el software samos\u00ae PLAN6 gratuito e intuitivo.<\/span><\/li>\n<li><span style=\"color: #000000;\">Protocolos de comunicaci\u00f3n PROFINET IO, EtherNet\/IP y Modbus TCP integrados en el m\u00f3dulo base.<\/span><\/li>\n<li><span style=\"color: #000000;\">M\u00f3dulo base con hasta 20 Entradas y 8 Salidas de seguridad con los terminales de conexi\u00f3n incluidos.<\/span><\/li>\n<li><span style=\"color: #000000;\">M\u00f3dulos de ampliaci\u00f3n de E\/S digitales y anal\u00f3gicasPasarelas de comunicaci\u00f3n CANopen, PROFIBUS y EtherCAT.<\/span><\/li>\n<li><span style=\"color: #000000;\">Temperatura de funcionamiento de -25\u00b0C a +65\u00b0C<\/span><\/li>\n<\/ul>\n<p><strong><span style=\"color: #000000;\">VENTAJAS<\/span><\/strong><\/p>\n<ul>\n<li><span style=\"color: #000000;\">Programaci\u00f3n, verificaci\u00f3n y simulaci\u00f3n, r\u00e1pidas, intuitivas y sencillas.<\/span><\/li>\n<li><span style=\"color: #000000;\">Optimizaci\u00f3n de costes gracias a las opciones de adaptaci\u00f3n modulares y personalizadas<\/span><\/li>\n<li><span style=\"color: #000000;\">Uso a temperaturas extremas<\/span><\/li>\n<\/ul>\n<p><span style=\"color: #ff6600;\"><strong>Controladores de Seguridad para Movimiento<\/strong><\/span><\/p>\n<p><span style=\"color: #000000;\">SAMOS\u00ae PRO MOTION es<\/span><span style=\"color: #000000;\">\u00a0el sistema configurable de seguridad todo en uno para la supervisi\u00f3n de movimientos.<\/span><\/p>\n<ul>\n<li><span style=\"color: #000000;\">Control de movimiento integrado en el m\u00f3dulo base para la supervisi\u00f3n segura de parada, velocidad, direcci\u00f3n y posici\u00f3n<\/span><\/li>\n<li><span style=\"color: #000000;\">Parametrizaci\u00f3n intuitiva con 6 bloques de funciones de movimiento con certificaci\u00f3n T\u00dcV<\/span><\/li>\n<li><span style=\"color: #000000;\">Supervisi\u00f3n sencilla de ejes verticales y de movimiento lento con ventanas configurables de velocidad y posici\u00f3n<\/span><\/li>\n<li><span style=\"color: #000000;\">M\u00e1ximo nivel de seguridad gracias a la redundancia y la detecci\u00f3n de rotura del eje.<\/span><\/li>\n<\/ul>\n<p><strong><span style=\"color: #ff6600;\">SOFTWARE DE PROGRAMACI\u00d3N SAMOS\u00ae PLAN 6<\/span><\/strong><br \/>\n<span style=\"color: #000000;\">SAMOS\u00ae PLAN6 es el software gratuito y m\u00e1s sencillo de utilizar del mercado para la programaci\u00f3n acorde a la normativa actual de seguridad industrial para SAMOS\u00ae PRO COMPACT. Todas las funciones est\u00e1n dise\u00f1adas para que sean f\u00e1ciles de utilizar<\/span><\/p>\n<ul>\n<li><span style=\"color: #000000;\">Selecci\u00f3n sencilla del hardware mediante la configuraci\u00f3n autom\u00e1tica de los m\u00f3dulos.<\/span><\/li>\n<li><span style=\"color: #000000;\">M\u00e1s de 65 bloques de funciones con certificaci\u00f3n T\u00dcV.<\/span><\/li>\n<li><span style=\"color: #000000;\">Verificaci\u00f3n y validaci\u00f3n r\u00e1pidas gracias a la funci\u00f3n de analizador l\u00f3gico en modo offline y online.<\/span><\/li>\n<li><span style=\"color: #000000;\">Documentaci\u00f3n autom\u00e1tica y configurable con s\u00f3lo pulsar un bot\u00f3n.<\/span><\/li>\n<\/ul>\n<h4><strong><span style=\"color: #000000;\">DISE\u00d1O MODULAR DEL SISTEMA<\/span><\/strong><\/h4>\n<p><span style=\"color: #ff6600;\"><strong>M\u00d3DULO B\u00c1SICO<\/strong><\/span><\/p>\n<ul>\n<li><span style=\"color: #000000;\">Protocolos Ethernet industriales integrados: PROFINET, EtherNet\/IP, Modbus TCP<\/span><\/li>\n<li><span style=\"color: #000000;\">Capacidad de conmutaci\u00f3n de 4 A en cada par de salida<\/span><\/li>\n<li><span style=\"color: #000000;\">Carcasa compacta de 45 mm de ancho<\/span><\/li>\n<li><span style=\"color: #000000;\">16 entradas seguras, 4 salidas seguras, 4 E\/S configurables<\/span><\/li>\n<li><span style=\"color: #000000;\">Uso en temperaturas extremas de -25\u00b0C a +65\u00b0C<\/span><\/li>\n<li><span style=\"color: #000000;\">Programaci\u00f3n flexible mediante mini USB, Ethernet y tarjeta de memoria SD extra\u00edble<\/span><\/li>\n<li><span style=\"color: #000000;\">Conexi\u00f3n mediante bloques de terminales (tornillo o terminal push-in)<\/span><\/li>\n<li><span style=\"color: #000000;\">Diagn\u00f3stico in situ mediante LED integrados y diagn\u00f3stico remoto a trav\u00e9s de interfaces Ethernet<\/span><\/li>\n<\/ul>\n<p><strong><span style=\"color: #ff6600;\">M\u00d3DULO B\u00c1SICO &#8211; MOTION<\/span><\/strong><br \/>\n<span style=\"color: #000000;\">SAMOS\u00ae PRO MOTION combina las caracter\u00edsticas de SAMOS\u00ae PRO COMPACT con las funcionalidades de un controlador de seguridad de movimiento.<\/span><\/p>\n<p><span style=\"color: #000000;\">Funciones de seguridad de movimiento integradas conforme a la norma EN 61800-5-2:<\/span><\/p>\n<ul>\n<li><span style=\"color: #000000;\">Supervisi\u00f3n de parada o stanstill<\/span><\/li>\n<li><span style=\"color: #000000;\">Direcci\u00f3n segura de movimiento (SDI)<\/span><\/li>\n<li><span style=\"color: #000000;\">Rango de velocidad seguro (SSR)<\/span><\/li>\n<li><span style=\"color: #000000;\">L\u00edmite de velocidad segura (SLS)<\/span><\/li>\n<li><span style=\"color: #000000;\">Velocidad m\u00ednima segura (SSM)<\/span><\/li>\n<li><span style=\"color: #000000;\">Supervisi\u00f3n de posici\u00f3n segura (SLP)<\/span><\/li>\n<\/ul>\n<p><strong><span style=\"color: #ff6600;\">M\u00d3DULOS DIGITALES<\/span><\/strong><\/p>\n<ul>\n<li><span style=\"color: #000000;\">Ampliable hasta con 12 m\u00f3dulos de E\/S digitales<\/span><\/li>\n<li><span style=\"color: #000000;\">Hasta 116 entradas seguras<\/span><\/li>\n<li><span style=\"color: #000000;\">Hasta 56 salidas seguras<\/span><\/li>\n<\/ul>\n<p><span style=\"color: #ff6600;\"><strong>M\u00d3DULOS ANAL\u00d3GICOS<\/strong><\/span><\/p>\n<ul>\n<li><span style=\"color: #000000;\">Control de valores de <strong>fuerza, temperatura, presi\u00f3n, flujo, distancia, inclinaci\u00f3n y caudal<\/strong>.<\/span><\/li>\n<li><span style=\"color: #000000;\">Se pueden conectar hasta 48 sensores anal\u00f3gicos de 2\/3\/4 hilos.<\/span><\/li>\n<li><span style=\"color: #000000;\">Programaci\u00f3n sencilla de l\u00edmites, rangos, relaci\u00f3n y diferencia con bloques de funci\u00f3n con certificaci\u00f3n T\u00dcV.<\/span><\/li>\n<\/ul>\n<p><strong><span style=\"color: #ff6600;\">PASARELAS DE COMUNICACI\u00d3N<\/span><\/strong><\/p>\n<ul>\n<li><span style=\"color: #000000;\">Comunicaci\u00f3n CANopen, PROFIBUS y EtherCAT a trav\u00e9s de pasarelas externas<\/span><\/li>\n<li><span style=\"color: #000000;\">Uso en paralelo de hasta 2 pasarelas externas y una interna<\/span><\/li>\n<li><span style=\"color: #000000;\">Posibilidad de diagn\u00f3stico remoto<\/span><\/li>\n<\/ul>","protected":false},"excerpt":{"rendered":"<p><img decoding=\"async\" class=\"size-full wp-image-1817 alignleft\" src=\"http:\/\/fasgrel.com\/wp-content\/uploads\/2024\/07\/logo-wieland.png\" alt=\"\" width=\"240\" height=\"100\" \/><\/p>\n<p><span style=\"color: #000000;\"><strong>M\u00f3dulo B\u00e1sico | M\u00f3dulo B\u00e1sico-Motion<\/strong><\/span><\/p>\n<p><span style=\"color: #000000;\"><strong>M\u00f3dulos Digitales | M\u00f3dulos Anal\u00f3gicos<\/strong><\/span><\/p>\n<p><span style=\"color: #333399;\"><strong><span style=\"color: #000000;\">Pasarelas de Comunicaci\u00f3n<\/span>\u00a0 \u00a0 \u00a0 \u00a0 \u00a0<\/strong><\/span><strong><span style=\"font-size: 18px;\"><em><span style=\"color: #0000ff;\"><a style=\"color: #0000ff;\" href=\"https:\/\/cdn.wieland-electric.com\/_Resources\/Persistent\/a\/b\/9\/8\/ab9885dfa9d47955ab192dd07da3d698b461e241\/0860.1_CAT_safety_Catalog_screen_EN_0824.pdf\" target=\"_blank\" rel=\"noopener noreferrer\">Ver cat\u00e1logo<\/a><\/span><\/em><\/span><\/strong><\/p>\n<hr \/>\n<p><span style=\"color: #ff6600;\"><strong>Sistema configurable de Seguridad<\/strong><\/span><\/p>\n<p><span style=\"color: #000000;\">SAMOS\u00ae PRO es el sistema programable de seguridad m\u00e1s compacto para maquinaria y plantas de producci\u00f3n. Las funciones de seguridad se configuran a trav\u00e9s del software de programaci\u00f3n intuitivo y gratuito SAMOS \u00ae PLAN6. Es intuitivo y f\u00e1cil de usar. Dispone adem\u00e1s de protocolos Ethernet integrados.<\/span><\/p>\n<p><span style=\"color: #0000ff;\"><a style=\"color: #0000ff;\" href=\"http:\/\/fasgrel.com\/en\/categoria\/reles-y-sensores-de-seguridad\/\"><strong><em>Retornar \u21b5<\/em><\/strong><\/a><\/span><\/p>\n<hr \/>\n<p><span style=\"color: #000000; font-size: 13px;\"><strong>Fabricado en Alemania<\/strong><\/span><\/p>\n<h4><img decoding=\"async\" class=\"size-full wp-image-1836 alignright\" src=\"http:\/\/fasgrel.com\/wp-content\/uploads\/2024\/07\/de.png\" alt=\"\" width=\"73\" height=\"53\" \/><\/h4>\n<p><span style=\"color: #000000; font-size: 13px;\">Los productos Wieland se dise\u00f1an y fabrican en Alemania seg\u00fan los principios del sistema de gesti\u00f3n de calidad y medioambi<\/span><span style=\"color: #000000; font-size: 13px;\">ente de las normas ISO 9001 e ISO 14001:2015<\/span><\/p>","protected":false},"featured_media":2308,"comment_status":"closed","ping_status":"closed","template":"","meta":{"_acf_changed":false,"_joinchat":[]},"pwb-brand":[34],"product_brand":[],"product_cat":[32],"product_tag":[],"class_list":{"0":"post-1868","1":"product","2":"type-product","3":"status-publish","4":"has-post-thumbnail","6":"pwb-brand-wieland","7":"product_cat-reles-y-sensores-de-seguridad","9":"first","10":"instock","11":"featured","12":"shipping-taxable","13":"product-type-simple"},"acf":[],"yoast_head":"<!-- This site is optimized with the Yoast SEO Premium plugin v22.9 (Yoast SEO v27.1.1) - https:\/\/yoast.com\/product\/yoast-seo-premium-wordpress\/ -->\n<title>Controladores de Seguridad | Anal\u00f3gicos y Digitales | WIELAND<\/title>\n<meta name=\"description\" content=\"Controladores de seguridad configurables que optimizan la productividad de las m\u00e1quinas y dan forma al mantenimiento preventivo. F\u00e1ciles de usar.\" \/>\n<meta name=\"robots\" content=\"index, follow, max-snippet:-1, max-image-preview:large, max-video-preview:-1\" \/>\n<link rel=\"canonical\" href=\"https:\/\/fasgrel.com\/en\/product\/controladores-de-seguridad\/\" \/>\n<meta property=\"og:locale\" content=\"en_US\" \/>\n<meta property=\"og:type\" content=\"article\" \/>\n<meta property=\"og:title\" content=\"CONTROLADORES DE SEGURIDAD\" \/>\n<meta property=\"og:description\" content=\"Controladores de seguridad configurables que optimizan la productividad de las m\u00e1quinas y dan forma al mantenimiento preventivo. F\u00e1ciles de usar.\" \/>\n<meta property=\"og:url\" content=\"https:\/\/fasgrel.com\/en\/product\/controladores-de-seguridad\/\" \/>\n<meta property=\"og:site_name\" content=\"Fasgrel\" \/>\n<meta property=\"article:modified_time\" content=\"2024-10-11T05:15:34+00:00\" \/>\n<meta property=\"og:image\" content=\"https:\/\/fasgrel.com\/wp-content\/uploads\/2024\/08\/controlador-safety.jpg\" \/>\n\t<meta property=\"og:image:width\" content=\"600\" \/>\n\t<meta property=\"og:image:height\" content=\"600\" \/>\n\t<meta property=\"og:image:type\" content=\"image\/jpeg\" \/>\n<meta name=\"twitter:card\" content=\"summary_large_image\" \/>\n<meta name=\"twitter:label1\" content=\"Est. reading time\" \/>\n\t<meta name=\"twitter:data1\" content=\"3 minutes\" \/>\n<script type=\"application\/ld+json\" class=\"yoast-schema-graph\">{\"@context\":\"https:\/\/schema.org\",\"@graph\":[{\"@type\":\"WebPage\",\"@id\":\"https:\/\/fasgrel.com\/producto\/controladores-de-seguridad\/\",\"url\":\"https:\/\/fasgrel.com\/producto\/controladores-de-seguridad\/\",\"name\":\"Controladores de Seguridad | Anal\u00f3gicos y Digitales | WIELAND\",\"isPartOf\":{\"@id\":\"https:\/\/fasgrel.com\/#website\"},\"primaryImageOfPage\":{\"@id\":\"https:\/\/fasgrel.com\/producto\/controladores-de-seguridad\/#primaryimage\"},\"image\":{\"@id\":\"https:\/\/fasgrel.com\/producto\/controladores-de-seguridad\/#primaryimage\"},\"thumbnailUrl\":\"https:\/\/fasgrel.com\/wp-content\/uploads\/2024\/08\/controlador-safety.jpg\",\"datePublished\":\"2024-08-25T17:37:13+00:00\",\"dateModified\":\"2024-10-11T05:15:34+00:00\",\"description\":\"Controladores de seguridad configurables que optimizan la productividad de las m\u00e1quinas y dan forma al mantenimiento preventivo. F\u00e1ciles de usar.\",\"breadcrumb\":{\"@id\":\"https:\/\/fasgrel.com\/producto\/controladores-de-seguridad\/#breadcrumb\"},\"inLanguage\":\"en-US\",\"potentialAction\":[{\"@type\":\"ReadAction\",\"target\":[\"https:\/\/fasgrel.com\/producto\/controladores-de-seguridad\/\"]}]},{\"@type\":\"ImageObject\",\"inLanguage\":\"en-US\",\"@id\":\"https:\/\/fasgrel.com\/producto\/controladores-de-seguridad\/#primaryimage\",\"url\":\"https:\/\/fasgrel.com\/wp-content\/uploads\/2024\/08\/controlador-safety.jpg\",\"contentUrl\":\"https:\/\/fasgrel.com\/wp-content\/uploads\/2024\/08\/controlador-safety.jpg\",\"width\":600,\"height\":600,\"caption\":\"controlador de seguridad\"},{\"@type\":\"BreadcrumbList\",\"@id\":\"https:\/\/fasgrel.com\/producto\/controladores-de-seguridad\/#breadcrumb\",\"itemListElement\":[{\"@type\":\"ListItem\",\"position\":1,\"name\":\"Portada\",\"item\":\"https:\/\/fasgrel.com\/\"},{\"@type\":\"ListItem\",\"position\":2,\"name\":\"Tienda\",\"item\":\"https:\/\/fasgrel.com\/tienda\/\"},{\"@type\":\"ListItem\",\"position\":3,\"name\":\"CONTROLADORES DE SEGURIDAD\"}]},{\"@type\":\"WebSite\",\"@id\":\"https:\/\/fasgrel.com\/#website\",\"url\":\"https:\/\/fasgrel.com\/\",\"name\":\"Fasgrel\",\"description\":\"Sitio en Construcci\u00f3n\",\"publisher\":{\"@id\":\"https:\/\/fasgrel.com\/#organization\"},\"potentialAction\":[{\"@type\":\"SearchAction\",\"target\":{\"@type\":\"EntryPoint\",\"urlTemplate\":\"https:\/\/fasgrel.com\/?s={search_term_string}\"},\"query-input\":{\"@type\":\"PropertyValueSpecification\",\"valueRequired\":true,\"valueName\":\"search_term_string\"}}],\"inLanguage\":\"en-US\"},{\"@type\":\"Organization\",\"@id\":\"https:\/\/fasgrel.com\/#organization\",\"name\":\"FASGREL\",\"url\":\"https:\/\/fasgrel.com\/\",\"logo\":{\"@type\":\"ImageObject\",\"inLanguage\":\"en-US\",\"@id\":\"https:\/\/fasgrel.com\/#\/schema\/logo\/image\/\",\"url\":\"https:\/\/fasgrel.com\/wp-content\/uploads\/2024\/10\/logo-fasgrel.png\",\"contentUrl\":\"https:\/\/fasgrel.com\/wp-content\/uploads\/2024\/10\/logo-fasgrel.png\",\"width\":427,\"height\":110,\"caption\":\"FASGREL\"},\"image\":{\"@id\":\"https:\/\/fasgrel.com\/#\/schema\/logo\/image\/\"}}]}<\/script>\n<!-- \/ Yoast SEO Premium plugin. -->","yoast_head_json":{"title":"Controladores de Seguridad | Anal\u00f3gicos y Digitales | WIELAND","description":"Controladores de seguridad configurables que optimizan la productividad de las m\u00e1quinas y dan forma al mantenimiento preventivo. F\u00e1ciles de usar.","robots":{"index":"index","follow":"follow","max-snippet":"max-snippet:-1","max-image-preview":"max-image-preview:large","max-video-preview":"max-video-preview:-1"},"canonical":"https:\/\/fasgrel.com\/en\/product\/controladores-de-seguridad\/","og_locale":"en_US","og_type":"article","og_title":"CONTROLADORES DE SEGURIDAD","og_description":"Controladores de seguridad configurables que optimizan la productividad de las m\u00e1quinas y dan forma al mantenimiento preventivo. F\u00e1ciles de usar.","og_url":"https:\/\/fasgrel.com\/en\/product\/controladores-de-seguridad\/","og_site_name":"Fasgrel","article_modified_time":"2024-10-11T05:15:34+00:00","og_image":[{"width":600,"height":600,"url":"https:\/\/fasgrel.com\/wp-content\/uploads\/2024\/08\/controlador-safety.jpg","type":"image\/jpeg"}],"twitter_card":"summary_large_image","twitter_misc":{"Est. reading time":"3 minutes"},"schema":{"@context":"https:\/\/schema.org","@graph":[{"@type":"WebPage","@id":"https:\/\/fasgrel.com\/producto\/controladores-de-seguridad\/","url":"https:\/\/fasgrel.com\/producto\/controladores-de-seguridad\/","name":"Controladores de Seguridad | Anal\u00f3gicos y Digitales | WIELAND","isPartOf":{"@id":"https:\/\/fasgrel.com\/#website"},"primaryImageOfPage":{"@id":"https:\/\/fasgrel.com\/producto\/controladores-de-seguridad\/#primaryimage"},"image":{"@id":"https:\/\/fasgrel.com\/producto\/controladores-de-seguridad\/#primaryimage"},"thumbnailUrl":"https:\/\/fasgrel.com\/wp-content\/uploads\/2024\/08\/controlador-safety.jpg","datePublished":"2024-08-25T17:37:13+00:00","dateModified":"2024-10-11T05:15:34+00:00","description":"Controladores de seguridad configurables que optimizan la productividad de las m\u00e1quinas y dan forma al mantenimiento preventivo. F\u00e1ciles de usar.","breadcrumb":{"@id":"https:\/\/fasgrel.com\/producto\/controladores-de-seguridad\/#breadcrumb"},"inLanguage":"en-US","potentialAction":[{"@type":"ReadAction","target":["https:\/\/fasgrel.com\/producto\/controladores-de-seguridad\/"]}]},{"@type":"ImageObject","inLanguage":"en-US","@id":"https:\/\/fasgrel.com\/producto\/controladores-de-seguridad\/#primaryimage","url":"https:\/\/fasgrel.com\/wp-content\/uploads\/2024\/08\/controlador-safety.jpg","contentUrl":"https:\/\/fasgrel.com\/wp-content\/uploads\/2024\/08\/controlador-safety.jpg","width":600,"height":600,"caption":"controlador de seguridad"},{"@type":"BreadcrumbList","@id":"https:\/\/fasgrel.com\/producto\/controladores-de-seguridad\/#breadcrumb","itemListElement":[{"@type":"ListItem","position":1,"name":"Portada","item":"https:\/\/fasgrel.com\/"},{"@type":"ListItem","position":2,"name":"Tienda","item":"https:\/\/fasgrel.com\/tienda\/"},{"@type":"ListItem","position":3,"name":"CONTROLADORES DE SEGURIDAD"}]},{"@type":"WebSite","@id":"https:\/\/fasgrel.com\/#website","url":"https:\/\/fasgrel.com\/","name":"Fasgrel","description":"Sitio en Construcci\u00f3n","publisher":{"@id":"https:\/\/fasgrel.com\/#organization"},"potentialAction":[{"@type":"SearchAction","target":{"@type":"EntryPoint","urlTemplate":"https:\/\/fasgrel.com\/?s={search_term_string}"},"query-input":{"@type":"PropertyValueSpecification","valueRequired":true,"valueName":"search_term_string"}}],"inLanguage":"en-US"},{"@type":"Organization","@id":"https:\/\/fasgrel.com\/#organization","name":"FASGREL","url":"https:\/\/fasgrel.com\/","logo":{"@type":"ImageObject","inLanguage":"en-US","@id":"https:\/\/fasgrel.com\/#\/schema\/logo\/image\/","url":"https:\/\/fasgrel.com\/wp-content\/uploads\/2024\/10\/logo-fasgrel.png","contentUrl":"https:\/\/fasgrel.com\/wp-content\/uploads\/2024\/10\/logo-fasgrel.png","width":427,"height":110,"caption":"FASGREL"},"image":{"@id":"https:\/\/fasgrel.com\/#\/schema\/logo\/image\/"}}]}},"brands":[{"id":34,"name":"Wieland","slug":"wieland"}],"_links":{"self":[{"href":"https:\/\/fasgrel.com\/en\/wp-json\/wp\/v2\/product\/1868","targetHints":{"allow":["GET"]}}],"collection":[{"href":"https:\/\/fasgrel.com\/en\/wp-json\/wp\/v2\/product"}],"about":[{"href":"https:\/\/fasgrel.com\/en\/wp-json\/wp\/v2\/types\/product"}],"replies":[{"embeddable":true,"href":"https:\/\/fasgrel.com\/en\/wp-json\/wp\/v2\/comments?post=1868"}],"wp:featuredmedia":[{"embeddable":true,"href":"https:\/\/fasgrel.com\/en\/wp-json\/wp\/v2\/media\/2308"}],"wp:attachment":[{"href":"https:\/\/fasgrel.com\/en\/wp-json\/wp\/v2\/media?parent=1868"}],"wp:term":[{"taxonomy":"pwb-brand","embeddable":true,"href":"https:\/\/fasgrel.com\/en\/wp-json\/wp\/v2\/pwb-brand?post=1868"},{"taxonomy":"product_brand","embeddable":true,"href":"https:\/\/fasgrel.com\/en\/wp-json\/wp\/v2\/product_brand?post=1868"},{"taxonomy":"product_cat","embeddable":true,"href":"https:\/\/fasgrel.com\/en\/wp-json\/wp\/v2\/product_cat?post=1868"},{"taxonomy":"product_tag","embeddable":true,"href":"https:\/\/fasgrel.com\/en\/wp-json\/wp\/v2\/product_tag?post=1868"}],"curies":[{"name":"wp","href":"https:\/\/api.w.org\/{rel}","templated":true}]}}