{"id":1871,"date":"2024-08-25T17:52:39","date_gmt":"2024-08-25T17:52:39","guid":{"rendered":"http:\/\/fasgrel.com\/?post_type=product&#038;p=1871"},"modified":"2024-10-11T04:16:23","modified_gmt":"2024-10-11T04:16:23","slug":"paradas-de-emergencia","status":"publish","type":"product","link":"https:\/\/fasgrel.com\/en\/product\/paradas-de-emergencia\/","title":{"rendered":"PARADAS DE EMERGENCIA | Pulsadores y Botones"},"content":{"rendered":"<p><span style=\"color: #ff6600;\"><strong>Paradas de Emergencia<\/strong><\/span><\/p>\n<p><span style=\"color: #000000;\"><strong>Seguros, robustos y fiables<\/strong><\/span><\/p>\n<p><span style=\"color: #000000;\">Los pulsadores de emergencia sensor PRO est\u00e1n disponibles en versiones plug &amp; play o configurables, lo que permite la m\u00e1xima flexibilidad para satisfacer todos los requisitos de aplicaci\u00f3n. Los pulsadores de paradas de\u00a0 emergencia de Wieland est\u00e1n disponibles con bloques de contactos autocontrolados que garantizan la mayor seguridad funcional. Las variantes con conectores M12 permiten adem\u00e1s una instalaci\u00f3n sencilla y r\u00e1pida.<\/span><\/p>\n<p><strong><span style=\"color: #000000;\">CARACTER\u00cdSTICAS<\/span><\/strong><\/p>\n<ul>\n<li><span style=\"color: #000000;\">Sistema plug &amp; play con conector M12 o configurables<\/span><\/li>\n<li><span style=\"color: #000000;\">A prueba de manipulaciones<\/span><\/li>\n<li><span style=\"color: #000000;\">Variantes con bloques de contactos autocontrolados<\/span><\/li>\n<li><span style=\"color: #000000;\">Indicador de posici\u00f3n de conmutaci\u00f3n<\/span><\/li>\n<li><span style=\"color: #000000;\">Apto para aplicaciones hasta IP69K<\/span><\/li>\n<\/ul>\n<p><strong><span style=\"color: #000000;\">VENTAJAS<\/span><\/strong><\/p>\n<ul>\n<li><span style=\"color: #000000;\">Soluciones personalizadas para todas las aplicaciones<\/span><\/li>\n<li><span style=\"color: #000000;\">Parada fiable y segura de m\u00e1quinas e instalaciones en caso de emergencia<\/span><\/li>\n<li><span style=\"color: #000000;\">Detecci\u00f3n de un montaje incorrecto o da\u00f1os en bloque de contactos<\/span><\/li>\n<li><span style=\"color: #000000;\">R\u00e1pida localizaci\u00f3n de aver\u00edas in situ gracias a la indicaci\u00f3n de la posici\u00f3n del actuador<\/span><\/li>\n<li><span style=\"color: #000000;\">Apto en condiciones ambientales adversas<\/span><\/li>\n<\/ul>\n<h4><strong><span style=\"color: #000000;\">SOLUCIONES DE SEGURIDAD PLUG &amp; PLAY<\/span><\/strong><\/h4>\n<ul>\n<li><span style=\"color: #000000;\">Conexi\u00f3n sencilla con conectores M12 normalizados<\/span><\/li>\n<li><span style=\"color: #000000;\">Reducci\u00f3n del esfuerzo de cableado e integraci\u00f3n r\u00e1pida mediante el sistema de conexi\u00f3n plug &amp; play<\/span><\/li>\n<li><span style=\"color: #000000;\">Apto para instalaci\u00f3n en campo, panel y armario<\/span><\/li>\n<li><span style=\"color: #000000;\">Apto para niveles de seguridad de hasta PL e\/ SIL 3<\/span><\/li>\n<\/ul>\n<p><span style=\"color: #ff6600;\"><strong>PULSADOR CON CONECTOR M12<\/strong><\/span><br \/>\n<span style=\"color: #000000;\">El pulsador de parada de emergencia M12 se caracteriza por su dise\u00f1o compacto y su conexi\u00f3n estandarizada. Esto supone una importante reducci\u00f3n del esfuerzo de cableado y del tiempo de instalaci\u00f3n.<\/span><\/p>\n<p><span style=\"color: #ff6600;\"><strong>PULSADOR CON CONECTOR M12\u00a0Y CARCASA<\/strong><\/span><br \/>\n<span style=\"color: #000000;\">El conjunto de parada de emergencia M12 es ideal para el montaje sobre el terreno gracias a su robusta carcasa IP65. El conector M12 permite una instalaci\u00f3n r\u00e1pida y sencilla mediante el sistema de conexi\u00f3n plug &amp; play, al tiempo que evita errores de cableado.<\/span><\/p>\n<p><strong><span style=\"color: #ff6600;\">C\u00c1MARAS DE CONTACTOS<\/span><\/strong><br \/>\n<span style=\"color: #000000;\">Disponemos de una amplia gama de c\u00e1maras de contacto que se caracteriza por ofrecer un montaje sin herramientas. Permite utilizar pulsadores de parada de emergencia seguros y modulares.<\/span><\/p>\n<p><strong><span style=\"color: #000000;\">CARCASAS<\/span><\/strong><br \/>\n<span style=\"color: #000000;\">Dise\u00f1o robusto para pulsadores de paro de emergencia montados en superficie. La carcasa puede incorporar todos los actuadores y bloques de contacto disponibles.<\/span><\/p>","protected":false},"excerpt":{"rendered":"<p><img decoding=\"async\" class=\"size-full wp-image-1817 alignleft\" src=\"http:\/\/fasgrel.com\/wp-content\/uploads\/2024\/07\/logo-wieland.png\" alt=\"\" width=\"240\" height=\"100\" \/><\/p>\n<p><span style=\"color: #000000;\"><strong>Con conector M12 y Carcasa<\/strong><\/span><\/p>\n<p><span style=\"color: #000000;\"><strong>C\u00e1mara de contactos<\/strong><\/span><\/p>\n<p><span style=\"color: #333399;\"><strong><span style=\"color: #000000;\">Soluciones Plug &amp; Play<\/span> \u00a0 \u00a0 \u00a0 <\/strong><\/span><strong><span style=\"font-size: 18px;\"><em><span style=\"color: #0000ff;\"><a style=\"color: #0000ff;\" href=\"https:\/\/cdn.wieland-electric.com\/_Resources\/Persistent\/a\/b\/9\/8\/ab9885dfa9d47955ab192dd07da3d698b461e241\/0860.1_CAT_safety_Catalog_screen_EN_0824.pdf\" target=\"_blank\" rel=\"noopener noreferrer\">Ver cat\u00e1logo<\/a><\/span><\/em><\/span><\/strong><\/p>\n<hr \/>\n<p><strong><span style=\"color: #ff6600;\">Sistema Modular<\/span><\/strong><\/p>\n<p><span style=\"color: #000000;\">Los pulsadores de parada de emergencia, sensor PRO, se utilizan para la desconexi\u00f3n fiable y segura de m\u00e1quinas e instalaciones cumpliendo con las normativas vigentes.<\/span><\/p>\n<p><span style=\"color: #000000;\">La amplia gama de actuadores ofrece soluciones para todas las aplicaciones. Hay disponibles variantes con <strong>desbloqueo por giro o por llave y con aro de protecci\u00f3n antibloqueo<\/strong>.<\/span><\/p>\n<p><span style=\"color: #0000ff;\"><a style=\"color: #0000ff;\" href=\"http:\/\/fasgrel.com\/en\/categoria\/reles-y-sensores-de-seguridad\/\"><strong><em>Retornar \u21b5<\/em><\/strong><\/a><\/span><\/p>\n<hr \/>\n<p><span style=\"color: #000000; font-size: 13px;\"><strong>Fabricado en Alemania<\/strong><\/span><\/p>\n<h4><img decoding=\"async\" class=\"size-full wp-image-1836 alignright\" src=\"http:\/\/fasgrel.com\/wp-content\/uploads\/2024\/07\/de.png\" alt=\"\" width=\"73\" height=\"53\" \/><\/h4>\n<p><span style=\"color: #000000; font-size: 13px;\">Los productos Wieland se dise\u00f1an y fabrican en Alemania seg\u00fan los principios del sistema de gesti\u00f3n de calidad y medioambi<\/span><span style=\"color: #000000; font-size: 13px;\">ente de las normas ISO 9001 e ISO 14001:2015<\/span><\/p>","protected":false},"featured_media":2307,"comment_status":"closed","ping_status":"closed","template":"","meta":{"_acf_changed":false,"_joinchat":[]},"pwb-brand":[34],"product_brand":[],"product_cat":[32],"product_tag":[],"class_list":{"0":"post-1871","1":"product","2":"type-product","3":"status-publish","4":"has-post-thumbnail","6":"pwb-brand-wieland","7":"product_cat-reles-y-sensores-de-seguridad","9":"first","10":"instock","11":"featured","12":"shipping-taxable","13":"product-type-simple"},"acf":[],"yoast_head":"<!-- This site is optimized with the Yoast SEO Premium plugin v22.9 (Yoast SEO v27.1.1) - https:\/\/yoast.com\/product\/yoast-seo-premium-wordpress\/ -->\n<title>Paradas de Emergencia | Pulsadores y Botones | WIELAND<\/title>\n<meta name=\"description\" content=\"La amplia gama de pulsadores para paradas de emergencia. Variantes con desbloqueo por giro o por llave y con aro de protecci\u00f3n antibloqueo.\" \/>\n<meta name=\"robots\" content=\"index, follow, max-snippet:-1, max-image-preview:large, max-video-preview:-1\" \/>\n<link rel=\"canonical\" href=\"https:\/\/fasgrel.com\/en\/product\/paradas-de-emergencia\/\" \/>\n<meta property=\"og:locale\" content=\"en_US\" \/>\n<meta property=\"og:type\" content=\"article\" \/>\n<meta property=\"og:title\" content=\"PARADAS DE EMERGENCIA | Pulsadores y Botones\" \/>\n<meta property=\"og:description\" content=\"La amplia gama de pulsadores para paradas de emergencia. Variantes con desbloqueo por giro o por llave y con aro de protecci\u00f3n antibloqueo.\" \/>\n<meta property=\"og:url\" content=\"https:\/\/fasgrel.com\/en\/product\/paradas-de-emergencia\/\" \/>\n<meta property=\"og:site_name\" content=\"Fasgrel\" \/>\n<meta property=\"article:modified_time\" content=\"2024-10-11T04:16:23+00:00\" \/>\n<meta property=\"og:image\" content=\"https:\/\/fasgrel.com\/wp-content\/uploads\/2024\/08\/pulsadores.jpg\" \/>\n\t<meta property=\"og:image:width\" content=\"600\" \/>\n\t<meta property=\"og:image:height\" content=\"600\" \/>\n\t<meta property=\"og:image:type\" content=\"image\/jpeg\" \/>\n<meta name=\"twitter:card\" content=\"summary_large_image\" \/>\n<meta name=\"twitter:label1\" content=\"Est. reading time\" \/>\n\t<meta name=\"twitter:data1\" content=\"2 minutes\" \/>\n<script type=\"application\/ld+json\" class=\"yoast-schema-graph\">{\"@context\":\"https:\/\/schema.org\",\"@graph\":[{\"@type\":\"WebPage\",\"@id\":\"https:\/\/fasgrel.com\/producto\/paradas-de-emergencia\/\",\"url\":\"https:\/\/fasgrel.com\/producto\/paradas-de-emergencia\/\",\"name\":\"Paradas de Emergencia | Pulsadores y Botones | WIELAND\",\"isPartOf\":{\"@id\":\"https:\/\/fasgrel.com\/#website\"},\"primaryImageOfPage\":{\"@id\":\"https:\/\/fasgrel.com\/producto\/paradas-de-emergencia\/#primaryimage\"},\"image\":{\"@id\":\"https:\/\/fasgrel.com\/producto\/paradas-de-emergencia\/#primaryimage\"},\"thumbnailUrl\":\"https:\/\/fasgrel.com\/wp-content\/uploads\/2024\/08\/pulsadores.jpg\",\"datePublished\":\"2024-08-25T17:52:39+00:00\",\"dateModified\":\"2024-10-11T04:16:23+00:00\",\"description\":\"La amplia gama de pulsadores para paradas de emergencia. Variantes con desbloqueo por giro o por llave y con aro de protecci\u00f3n antibloqueo.\",\"breadcrumb\":{\"@id\":\"https:\/\/fasgrel.com\/producto\/paradas-de-emergencia\/#breadcrumb\"},\"inLanguage\":\"en-US\",\"potentialAction\":[{\"@type\":\"ReadAction\",\"target\":[\"https:\/\/fasgrel.com\/producto\/paradas-de-emergencia\/\"]}]},{\"@type\":\"ImageObject\",\"inLanguage\":\"en-US\",\"@id\":\"https:\/\/fasgrel.com\/producto\/paradas-de-emergencia\/#primaryimage\",\"url\":\"https:\/\/fasgrel.com\/wp-content\/uploads\/2024\/08\/pulsadores.jpg\",\"contentUrl\":\"https:\/\/fasgrel.com\/wp-content\/uploads\/2024\/08\/pulsadores.jpg\",\"width\":600,\"height\":600,\"caption\":\"pulsadores de parada de emergencia\"},{\"@type\":\"BreadcrumbList\",\"@id\":\"https:\/\/fasgrel.com\/producto\/paradas-de-emergencia\/#breadcrumb\",\"itemListElement\":[{\"@type\":\"ListItem\",\"position\":1,\"name\":\"Portada\",\"item\":\"https:\/\/fasgrel.com\/\"},{\"@type\":\"ListItem\",\"position\":2,\"name\":\"Tienda\",\"item\":\"https:\/\/fasgrel.com\/tienda\/\"},{\"@type\":\"ListItem\",\"position\":3,\"name\":\"PARADAS DE EMERGENCIA | Pulsadores y Botones\"}]},{\"@type\":\"WebSite\",\"@id\":\"https:\/\/fasgrel.com\/#website\",\"url\":\"https:\/\/fasgrel.com\/\",\"name\":\"Fasgrel\",\"description\":\"Sitio en Construcci\u00f3n\",\"publisher\":{\"@id\":\"https:\/\/fasgrel.com\/#organization\"},\"potentialAction\":[{\"@type\":\"SearchAction\",\"target\":{\"@type\":\"EntryPoint\",\"urlTemplate\":\"https:\/\/fasgrel.com\/?s={search_term_string}\"},\"query-input\":{\"@type\":\"PropertyValueSpecification\",\"valueRequired\":true,\"valueName\":\"search_term_string\"}}],\"inLanguage\":\"en-US\"},{\"@type\":\"Organization\",\"@id\":\"https:\/\/fasgrel.com\/#organization\",\"name\":\"FASGREL\",\"url\":\"https:\/\/fasgrel.com\/\",\"logo\":{\"@type\":\"ImageObject\",\"inLanguage\":\"en-US\",\"@id\":\"https:\/\/fasgrel.com\/#\/schema\/logo\/image\/\",\"url\":\"https:\/\/fasgrel.com\/wp-content\/uploads\/2024\/10\/logo-fasgrel.png\",\"contentUrl\":\"https:\/\/fasgrel.com\/wp-content\/uploads\/2024\/10\/logo-fasgrel.png\",\"width\":427,\"height\":110,\"caption\":\"FASGREL\"},\"image\":{\"@id\":\"https:\/\/fasgrel.com\/#\/schema\/logo\/image\/\"}}]}<\/script>\n<!-- \/ Yoast SEO Premium plugin. -->","yoast_head_json":{"title":"Paradas de Emergencia | Pulsadores y Botones | WIELAND","description":"La amplia gama de pulsadores para paradas de emergencia. Variantes con desbloqueo por giro o por llave y con aro de protecci\u00f3n antibloqueo.","robots":{"index":"index","follow":"follow","max-snippet":"max-snippet:-1","max-image-preview":"max-image-preview:large","max-video-preview":"max-video-preview:-1"},"canonical":"https:\/\/fasgrel.com\/en\/product\/paradas-de-emergencia\/","og_locale":"en_US","og_type":"article","og_title":"PARADAS DE EMERGENCIA | Pulsadores y Botones","og_description":"La amplia gama de pulsadores para paradas de emergencia. Variantes con desbloqueo por giro o por llave y con aro de protecci\u00f3n antibloqueo.","og_url":"https:\/\/fasgrel.com\/en\/product\/paradas-de-emergencia\/","og_site_name":"Fasgrel","article_modified_time":"2024-10-11T04:16:23+00:00","og_image":[{"width":600,"height":600,"url":"https:\/\/fasgrel.com\/wp-content\/uploads\/2024\/08\/pulsadores.jpg","type":"image\/jpeg"}],"twitter_card":"summary_large_image","twitter_misc":{"Est. reading time":"2 minutes"},"schema":{"@context":"https:\/\/schema.org","@graph":[{"@type":"WebPage","@id":"https:\/\/fasgrel.com\/producto\/paradas-de-emergencia\/","url":"https:\/\/fasgrel.com\/producto\/paradas-de-emergencia\/","name":"Paradas de Emergencia | Pulsadores y Botones | WIELAND","isPartOf":{"@id":"https:\/\/fasgrel.com\/#website"},"primaryImageOfPage":{"@id":"https:\/\/fasgrel.com\/producto\/paradas-de-emergencia\/#primaryimage"},"image":{"@id":"https:\/\/fasgrel.com\/producto\/paradas-de-emergencia\/#primaryimage"},"thumbnailUrl":"https:\/\/fasgrel.com\/wp-content\/uploads\/2024\/08\/pulsadores.jpg","datePublished":"2024-08-25T17:52:39+00:00","dateModified":"2024-10-11T04:16:23+00:00","description":"La amplia gama de pulsadores para paradas de emergencia. Variantes con desbloqueo por giro o por llave y con aro de protecci\u00f3n antibloqueo.","breadcrumb":{"@id":"https:\/\/fasgrel.com\/producto\/paradas-de-emergencia\/#breadcrumb"},"inLanguage":"en-US","potentialAction":[{"@type":"ReadAction","target":["https:\/\/fasgrel.com\/producto\/paradas-de-emergencia\/"]}]},{"@type":"ImageObject","inLanguage":"en-US","@id":"https:\/\/fasgrel.com\/producto\/paradas-de-emergencia\/#primaryimage","url":"https:\/\/fasgrel.com\/wp-content\/uploads\/2024\/08\/pulsadores.jpg","contentUrl":"https:\/\/fasgrel.com\/wp-content\/uploads\/2024\/08\/pulsadores.jpg","width":600,"height":600,"caption":"pulsadores de parada de emergencia"},{"@type":"BreadcrumbList","@id":"https:\/\/fasgrel.com\/producto\/paradas-de-emergencia\/#breadcrumb","itemListElement":[{"@type":"ListItem","position":1,"name":"Portada","item":"https:\/\/fasgrel.com\/"},{"@type":"ListItem","position":2,"name":"Tienda","item":"https:\/\/fasgrel.com\/tienda\/"},{"@type":"ListItem","position":3,"name":"PARADAS DE EMERGENCIA | Pulsadores y Botones"}]},{"@type":"WebSite","@id":"https:\/\/fasgrel.com\/#website","url":"https:\/\/fasgrel.com\/","name":"Fasgrel","description":"Sitio en Construcci\u00f3n","publisher":{"@id":"https:\/\/fasgrel.com\/#organization"},"potentialAction":[{"@type":"SearchAction","target":{"@type":"EntryPoint","urlTemplate":"https:\/\/fasgrel.com\/?s={search_term_string}"},"query-input":{"@type":"PropertyValueSpecification","valueRequired":true,"valueName":"search_term_string"}}],"inLanguage":"en-US"},{"@type":"Organization","@id":"https:\/\/fasgrel.com\/#organization","name":"FASGREL","url":"https:\/\/fasgrel.com\/","logo":{"@type":"ImageObject","inLanguage":"en-US","@id":"https:\/\/fasgrel.com\/#\/schema\/logo\/image\/","url":"https:\/\/fasgrel.com\/wp-content\/uploads\/2024\/10\/logo-fasgrel.png","contentUrl":"https:\/\/fasgrel.com\/wp-content\/uploads\/2024\/10\/logo-fasgrel.png","width":427,"height":110,"caption":"FASGREL"},"image":{"@id":"https:\/\/fasgrel.com\/#\/schema\/logo\/image\/"}}]}},"brands":[{"id":34,"name":"Wieland","slug":"wieland"}],"_links":{"self":[{"href":"https:\/\/fasgrel.com\/en\/wp-json\/wp\/v2\/product\/1871","targetHints":{"allow":["GET"]}}],"collection":[{"href":"https:\/\/fasgrel.com\/en\/wp-json\/wp\/v2\/product"}],"about":[{"href":"https:\/\/fasgrel.com\/en\/wp-json\/wp\/v2\/types\/product"}],"replies":[{"embeddable":true,"href":"https:\/\/fasgrel.com\/en\/wp-json\/wp\/v2\/comments?post=1871"}],"wp:featuredmedia":[{"embeddable":true,"href":"https:\/\/fasgrel.com\/en\/wp-json\/wp\/v2\/media\/2307"}],"wp:attachment":[{"href":"https:\/\/fasgrel.com\/en\/wp-json\/wp\/v2\/media?parent=1871"}],"wp:term":[{"taxonomy":"pwb-brand","embeddable":true,"href":"https:\/\/fasgrel.com\/en\/wp-json\/wp\/v2\/pwb-brand?post=1871"},{"taxonomy":"product_brand","embeddable":true,"href":"https:\/\/fasgrel.com\/en\/wp-json\/wp\/v2\/product_brand?post=1871"},{"taxonomy":"product_cat","embeddable":true,"href":"https:\/\/fasgrel.com\/en\/wp-json\/wp\/v2\/product_cat?post=1871"},{"taxonomy":"product_tag","embeddable":true,"href":"https:\/\/fasgrel.com\/en\/wp-json\/wp\/v2\/product_tag?post=1871"}],"curies":[{"name":"wp","href":"https:\/\/api.w.org\/{rel}","templated":true}]}}