{"id":1875,"date":"2024-08-25T17:59:38","date_gmt":"2024-08-25T17:59:38","guid":{"rendered":"http:\/\/fasgrel.com\/?post_type=product&#038;p=1875"},"modified":"2024-10-11T04:15:05","modified_gmt":"2024-10-11T04:15:05","slug":"sensores-de-posicion","status":"publish","type":"product","link":"https:\/\/fasgrel.com\/en\/product\/sensores-de-posicion\/","title":{"rendered":"SENSORES DE POSICI\u00d3N | Finales de Carrera"},"content":{"rendered":"<p><span style=\"color: #ff6600;\"><strong>Sensores de Posici\u00f3n<\/strong><\/span><\/p>\n<p><span style=\"color: #000000;\"><strong>Seguros, robustos y econ\u00f3micos<\/strong><\/span><\/p>\n<p><span style=\"color: #000000;\">Los finales de carrera de posici\u00f3n de seguridad sensor PRO garantizan un control de posici\u00f3n fiable en cualquier aplicaci\u00f3n industrial.<\/span><\/p>\n<p><span style=\"color: #000000;\">Los sensores de posici\u00f3n Wieland son id\u00f3neos para supervisar la posici\u00f3n de vallas m\u00f3viles y componentes de m\u00e1quinas para permitir un funcionamiento seguro y fiable.<\/span><\/p>\n<p><span style=\"color: #000000;\">La configuraci\u00f3n sin herramientas del dispositivo de accionamiento y un gran n\u00famero de variantes permiten una instalaci\u00f3n f\u00e1cil y personalizada in situ. Las reducidas dimensiones, la robusta carcasa y el dispositivo de accionamiento de metal son ideales para entornos dif\u00edciles y de espacio limitado.<\/span><\/p>\n<p><strong><span style=\"color: #000000;\">CARACTER\u00cdSTICAS<\/span><\/strong><\/p>\n<ul>\n<li><span style=\"color: #000000;\">Giro y cambio del dispositivo de accionamiento sin herramientas<\/span><\/li>\n<li><span style=\"color: #000000;\">Varios actuadores con palancas ajustables disponibles<\/span><\/li>\n<li><span style=\"color: #000000;\">Dise\u00f1o compacto de la carcasa<\/span><\/li>\n<li><span style=\"color: #000000;\">Variantes con diferentes contactos disponibles<\/span><\/li>\n<li><span style=\"color: #000000;\">Dise\u00f1o robusto<\/span><\/li>\n<\/ul>\n<p><strong><span style=\"color: #000000;\">VENTAJAS<\/span><\/strong><\/p>\n<ul>\n<li><span style=\"color: #000000;\">Montaje f\u00e1cil y r\u00e1pido in situ<\/span><\/li>\n<li><span style=\"color: #000000;\">Ajuste sencillo para cualquier aplicaci\u00f3n<\/span><\/li>\n<li><span style=\"color: #000000;\">Adecuado para aplicaciones con espacio limitado<\/span><\/li>\n<li><span style=\"color: #000000;\">Soluciones personalizadas en t\u00e9rminos de instalaci\u00f3n<\/span><\/li>\n<li><span style=\"color: #000000;\">Uso fiable en entornos dif\u00edciles<\/span><\/li>\n<\/ul>","protected":false},"excerpt":{"rendered":"<p><img decoding=\"async\" class=\"size-full wp-image-1817 alignleft\" src=\"http:\/\/fasgrel.com\/wp-content\/uploads\/2024\/07\/logo-wieland.png\" alt=\"\" width=\"240\" height=\"100\" \/><\/p>\n<p><span style=\"color: #000000;\"><strong>Dise\u00f1o SLS 51XX | Dise\u00f1o SLS 62XX<\/strong><\/span><\/p>\n<p><span style=\"color: #000000;\"><strong>Dise\u00f1o SLS 63XX | Dise\u00f1o SLS 65XX<\/strong><\/span><\/p>\n<p><span style=\"color: #333399;\"><strong><span style=\"color: #000000;\">Dise\u00f1o SLS 66XX | Dise\u00f1o SLS 69XX<\/span> \u00a0 \u00a0 \u00a0 \u00a0<\/strong><\/span><strong><span style=\"font-size: 18px;\"><em><span style=\"color: #0000ff;\"><a style=\"color: #0000ff;\" href=\"https:\/\/cdn.wieland-electric.com\/_Resources\/Persistent\/a\/b\/9\/8\/ab9885dfa9d47955ab192dd07da3d698b461e241\/0860.1_CAT_safety_Catalog_screen_EN_0824.pdf\" target=\"_blank\" rel=\"noopener noreferrer\">Ver cat\u00e1logo<\/a><\/span><\/em><\/span><\/strong><\/p>\n<hr \/>\n<p><span style=\"color: #ff6600;\"><strong>Finales de Carrera de Seguridad<\/strong><\/span><\/p>\n<p><span style=\"color: #000000;\">Los finales de carrera de posici\u00f3n de seguridad sensor PRO son id\u00f3neos para supervisar la posici\u00f3n de vallas m\u00f3viles y componentes de m\u00e1quinas para permitir un funcionamiento seguro y fiable.<\/span><\/p>\n<p><span style=\"color: #0000ff;\"><a style=\"color: #0000ff;\" href=\"http:\/\/fasgrel.com\/en\/categoria\/reles-y-sensores-de-seguridad\/\"><strong><em>Retornar \u21b5<\/em><\/strong><\/a><\/span><\/p>\n<hr \/>\n<p><span style=\"color: #000000; font-size: 13px;\"><strong>Fabricado en Alemania<\/strong><\/span><\/p>\n<h4><img decoding=\"async\" class=\"size-full wp-image-1836 alignright\" src=\"http:\/\/fasgrel.com\/wp-content\/uploads\/2024\/07\/de.png\" alt=\"\" width=\"73\" height=\"53\" \/><\/h4>\n<p><span style=\"color: #000000; font-size: 13px;\">Los productos Wieland se dise\u00f1an y fabrican en Alemania seg\u00fan los principios del sistema de gesti\u00f3n de calidad y medioambi<\/span><span style=\"color: #000000; font-size: 13px;\">ente de las normas ISO 9001 e ISO 14001:2015<\/span><\/p>","protected":false},"featured_media":2305,"comment_status":"closed","ping_status":"closed","template":"","meta":{"_acf_changed":false,"_joinchat":[]},"pwb-brand":[34],"product_brand":[],"product_cat":[32],"product_tag":[],"class_list":{"0":"post-1875","1":"product","2":"type-product","3":"status-publish","4":"has-post-thumbnail","6":"pwb-brand-wieland","7":"product_cat-reles-y-sensores-de-seguridad","9":"first","10":"instock","11":"featured","12":"shipping-taxable","13":"product-type-simple"},"acf":[],"yoast_head":"<!-- This site is optimized with the Yoast SEO Premium plugin v22.9 (Yoast SEO v27.1.1) - https:\/\/yoast.com\/product\/yoast-seo-premium-wordpress\/ -->\n<title>Sensores de Posici\u00f3n | Peque\u00f1os y Robustos | WIELAND<\/title>\n<meta name=\"description\" content=\"Sensores de posici\u00f3n id\u00f3neos para supervisar vallas m\u00f3viles y componentes de m\u00e1quinas. Peque\u00f1os y robustos. Para entornos dif\u00edciles y de espacio limitado.\" \/>\n<meta name=\"robots\" content=\"index, follow, max-snippet:-1, max-image-preview:large, max-video-preview:-1\" \/>\n<link rel=\"canonical\" href=\"https:\/\/fasgrel.com\/en\/product\/sensores-de-posicion\/\" \/>\n<meta property=\"og:locale\" content=\"en_US\" \/>\n<meta property=\"og:type\" content=\"article\" \/>\n<meta property=\"og:title\" content=\"SENSORES DE POSICI\u00d3N | Finales de Carrera\" \/>\n<meta property=\"og:description\" content=\"Sensores de posici\u00f3n id\u00f3neos para supervisar vallas m\u00f3viles y componentes de m\u00e1quinas. Peque\u00f1os y robustos. Para entornos dif\u00edciles y de espacio limitado.\" \/>\n<meta property=\"og:url\" content=\"https:\/\/fasgrel.com\/en\/product\/sensores-de-posicion\/\" \/>\n<meta property=\"og:site_name\" content=\"Fasgrel\" \/>\n<meta property=\"article:modified_time\" content=\"2024-10-11T04:15:05+00:00\" \/>\n<meta property=\"og:image\" content=\"https:\/\/fasgrel.com\/wp-content\/uploads\/2024\/08\/sensores-posicion.jpg\" \/>\n\t<meta property=\"og:image:width\" content=\"600\" \/>\n\t<meta property=\"og:image:height\" content=\"600\" \/>\n\t<meta property=\"og:image:type\" content=\"image\/jpeg\" \/>\n<meta name=\"twitter:card\" content=\"summary_large_image\" \/>\n<meta name=\"twitter:label1\" content=\"Est. reading time\" \/>\n\t<meta name=\"twitter:data1\" content=\"1 minute\" \/>\n<script type=\"application\/ld+json\" class=\"yoast-schema-graph\">{\"@context\":\"https:\/\/schema.org\",\"@graph\":[{\"@type\":\"WebPage\",\"@id\":\"https:\/\/fasgrel.com\/producto\/sensores-de-posicion\/\",\"url\":\"https:\/\/fasgrel.com\/producto\/sensores-de-posicion\/\",\"name\":\"Sensores de Posici\u00f3n | Peque\u00f1os y Robustos | WIELAND\",\"isPartOf\":{\"@id\":\"https:\/\/fasgrel.com\/#website\"},\"primaryImageOfPage\":{\"@id\":\"https:\/\/fasgrel.com\/producto\/sensores-de-posicion\/#primaryimage\"},\"image\":{\"@id\":\"https:\/\/fasgrel.com\/producto\/sensores-de-posicion\/#primaryimage\"},\"thumbnailUrl\":\"https:\/\/fasgrel.com\/wp-content\/uploads\/2024\/08\/sensores-posicion.jpg\",\"datePublished\":\"2024-08-25T17:59:38+00:00\",\"dateModified\":\"2024-10-11T04:15:05+00:00\",\"description\":\"Sensores de posici\u00f3n id\u00f3neos para supervisar vallas m\u00f3viles y componentes de m\u00e1quinas. Peque\u00f1os y robustos. Para entornos dif\u00edciles y de espacio limitado.\",\"breadcrumb\":{\"@id\":\"https:\/\/fasgrel.com\/producto\/sensores-de-posicion\/#breadcrumb\"},\"inLanguage\":\"en-US\",\"potentialAction\":[{\"@type\":\"ReadAction\",\"target\":[\"https:\/\/fasgrel.com\/producto\/sensores-de-posicion\/\"]}]},{\"@type\":\"ImageObject\",\"inLanguage\":\"en-US\",\"@id\":\"https:\/\/fasgrel.com\/producto\/sensores-de-posicion\/#primaryimage\",\"url\":\"https:\/\/fasgrel.com\/wp-content\/uploads\/2024\/08\/sensores-posicion.jpg\",\"contentUrl\":\"https:\/\/fasgrel.com\/wp-content\/uploads\/2024\/08\/sensores-posicion.jpg\",\"width\":600,\"height\":600,\"caption\":\"sensor de posici\u00f3n\"},{\"@type\":\"BreadcrumbList\",\"@id\":\"https:\/\/fasgrel.com\/producto\/sensores-de-posicion\/#breadcrumb\",\"itemListElement\":[{\"@type\":\"ListItem\",\"position\":1,\"name\":\"Portada\",\"item\":\"https:\/\/fasgrel.com\/\"},{\"@type\":\"ListItem\",\"position\":2,\"name\":\"Tienda\",\"item\":\"https:\/\/fasgrel.com\/tienda\/\"},{\"@type\":\"ListItem\",\"position\":3,\"name\":\"SENSORES DE POSICI\u00d3N | Finales de Carrera\"}]},{\"@type\":\"WebSite\",\"@id\":\"https:\/\/fasgrel.com\/#website\",\"url\":\"https:\/\/fasgrel.com\/\",\"name\":\"Fasgrel\",\"description\":\"Sitio en Construcci\u00f3n\",\"publisher\":{\"@id\":\"https:\/\/fasgrel.com\/#organization\"},\"potentialAction\":[{\"@type\":\"SearchAction\",\"target\":{\"@type\":\"EntryPoint\",\"urlTemplate\":\"https:\/\/fasgrel.com\/?s={search_term_string}\"},\"query-input\":{\"@type\":\"PropertyValueSpecification\",\"valueRequired\":true,\"valueName\":\"search_term_string\"}}],\"inLanguage\":\"en-US\"},{\"@type\":\"Organization\",\"@id\":\"https:\/\/fasgrel.com\/#organization\",\"name\":\"FASGREL\",\"url\":\"https:\/\/fasgrel.com\/\",\"logo\":{\"@type\":\"ImageObject\",\"inLanguage\":\"en-US\",\"@id\":\"https:\/\/fasgrel.com\/#\/schema\/logo\/image\/\",\"url\":\"https:\/\/fasgrel.com\/wp-content\/uploads\/2024\/10\/logo-fasgrel.png\",\"contentUrl\":\"https:\/\/fasgrel.com\/wp-content\/uploads\/2024\/10\/logo-fasgrel.png\",\"width\":427,\"height\":110,\"caption\":\"FASGREL\"},\"image\":{\"@id\":\"https:\/\/fasgrel.com\/#\/schema\/logo\/image\/\"}}]}<\/script>\n<!-- \/ Yoast SEO Premium plugin. -->","yoast_head_json":{"title":"Sensores de Posici\u00f3n | Peque\u00f1os y Robustos | WIELAND","description":"Sensores de posici\u00f3n id\u00f3neos para supervisar vallas m\u00f3viles y componentes de m\u00e1quinas. Peque\u00f1os y robustos. Para entornos dif\u00edciles y de espacio limitado.","robots":{"index":"index","follow":"follow","max-snippet":"max-snippet:-1","max-image-preview":"max-image-preview:large","max-video-preview":"max-video-preview:-1"},"canonical":"https:\/\/fasgrel.com\/en\/product\/sensores-de-posicion\/","og_locale":"en_US","og_type":"article","og_title":"SENSORES DE POSICI\u00d3N | Finales de Carrera","og_description":"Sensores de posici\u00f3n id\u00f3neos para supervisar vallas m\u00f3viles y componentes de m\u00e1quinas. Peque\u00f1os y robustos. Para entornos dif\u00edciles y de espacio limitado.","og_url":"https:\/\/fasgrel.com\/en\/product\/sensores-de-posicion\/","og_site_name":"Fasgrel","article_modified_time":"2024-10-11T04:15:05+00:00","og_image":[{"width":600,"height":600,"url":"https:\/\/fasgrel.com\/wp-content\/uploads\/2024\/08\/sensores-posicion.jpg","type":"image\/jpeg"}],"twitter_card":"summary_large_image","twitter_misc":{"Est. reading time":"1 minute"},"schema":{"@context":"https:\/\/schema.org","@graph":[{"@type":"WebPage","@id":"https:\/\/fasgrel.com\/producto\/sensores-de-posicion\/","url":"https:\/\/fasgrel.com\/producto\/sensores-de-posicion\/","name":"Sensores de Posici\u00f3n | Peque\u00f1os y Robustos | WIELAND","isPartOf":{"@id":"https:\/\/fasgrel.com\/#website"},"primaryImageOfPage":{"@id":"https:\/\/fasgrel.com\/producto\/sensores-de-posicion\/#primaryimage"},"image":{"@id":"https:\/\/fasgrel.com\/producto\/sensores-de-posicion\/#primaryimage"},"thumbnailUrl":"https:\/\/fasgrel.com\/wp-content\/uploads\/2024\/08\/sensores-posicion.jpg","datePublished":"2024-08-25T17:59:38+00:00","dateModified":"2024-10-11T04:15:05+00:00","description":"Sensores de posici\u00f3n id\u00f3neos para supervisar vallas m\u00f3viles y componentes de m\u00e1quinas. Peque\u00f1os y robustos. Para entornos dif\u00edciles y de espacio limitado.","breadcrumb":{"@id":"https:\/\/fasgrel.com\/producto\/sensores-de-posicion\/#breadcrumb"},"inLanguage":"en-US","potentialAction":[{"@type":"ReadAction","target":["https:\/\/fasgrel.com\/producto\/sensores-de-posicion\/"]}]},{"@type":"ImageObject","inLanguage":"en-US","@id":"https:\/\/fasgrel.com\/producto\/sensores-de-posicion\/#primaryimage","url":"https:\/\/fasgrel.com\/wp-content\/uploads\/2024\/08\/sensores-posicion.jpg","contentUrl":"https:\/\/fasgrel.com\/wp-content\/uploads\/2024\/08\/sensores-posicion.jpg","width":600,"height":600,"caption":"sensor de posici\u00f3n"},{"@type":"BreadcrumbList","@id":"https:\/\/fasgrel.com\/producto\/sensores-de-posicion\/#breadcrumb","itemListElement":[{"@type":"ListItem","position":1,"name":"Portada","item":"https:\/\/fasgrel.com\/"},{"@type":"ListItem","position":2,"name":"Tienda","item":"https:\/\/fasgrel.com\/tienda\/"},{"@type":"ListItem","position":3,"name":"SENSORES DE POSICI\u00d3N | Finales de Carrera"}]},{"@type":"WebSite","@id":"https:\/\/fasgrel.com\/#website","url":"https:\/\/fasgrel.com\/","name":"Fasgrel","description":"Sitio en Construcci\u00f3n","publisher":{"@id":"https:\/\/fasgrel.com\/#organization"},"potentialAction":[{"@type":"SearchAction","target":{"@type":"EntryPoint","urlTemplate":"https:\/\/fasgrel.com\/?s={search_term_string}"},"query-input":{"@type":"PropertyValueSpecification","valueRequired":true,"valueName":"search_term_string"}}],"inLanguage":"en-US"},{"@type":"Organization","@id":"https:\/\/fasgrel.com\/#organization","name":"FASGREL","url":"https:\/\/fasgrel.com\/","logo":{"@type":"ImageObject","inLanguage":"en-US","@id":"https:\/\/fasgrel.com\/#\/schema\/logo\/image\/","url":"https:\/\/fasgrel.com\/wp-content\/uploads\/2024\/10\/logo-fasgrel.png","contentUrl":"https:\/\/fasgrel.com\/wp-content\/uploads\/2024\/10\/logo-fasgrel.png","width":427,"height":110,"caption":"FASGREL"},"image":{"@id":"https:\/\/fasgrel.com\/#\/schema\/logo\/image\/"}}]}},"brands":[{"id":34,"name":"Wieland","slug":"wieland"}],"_links":{"self":[{"href":"https:\/\/fasgrel.com\/en\/wp-json\/wp\/v2\/product\/1875","targetHints":{"allow":["GET"]}}],"collection":[{"href":"https:\/\/fasgrel.com\/en\/wp-json\/wp\/v2\/product"}],"about":[{"href":"https:\/\/fasgrel.com\/en\/wp-json\/wp\/v2\/types\/product"}],"replies":[{"embeddable":true,"href":"https:\/\/fasgrel.com\/en\/wp-json\/wp\/v2\/comments?post=1875"}],"wp:featuredmedia":[{"embeddable":true,"href":"https:\/\/fasgrel.com\/en\/wp-json\/wp\/v2\/media\/2305"}],"wp:attachment":[{"href":"https:\/\/fasgrel.com\/en\/wp-json\/wp\/v2\/media?parent=1875"}],"wp:term":[{"taxonomy":"pwb-brand","embeddable":true,"href":"https:\/\/fasgrel.com\/en\/wp-json\/wp\/v2\/pwb-brand?post=1875"},{"taxonomy":"product_brand","embeddable":true,"href":"https:\/\/fasgrel.com\/en\/wp-json\/wp\/v2\/product_brand?post=1875"},{"taxonomy":"product_cat","embeddable":true,"href":"https:\/\/fasgrel.com\/en\/wp-json\/wp\/v2\/product_cat?post=1875"},{"taxonomy":"product_tag","embeddable":true,"href":"https:\/\/fasgrel.com\/en\/wp-json\/wp\/v2\/product_tag?post=1875"}],"curies":[{"name":"wp","href":"https:\/\/api.w.org\/{rel}","templated":true}]}}