{"id":1878,"date":"2024-08-25T18:04:47","date_gmt":"2024-08-25T18:04:47","guid":{"rendered":"http:\/\/fasgrel.com\/?post_type=product&#038;p=1878"},"modified":"2024-10-11T05:14:27","modified_gmt":"2024-10-11T05:14:27","slug":"interruptores-de-seguridad-sensores-de-carrera","status":"publish","type":"product","link":"https:\/\/fasgrel.com\/en\/product\/interruptores-de-seguridad-sensores-de-carrera\/","title":{"rendered":"INTERRUPTORES DE SEGURIDAD"},"content":{"rendered":"<p><strong><span style=\"color: #ff6600;\">Interruptores de Seguridad &#8211; Sensores de carrera<\/span><\/strong><\/p>\n<p><strong>Seguros, robustos y econ\u00f3micos<\/strong><\/p>\n<p><span style=\"color: #000000;\">Los<\/span> interruptores de seguridad\u00a0o sensores <span style=\"color: #000000;\">finales de carrera sensor PRO son la soluci\u00f3n adecuada para la supervisi\u00f3n de cualquier protecci\u00f3n m\u00f3vil para garantizar la m\u00e1xima seguridad funcional en cualquier aplicaci\u00f3n industrial.<\/span><\/p>\n<p><span style=\"color: #000000;\">Los finales de carrera de seguridad sensor PRO se caracterizan por su dise\u00f1o compacto y robusto, ahorrando espacio en la instalaci\u00f3n y un uso adecuado en condiciones adversas. Gracias a los distintos dise\u00f1os y a los diferentes actuadores, son id\u00f3neos para cualquier valla m\u00f3vil, puerta o cubierta de protecci\u00f3n.<\/span><\/p>\n<p><strong><span style=\"color: #000000;\">VARIANTES<\/span><\/strong><\/p>\n<p><span style=\"color: #000000;\">Los finales de carrera de seguridad sensor PRO est\u00e1n disponibles en diferentes dise\u00f1os para permitir un total ajuste de montaje.<\/span><\/p>\n<p><strong><span style=\"color: #000000;\">CARACTER\u00cdSTICAS<\/span><\/strong><\/p>\n<ul>\n<li><span style=\"color: #000000;\">Posibilidad de accionamiento horizontal y vertical<\/span><\/li>\n<li><span style=\"color: #000000;\">Varios actuadores disponibles<\/span><\/li>\n<li><span style=\"color: #000000;\">Gran fuerza de retenci\u00f3n<\/span><\/li>\n<li><span style=\"color: #000000;\">Variantes de dimensiones reducidas o compactas<\/span><\/li>\n<li><span style=\"color: #000000;\">Dise\u00f1o robusto<\/span><\/li>\n<\/ul>\n<p><strong><span style=\"color: #000000;\">VENTAJAS<\/span><\/strong><\/p>\n<ul>\n<li><span style=\"color: #000000;\">Total flexibilidad de uso e instalaci\u00f3n<\/span><\/li>\n<li><span style=\"color: #000000;\">F\u00e1cil ajuste gracias a los actuadores adaptables a cualquier vallado, puerta o cubierta<\/span><\/li>\n<li><span style=\"color: #000000;\">Fiabilidad de la m\u00e1quina, incluso cuando est\u00e1 expuesta a golpes y vibraciones<\/span><\/li>\n<li><span style=\"color: #000000;\">Ahorro de espacio y facilidad de montaje<\/span><\/li>\n<li><span style=\"color: #000000;\">Uso fiable en entornos dif\u00edciles<\/span><\/li>\n<\/ul>\n<p><span style=\"color: #ff6600;\"><strong>DISE\u00d1O ESTRECHO<span style=\"color: #ff6600;\"> &#8211; SMS 2XXX<\/span><\/strong><\/span><\/p>\n<p><span style=\"color: #000000;\">Para aplicaciones donde no se dispone de demasiado espacio en la estructura a proteger.<\/span><\/p>\n<p><span style=\"color: #ff6600;\"><strong>DISE\u00d1O EST\u00c1NDAR<span style=\"color: #ff6600;\"> &#8211; SMS 3XXX<\/span><\/strong><\/span><\/p>\n<p><span style=\"color: #000000;\">Para aplicaciones que exigen flexibilidad en el accionamiento y\/o un contacto de se\u00f1alizaci\u00f3n adicional.<\/span><\/p>\n<p><span style=\"color: #ff6600;\"><strong>DISE\u00d1O COMPACTO<span style=\"color: #ff6600;\"> &#8211; SMS 4XXX<\/span><\/strong><\/span><\/p>\n<p><span style=\"color: #000000;\">Para aplicaciones que tienen un espacio de montaje limitado y que requieren un accionamiento horizontal o vertical.<\/span><\/p>\n<p><strong><span style=\"color: #000000;\">ACTUADORES<\/span><\/strong><\/p>\n<p><span style=\"color: #000000;\">Disponibles varios actuadores que se adaptan a las aplicaciones de cualquier cubierta, protecci\u00f3n o puerta.<\/span><\/p>","protected":false},"excerpt":{"rendered":"<p><img decoding=\"async\" class=\"size-full wp-image-1817 alignleft\" src=\"http:\/\/fasgrel.com\/wp-content\/uploads\/2024\/07\/logo-wieland.png\" alt=\"\" width=\"240\" height=\"100\" \/><\/p>\n<p><span style=\"color: #000000;\"><strong>Dise\u00f1o Estrecho &#8211; SMS 2XXX<\/strong><\/span><\/p>\n<p><span style=\"color: #000000;\"><strong>Dise\u00f1o Est\u00e1ndar &#8211; SMS 3XXX<\/strong><\/span><\/p>\n<p><span class=\"yoast-text-mark\" style=\"color: #000000;\"><span class=\"yoast-text-mark\"><strong>Dise\u00f1o Compacto &#8211; SMS 4XXX<\/strong><\/span>\u00a0 \u00a0 \u00a0 \u00a0 \u00a0<\/span><strong><span style=\"font-size: 18px;\"><em><span style=\"color: #0000ff;\"><a style=\"color: #0000ff;\" href=\"https:\/\/cdn.wieland-electric.com\/_Resources\/Persistent\/a\/b\/9\/8\/ab9885dfa9d47955ab192dd07da3d698b461e241\/0860.1_CAT_safety_Catalog_screen_EN_0824.pdf\" target=\"_blank\" rel=\"noopener noreferrer\">Ver cat\u00e1logo<\/a><\/span><\/em><\/span><\/strong><\/p>\n<hr \/>\n<p><span style=\"color: #ff6600;\"><strong>Sensores Finales de Carrera<\/strong><\/span><\/p>\n<p><span style=\"color: #000000;\">Los finales de carrera de seguridad sensor PRO se caracterizan por su dise\u00f1o compacto y robusto, ahorrando espacio en la instalaci\u00f3n y un uso adecuado en condiciones adversas. Gracias a los distintos dise\u00f1os y a los diferentes actuadores, son id\u00f3neos para cualquier valla m\u00f3vil, puerta o cubierta de protecci\u00f3n.<\/span><\/p>\n<p><span style=\"color: #0000ff;\"><a style=\"color: #0000ff;\" href=\"http:\/\/fasgrel.com\/en\/categoria\/reles-y-sensores-de-seguridad\/\"><strong><em>Retornar \u21b5<\/em><\/strong><\/a><\/span><\/p>\n<hr \/>\n<p><span style=\"color: #000000; font-size: 13px;\"><strong>Fabricado en Alemania<\/strong><\/span><\/p>\n<h4><img decoding=\"async\" class=\"size-full wp-image-1836 alignright\" src=\"http:\/\/fasgrel.com\/wp-content\/uploads\/2024\/07\/de.png\" alt=\"\" width=\"73\" height=\"53\" \/><\/h4>\n<p><span style=\"color: #000000; font-size: 13px;\">Los productos Wieland se dise\u00f1an y fabrican en Alemania seg\u00fan los principios del sistema de gesti\u00f3n de calidad y medioambi<\/span><span style=\"color: #000000; font-size: 13px;\">ente de las normas ISO 9001 e ISO 14001:2015<\/span><\/p>","protected":false},"featured_media":2304,"comment_status":"closed","ping_status":"closed","template":"","meta":{"_acf_changed":false,"_joinchat":[]},"pwb-brand":[34],"product_brand":[],"product_cat":[32],"product_tag":[],"class_list":{"0":"post-1878","1":"product","2":"type-product","3":"status-publish","4":"has-post-thumbnail","6":"pwb-brand-wieland","7":"product_cat-reles-y-sensores-de-seguridad","9":"first","10":"instock","11":"featured","12":"shipping-taxable","13":"product-type-simple"},"acf":[],"yoast_head":"<!-- This site is optimized with the Yoast SEO Premium plugin v22.9 (Yoast SEO v27.1.1) - https:\/\/yoast.com\/product\/yoast-seo-premium-wordpress\/ -->\n<title>Interruptores de Seguridad | Sensores de Carrera | WIELAND<\/title>\n<meta name=\"description\" content=\"Interruptores de seguridad o sensores finales de carrera. Compactos y robustos. Menos espacio. Para cualquier valla m\u00f3vil, puerta o cubierta de protecci\u00f3n.\" \/>\n<meta name=\"robots\" content=\"index, follow, max-snippet:-1, max-image-preview:large, max-video-preview:-1\" \/>\n<link rel=\"canonical\" href=\"https:\/\/fasgrel.com\/en\/product\/interruptores-de-seguridad-sensores-de-carrera\/\" \/>\n<meta property=\"og:locale\" content=\"en_US\" \/>\n<meta property=\"og:type\" content=\"article\" \/>\n<meta property=\"og:title\" content=\"INTERRUPTORES DE SEGURIDAD\" \/>\n<meta property=\"og:description\" content=\"Interruptores de seguridad o sensores finales de carrera. Compactos y robustos. Menos espacio. Para cualquier valla m\u00f3vil, puerta o cubierta de protecci\u00f3n.\" \/>\n<meta property=\"og:url\" content=\"https:\/\/fasgrel.com\/en\/product\/interruptores-de-seguridad-sensores-de-carrera\/\" \/>\n<meta property=\"og:site_name\" content=\"Fasgrel\" \/>\n<meta property=\"article:modified_time\" content=\"2024-10-11T05:14:27+00:00\" \/>\n<meta property=\"og:image\" content=\"https:\/\/fasgrel.com\/wp-content\/uploads\/2024\/08\/sensores-carrera.jpg\" \/>\n\t<meta property=\"og:image:width\" content=\"600\" \/>\n\t<meta property=\"og:image:height\" content=\"600\" \/>\n\t<meta property=\"og:image:type\" content=\"image\/jpeg\" \/>\n<meta name=\"twitter:card\" content=\"summary_large_image\" \/>\n<meta name=\"twitter:label1\" content=\"Est. reading time\" \/>\n\t<meta name=\"twitter:data1\" content=\"2 minutes\" \/>\n<script type=\"application\/ld+json\" class=\"yoast-schema-graph\">{\"@context\":\"https:\/\/schema.org\",\"@graph\":[{\"@type\":\"WebPage\",\"@id\":\"https:\/\/fasgrel.com\/producto\/interruptores-de-seguridad-sensores-de-carrera\/\",\"url\":\"https:\/\/fasgrel.com\/producto\/interruptores-de-seguridad-sensores-de-carrera\/\",\"name\":\"Interruptores de Seguridad | Sensores de Carrera | WIELAND\",\"isPartOf\":{\"@id\":\"https:\/\/fasgrel.com\/#website\"},\"primaryImageOfPage\":{\"@id\":\"https:\/\/fasgrel.com\/producto\/interruptores-de-seguridad-sensores-de-carrera\/#primaryimage\"},\"image\":{\"@id\":\"https:\/\/fasgrel.com\/producto\/interruptores-de-seguridad-sensores-de-carrera\/#primaryimage\"},\"thumbnailUrl\":\"https:\/\/fasgrel.com\/wp-content\/uploads\/2024\/08\/sensores-carrera.jpg\",\"datePublished\":\"2024-08-25T18:04:47+00:00\",\"dateModified\":\"2024-10-11T05:14:27+00:00\",\"description\":\"Interruptores de seguridad o sensores finales de carrera. Compactos y robustos. Menos espacio. Para cualquier valla m\u00f3vil, puerta o cubierta de protecci\u00f3n.\",\"breadcrumb\":{\"@id\":\"https:\/\/fasgrel.com\/producto\/interruptores-de-seguridad-sensores-de-carrera\/#breadcrumb\"},\"inLanguage\":\"en-US\",\"potentialAction\":[{\"@type\":\"ReadAction\",\"target\":[\"https:\/\/fasgrel.com\/producto\/interruptores-de-seguridad-sensores-de-carrera\/\"]}]},{\"@type\":\"ImageObject\",\"inLanguage\":\"en-US\",\"@id\":\"https:\/\/fasgrel.com\/producto\/interruptores-de-seguridad-sensores-de-carrera\/#primaryimage\",\"url\":\"https:\/\/fasgrel.com\/wp-content\/uploads\/2024\/08\/sensores-carrera.jpg\",\"contentUrl\":\"https:\/\/fasgrel.com\/wp-content\/uploads\/2024\/08\/sensores-carrera.jpg\",\"width\":600,\"height\":600,\"caption\":\"sensor de carrera\"},{\"@type\":\"BreadcrumbList\",\"@id\":\"https:\/\/fasgrel.com\/producto\/interruptores-de-seguridad-sensores-de-carrera\/#breadcrumb\",\"itemListElement\":[{\"@type\":\"ListItem\",\"position\":1,\"name\":\"Portada\",\"item\":\"https:\/\/fasgrel.com\/\"},{\"@type\":\"ListItem\",\"position\":2,\"name\":\"Tienda\",\"item\":\"https:\/\/fasgrel.com\/tienda\/\"},{\"@type\":\"ListItem\",\"position\":3,\"name\":\"INTERRUPTORES DE SEGURIDAD\"}]},{\"@type\":\"WebSite\",\"@id\":\"https:\/\/fasgrel.com\/#website\",\"url\":\"https:\/\/fasgrel.com\/\",\"name\":\"Fasgrel\",\"description\":\"Sitio en Construcci\u00f3n\",\"publisher\":{\"@id\":\"https:\/\/fasgrel.com\/#organization\"},\"potentialAction\":[{\"@type\":\"SearchAction\",\"target\":{\"@type\":\"EntryPoint\",\"urlTemplate\":\"https:\/\/fasgrel.com\/?s={search_term_string}\"},\"query-input\":{\"@type\":\"PropertyValueSpecification\",\"valueRequired\":true,\"valueName\":\"search_term_string\"}}],\"inLanguage\":\"en-US\"},{\"@type\":\"Organization\",\"@id\":\"https:\/\/fasgrel.com\/#organization\",\"name\":\"FASGREL\",\"url\":\"https:\/\/fasgrel.com\/\",\"logo\":{\"@type\":\"ImageObject\",\"inLanguage\":\"en-US\",\"@id\":\"https:\/\/fasgrel.com\/#\/schema\/logo\/image\/\",\"url\":\"https:\/\/fasgrel.com\/wp-content\/uploads\/2024\/10\/logo-fasgrel.png\",\"contentUrl\":\"https:\/\/fasgrel.com\/wp-content\/uploads\/2024\/10\/logo-fasgrel.png\",\"width\":427,\"height\":110,\"caption\":\"FASGREL\"},\"image\":{\"@id\":\"https:\/\/fasgrel.com\/#\/schema\/logo\/image\/\"}}]}<\/script>\n<!-- \/ Yoast SEO Premium plugin. -->","yoast_head_json":{"title":"Interruptores de Seguridad | Sensores de Carrera | WIELAND","description":"Interruptores de seguridad o sensores finales de carrera. Compactos y robustos. Menos espacio. Para cualquier valla m\u00f3vil, puerta o cubierta de protecci\u00f3n.","robots":{"index":"index","follow":"follow","max-snippet":"max-snippet:-1","max-image-preview":"max-image-preview:large","max-video-preview":"max-video-preview:-1"},"canonical":"https:\/\/fasgrel.com\/en\/product\/interruptores-de-seguridad-sensores-de-carrera\/","og_locale":"en_US","og_type":"article","og_title":"INTERRUPTORES DE SEGURIDAD","og_description":"Interruptores de seguridad o sensores finales de carrera. Compactos y robustos. Menos espacio. Para cualquier valla m\u00f3vil, puerta o cubierta de protecci\u00f3n.","og_url":"https:\/\/fasgrel.com\/en\/product\/interruptores-de-seguridad-sensores-de-carrera\/","og_site_name":"Fasgrel","article_modified_time":"2024-10-11T05:14:27+00:00","og_image":[{"width":600,"height":600,"url":"https:\/\/fasgrel.com\/wp-content\/uploads\/2024\/08\/sensores-carrera.jpg","type":"image\/jpeg"}],"twitter_card":"summary_large_image","twitter_misc":{"Est. reading time":"2 minutes"},"schema":{"@context":"https:\/\/schema.org","@graph":[{"@type":"WebPage","@id":"https:\/\/fasgrel.com\/producto\/interruptores-de-seguridad-sensores-de-carrera\/","url":"https:\/\/fasgrel.com\/producto\/interruptores-de-seguridad-sensores-de-carrera\/","name":"Interruptores de Seguridad | Sensores de Carrera | WIELAND","isPartOf":{"@id":"https:\/\/fasgrel.com\/#website"},"primaryImageOfPage":{"@id":"https:\/\/fasgrel.com\/producto\/interruptores-de-seguridad-sensores-de-carrera\/#primaryimage"},"image":{"@id":"https:\/\/fasgrel.com\/producto\/interruptores-de-seguridad-sensores-de-carrera\/#primaryimage"},"thumbnailUrl":"https:\/\/fasgrel.com\/wp-content\/uploads\/2024\/08\/sensores-carrera.jpg","datePublished":"2024-08-25T18:04:47+00:00","dateModified":"2024-10-11T05:14:27+00:00","description":"Interruptores de seguridad o sensores finales de carrera. Compactos y robustos. Menos espacio. Para cualquier valla m\u00f3vil, puerta o cubierta de protecci\u00f3n.","breadcrumb":{"@id":"https:\/\/fasgrel.com\/producto\/interruptores-de-seguridad-sensores-de-carrera\/#breadcrumb"},"inLanguage":"en-US","potentialAction":[{"@type":"ReadAction","target":["https:\/\/fasgrel.com\/producto\/interruptores-de-seguridad-sensores-de-carrera\/"]}]},{"@type":"ImageObject","inLanguage":"en-US","@id":"https:\/\/fasgrel.com\/producto\/interruptores-de-seguridad-sensores-de-carrera\/#primaryimage","url":"https:\/\/fasgrel.com\/wp-content\/uploads\/2024\/08\/sensores-carrera.jpg","contentUrl":"https:\/\/fasgrel.com\/wp-content\/uploads\/2024\/08\/sensores-carrera.jpg","width":600,"height":600,"caption":"sensor de carrera"},{"@type":"BreadcrumbList","@id":"https:\/\/fasgrel.com\/producto\/interruptores-de-seguridad-sensores-de-carrera\/#breadcrumb","itemListElement":[{"@type":"ListItem","position":1,"name":"Portada","item":"https:\/\/fasgrel.com\/"},{"@type":"ListItem","position":2,"name":"Tienda","item":"https:\/\/fasgrel.com\/tienda\/"},{"@type":"ListItem","position":3,"name":"INTERRUPTORES DE SEGURIDAD"}]},{"@type":"WebSite","@id":"https:\/\/fasgrel.com\/#website","url":"https:\/\/fasgrel.com\/","name":"Fasgrel","description":"Sitio en Construcci\u00f3n","publisher":{"@id":"https:\/\/fasgrel.com\/#organization"},"potentialAction":[{"@type":"SearchAction","target":{"@type":"EntryPoint","urlTemplate":"https:\/\/fasgrel.com\/?s={search_term_string}"},"query-input":{"@type":"PropertyValueSpecification","valueRequired":true,"valueName":"search_term_string"}}],"inLanguage":"en-US"},{"@type":"Organization","@id":"https:\/\/fasgrel.com\/#organization","name":"FASGREL","url":"https:\/\/fasgrel.com\/","logo":{"@type":"ImageObject","inLanguage":"en-US","@id":"https:\/\/fasgrel.com\/#\/schema\/logo\/image\/","url":"https:\/\/fasgrel.com\/wp-content\/uploads\/2024\/10\/logo-fasgrel.png","contentUrl":"https:\/\/fasgrel.com\/wp-content\/uploads\/2024\/10\/logo-fasgrel.png","width":427,"height":110,"caption":"FASGREL"},"image":{"@id":"https:\/\/fasgrel.com\/#\/schema\/logo\/image\/"}}]}},"brands":[{"id":34,"name":"Wieland","slug":"wieland"}],"_links":{"self":[{"href":"https:\/\/fasgrel.com\/en\/wp-json\/wp\/v2\/product\/1878","targetHints":{"allow":["GET"]}}],"collection":[{"href":"https:\/\/fasgrel.com\/en\/wp-json\/wp\/v2\/product"}],"about":[{"href":"https:\/\/fasgrel.com\/en\/wp-json\/wp\/v2\/types\/product"}],"replies":[{"embeddable":true,"href":"https:\/\/fasgrel.com\/en\/wp-json\/wp\/v2\/comments?post=1878"}],"wp:featuredmedia":[{"embeddable":true,"href":"https:\/\/fasgrel.com\/en\/wp-json\/wp\/v2\/media\/2304"}],"wp:attachment":[{"href":"https:\/\/fasgrel.com\/en\/wp-json\/wp\/v2\/media?parent=1878"}],"wp:term":[{"taxonomy":"pwb-brand","embeddable":true,"href":"https:\/\/fasgrel.com\/en\/wp-json\/wp\/v2\/pwb-brand?post=1878"},{"taxonomy":"product_brand","embeddable":true,"href":"https:\/\/fasgrel.com\/en\/wp-json\/wp\/v2\/product_brand?post=1878"},{"taxonomy":"product_cat","embeddable":true,"href":"https:\/\/fasgrel.com\/en\/wp-json\/wp\/v2\/product_cat?post=1878"},{"taxonomy":"product_tag","embeddable":true,"href":"https:\/\/fasgrel.com\/en\/wp-json\/wp\/v2\/product_tag?post=1878"}],"curies":[{"name":"wp","href":"https:\/\/api.w.org\/{rel}","templated":true}]}}