{"id":1893,"date":"2024-08-27T05:32:39","date_gmt":"2024-08-27T05:32:39","guid":{"rendered":"http:\/\/fasgrel.com\/?post_type=product&#038;p=1893"},"modified":"2026-02-10T22:33:13","modified_gmt":"2026-02-10T22:33:13","slug":"cortinas-de-seguridad","status":"publish","type":"product","link":"https:\/\/fasgrel.com\/en\/product\/cortinas-de-seguridad\/","title":{"rendered":"CORTINAS DE SEGURIDAD"},"content":{"rendered":"<p><span style=\"color: #ff6600;\"><strong>Cortinas Fotoel\u00e9ctricas de Seguridad<\/strong><\/span><\/p>\n<p><span style=\"color: #000000;\">Los accesos y puntos peligrosos de funcionamiento de las m\u00e1quinas deben controlarse de forma eficaz y ergon\u00f3mica, especialmente en los procesos de producci\u00f3n que requieren intervenciones frecuentes o repetitivas. Wieland Electric proporciona una soluci\u00f3n fiable, segura y f\u00e1cil de usar para este tipo de aplicaciones.<\/span><\/p>\n<p><span style=\"color: #000000;\">La serie SLC4 de cortinas \u00f3pticas de seguridad de Wieland es ideal para la protecci\u00f3n del personal. Con el fin de supervisar el acceso seguro a cualquier tipo de m\u00e1quinas, al mismo tiempo garantizan un funcionamiento seguro y reducen los tiempos de parada.<\/span><\/p>\n<p><strong><span style=\"color: #000000;\">VARIANTES <\/span><\/strong><br \/>\n<span style=\"color: #000000;\">Las cortinas \u00f3pticas de seguridad SLC4 de Wieland Electric est\u00e1n disponibles en las variantes <strong>base y muting est\u00e1ndar<\/strong>. De este modo, ofrecen caracter\u00edsticas que se adaptan perfectamente a sus diferentes aplicaciones.<\/span><\/p>\n<p><span style=\"color: #000000;\">Dado que todas las variantes se basan en la misma plataforma, las cortinas \u00f3pticas SLC4 pueden intercambiarse f\u00e1cilmente, por ejemplo, para realizar adaptaciones o adecuaciones en la m\u00e1quina.<\/span><\/p>\n<p><strong><span style=\"color: #000000;\">CARACTER\u00cdSTICAS<\/span><\/strong><\/p>\n<ul>\n<li><span style=\"color: #000000;\">Configuraci\u00f3n sin software<\/span><\/li>\n<li><span style=\"color: #000000;\">Sin zonas ciegas<\/span><\/li>\n<li><span style=\"color: #000000;\">Altura de protecci\u00f3n desde 300 a 2100 mm<\/span><\/li>\n<li><span style=\"color: #000000;\">Dise\u00f1o robusto<\/span><\/li>\n<li><span style=\"color: #000000;\">Protecci\u00f3n IP67<\/span><\/li>\n<li><span style=\"color: #000000;\">Temperaturas de funcionamiento de -30 \u00b0C a +50 \u00b0C<\/span><\/li>\n<li><span style=\"color: #000000;\">Se\u00f1alizaci\u00f3n LED para diagn\u00f3stico in situ y f\u00e1cil alineaci\u00f3n<\/span><\/li>\n<\/ul>\n<p><strong><span style=\"color: #000000;\">VENTAJAS<\/span><\/strong><\/p>\n<ul>\n<li><span style=\"color: #000000;\">Instalaci\u00f3n f\u00e1cil y r\u00e1pida sin programaci\u00f3n<\/span><\/li>\n<li><span style=\"color: #000000;\">Conexi\u00f3n Plug&amp;Play para los modelos base<\/span><\/li>\n<li><span style=\"color: #000000;\">Dise\u00f1o compacto para ahorrar espacio en la m\u00e1quina<\/span><\/li>\n<li><span style=\"color: #000000;\">Diagn\u00f3stico r\u00e1pido en campo para reducir los tiempos de parada<\/span><\/li>\n<li><span style=\"color: #000000;\">Adecuadas para todo tipo de aplicaciones<\/span><\/li>\n<\/ul>\n<p><strong><span style=\"color: #ff6600;\">SLC4 BASE<\/span><\/strong><\/p>\n<ul>\n<li><span style=\"color: #000000;\">Resoluci\u00f3n de dedo y mano<\/span><\/li>\n<li><span style=\"color: #000000;\">Instalaci\u00f3n f\u00e1cil : Plug&amp;Play<\/span><\/li>\n<li><span style=\"color: #000000;\">Tipo 4\/ PL e\/ SIL 3<\/span><\/li>\n<\/ul>\n<p><strong><span style=\"color: #ff6600;\">SLC4 STANDARD MUTING<\/span><\/strong><\/p>\n<ul>\n<li><span style=\"color: #000000;\">Resoluci\u00f3n de dedo y mano con funci\u00f3n de muting<\/span><\/li>\n<li><span style=\"color: #000000;\">Instalaci\u00f3n, alineaci\u00f3n y configuraci\u00f3n por Dip-switches<\/span><\/li>\n<li><span style=\"color: #000000;\">Tipo 4\/ PL e\/ SIL<\/span> 3<\/li>\n<\/ul>","protected":false},"excerpt":{"rendered":"<p><img decoding=\"async\" class=\"size-full wp-image-1817 alignleft\" src=\"http:\/\/fasgrel.com\/wp-content\/uploads\/2024\/07\/logo-wieland.png\" alt=\"\" width=\"240\" height=\"100\" \/><\/p>\n<p><span style=\"color: #000000;\"><strong>Serie SLC4 Base<\/strong><\/span><\/p>\n<p><span style=\"color: #000000;\"><strong>Serie SLC4 Standard Muting<\/strong><\/span><\/p>\n<p style=\"text-align: right;\"><span style=\"color: #333399;\"><strong>\u00a0 \u00a0 \u00a0 \u00a0 \u00a0<\/strong><\/span><strong><span style=\"font-size: 18px;\"><em><span style=\"color: #0000ff;\"><a style=\"color: #0000ff;\" href=\"https:\/\/cdn.wieland-electric.com\/_Resources\/Persistent\/a\/b\/9\/8\/ab9885dfa9d47955ab192dd07da3d698b461e241\/0860.1_CAT_safety_Catalog_screen_EN_0824.pdf\" target=\"_blank\" rel=\"noopener noreferrer\">Ver cat\u00e1logo<\/a><\/span><\/em><\/span><\/strong><\/p>\n<hr \/>\n<p><span style=\"color: #ff6600;\"><strong>M\u00e1xima protecci\u00f3n en un solo dispositivo<\/strong><\/span><\/p>\n<p><span style=\"color: #000000;\">La serie SLC4 de cortinas \u00f3pticas de seguridad de Wieland es ideal para la protecci\u00f3n del personal. Con el fin de supervisar el acceso seguro a cualquier tipo de m\u00e1quinas, al mismo tiempo garantizan un funcionamiento seguro y reducen los tiempos de parada.<\/span><\/p>\n<p><span style=\"color: #0000ff;\"><a style=\"color: #0000ff;\" href=\"http:\/\/fasgrel.com\/en\/categoria\/reles-y-sensores-de-seguridad\/\"><strong><em>Retornar \u21b5<\/em><\/strong><\/a><\/span><\/p>\n<hr \/>\n<p><span style=\"color: #000000; font-size: 13px;\"><strong>Fabricado en Alemania<\/strong><\/span><\/p>\n<h4><img decoding=\"async\" class=\"size-full wp-image-1836 alignright\" src=\"http:\/\/fasgrel.com\/wp-content\/uploads\/2024\/07\/de.png\" alt=\"\" width=\"73\" height=\"53\" \/><\/h4>\n<p><span style=\"color: #000000; font-size: 13px;\">Los productos Wieland se dise\u00f1an y fabrican en Alemania seg\u00fan los principios del sistema de gesti\u00f3n de calidad y medioambi<\/span><span style=\"color: #000000; font-size: 13px;\">ente de las normas ISO 9001 e ISO 14001:2015<\/span><\/p>","protected":false},"featured_media":2301,"comment_status":"closed","ping_status":"closed","template":"","meta":{"_acf_changed":false,"_joinchat":[]},"pwb-brand":[34],"product_brand":[],"product_cat":[32],"product_tag":[],"class_list":{"0":"post-1893","1":"product","2":"type-product","3":"status-publish","4":"has-post-thumbnail","6":"pwb-brand-wieland","7":"product_cat-reles-y-sensores-de-seguridad","9":"first","10":"instock","11":"featured","12":"shipping-taxable","13":"product-type-simple"},"acf":[],"yoast_head":"<!-- This site is optimized with the Yoast SEO Premium plugin v22.9 (Yoast SEO v27.1.1) - https:\/\/yoast.com\/product\/yoast-seo-premium-wordpress\/ -->\n<title>Cortinas de Seguridad | Para un Trabajo Seguro | WIELAND<\/title>\n<meta name=\"description\" content=\"Cortinas de seguridad para la protecci\u00f3n del personal. Garantizan el acceso seguro a cualquier tipo de m\u00e1quinas y la reducci\u00f3n de los tiempos de parada.\" \/>\n<meta name=\"robots\" content=\"index, follow, max-snippet:-1, max-image-preview:large, max-video-preview:-1\" \/>\n<link rel=\"canonical\" href=\"https:\/\/fasgrel.com\/en\/product\/cortinas-de-seguridad\/\" \/>\n<meta property=\"og:locale\" content=\"en_US\" \/>\n<meta property=\"og:type\" content=\"article\" \/>\n<meta property=\"og:title\" content=\"CORTINAS DE SEGURIDAD\" \/>\n<meta property=\"og:description\" content=\"Cortinas de seguridad para la protecci\u00f3n del personal. Garantizan el acceso seguro a cualquier tipo de m\u00e1quinas y la reducci\u00f3n de los tiempos de parada.\" \/>\n<meta property=\"og:url\" content=\"https:\/\/fasgrel.com\/en\/product\/cortinas-de-seguridad\/\" \/>\n<meta property=\"og:site_name\" content=\"Fasgrel\" \/>\n<meta property=\"article:modified_time\" content=\"2026-02-10T22:33:13+00:00\" \/>\n<meta property=\"og:image\" content=\"https:\/\/fasgrel.com\/wp-content\/uploads\/2024\/08\/cortinas.jpg\" \/>\n\t<meta property=\"og:image:width\" content=\"600\" \/>\n\t<meta property=\"og:image:height\" content=\"600\" \/>\n\t<meta property=\"og:image:type\" content=\"image\/jpeg\" \/>\n<meta name=\"twitter:card\" content=\"summary_large_image\" \/>\n<meta name=\"twitter:label1\" content=\"Est. reading time\" \/>\n\t<meta name=\"twitter:data1\" content=\"2 minutes\" \/>\n<script type=\"application\/ld+json\" class=\"yoast-schema-graph\">{\"@context\":\"https:\/\/schema.org\",\"@graph\":[{\"@type\":\"WebPage\",\"@id\":\"https:\/\/fasgrel.com\/producto\/cortinas-de-seguridad\/\",\"url\":\"https:\/\/fasgrel.com\/producto\/cortinas-de-seguridad\/\",\"name\":\"Cortinas de Seguridad | Para un Trabajo Seguro | WIELAND\",\"isPartOf\":{\"@id\":\"https:\/\/fasgrel.com\/#website\"},\"primaryImageOfPage\":{\"@id\":\"https:\/\/fasgrel.com\/producto\/cortinas-de-seguridad\/#primaryimage\"},\"image\":{\"@id\":\"https:\/\/fasgrel.com\/producto\/cortinas-de-seguridad\/#primaryimage\"},\"thumbnailUrl\":\"https:\/\/fasgrel.com\/wp-content\/uploads\/2024\/08\/cortinas.jpg\",\"datePublished\":\"2024-08-27T05:32:39+00:00\",\"dateModified\":\"2026-02-10T22:33:13+00:00\",\"description\":\"Cortinas de seguridad para la protecci\u00f3n del personal. Garantizan el acceso seguro a cualquier tipo de m\u00e1quinas y la reducci\u00f3n de los tiempos de parada.\",\"breadcrumb\":{\"@id\":\"https:\/\/fasgrel.com\/producto\/cortinas-de-seguridad\/#breadcrumb\"},\"inLanguage\":\"en-US\",\"potentialAction\":[{\"@type\":\"ReadAction\",\"target\":[\"https:\/\/fasgrel.com\/producto\/cortinas-de-seguridad\/\"]}]},{\"@type\":\"ImageObject\",\"inLanguage\":\"en-US\",\"@id\":\"https:\/\/fasgrel.com\/producto\/cortinas-de-seguridad\/#primaryimage\",\"url\":\"https:\/\/fasgrel.com\/wp-content\/uploads\/2024\/08\/cortinas.jpg\",\"contentUrl\":\"https:\/\/fasgrel.com\/wp-content\/uploads\/2024\/08\/cortinas.jpg\",\"width\":600,\"height\":600,\"caption\":\"cortinas de seguridad\"},{\"@type\":\"BreadcrumbList\",\"@id\":\"https:\/\/fasgrel.com\/producto\/cortinas-de-seguridad\/#breadcrumb\",\"itemListElement\":[{\"@type\":\"ListItem\",\"position\":1,\"name\":\"Portada\",\"item\":\"https:\/\/fasgrel.com\/\"},{\"@type\":\"ListItem\",\"position\":2,\"name\":\"Tienda\",\"item\":\"https:\/\/fasgrel.com\/tienda\/\"},{\"@type\":\"ListItem\",\"position\":3,\"name\":\"CORTINAS DE SEGURIDAD\"}]},{\"@type\":\"WebSite\",\"@id\":\"https:\/\/fasgrel.com\/#website\",\"url\":\"https:\/\/fasgrel.com\/\",\"name\":\"Fasgrel\",\"description\":\"Sitio en Construcci\u00f3n\",\"publisher\":{\"@id\":\"https:\/\/fasgrel.com\/#organization\"},\"potentialAction\":[{\"@type\":\"SearchAction\",\"target\":{\"@type\":\"EntryPoint\",\"urlTemplate\":\"https:\/\/fasgrel.com\/?s={search_term_string}\"},\"query-input\":{\"@type\":\"PropertyValueSpecification\",\"valueRequired\":true,\"valueName\":\"search_term_string\"}}],\"inLanguage\":\"en-US\"},{\"@type\":\"Organization\",\"@id\":\"https:\/\/fasgrel.com\/#organization\",\"name\":\"FASGREL\",\"url\":\"https:\/\/fasgrel.com\/\",\"logo\":{\"@type\":\"ImageObject\",\"inLanguage\":\"en-US\",\"@id\":\"https:\/\/fasgrel.com\/#\/schema\/logo\/image\/\",\"url\":\"https:\/\/fasgrel.com\/wp-content\/uploads\/2024\/10\/logo-fasgrel.png\",\"contentUrl\":\"https:\/\/fasgrel.com\/wp-content\/uploads\/2024\/10\/logo-fasgrel.png\",\"width\":427,\"height\":110,\"caption\":\"FASGREL\"},\"image\":{\"@id\":\"https:\/\/fasgrel.com\/#\/schema\/logo\/image\/\"}}]}<\/script>\n<!-- \/ Yoast SEO Premium plugin. -->","yoast_head_json":{"title":"Cortinas de Seguridad | Para un Trabajo Seguro | WIELAND","description":"Cortinas de seguridad para la protecci\u00f3n del personal. Garantizan el acceso seguro a cualquier tipo de m\u00e1quinas y la reducci\u00f3n de los tiempos de parada.","robots":{"index":"index","follow":"follow","max-snippet":"max-snippet:-1","max-image-preview":"max-image-preview:large","max-video-preview":"max-video-preview:-1"},"canonical":"https:\/\/fasgrel.com\/en\/product\/cortinas-de-seguridad\/","og_locale":"en_US","og_type":"article","og_title":"CORTINAS DE SEGURIDAD","og_description":"Cortinas de seguridad para la protecci\u00f3n del personal. Garantizan el acceso seguro a cualquier tipo de m\u00e1quinas y la reducci\u00f3n de los tiempos de parada.","og_url":"https:\/\/fasgrel.com\/en\/product\/cortinas-de-seguridad\/","og_site_name":"Fasgrel","article_modified_time":"2026-02-10T22:33:13+00:00","og_image":[{"width":600,"height":600,"url":"https:\/\/fasgrel.com\/wp-content\/uploads\/2024\/08\/cortinas.jpg","type":"image\/jpeg"}],"twitter_card":"summary_large_image","twitter_misc":{"Est. reading time":"2 minutes"},"schema":{"@context":"https:\/\/schema.org","@graph":[{"@type":"WebPage","@id":"https:\/\/fasgrel.com\/producto\/cortinas-de-seguridad\/","url":"https:\/\/fasgrel.com\/producto\/cortinas-de-seguridad\/","name":"Cortinas de Seguridad | Para un Trabajo Seguro | WIELAND","isPartOf":{"@id":"https:\/\/fasgrel.com\/#website"},"primaryImageOfPage":{"@id":"https:\/\/fasgrel.com\/producto\/cortinas-de-seguridad\/#primaryimage"},"image":{"@id":"https:\/\/fasgrel.com\/producto\/cortinas-de-seguridad\/#primaryimage"},"thumbnailUrl":"https:\/\/fasgrel.com\/wp-content\/uploads\/2024\/08\/cortinas.jpg","datePublished":"2024-08-27T05:32:39+00:00","dateModified":"2026-02-10T22:33:13+00:00","description":"Cortinas de seguridad para la protecci\u00f3n del personal. Garantizan el acceso seguro a cualquier tipo de m\u00e1quinas y la reducci\u00f3n de los tiempos de parada.","breadcrumb":{"@id":"https:\/\/fasgrel.com\/producto\/cortinas-de-seguridad\/#breadcrumb"},"inLanguage":"en-US","potentialAction":[{"@type":"ReadAction","target":["https:\/\/fasgrel.com\/producto\/cortinas-de-seguridad\/"]}]},{"@type":"ImageObject","inLanguage":"en-US","@id":"https:\/\/fasgrel.com\/producto\/cortinas-de-seguridad\/#primaryimage","url":"https:\/\/fasgrel.com\/wp-content\/uploads\/2024\/08\/cortinas.jpg","contentUrl":"https:\/\/fasgrel.com\/wp-content\/uploads\/2024\/08\/cortinas.jpg","width":600,"height":600,"caption":"cortinas de seguridad"},{"@type":"BreadcrumbList","@id":"https:\/\/fasgrel.com\/producto\/cortinas-de-seguridad\/#breadcrumb","itemListElement":[{"@type":"ListItem","position":1,"name":"Portada","item":"https:\/\/fasgrel.com\/"},{"@type":"ListItem","position":2,"name":"Tienda","item":"https:\/\/fasgrel.com\/tienda\/"},{"@type":"ListItem","position":3,"name":"CORTINAS DE SEGURIDAD"}]},{"@type":"WebSite","@id":"https:\/\/fasgrel.com\/#website","url":"https:\/\/fasgrel.com\/","name":"Fasgrel","description":"Sitio en Construcci\u00f3n","publisher":{"@id":"https:\/\/fasgrel.com\/#organization"},"potentialAction":[{"@type":"SearchAction","target":{"@type":"EntryPoint","urlTemplate":"https:\/\/fasgrel.com\/?s={search_term_string}"},"query-input":{"@type":"PropertyValueSpecification","valueRequired":true,"valueName":"search_term_string"}}],"inLanguage":"en-US"},{"@type":"Organization","@id":"https:\/\/fasgrel.com\/#organization","name":"FASGREL","url":"https:\/\/fasgrel.com\/","logo":{"@type":"ImageObject","inLanguage":"en-US","@id":"https:\/\/fasgrel.com\/#\/schema\/logo\/image\/","url":"https:\/\/fasgrel.com\/wp-content\/uploads\/2024\/10\/logo-fasgrel.png","contentUrl":"https:\/\/fasgrel.com\/wp-content\/uploads\/2024\/10\/logo-fasgrel.png","width":427,"height":110,"caption":"FASGREL"},"image":{"@id":"https:\/\/fasgrel.com\/#\/schema\/logo\/image\/"}}]}},"brands":[{"id":34,"name":"Wieland","slug":"wieland"}],"_links":{"self":[{"href":"https:\/\/fasgrel.com\/en\/wp-json\/wp\/v2\/product\/1893","targetHints":{"allow":["GET"]}}],"collection":[{"href":"https:\/\/fasgrel.com\/en\/wp-json\/wp\/v2\/product"}],"about":[{"href":"https:\/\/fasgrel.com\/en\/wp-json\/wp\/v2\/types\/product"}],"replies":[{"embeddable":true,"href":"https:\/\/fasgrel.com\/en\/wp-json\/wp\/v2\/comments?post=1893"}],"wp:featuredmedia":[{"embeddable":true,"href":"https:\/\/fasgrel.com\/en\/wp-json\/wp\/v2\/media\/2301"}],"wp:attachment":[{"href":"https:\/\/fasgrel.com\/en\/wp-json\/wp\/v2\/media?parent=1893"}],"wp:term":[{"taxonomy":"pwb-brand","embeddable":true,"href":"https:\/\/fasgrel.com\/en\/wp-json\/wp\/v2\/pwb-brand?post=1893"},{"taxonomy":"product_brand","embeddable":true,"href":"https:\/\/fasgrel.com\/en\/wp-json\/wp\/v2\/product_brand?post=1893"},{"taxonomy":"product_cat","embeddable":true,"href":"https:\/\/fasgrel.com\/en\/wp-json\/wp\/v2\/product_cat?post=1893"},{"taxonomy":"product_tag","embeddable":true,"href":"https:\/\/fasgrel.com\/en\/wp-json\/wp\/v2\/product_tag?post=1893"}],"curies":[{"name":"wp","href":"https:\/\/api.w.org\/{rel}","templated":true}]}}