{"id":280,"date":"2024-07-08T16:36:14","date_gmt":"2024-07-08T16:36:14","guid":{"rendered":"http:\/\/fasgrel.com\/?post_type=product&#038;p=280"},"modified":"2026-04-08T04:03:30","modified_gmt":"2026-04-08T04:03:30","slug":"resistencias-de-frenado","status":"publish","type":"product","link":"https:\/\/fasgrel.com\/en\/product\/resistencias-de-frenado\/","title":{"rendered":"Resistencias de Frenado"},"content":{"rendered":"<p><span style=\"color: #ff6600;\"><strong>Resistencias de Frenado<\/strong><\/span><\/p>\n<p><span style=\"color: #000000;\">Permiten disipar la energ\u00eda regenerada del motor, lo que permite lograr tiempos de parada m\u00e1s cortos con cargas de alta inercia. Son adecuadas para cargas ligeras y se pueden montar directamente en el disipador de calor del variador para un m\u00e9todo de instalaci\u00f3n conveniente que ahorra espacio.<\/span><\/p>\n<p><span style=\"color: #000000;\">Las resistencias de frenado din\u00e1mico <strong>OPTIBRAKE<\/strong> est\u00e1n dise\u00f1adas espec\u00edficamente para la gama Optidrive, para usarse con cargas de alta inercia que deben detenerse r\u00e1pidamente. Ayudan al Optidrive en la gesti\u00f3n de la energ\u00eda el\u00e9ctrica devuelta por el motor durante el frenado convirti\u00e9ndolo en energ\u00eda t\u00e9rmica.<\/span><\/p>","protected":false},"excerpt":{"rendered":"<p><img class=\"size-full wp-image-1805 alignleft\" \/><img decoding=\"async\" class=\"size-full wp-image-1805 alignleft\" src=\"http:\/\/fasgrel.com\/wp-content\/uploads\/2024\/07\/logo_invertek-1.png\" alt=\"\" width=\"240\" height=\"100\" \/><\/p>\n<ul>\n<li><span style=\"color: #000000;\">\u00datil para reducir los tiempos de parada con cargas de alta inercia<\/span><\/li>\n<li><span style=\"color: #000000;\">M\u00f3ntelo directamente en el disipador de calor de la unidad para ahorrar espacio<\/span><\/li>\n<\/ul>\n<p>&nbsp;<\/p>\n<p><span style=\"color: #0000ff;\"><a style=\"color: #0000ff;\" href=\"http:\/\/fasgrel.com\/en\/categoria\/variadores-de-velocidad\/\"><strong><em>Retornar \u21b5<\/em><\/strong><\/a><\/span><\/p>\n<hr \/>\n<p><span style=\"color: #000000; font-size: 13px;\"><strong>Fabricado en el Reino Unido<\/strong><\/span><\/p>\n<h4><img decoding=\"async\" class=\"alignright\" src=\"https:\/\/www.invertekdrives.com\/img\/common\/flags\/gb.png\" alt=\"GB\" width=\"73\" height=\"53\" \/><\/h4>\n<p><span style=\"color: #000000; font-size: 13px;\">Los productos Invertek se dise\u00f1an y fabrican en el Reino Unido seg\u00fan los principios del sistema de gesti\u00f3n de calidad y medioambiente de las normas ISO 9001 e ISO 14001:2015<\/span><\/p>","protected":false},"featured_media":2345,"comment_status":"closed","ping_status":"closed","template":"","meta":{"_acf_changed":false,"_joinchat":[]},"pwb-brand":[33],"product_brand":[],"product_cat":[16],"product_tag":[],"class_list":{"0":"post-280","1":"product","2":"type-product","3":"status-publish","4":"has-post-thumbnail","6":"pwb-brand-invertek","7":"product_cat-sin-categorizar","9":"first","10":"instock","11":"featured","12":"shipping-taxable","13":"product-type-simple"},"acf":[],"yoast_head":"<!-- This site is optimized with the Yoast SEO Premium plugin v22.9 (Yoast SEO v27.1.1) - https:\/\/yoast.com\/product\/yoast-seo-premium-wordpress\/ -->\n<title>Resistencias de Frenado | INVERTEK<\/title>\n<meta name=\"description\" content=\"Las resistencias de frenado permiten disipar la energ\u00eda regenerada del motor. M\u00f3ntelo en el disipador de calor de la unidad para ahorrar espacio.\" \/>\n<meta name=\"robots\" content=\"index, follow, max-snippet:-1, max-image-preview:large, max-video-preview:-1\" \/>\n<link rel=\"canonical\" href=\"https:\/\/fasgrel.com\/en\/product\/resistencias-de-frenado\/\" \/>\n<meta property=\"og:locale\" content=\"en_US\" \/>\n<meta property=\"og:type\" content=\"article\" \/>\n<meta property=\"og:title\" content=\"Resistencias de Frenado\" \/>\n<meta property=\"og:description\" content=\"Las resistencias de frenado permiten disipar la energ\u00eda regenerada del motor. M\u00f3ntelo en el disipador de calor de la unidad para ahorrar espacio.\" \/>\n<meta property=\"og:url\" content=\"https:\/\/fasgrel.com\/en\/product\/resistencias-de-frenado\/\" \/>\n<meta property=\"og:site_name\" content=\"Fasgrel\" \/>\n<meta property=\"article:modified_time\" content=\"2026-04-08T04:03:30+00:00\" \/>\n<meta property=\"og:image\" content=\"https:\/\/fasgrel.com\/wp-content\/uploads\/2024\/07\/resistencias-frenado.jpg\" \/>\n\t<meta property=\"og:image:width\" content=\"600\" \/>\n\t<meta property=\"og:image:height\" content=\"600\" \/>\n\t<meta property=\"og:image:type\" content=\"image\/jpeg\" \/>\n<meta name=\"twitter:card\" content=\"summary_large_image\" \/>\n<meta name=\"twitter:label1\" content=\"Est. reading time\" \/>\n\t<meta name=\"twitter:data1\" content=\"1 minute\" \/>\n<script type=\"application\/ld+json\" class=\"yoast-schema-graph\">{\"@context\":\"https:\/\/schema.org\",\"@graph\":[{\"@type\":\"WebPage\",\"@id\":\"https:\/\/fasgrel.com\/producto\/resistencias-de-frenado\/\",\"url\":\"https:\/\/fasgrel.com\/producto\/resistencias-de-frenado\/\",\"name\":\"Resistencias de Frenado | INVERTEK\",\"isPartOf\":{\"@id\":\"https:\/\/fasgrel.com\/#website\"},\"primaryImageOfPage\":{\"@id\":\"https:\/\/fasgrel.com\/producto\/resistencias-de-frenado\/#primaryimage\"},\"image\":{\"@id\":\"https:\/\/fasgrel.com\/producto\/resistencias-de-frenado\/#primaryimage\"},\"thumbnailUrl\":\"https:\/\/fasgrel.com\/wp-content\/uploads\/2024\/07\/resistencias-frenado.jpg\",\"datePublished\":\"2024-07-08T16:36:14+00:00\",\"dateModified\":\"2026-04-08T04:03:30+00:00\",\"description\":\"Las resistencias de frenado permiten disipar la energ\u00eda regenerada del motor. M\u00f3ntelo en el disipador de calor de la unidad para ahorrar espacio.\",\"breadcrumb\":{\"@id\":\"https:\/\/fasgrel.com\/producto\/resistencias-de-frenado\/#breadcrumb\"},\"inLanguage\":\"en-US\",\"potentialAction\":[{\"@type\":\"ReadAction\",\"target\":[\"https:\/\/fasgrel.com\/producto\/resistencias-de-frenado\/\"]}]},{\"@type\":\"ImageObject\",\"inLanguage\":\"en-US\",\"@id\":\"https:\/\/fasgrel.com\/producto\/resistencias-de-frenado\/#primaryimage\",\"url\":\"https:\/\/fasgrel.com\/wp-content\/uploads\/2024\/07\/resistencias-frenado.jpg\",\"contentUrl\":\"https:\/\/fasgrel.com\/wp-content\/uploads\/2024\/07\/resistencias-frenado.jpg\",\"width\":600,\"height\":600,\"caption\":\"resistencias de frenado\"},{\"@type\":\"BreadcrumbList\",\"@id\":\"https:\/\/fasgrel.com\/producto\/resistencias-de-frenado\/#breadcrumb\",\"itemListElement\":[{\"@type\":\"ListItem\",\"position\":1,\"name\":\"Portada\",\"item\":\"https:\/\/fasgrel.com\/\"},{\"@type\":\"ListItem\",\"position\":2,\"name\":\"Tienda\",\"item\":\"https:\/\/fasgrel.com\/tienda\/\"},{\"@type\":\"ListItem\",\"position\":3,\"name\":\"Resistencias de Frenado\"}]},{\"@type\":\"WebSite\",\"@id\":\"https:\/\/fasgrel.com\/#website\",\"url\":\"https:\/\/fasgrel.com\/\",\"name\":\"Fasgrel\",\"description\":\"Sitio en Construcci\u00f3n\",\"publisher\":{\"@id\":\"https:\/\/fasgrel.com\/#organization\"},\"potentialAction\":[{\"@type\":\"SearchAction\",\"target\":{\"@type\":\"EntryPoint\",\"urlTemplate\":\"https:\/\/fasgrel.com\/?s={search_term_string}\"},\"query-input\":{\"@type\":\"PropertyValueSpecification\",\"valueRequired\":true,\"valueName\":\"search_term_string\"}}],\"inLanguage\":\"en-US\"},{\"@type\":\"Organization\",\"@id\":\"https:\/\/fasgrel.com\/#organization\",\"name\":\"FASGREL\",\"url\":\"https:\/\/fasgrel.com\/\",\"logo\":{\"@type\":\"ImageObject\",\"inLanguage\":\"en-US\",\"@id\":\"https:\/\/fasgrel.com\/#\/schema\/logo\/image\/\",\"url\":\"https:\/\/fasgrel.com\/wp-content\/uploads\/2024\/10\/logo-fasgrel.png\",\"contentUrl\":\"https:\/\/fasgrel.com\/wp-content\/uploads\/2024\/10\/logo-fasgrel.png\",\"width\":427,\"height\":110,\"caption\":\"FASGREL\"},\"image\":{\"@id\":\"https:\/\/fasgrel.com\/#\/schema\/logo\/image\/\"}}]}<\/script>\n<!-- \/ Yoast SEO Premium plugin. -->","yoast_head_json":{"title":"Resistencias de Frenado | INVERTEK","description":"Las resistencias de frenado permiten disipar la energ\u00eda regenerada del motor. M\u00f3ntelo en el disipador de calor de la unidad para ahorrar espacio.","robots":{"index":"index","follow":"follow","max-snippet":"max-snippet:-1","max-image-preview":"max-image-preview:large","max-video-preview":"max-video-preview:-1"},"canonical":"https:\/\/fasgrel.com\/en\/product\/resistencias-de-frenado\/","og_locale":"en_US","og_type":"article","og_title":"Resistencias de Frenado","og_description":"Las resistencias de frenado permiten disipar la energ\u00eda regenerada del motor. M\u00f3ntelo en el disipador de calor de la unidad para ahorrar espacio.","og_url":"https:\/\/fasgrel.com\/en\/product\/resistencias-de-frenado\/","og_site_name":"Fasgrel","article_modified_time":"2026-04-08T04:03:30+00:00","og_image":[{"width":600,"height":600,"url":"https:\/\/fasgrel.com\/wp-content\/uploads\/2024\/07\/resistencias-frenado.jpg","type":"image\/jpeg"}],"twitter_card":"summary_large_image","twitter_misc":{"Est. reading time":"1 minute"},"schema":{"@context":"https:\/\/schema.org","@graph":[{"@type":"WebPage","@id":"https:\/\/fasgrel.com\/producto\/resistencias-de-frenado\/","url":"https:\/\/fasgrel.com\/producto\/resistencias-de-frenado\/","name":"Resistencias de Frenado | INVERTEK","isPartOf":{"@id":"https:\/\/fasgrel.com\/#website"},"primaryImageOfPage":{"@id":"https:\/\/fasgrel.com\/producto\/resistencias-de-frenado\/#primaryimage"},"image":{"@id":"https:\/\/fasgrel.com\/producto\/resistencias-de-frenado\/#primaryimage"},"thumbnailUrl":"https:\/\/fasgrel.com\/wp-content\/uploads\/2024\/07\/resistencias-frenado.jpg","datePublished":"2024-07-08T16:36:14+00:00","dateModified":"2026-04-08T04:03:30+00:00","description":"Las resistencias de frenado permiten disipar la energ\u00eda regenerada del motor. M\u00f3ntelo en el disipador de calor de la unidad para ahorrar espacio.","breadcrumb":{"@id":"https:\/\/fasgrel.com\/producto\/resistencias-de-frenado\/#breadcrumb"},"inLanguage":"en-US","potentialAction":[{"@type":"ReadAction","target":["https:\/\/fasgrel.com\/producto\/resistencias-de-frenado\/"]}]},{"@type":"ImageObject","inLanguage":"en-US","@id":"https:\/\/fasgrel.com\/producto\/resistencias-de-frenado\/#primaryimage","url":"https:\/\/fasgrel.com\/wp-content\/uploads\/2024\/07\/resistencias-frenado.jpg","contentUrl":"https:\/\/fasgrel.com\/wp-content\/uploads\/2024\/07\/resistencias-frenado.jpg","width":600,"height":600,"caption":"resistencias de frenado"},{"@type":"BreadcrumbList","@id":"https:\/\/fasgrel.com\/producto\/resistencias-de-frenado\/#breadcrumb","itemListElement":[{"@type":"ListItem","position":1,"name":"Portada","item":"https:\/\/fasgrel.com\/"},{"@type":"ListItem","position":2,"name":"Tienda","item":"https:\/\/fasgrel.com\/tienda\/"},{"@type":"ListItem","position":3,"name":"Resistencias de Frenado"}]},{"@type":"WebSite","@id":"https:\/\/fasgrel.com\/#website","url":"https:\/\/fasgrel.com\/","name":"Fasgrel","description":"Sitio en Construcci\u00f3n","publisher":{"@id":"https:\/\/fasgrel.com\/#organization"},"potentialAction":[{"@type":"SearchAction","target":{"@type":"EntryPoint","urlTemplate":"https:\/\/fasgrel.com\/?s={search_term_string}"},"query-input":{"@type":"PropertyValueSpecification","valueRequired":true,"valueName":"search_term_string"}}],"inLanguage":"en-US"},{"@type":"Organization","@id":"https:\/\/fasgrel.com\/#organization","name":"FASGREL","url":"https:\/\/fasgrel.com\/","logo":{"@type":"ImageObject","inLanguage":"en-US","@id":"https:\/\/fasgrel.com\/#\/schema\/logo\/image\/","url":"https:\/\/fasgrel.com\/wp-content\/uploads\/2024\/10\/logo-fasgrel.png","contentUrl":"https:\/\/fasgrel.com\/wp-content\/uploads\/2024\/10\/logo-fasgrel.png","width":427,"height":110,"caption":"FASGREL"},"image":{"@id":"https:\/\/fasgrel.com\/#\/schema\/logo\/image\/"}}]}},"brands":[{"id":33,"name":"Invertek","slug":"invertek"}],"_links":{"self":[{"href":"https:\/\/fasgrel.com\/en\/wp-json\/wp\/v2\/product\/280","targetHints":{"allow":["GET"]}}],"collection":[{"href":"https:\/\/fasgrel.com\/en\/wp-json\/wp\/v2\/product"}],"about":[{"href":"https:\/\/fasgrel.com\/en\/wp-json\/wp\/v2\/types\/product"}],"replies":[{"embeddable":true,"href":"https:\/\/fasgrel.com\/en\/wp-json\/wp\/v2\/comments?post=280"}],"wp:featuredmedia":[{"embeddable":true,"href":"https:\/\/fasgrel.com\/en\/wp-json\/wp\/v2\/media\/2345"}],"wp:attachment":[{"href":"https:\/\/fasgrel.com\/en\/wp-json\/wp\/v2\/media?parent=280"}],"wp:term":[{"taxonomy":"pwb-brand","embeddable":true,"href":"https:\/\/fasgrel.com\/en\/wp-json\/wp\/v2\/pwb-brand?post=280"},{"taxonomy":"product_brand","embeddable":true,"href":"https:\/\/fasgrel.com\/en\/wp-json\/wp\/v2\/product_brand?post=280"},{"taxonomy":"product_cat","embeddable":true,"href":"https:\/\/fasgrel.com\/en\/wp-json\/wp\/v2\/product_cat?post=280"},{"taxonomy":"product_tag","embeddable":true,"href":"https:\/\/fasgrel.com\/en\/wp-json\/wp\/v2\/product_tag?post=280"}],"curies":[{"name":"wp","href":"https:\/\/api.w.org\/{rel}","templated":true}]}}