{"id":283,"date":"2024-07-08T16:36:15","date_gmt":"2024-07-08T16:36:15","guid":{"rendered":"http:\/\/fasgrel.com\/?post_type=product&#038;p=283"},"modified":"2026-04-08T04:02:56","modified_gmt":"2026-04-08T04:02:56","slug":"paneles-remotos","status":"publish","type":"product","link":"https:\/\/fasgrel.com\/en\/product\/paneles-remotos\/","title":{"rendered":"Paneles  Remotos"},"content":{"rendered":"<p><span style=\"color: #ff6600;\"><strong>Paneles Remotos para Variadores<\/strong><\/span><\/p>\n<p><span style=\"color: #000000;\">Los paneles remotos <strong>OPTIPORT 2<\/strong> y <strong>OPTIPAD<\/strong> act\u00faan como teclado y pantalla remotos para los variadores de velocidad Optidrive en la red que tiene la misma direcci\u00f3n serial. El dise\u00f1o f\u00edsico y el funcionamiento del teclado y la pantalla Optiport imitan el Optidrive exactamente.<\/span><\/p>\n<p><span style=\"color: #000000;\">Proporcionan la visualizaci\u00f3n de informaci\u00f3n operativa en tiempo real y permite el acceso a par\u00e1metros.<\/span><\/p>\n<p><span style=\"color: #000000;\">Se admiten los siguientes idiomas:<\/span><\/p>\n<p><span style=\"color: #000000;\">Ingl\u00e9s, alem\u00e1n, espa\u00f1ol, italiano, franc\u00e9s, sueco, ruso, polaco, portugu\u00e9s, finland\u00e9s, turco.<\/span><\/p>\n<p><span style=\"color: #000000;\"><strong>OPT-2-OPPAD-IN<\/strong><\/span><br \/>\n<span style=\"color: #000000;\">Ingl\u00e9s, alem\u00e1n, espa\u00f1ol, italiano, franc\u00e9s, sueco, ruso, polaco, portugu\u00e9s, finland\u00e9s<\/span><\/p>\n<p><span style=\"color: #000000;\"><strong>OPT-2-OPPAD-TU<\/strong><\/span><br \/>\n<span style=\"color: #000000;\">Ingl\u00e9s, alem\u00e1n, turco<\/span><\/p>\n<p><span style=\"color: #000000;\"><strong>OPT-3-OPPAD-IN<\/strong><\/span><br \/>\n<span style=\"color: #000000;\">Ingl\u00e9s, alem\u00e1n, espa\u00f1ol, italiano, franc\u00e9s, sueco, ruso<\/span><\/p>\n<p><span style=\"color: #000000;\">Hay tres tipos de teclado de montaje remoto disponibles para la gama OPTIDRIVE.<\/span><\/p>\n<p><span style=\"color: #000000;\"><strong>OPTIPORT 2<\/strong> es un teclado LED de bajo costo, que imita la pantalla del variador y la funci\u00f3n del teclado. Proporciona acceso a todos los par\u00e1metros del variador (que se pueden bloquear si es necesario para evitar el acceso no autorizado). Optiport 2 tambi\u00e9n proporciona una visualizaci\u00f3n remota de la informaci\u00f3n de funcionamiento del variador, como la frecuencia de salida y la corriente, y tambi\u00e9n puede mostrar valores escalados definidos por el usuario, p.e.: velocidad del transportador en metros por minuto.<\/span><\/p>\n<p><span style=\"color: #000000;\"><strong>OPTIPAD 2<\/strong> proporciona las mismas funciones, al tiempo que agrega una pantalla de texto OLED en varios idiomas. Se pueden mostrar hasta tres valores monitoreados simult\u00e1neamente. Todos los par\u00e1metros son accesibles, con la capacidad de bloquear el acceso si es necesario. Los nombres de los par\u00e1metros se muestran como texto sin formato, con ajustes f\u00e1ciles de realizar.<\/span><\/p>\n<p><span style=\"color: #000000;\"><strong>OPTIPAD 3<\/strong> es una pantalla TFT de alta calidad que ofrece una resoluci\u00f3n de pantalla aumentada de 240 x 120 p\u00edxeles. Puede mostrar 34 caracteres de ancho y ofrece traducciones y descripciones de par\u00e1metros mejoradas.<\/span><\/p>","protected":false},"excerpt":{"rendered":"<p><img decoding=\"async\" width=\"240\" height=\"100\" class=\"size-full wp-image-1805 alignleft\" src=\"http:\/\/fasgrel.com\/wp-content\/uploads\/2024\/07\/logo_invertek-1.png\" alt=\"\" \/><\/p>\n<ul>\n<li><span style=\"color: #000000;\">Pantalla de texto OLED en varios idiomas disponible<\/span><\/li>\n<li><span style=\"color: #000000;\">Pantalla de texto TFT en varios idiomas disponible<\/span><\/li>\n<li><span style=\"color: #000000;\">Proporciona visualizaci\u00f3n de informaci\u00f3n operativa en tiempo real y acceso a par\u00e1metros<\/span><\/li>\n<\/ul>\n<p><span style=\"color: #000000;\">Se admiten los siguientes idiomas:<\/span><\/p>\n<p><span style=\"color: #000000;\">Ingl\u00e9s, alem\u00e1n, espa\u00f1ol, italiano, franc\u00e9s, sueco, ruso, polaco, portugu\u00e9s, finland\u00e9s, turco.<\/span><\/p>\n<p><span style=\"color: #0000ff;\"><a style=\"color: #0000ff;\" href=\"http:\/\/fasgrel.com\/en\/categoria\/variadores-de-velocidad\/\"><strong><em>Retornar \u21b5<\/em><\/strong><\/a><\/span><\/p>\n<hr \/>\n<p><span style=\"color: #000000; font-size: 13px;\"><strong>Fabricado en el Reino Unido<\/strong><\/span><\/p>\n<h4><img decoding=\"async\" class=\"alignright\" src=\"https:\/\/www.invertekdrives.com\/img\/common\/flags\/gb.png\" alt=\"GB\" width=\"73\" height=\"53\" \/><\/h4>\n<p><span style=\"color: #000000; font-size: 13px;\">Los productos Invertek se dise\u00f1an y fabrican en el Reino Unido seg\u00fan los principios del sistema de gesti\u00f3n de calidad y medioambiente de las normas ISO 9001 e ISO 14001:2015<\/span><\/p>","protected":false},"featured_media":2342,"comment_status":"closed","ping_status":"closed","template":"","meta":{"_acf_changed":false,"_joinchat":[]},"pwb-brand":[33],"product_brand":[],"product_cat":[16],"product_tag":[],"class_list":{"0":"post-283","1":"product","2":"type-product","3":"status-publish","4":"has-post-thumbnail","6":"pwb-brand-invertek","7":"product_cat-sin-categorizar","9":"first","10":"instock","11":"featured","12":"shipping-taxable","13":"product-type-simple"},"acf":[],"yoast_head":"<!-- This site is optimized with the Yoast SEO Premium plugin v22.9 (Yoast SEO v27.1.1) - https:\/\/yoast.com\/product\/yoast-seo-premium-wordpress\/ -->\n<title>Paneles Remotos | Variadores de Velocidad | INVERTEK<\/title>\n<meta name=\"description\" content=\"Los paneles remotos para variadores act\u00faan como teclado y pantalla remotos para la visualizaci\u00f3n de informaci\u00f3n en tiempo real y el acceso a los par\u00e1metros.\" \/>\n<meta name=\"robots\" content=\"index, follow, max-snippet:-1, max-image-preview:large, max-video-preview:-1\" \/>\n<link rel=\"canonical\" href=\"https:\/\/fasgrel.com\/en\/product\/paneles-remotos\/\" \/>\n<meta property=\"og:locale\" content=\"en_US\" \/>\n<meta property=\"og:type\" content=\"article\" \/>\n<meta property=\"og:title\" content=\"Paneles Remotos\" \/>\n<meta property=\"og:description\" content=\"Los paneles remotos para variadores act\u00faan como teclado y pantalla remotos para la visualizaci\u00f3n de informaci\u00f3n en tiempo real y el acceso a los par\u00e1metros.\" \/>\n<meta property=\"og:url\" content=\"https:\/\/fasgrel.com\/en\/product\/paneles-remotos\/\" \/>\n<meta property=\"og:site_name\" content=\"Fasgrel\" \/>\n<meta property=\"article:modified_time\" content=\"2026-04-08T04:02:56+00:00\" \/>\n<meta property=\"og:image\" content=\"https:\/\/fasgrel.com\/wp-content\/uploads\/2024\/07\/paneles-remotos.jpg\" \/>\n\t<meta property=\"og:image:width\" content=\"600\" \/>\n\t<meta property=\"og:image:height\" content=\"600\" \/>\n\t<meta property=\"og:image:type\" content=\"image\/jpeg\" \/>\n<meta name=\"twitter:card\" content=\"summary_large_image\" \/>\n<meta name=\"twitter:label1\" content=\"Est. reading time\" \/>\n\t<meta name=\"twitter:data1\" content=\"2 minutes\" \/>\n<script type=\"application\/ld+json\" class=\"yoast-schema-graph\">{\"@context\":\"https:\/\/schema.org\",\"@graph\":[{\"@type\":\"WebPage\",\"@id\":\"https:\/\/fasgrel.com\/producto\/paneles-remotos\/\",\"url\":\"https:\/\/fasgrel.com\/producto\/paneles-remotos\/\",\"name\":\"Paneles Remotos | Variadores de Velocidad | INVERTEK\",\"isPartOf\":{\"@id\":\"https:\/\/fasgrel.com\/#website\"},\"primaryImageOfPage\":{\"@id\":\"https:\/\/fasgrel.com\/producto\/paneles-remotos\/#primaryimage\"},\"image\":{\"@id\":\"https:\/\/fasgrel.com\/producto\/paneles-remotos\/#primaryimage\"},\"thumbnailUrl\":\"https:\/\/fasgrel.com\/wp-content\/uploads\/2024\/07\/paneles-remotos.jpg\",\"datePublished\":\"2024-07-08T16:36:15+00:00\",\"dateModified\":\"2026-04-08T04:02:56+00:00\",\"description\":\"Los paneles remotos para variadores act\u00faan como teclado y pantalla remotos para la visualizaci\u00f3n de informaci\u00f3n en tiempo real y el acceso a los par\u00e1metros.\",\"breadcrumb\":{\"@id\":\"https:\/\/fasgrel.com\/producto\/paneles-remotos\/#breadcrumb\"},\"inLanguage\":\"en-US\",\"potentialAction\":[{\"@type\":\"ReadAction\",\"target\":[\"https:\/\/fasgrel.com\/producto\/paneles-remotos\/\"]}]},{\"@type\":\"ImageObject\",\"inLanguage\":\"en-US\",\"@id\":\"https:\/\/fasgrel.com\/producto\/paneles-remotos\/#primaryimage\",\"url\":\"https:\/\/fasgrel.com\/wp-content\/uploads\/2024\/07\/paneles-remotos.jpg\",\"contentUrl\":\"https:\/\/fasgrel.com\/wp-content\/uploads\/2024\/07\/paneles-remotos.jpg\",\"width\":600,\"height\":600,\"caption\":\"paneles remotos\"},{\"@type\":\"BreadcrumbList\",\"@id\":\"https:\/\/fasgrel.com\/producto\/paneles-remotos\/#breadcrumb\",\"itemListElement\":[{\"@type\":\"ListItem\",\"position\":1,\"name\":\"Portada\",\"item\":\"https:\/\/fasgrel.com\/\"},{\"@type\":\"ListItem\",\"position\":2,\"name\":\"Tienda\",\"item\":\"https:\/\/fasgrel.com\/tienda\/\"},{\"@type\":\"ListItem\",\"position\":3,\"name\":\"Paneles Remotos\"}]},{\"@type\":\"WebSite\",\"@id\":\"https:\/\/fasgrel.com\/#website\",\"url\":\"https:\/\/fasgrel.com\/\",\"name\":\"Fasgrel\",\"description\":\"Sitio en Construcci\u00f3n\",\"publisher\":{\"@id\":\"https:\/\/fasgrel.com\/#organization\"},\"potentialAction\":[{\"@type\":\"SearchAction\",\"target\":{\"@type\":\"EntryPoint\",\"urlTemplate\":\"https:\/\/fasgrel.com\/?s={search_term_string}\"},\"query-input\":{\"@type\":\"PropertyValueSpecification\",\"valueRequired\":true,\"valueName\":\"search_term_string\"}}],\"inLanguage\":\"en-US\"},{\"@type\":\"Organization\",\"@id\":\"https:\/\/fasgrel.com\/#organization\",\"name\":\"FASGREL\",\"url\":\"https:\/\/fasgrel.com\/\",\"logo\":{\"@type\":\"ImageObject\",\"inLanguage\":\"en-US\",\"@id\":\"https:\/\/fasgrel.com\/#\/schema\/logo\/image\/\",\"url\":\"https:\/\/fasgrel.com\/wp-content\/uploads\/2024\/10\/logo-fasgrel.png\",\"contentUrl\":\"https:\/\/fasgrel.com\/wp-content\/uploads\/2024\/10\/logo-fasgrel.png\",\"width\":427,\"height\":110,\"caption\":\"FASGREL\"},\"image\":{\"@id\":\"https:\/\/fasgrel.com\/#\/schema\/logo\/image\/\"}}]}<\/script>\n<!-- \/ Yoast SEO Premium plugin. -->","yoast_head_json":{"title":"Paneles Remotos | Variadores de Velocidad | INVERTEK","description":"Los paneles remotos para variadores act\u00faan como teclado y pantalla remotos para la visualizaci\u00f3n de informaci\u00f3n en tiempo real y el acceso a los par\u00e1metros.","robots":{"index":"index","follow":"follow","max-snippet":"max-snippet:-1","max-image-preview":"max-image-preview:large","max-video-preview":"max-video-preview:-1"},"canonical":"https:\/\/fasgrel.com\/en\/product\/paneles-remotos\/","og_locale":"en_US","og_type":"article","og_title":"Paneles Remotos","og_description":"Los paneles remotos para variadores act\u00faan como teclado y pantalla remotos para la visualizaci\u00f3n de informaci\u00f3n en tiempo real y el acceso a los par\u00e1metros.","og_url":"https:\/\/fasgrel.com\/en\/product\/paneles-remotos\/","og_site_name":"Fasgrel","article_modified_time":"2026-04-08T04:02:56+00:00","og_image":[{"width":600,"height":600,"url":"https:\/\/fasgrel.com\/wp-content\/uploads\/2024\/07\/paneles-remotos.jpg","type":"image\/jpeg"}],"twitter_card":"summary_large_image","twitter_misc":{"Est. reading time":"2 minutes"},"schema":{"@context":"https:\/\/schema.org","@graph":[{"@type":"WebPage","@id":"https:\/\/fasgrel.com\/producto\/paneles-remotos\/","url":"https:\/\/fasgrel.com\/producto\/paneles-remotos\/","name":"Paneles Remotos | Variadores de Velocidad | INVERTEK","isPartOf":{"@id":"https:\/\/fasgrel.com\/#website"},"primaryImageOfPage":{"@id":"https:\/\/fasgrel.com\/producto\/paneles-remotos\/#primaryimage"},"image":{"@id":"https:\/\/fasgrel.com\/producto\/paneles-remotos\/#primaryimage"},"thumbnailUrl":"https:\/\/fasgrel.com\/wp-content\/uploads\/2024\/07\/paneles-remotos.jpg","datePublished":"2024-07-08T16:36:15+00:00","dateModified":"2026-04-08T04:02:56+00:00","description":"Los paneles remotos para variadores act\u00faan como teclado y pantalla remotos para la visualizaci\u00f3n de informaci\u00f3n en tiempo real y el acceso a los par\u00e1metros.","breadcrumb":{"@id":"https:\/\/fasgrel.com\/producto\/paneles-remotos\/#breadcrumb"},"inLanguage":"en-US","potentialAction":[{"@type":"ReadAction","target":["https:\/\/fasgrel.com\/producto\/paneles-remotos\/"]}]},{"@type":"ImageObject","inLanguage":"en-US","@id":"https:\/\/fasgrel.com\/producto\/paneles-remotos\/#primaryimage","url":"https:\/\/fasgrel.com\/wp-content\/uploads\/2024\/07\/paneles-remotos.jpg","contentUrl":"https:\/\/fasgrel.com\/wp-content\/uploads\/2024\/07\/paneles-remotos.jpg","width":600,"height":600,"caption":"paneles remotos"},{"@type":"BreadcrumbList","@id":"https:\/\/fasgrel.com\/producto\/paneles-remotos\/#breadcrumb","itemListElement":[{"@type":"ListItem","position":1,"name":"Portada","item":"https:\/\/fasgrel.com\/"},{"@type":"ListItem","position":2,"name":"Tienda","item":"https:\/\/fasgrel.com\/tienda\/"},{"@type":"ListItem","position":3,"name":"Paneles Remotos"}]},{"@type":"WebSite","@id":"https:\/\/fasgrel.com\/#website","url":"https:\/\/fasgrel.com\/","name":"Fasgrel","description":"Sitio en Construcci\u00f3n","publisher":{"@id":"https:\/\/fasgrel.com\/#organization"},"potentialAction":[{"@type":"SearchAction","target":{"@type":"EntryPoint","urlTemplate":"https:\/\/fasgrel.com\/?s={search_term_string}"},"query-input":{"@type":"PropertyValueSpecification","valueRequired":true,"valueName":"search_term_string"}}],"inLanguage":"en-US"},{"@type":"Organization","@id":"https:\/\/fasgrel.com\/#organization","name":"FASGREL","url":"https:\/\/fasgrel.com\/","logo":{"@type":"ImageObject","inLanguage":"en-US","@id":"https:\/\/fasgrel.com\/#\/schema\/logo\/image\/","url":"https:\/\/fasgrel.com\/wp-content\/uploads\/2024\/10\/logo-fasgrel.png","contentUrl":"https:\/\/fasgrel.com\/wp-content\/uploads\/2024\/10\/logo-fasgrel.png","width":427,"height":110,"caption":"FASGREL"},"image":{"@id":"https:\/\/fasgrel.com\/#\/schema\/logo\/image\/"}}]}},"brands":[{"id":33,"name":"Invertek","slug":"invertek"}],"_links":{"self":[{"href":"https:\/\/fasgrel.com\/en\/wp-json\/wp\/v2\/product\/283","targetHints":{"allow":["GET"]}}],"collection":[{"href":"https:\/\/fasgrel.com\/en\/wp-json\/wp\/v2\/product"}],"about":[{"href":"https:\/\/fasgrel.com\/en\/wp-json\/wp\/v2\/types\/product"}],"replies":[{"embeddable":true,"href":"https:\/\/fasgrel.com\/en\/wp-json\/wp\/v2\/comments?post=283"}],"wp:featuredmedia":[{"embeddable":true,"href":"https:\/\/fasgrel.com\/en\/wp-json\/wp\/v2\/media\/2342"}],"wp:attachment":[{"href":"https:\/\/fasgrel.com\/en\/wp-json\/wp\/v2\/media?parent=283"}],"wp:term":[{"taxonomy":"pwb-brand","embeddable":true,"href":"https:\/\/fasgrel.com\/en\/wp-json\/wp\/v2\/pwb-brand?post=283"},{"taxonomy":"product_brand","embeddable":true,"href":"https:\/\/fasgrel.com\/en\/wp-json\/wp\/v2\/product_brand?post=283"},{"taxonomy":"product_cat","embeddable":true,"href":"https:\/\/fasgrel.com\/en\/wp-json\/wp\/v2\/product_cat?post=283"},{"taxonomy":"product_tag","embeddable":true,"href":"https:\/\/fasgrel.com\/en\/wp-json\/wp\/v2\/product_tag?post=283"}],"curies":[{"name":"wp","href":"https:\/\/api.w.org\/{rel}","templated":true}]}}