{"id":292,"date":"2024-07-08T16:36:16","date_gmt":"2024-07-08T16:36:16","guid":{"rendered":"http:\/\/fasgrel.com\/?post_type=product&#038;p=292"},"modified":"2026-04-08T04:02:38","modified_gmt":"2026-04-08T04:02:38","slug":"variador-de-velocidad-sistemas-hvac-invertek-eco","status":"publish","type":"product","link":"https:\/\/fasgrel.com\/en\/product\/variador-de-velocidad-sistemas-hvac-invertek-eco\/","title":{"rendered":"VARIADOR DE VELOCIDAD | ECO | INVERTEK | HVAC, Bombas y Ventiladores"},"content":{"rendered":"<p><span style=\"color: #333399;\"><strong>Variador de velocidad para Sistemas HVAC, Bombas y Ventiladores<\/strong><\/span><\/p>\n<p><strong><span style=\"color: #ff6600;\">Control eficiente, fiable y silencioso de motores<\/span><\/strong><\/p>\n<p><span style=\"color: #000000;\">El variador de velocidad <strong>INVERTEK ECO<\/strong> para sistemas HVAC, proporcionan un control eficiente y confiable de motores para aplicaciones HVAC y de bombeo. Dise\u00f1ado para proporcionar la m\u00e1xima eficiencia operativa, al tiempo que minimiza el impacto ambiental. Ofrece un rendimiento y flexibilidad sin igual.<\/span><\/p>\n<ul>\n<li><span style=\"color: #000000;\">Control preciso de la velocidad<\/span><\/li>\n<li><span style=\"color: #000000;\">Funci\u00f3n de optimizaci\u00f3n energ\u00e9tica<\/span><\/li>\n<li><span style=\"color: #000000;\">Evitaci\u00f3n de resonancia<\/span><\/li>\n<li><span style=\"color: #000000;\">Funciones dormir \/ despertar<\/span><\/li>\n<li><span style=\"color: #000000;\">Funciones avanzadas a bordo<\/span><\/li>\n<li><span style=\"color: #000000;\">Intervalo de mantenimiento inteligente<\/span><\/li>\n<li><span style=\"color: #000000;\">IP55 e IP66 opciones de caja<\/span><\/li>\n<li><span style=\"color: #000000;\">Pantalla OLED est\u00e1ndar en todos los modelos<\/span><\/li>\n<li><span style=\"color: #000000;\">Estructura simple par\u00e1metro<\/span><\/li>\n<li><span style=\"color: #000000;\">Dise\u00f1o pr\u00e1ctico<\/span><\/li>\n<li><span style=\"color: #000000;\">Controlador PID integrado<\/span><\/li>\n<li><span style=\"color: #000000;\">Kit de montaje disponible a trav\u00e9s de hoyos<\/span><\/li>\n<\/ul>\n<p><span style=\"color: #000000;\">El variador de velocidad <strong>INVERTEK ECO<\/strong> para sistemas HVAC puede ser utilizado en aplicaciones con Bombas y Ventiladores.<\/span><\/p>\n<h6 class=\"col-md-3\"><strong><span style=\"color: #ff6600;\">Control de bombas<\/span><\/strong><\/h6>\n<div class=\"col-md\">\n<ul>\n<li><span style=\"color: #000000;\">Control de su sistema de bombeo<\/span><\/li>\n<li><span style=\"color: #000000;\">Control de bombas m\u00faltiples Optiflow<\/span><\/li>\n<li><span style=\"color: #000000;\">Control bombeo en cascada<\/span><\/li>\n<li><span style=\"color: #000000;\">Optimizaci\u00f3n de la eficiencia<\/span><\/li>\n<li><span style=\"color: #000000;\">Manual \/ Autom\u00e1tico<\/span><\/li>\n<li><span style=\"color: #000000;\">Prevenci\u00f3n del tiempo de inactividad de la bomba<\/span><\/li>\n<li><span style=\"color: #000000;\">Detecci\u00f3n\/despeje de atascos<\/span><\/li>\n<li><span style=\"color: #000000;\">Protecci\u00f3n contra la marcha en seco<\/span><\/li>\n<li><span style=\"color: #000000;\">Funci\u00f3n de precalentamiento del motor<\/span><\/li>\n<li><span style=\"color: #000000;\">Ciclo de agitaci\u00f3n de la bomba<\/span><\/li>\n<li><span style=\"color: #000000;\">Cebado de bombas con detecci\u00f3n de rotura de tuber\u00edas<\/span><\/li>\n<li><span style=\"color: #000000;\">Bypass controlado por la unidad<\/span><\/li>\n<\/ul>\n<h6><strong><span style=\"color: #ff6600;\">Servicios HVAC en edificios<\/span><\/strong><\/h6>\n<ul>\n<li><span style=\"color: #000000;\">Control de su sistema de climatizaci\u00f3n<\/span><\/li>\n<li><span style=\"color: #000000;\">Funcionamiento de varios ventiladores<\/span><\/li>\n<li><span style=\"color: #000000;\">Automatizaci\u00f3n de edificios<\/span><\/li>\n<li><span style=\"color: #000000;\">Optimizaci\u00f3n de la eficiencia<\/span><\/li>\n<li><span style=\"color: #000000;\">Manual \/ Autom\u00e1tico<\/span><\/li>\n<li><span style=\"color: #000000;\">Detecci\u00f3n de rotura de correa<\/span><\/li>\n<li><span style=\"color: #000000;\">Reducci\u00f3n del ruido<\/span><\/li>\n<li><span style=\"color: #000000;\">Evita la resonancia<\/span><\/li>\n<li><span style=\"color: #000000;\">Bypass controlado por la unidad<\/span><\/li>\n<\/ul>\n<p><span style=\"color: #000000;\">El variador de velocidad <strong>INVERTEK ECO<\/strong> para sistemas HVAC trae diferentes grados de protecci\u00f3n:<\/span><\/p>\n<h6><span style=\"color: #ff6600;\"><strong>1. Variador de velocidad INVERTEK ECO \u2013 IP20<\/strong><\/span><\/h6>\n<ul class=\"enclosure-bullets\">\n<li><span style=\"color: #000000;\">Carcasas compactas y robustas para montar en panel\/armario<\/span><\/li>\n<li><span style=\"color: #000000;\">Los tama\u00f1os 2-5, 6A, 6B y 8 cubren rangos de potencia de <strong>hasta 250 kW\/450 CV<\/strong><\/span><\/li>\n<li><span style=\"color: #000000;\">Funciona <strong>hasta 50 \u00b0C<\/strong><\/span><\/li>\n<li><span style=\"color: #000000;\">Montajes de cerradura para una instalaci\u00f3n r\u00e1pida<\/span><\/li>\n<li><span style=\"color: #000000;\">Temporizador de intervalos de mantenimiento e indicaci\u00f3n de servicio<\/span><\/li>\n<\/ul>\n<h6><span style=\"color: #ff6600;\"><strong>2. Variador de velocidad INVERTEK ECO \u2013 IP55<\/strong><\/span><\/h6>\n<ul class=\"enclosure-bullets\">\n<li><span style=\"color: #000000;\">Carcasas compactas y robustas para montar en panel\/armario<\/span><\/li>\n<li><span style=\"color: #000000;\">Los tama\u00f1os 4-7 cubren rangos de potencia de <strong>hasta 160 kW\/250 CV<\/strong><\/span><\/li>\n<li><span style=\"color: #000000;\">Funciona <strong>de 10 \u00b0C a 50 \u00b0C<\/strong><\/span><\/li>\n<\/ul>\n<h6><span style=\"color: #ff6600;\"><strong>3. Variador de velocidad\u00a0 INVERTEK ECO \u2013 IP66<\/strong><\/span><\/h6>\n<ul class=\"enclosure-bullets\">\n<li><span style=\"color: #000000;\">Carcasa de policarbonato <strong>resistente para exteriores<\/strong><\/span><\/li>\n<li><span style=\"color: #000000;\">Tama\u00f1os 2-3 <strong>hasta 11 kW\/15 CV<\/strong><\/span><\/li>\n<li><span style=\"color: #000000;\"><strong>Herm\u00e9tico al polvo y listo para el lavado a alta presi\u00f3n<\/strong><\/span><\/li>\n<li><span style=\"color: #000000;\">PCBAs con recubrimiento de conformidad de serie<\/span><\/li>\n<\/ul>\n<\/div>","protected":false},"excerpt":{"rendered":"<p><span style=\"color: #000000;\"><strong><span style=\"font-size: 18px;\"><img decoding=\"async\" class=\"size-full wp-image-1805 alignleft\" src=\"http:\/\/fasgrel.com\/wp-content\/uploads\/2024\/07\/logo_invertek-1.png\" alt=\"\" width=\"240\" height=\"100\" \/><\/span><\/strong><\/span><\/p>\n<p><span style=\"color: #000000;\"><strong><span style=\"font-size: 18px;\">Entrada monof\u00e1sica y trif\u00e1sica<\/span><\/strong><\/span><\/p>\n<p><span style=\"color: #000000;\"><strong><span style=\"font-size: 18px;\">200 V &#8211; 600 V<\/span><\/strong><\/span><\/p>\n<p><strong><span style=\"font-size: 18px;\"><span style=\"color: #000000;\">0.75 &#8211; 250 kW \/ 1 &#8211; 400 HP<\/span><\/span><\/strong><\/p>\n<p><span style=\"color: #333399;\"><strong><strong style=\"color: #000000;\">IP20 &amp; IP55 &amp; IP66\u00a0 \u00a0<\/strong>Control para todo tipo de motores\u00a0 <span style=\"font-size: 18px;\"><em><span style=\"color: #0000ff;\"><a style=\"color: #0000ff;\" href=\"https:\/\/admin.invertekdrives.com\/assets\/5D06018E-C00B-43FD-B074-0930F5F09807\/85-ECOBD-IN%20Optidrive%20Eco%20HVAC%20Brochure%20V3.02.pdf\" target=\"_blank\" rel=\"noopener noreferrer\">Cat\u00e1logo HVAC<\/a> \/ <\/span><\/em><\/span><span style=\"font-size: 18px;\"><em><span style=\"color: #0000ff;\"><a style=\"color: #0000ff;\" href=\"https:\/\/admin.invertekdrives.com\/assets\/ADE69271-54A1-4108-A78B-2CE87D6A144E\/85-ECOPU-IN%20Optidrive%20Eco%20Pump%20Brochure%20V3.02.pdf\" target=\"_blank\" rel=\"noopener noreferrer\">Cat\u00e1logo Bombas<\/a><\/span><\/em><\/span><\/strong><\/span><\/p>\n<hr \/>\n<div class=\"col-md-3\">\n<p><strong><span style=\"color: #ff6600;\">Para aplicaciones HVAC, Bombas y Ventiladores<\/span><\/strong><\/p>\n<\/div>\n<div class=\"col-md\">\n<p><span style=\"color: #000000;\">La tecnolog\u00eda de <strong>control de bombas m\u00faltiples<\/strong> Optiflow es solo una de las caracter\u00edsticas especializadas de esta unidad dedicada al control flexible y eficiente de bombas.<\/span><\/p>\n<p><span style=\"color: #0000ff;\"><a style=\"color: #0000ff;\" href=\"http:\/\/fasgrel.com\/en\/categoria\/variadores-de-velocidad\/\"><strong><em>Retornar \u21b5<\/em><\/strong><\/a><\/span><\/p>\n<hr \/>\n<p><span style=\"color: #000000; font-size: 13px;\"><strong>Fabricado en el Reino Unido<\/strong><\/span><\/p>\n<h4><img decoding=\"async\" class=\"alignright\" src=\"https:\/\/www.invertekdrives.com\/img\/common\/flags\/gb.png\" alt=\"GB\" width=\"73\" height=\"53\" \/><\/h4>\n<p><span style=\"color: #000000; font-size: 13px;\">Los productos Invertek se dise\u00f1an y fabrican en el Reino Unido seg\u00fan los principios del sistema de gesti\u00f3n de calidad y medioambiente de las normas ISO 9001 e ISO 14001:2015<\/span><\/p>\n<\/div>","protected":false},"featured_media":2341,"comment_status":"closed","ping_status":"closed","template":"","meta":{"_acf_changed":false,"_joinchat":[]},"pwb-brand":[33],"product_brand":[],"product_cat":[16],"product_tag":[],"class_list":{"0":"post-292","1":"product","2":"type-product","3":"status-publish","4":"has-post-thumbnail","6":"pwb-brand-invertek","7":"product_cat-sin-categorizar","9":"first","10":"instock","11":"featured","12":"shipping-taxable","13":"product-type-simple"},"acf":[],"yoast_head":"<!-- This site is optimized with the Yoast SEO Premium plugin v22.9 (Yoast SEO v27.1.1) - https:\/\/yoast.com\/product\/yoast-seo-premium-wordpress\/ -->\n<title>Variador de Velocidad | Sistemas HVAC | INVERTEK<\/title>\n<meta name=\"description\" content=\"Variador de velocidad INVERTEK ECO, para sistemas HVAC. R\u00e1pida instalaci\u00f3n y puesta en marcha. Confiable en las aplicaciones m\u00e1s exigentes\" \/>\n<meta name=\"robots\" content=\"index, follow, max-snippet:-1, max-image-preview:large, max-video-preview:-1\" \/>\n<link rel=\"canonical\" href=\"https:\/\/fasgrel.com\/en\/product\/variador-de-velocidad-sistemas-hvac-invertek-eco\/\" \/>\n<meta property=\"og:locale\" content=\"en_US\" \/>\n<meta property=\"og:type\" content=\"article\" \/>\n<meta property=\"og:title\" content=\"VARIADOR DE VELOCIDAD | ECO | INVERTEK | HVAC, Bombas y Ventiladores\" \/>\n<meta property=\"og:description\" content=\"Variador de velocidad INVERTEK ECO, para sistemas HVAC. R\u00e1pida instalaci\u00f3n y puesta en marcha. Confiable en las aplicaciones m\u00e1s exigentes\" \/>\n<meta property=\"og:url\" content=\"https:\/\/fasgrel.com\/en\/product\/variador-de-velocidad-sistemas-hvac-invertek-eco\/\" \/>\n<meta property=\"og:site_name\" content=\"Fasgrel\" \/>\n<meta property=\"article:modified_time\" content=\"2026-04-08T04:02:38+00:00\" \/>\n<meta property=\"og:image\" content=\"https:\/\/fasgrel.com\/wp-content\/uploads\/2024\/07\/variador-velocidad-eco.jpg\" \/>\n\t<meta property=\"og:image:width\" content=\"600\" \/>\n\t<meta property=\"og:image:height\" content=\"600\" \/>\n\t<meta property=\"og:image:type\" content=\"image\/jpeg\" \/>\n<meta name=\"twitter:card\" content=\"summary_large_image\" \/>\n<meta name=\"twitter:label1\" content=\"Est. reading time\" \/>\n\t<meta name=\"twitter:data1\" content=\"2 minutes\" \/>\n<script type=\"application\/ld+json\" class=\"yoast-schema-graph\">{\"@context\":\"https:\/\/schema.org\",\"@graph\":[{\"@type\":\"WebPage\",\"@id\":\"https:\/\/fasgrel.com\/producto\/variador-de-velocidad-sistemas-hvac-invertek-eco\/\",\"url\":\"https:\/\/fasgrel.com\/producto\/variador-de-velocidad-sistemas-hvac-invertek-eco\/\",\"name\":\"Variador de Velocidad | Sistemas HVAC | INVERTEK\",\"isPartOf\":{\"@id\":\"https:\/\/fasgrel.com\/#website\"},\"primaryImageOfPage\":{\"@id\":\"https:\/\/fasgrel.com\/producto\/variador-de-velocidad-sistemas-hvac-invertek-eco\/#primaryimage\"},\"image\":{\"@id\":\"https:\/\/fasgrel.com\/producto\/variador-de-velocidad-sistemas-hvac-invertek-eco\/#primaryimage\"},\"thumbnailUrl\":\"https:\/\/fasgrel.com\/wp-content\/uploads\/2024\/07\/variador-velocidad-eco.jpg\",\"datePublished\":\"2024-07-08T16:36:16+00:00\",\"dateModified\":\"2026-04-08T04:02:38+00:00\",\"description\":\"Variador de velocidad INVERTEK ECO, para sistemas HVAC. R\u00e1pida instalaci\u00f3n y puesta en marcha. Confiable en las aplicaciones m\u00e1s exigentes\",\"breadcrumb\":{\"@id\":\"https:\/\/fasgrel.com\/producto\/variador-de-velocidad-sistemas-hvac-invertek-eco\/#breadcrumb\"},\"inLanguage\":\"en-US\",\"potentialAction\":[{\"@type\":\"ReadAction\",\"target\":[\"https:\/\/fasgrel.com\/producto\/variador-de-velocidad-sistemas-hvac-invertek-eco\/\"]}]},{\"@type\":\"ImageObject\",\"inLanguage\":\"en-US\",\"@id\":\"https:\/\/fasgrel.com\/producto\/variador-de-velocidad-sistemas-hvac-invertek-eco\/#primaryimage\",\"url\":\"https:\/\/fasgrel.com\/wp-content\/uploads\/2024\/07\/variador-velocidad-eco.jpg\",\"contentUrl\":\"https:\/\/fasgrel.com\/wp-content\/uploads\/2024\/07\/variador-velocidad-eco.jpg\",\"width\":600,\"height\":600,\"caption\":\"variador de velocidad sistemas hvac\"},{\"@type\":\"BreadcrumbList\",\"@id\":\"https:\/\/fasgrel.com\/producto\/variador-de-velocidad-sistemas-hvac-invertek-eco\/#breadcrumb\",\"itemListElement\":[{\"@type\":\"ListItem\",\"position\":1,\"name\":\"Portada\",\"item\":\"https:\/\/fasgrel.com\/\"},{\"@type\":\"ListItem\",\"position\":2,\"name\":\"Tienda\",\"item\":\"https:\/\/fasgrel.com\/tienda\/\"},{\"@type\":\"ListItem\",\"position\":3,\"name\":\"VARIADOR DE VELOCIDAD | ECO | INVERTEK | HVAC, Bombas y Ventiladores\"}]},{\"@type\":\"WebSite\",\"@id\":\"https:\/\/fasgrel.com\/#website\",\"url\":\"https:\/\/fasgrel.com\/\",\"name\":\"Fasgrel\",\"description\":\"Sitio en Construcci\u00f3n\",\"publisher\":{\"@id\":\"https:\/\/fasgrel.com\/#organization\"},\"potentialAction\":[{\"@type\":\"SearchAction\",\"target\":{\"@type\":\"EntryPoint\",\"urlTemplate\":\"https:\/\/fasgrel.com\/?s={search_term_string}\"},\"query-input\":{\"@type\":\"PropertyValueSpecification\",\"valueRequired\":true,\"valueName\":\"search_term_string\"}}],\"inLanguage\":\"en-US\"},{\"@type\":\"Organization\",\"@id\":\"https:\/\/fasgrel.com\/#organization\",\"name\":\"FASGREL\",\"url\":\"https:\/\/fasgrel.com\/\",\"logo\":{\"@type\":\"ImageObject\",\"inLanguage\":\"en-US\",\"@id\":\"https:\/\/fasgrel.com\/#\/schema\/logo\/image\/\",\"url\":\"https:\/\/fasgrel.com\/wp-content\/uploads\/2024\/10\/logo-fasgrel.png\",\"contentUrl\":\"https:\/\/fasgrel.com\/wp-content\/uploads\/2024\/10\/logo-fasgrel.png\",\"width\":427,\"height\":110,\"caption\":\"FASGREL\"},\"image\":{\"@id\":\"https:\/\/fasgrel.com\/#\/schema\/logo\/image\/\"}}]}<\/script>\n<!-- \/ Yoast SEO Premium plugin. -->","yoast_head_json":{"title":"Variador de Velocidad | Sistemas HVAC | INVERTEK","description":"Variador de velocidad INVERTEK ECO, para sistemas HVAC. R\u00e1pida instalaci\u00f3n y puesta en marcha. Confiable en las aplicaciones m\u00e1s exigentes","robots":{"index":"index","follow":"follow","max-snippet":"max-snippet:-1","max-image-preview":"max-image-preview:large","max-video-preview":"max-video-preview:-1"},"canonical":"https:\/\/fasgrel.com\/en\/product\/variador-de-velocidad-sistemas-hvac-invertek-eco\/","og_locale":"en_US","og_type":"article","og_title":"VARIADOR DE VELOCIDAD | ECO | INVERTEK | HVAC, Bombas y Ventiladores","og_description":"Variador de velocidad INVERTEK ECO, para sistemas HVAC. R\u00e1pida instalaci\u00f3n y puesta en marcha. Confiable en las aplicaciones m\u00e1s exigentes","og_url":"https:\/\/fasgrel.com\/en\/product\/variador-de-velocidad-sistemas-hvac-invertek-eco\/","og_site_name":"Fasgrel","article_modified_time":"2026-04-08T04:02:38+00:00","og_image":[{"width":600,"height":600,"url":"https:\/\/fasgrel.com\/wp-content\/uploads\/2024\/07\/variador-velocidad-eco.jpg","type":"image\/jpeg"}],"twitter_card":"summary_large_image","twitter_misc":{"Est. reading time":"2 minutes"},"schema":{"@context":"https:\/\/schema.org","@graph":[{"@type":"WebPage","@id":"https:\/\/fasgrel.com\/producto\/variador-de-velocidad-sistemas-hvac-invertek-eco\/","url":"https:\/\/fasgrel.com\/producto\/variador-de-velocidad-sistemas-hvac-invertek-eco\/","name":"Variador de Velocidad | Sistemas HVAC | INVERTEK","isPartOf":{"@id":"https:\/\/fasgrel.com\/#website"},"primaryImageOfPage":{"@id":"https:\/\/fasgrel.com\/producto\/variador-de-velocidad-sistemas-hvac-invertek-eco\/#primaryimage"},"image":{"@id":"https:\/\/fasgrel.com\/producto\/variador-de-velocidad-sistemas-hvac-invertek-eco\/#primaryimage"},"thumbnailUrl":"https:\/\/fasgrel.com\/wp-content\/uploads\/2024\/07\/variador-velocidad-eco.jpg","datePublished":"2024-07-08T16:36:16+00:00","dateModified":"2026-04-08T04:02:38+00:00","description":"Variador de velocidad INVERTEK ECO, para sistemas HVAC. R\u00e1pida instalaci\u00f3n y puesta en marcha. Confiable en las aplicaciones m\u00e1s exigentes","breadcrumb":{"@id":"https:\/\/fasgrel.com\/producto\/variador-de-velocidad-sistemas-hvac-invertek-eco\/#breadcrumb"},"inLanguage":"en-US","potentialAction":[{"@type":"ReadAction","target":["https:\/\/fasgrel.com\/producto\/variador-de-velocidad-sistemas-hvac-invertek-eco\/"]}]},{"@type":"ImageObject","inLanguage":"en-US","@id":"https:\/\/fasgrel.com\/producto\/variador-de-velocidad-sistemas-hvac-invertek-eco\/#primaryimage","url":"https:\/\/fasgrel.com\/wp-content\/uploads\/2024\/07\/variador-velocidad-eco.jpg","contentUrl":"https:\/\/fasgrel.com\/wp-content\/uploads\/2024\/07\/variador-velocidad-eco.jpg","width":600,"height":600,"caption":"variador de velocidad sistemas hvac"},{"@type":"BreadcrumbList","@id":"https:\/\/fasgrel.com\/producto\/variador-de-velocidad-sistemas-hvac-invertek-eco\/#breadcrumb","itemListElement":[{"@type":"ListItem","position":1,"name":"Portada","item":"https:\/\/fasgrel.com\/"},{"@type":"ListItem","position":2,"name":"Tienda","item":"https:\/\/fasgrel.com\/tienda\/"},{"@type":"ListItem","position":3,"name":"VARIADOR DE VELOCIDAD | ECO | INVERTEK | HVAC, Bombas y Ventiladores"}]},{"@type":"WebSite","@id":"https:\/\/fasgrel.com\/#website","url":"https:\/\/fasgrel.com\/","name":"Fasgrel","description":"Sitio en Construcci\u00f3n","publisher":{"@id":"https:\/\/fasgrel.com\/#organization"},"potentialAction":[{"@type":"SearchAction","target":{"@type":"EntryPoint","urlTemplate":"https:\/\/fasgrel.com\/?s={search_term_string}"},"query-input":{"@type":"PropertyValueSpecification","valueRequired":true,"valueName":"search_term_string"}}],"inLanguage":"en-US"},{"@type":"Organization","@id":"https:\/\/fasgrel.com\/#organization","name":"FASGREL","url":"https:\/\/fasgrel.com\/","logo":{"@type":"ImageObject","inLanguage":"en-US","@id":"https:\/\/fasgrel.com\/#\/schema\/logo\/image\/","url":"https:\/\/fasgrel.com\/wp-content\/uploads\/2024\/10\/logo-fasgrel.png","contentUrl":"https:\/\/fasgrel.com\/wp-content\/uploads\/2024\/10\/logo-fasgrel.png","width":427,"height":110,"caption":"FASGREL"},"image":{"@id":"https:\/\/fasgrel.com\/#\/schema\/logo\/image\/"}}]}},"brands":[{"id":33,"name":"Invertek","slug":"invertek"}],"_links":{"self":[{"href":"https:\/\/fasgrel.com\/en\/wp-json\/wp\/v2\/product\/292","targetHints":{"allow":["GET"]}}],"collection":[{"href":"https:\/\/fasgrel.com\/en\/wp-json\/wp\/v2\/product"}],"about":[{"href":"https:\/\/fasgrel.com\/en\/wp-json\/wp\/v2\/types\/product"}],"replies":[{"embeddable":true,"href":"https:\/\/fasgrel.com\/en\/wp-json\/wp\/v2\/comments?post=292"}],"wp:featuredmedia":[{"embeddable":true,"href":"https:\/\/fasgrel.com\/en\/wp-json\/wp\/v2\/media\/2341"}],"wp:attachment":[{"href":"https:\/\/fasgrel.com\/en\/wp-json\/wp\/v2\/media?parent=292"}],"wp:term":[{"taxonomy":"pwb-brand","embeddable":true,"href":"https:\/\/fasgrel.com\/en\/wp-json\/wp\/v2\/pwb-brand?post=292"},{"taxonomy":"product_brand","embeddable":true,"href":"https:\/\/fasgrel.com\/en\/wp-json\/wp\/v2\/product_brand?post=292"},{"taxonomy":"product_cat","embeddable":true,"href":"https:\/\/fasgrel.com\/en\/wp-json\/wp\/v2\/product_cat?post=292"},{"taxonomy":"product_tag","embeddable":true,"href":"https:\/\/fasgrel.com\/en\/wp-json\/wp\/v2\/product_tag?post=292"}],"curies":[{"name":"wp","href":"https:\/\/api.w.org\/{rel}","templated":true}]}}