{"id":297,"date":"2024-07-08T16:36:17","date_gmt":"2024-07-08T16:36:17","guid":{"rendered":"http:\/\/fasgrel.com\/?post_type=product&#038;p=297"},"modified":"2026-04-08T04:01:48","modified_gmt":"2026-04-08T04:01:48","slug":"variador-de-velocidad-alto-rendimiento-invertek-p2","status":"publish","type":"product","link":"https:\/\/fasgrel.com\/en\/product\/variador-de-velocidad-alto-rendimiento-invertek-p2\/","title":{"rendered":"VARIADOR DE VELOCIDAD | P2 | INVERTEK | Alto Rendimiento"},"content":{"rendered":"<p><span style=\"color: #333399;\"><strong>Variador de velocidad de Alto Rendimiento<\/strong><\/span><\/p>\n<p><strong><span style=\"color: #ff6600;\">Altas prestaciones, frecuencia variable, excelente facilidad de uso<\/span><\/strong><\/p>\n<ul>\n<li><span style=\"color: #000000;\">200% de sobrecarga durante 4 segundos<\/span><\/li>\n<li><span style=\"color: #000000;\">150% de sobrecarga durante 60 segundos<\/span><\/li>\n<li><span style=\"color: #000000;\">Funcionalidad de PLC simple<\/span><\/li>\n<li><span style=\"color: #000000;\">Filtro EMC incorporado<\/span><\/li>\n<li><span style=\"color: #000000;\">Funcionamiento a baja temperatura ambiente (-10 \u00b0 C)<\/span><\/li>\n<li><span style=\"color: #000000;\">Adecuado para el modo de elevaci\u00f3n<\/span><\/li>\n<\/ul>\n<p><span style=\"color: #ff6600;\"><strong>Modos de control<\/strong><\/span><\/p>\n<ul>\n<li><span style=\"color: #000000;\">V \/ f del vector de voltaje<\/span><\/li>\n<li><span style=\"color: #000000;\">Energ\u00eda optimizada V\/F<\/span><\/li>\n<li><span style=\"color: #000000;\">Control vectorial sin sensores de velocidad<\/span><\/li>\n<li><span style=\"color: #000000;\">Vector Control de par sin sensor<\/span><\/li>\n<li><span style=\"color: #000000;\">Control de motor de reluctancia s\u00edncrona<\/span><\/li>\n<li><span style=\"color: #000000;\">Control del motor CC sin escobillas<\/span><\/li>\n<li><span style=\"color: #000000;\">Bucle de control de velocidad (encoder) cerrada<\/span><\/li>\n<li><span style=\"color: #000000;\">Lazo cerrado (codificador) Torque Control<\/span><\/li>\n<li><span style=\"color: #000000;\">Control de ciclo abierto PM vectorial<\/span><\/li>\n<\/ul>\n<p><strong><span style=\"color: #ff6600;\">Control vectorial sin sensores para todos los tipos de motores<\/span><\/strong><\/p>\n<ul>\n<li><span style=\"color: #000000;\">Motores de inducci\u00f3n (IM)<\/span><\/li>\n<li><span style=\"color: #000000;\">Motores de imanes permanentes (PM)<\/span><\/li>\n<li><span style=\"color: #000000;\">Motores CC sin escobillas (BLDC)<\/span><\/li>\n<li><span style=\"color: #000000;\">Motores s\u00edncronos de reluctancia (SynRM)<\/span><\/li>\n<li><span style=\"color: #000000;\">Motor PM de arranque en l\u00ednea (LSPM)<\/span><\/li>\n<\/ul>\n<p><span style=\"color: #000000;\">Este variador de velocidad de Alto Rendimiento con un par de hasta el 200% desde la velocidad cero garantiza un arranque fiable y un control preciso de la velocidad en todas las condiciones de carga.<\/span><\/p>\n<p><strong><span style=\"color: #ff6600;\">Control de motores PM<\/span><\/strong><\/p>\n<p><span style=\"color: #000000;\">Preparado para el futuro. Permite la actualizaci\u00f3n a la \u00faltima generaci\u00f3n de motores de imanes permanentes de alta eficiencia.<\/span><\/p>\n<p><strong><span style=\"color: #ff6600;\">Filtro EMC incorporado<\/span><\/strong><\/p>\n<p><span style=\"color: #000000;\">Un filtro interno en cada INVERTEK P2 ahorra costes y tiempo de instalaci\u00f3n.<\/span><\/p>\n<p><strong><span style=\"color: #ff6600;\">Transistor de frenado integral<\/span><\/strong><\/p>\n<p><span style=\"color: #000000;\">Ahorra espacio, costes y tiempo de instalaci\u00f3n.<\/span><\/p>\n<h6><span style=\"color: #ff6600;\"><strong>1. Variador de velocidad INVERTEK P2 \u2013 IP20<\/strong><\/span><\/h6>\n<ul class=\"enclosure-bullets\">\n<li><span style=\"color: #000000;\">Carcasas compactas y robustas para montar en panel\/armario<\/span><\/li>\n<li><span style=\"color: #000000;\">Los tama\u00f1os 2-4, 6A, 6B y 8 cubren rangos de potencia de <strong>hasta 250 kW\/400 CV<\/strong><\/span><\/li>\n<li><span style=\"color: #000000;\">Funciona <strong>hasta 50 \u00b0C<\/strong><\/span><\/li>\n<li><span style=\"color: #000000;\">Montajes de cerradura para una instalaci\u00f3n r\u00e1pida<\/span><\/li>\n<li><span style=\"color: #000000;\">Temporizador de intervalos de mantenimiento e indicaci\u00f3n de servicio<\/span><\/li>\n<\/ul>\n<h6><span style=\"color: #ff6600;\"><strong>2. Variador de velocidad INVERTEK P2 \u2013 IP55<\/strong><\/span><\/h6>\n<ul class=\"enclosure-bullets\">\n<li><span style=\"color: #000000;\">Carcasas compactas y robustas para montar en panel\/armario<\/span><\/li>\n<li><span style=\"color: #000000;\">Los tama\u00f1os 4-8 cubren rangos de potencia de <strong>hasta 250 kW\/400 CV<\/strong><\/span><\/li>\n<li><span style=\"color: #000000;\">Funciona <strong>de -10 \u00b0C a 50 \u00b0C<\/strong><\/span><\/li>\n<\/ul>\n<h6><span style=\"color: #ff6600;\"><strong>3. Variador de velocidad INVERTEK P2 \u2013 IP66<\/strong><\/span><\/h6>\n<div class=\"row enclosure-feature-images\">\n<ul>\n<li class=\"col-md-8\"><span style=\"color: #000000;\">Carcasa de policarbonato <strong>resistente para exteriores<\/strong><\/span><\/li>\n<li class=\"col-md-8\"><span style=\"color: #000000;\">Tama\u00f1os 2-4 <strong>hasta 7,5 kW\/10 CV<\/strong><\/span><\/li>\n<li class=\"col-md-8\"><span style=\"color: #000000;\"><strong>Herm\u00e9tico al polvo y listo para lavar a alta presi\u00f3n<\/strong><\/span><\/li>\n<li class=\"col-md-8\"><span style=\"color: #000000;\">PCBAs con recubrimiento de conformidad de serie<\/span><\/li>\n<\/ul>\n<\/div>","protected":false},"excerpt":{"rendered":"<p><span style=\"color: #000000;\"><strong><span style=\"font-size: 18px;\"><img decoding=\"async\" class=\"size-full wp-image-1805 alignleft\" src=\"http:\/\/fasgrel.com\/wp-content\/uploads\/2024\/07\/logo_invertek-1.png\" alt=\"\" width=\"240\" height=\"100\" \/>Entrada monof\u00e1sica y trif\u00e1sica<\/span><\/strong><\/span><\/p>\n<p><span style=\"color: #000000;\"><strong><span style=\"font-size: 18px;\">200 V &#8211; 600 V<\/span><\/strong><\/span><\/p>\n<p><strong><span style=\"font-size: 18px;\"><span style=\"color: #000000;\">0.75 &#8211; 250 kW \/ 1 &#8211; 400 HP<\/span><\/span><\/strong><\/p>\n<p><span style=\"color: #333399;\"><strong><strong style=\"color: #000000;\">IP20 &amp; IP55 &amp; IP66\u00a0 \u00a0 \u00a0 \u00a0<\/strong>Control para todo tipo de motores\u00a0 \u00a0 \u00a0 \u00a0 <\/strong><\/span><strong><span style=\"font-size: 18px;\"><em><span style=\"color: #0000ff;\"><a style=\"color: #0000ff;\" href=\"https:\/\/admin.invertekdrives.com\/assets\/B36611AC-36A3-490F-9413-B50994F81632\/85-ODP2B-IN%20Optidrive%20P2%20Brochure%20V4.01.pdf\" target=\"_blank\" rel=\"noopener noreferrer\">Ver cat\u00e1logo<\/a><\/span><\/em><\/span><\/strong><\/p>\n<hr \/>\n<p><span style=\"color: #ff6600;\"><strong>Para aplicaciones de Alto Rendimiento<\/strong><\/span><\/p>\n<p><span style=\"color: #000000;\">La combinaci\u00f3n perfecta de altas prestaciones junto con la facilidad de uso permite que el <strong>variador de velocidad OPTIDRIVE P2<\/strong> se haga cargo f\u00e1cilmente incluso de las aplicaciones m\u00e1s exigentes.<\/span><\/p>\n<p><span style=\"color: #0000ff;\"><a style=\"color: #0000ff;\" href=\"http:\/\/fasgrel.com\/en\/categoria\/variadores-de-velocidad\/\"><strong><em>Retornar \u21b5<\/em><\/strong><\/a><\/span><\/p>\n<hr \/>\n<p><span style=\"color: #000000; font-size: 13px;\"><strong>Fabricado en el Reino Unido<\/strong><\/span><\/p>\n<h4><img decoding=\"async\" class=\"alignright\" src=\"https:\/\/www.invertekdrives.com\/img\/common\/flags\/gb.png\" alt=\"GB\" width=\"73\" height=\"53\" \/><\/h4>\n<p><span style=\"color: #000000; font-size: 13px;\">Los productos Invertek se dise\u00f1an y fabrican en el Reino Unido seg\u00fan los principios del sistema de gesti\u00f3n de calidad y medioambiente de las normas ISO 9001 e ISO 14001:2015<\/span><\/p>","protected":false},"featured_media":2340,"comment_status":"closed","ping_status":"closed","template":"","meta":{"_acf_changed":false,"_joinchat":[]},"pwb-brand":[33],"product_brand":[],"product_cat":[16],"product_tag":[],"class_list":{"0":"post-297","1":"product","2":"type-product","3":"status-publish","4":"has-post-thumbnail","6":"pwb-brand-invertek","7":"product_cat-sin-categorizar","9":"first","10":"instock","11":"sale","12":"featured","13":"shipping-taxable","14":"purchasable","15":"product-type-simple"},"acf":[],"yoast_head":"<!-- This site is optimized with the Yoast SEO Premium plugin v22.9 (Yoast SEO v27.1.1) - https:\/\/yoast.com\/product\/yoast-seo-premium-wordpress\/ -->\n<title>Variador de Velocidad | Alto Rendimiento | INVERTEK<\/title>\n<meta name=\"description\" content=\"Variador de velocidad INVERTEK P2, para aplicaciones de Alto Rendimiento. R\u00e1pida instalaci\u00f3n y puesta en marcha. Confiable en las aplicaciones m\u00e1s exigentes\" \/>\n<meta name=\"robots\" content=\"index, follow, max-snippet:-1, max-image-preview:large, max-video-preview:-1\" \/>\n<link rel=\"canonical\" href=\"https:\/\/fasgrel.com\/en\/product\/variador-de-velocidad-alto-rendimiento-invertek-p2\/\" \/>\n<meta property=\"og:locale\" content=\"en_US\" \/>\n<meta property=\"og:type\" content=\"article\" \/>\n<meta property=\"og:title\" content=\"VARIADOR DE VELOCIDAD | P2 | INVERTEK | Alto Rendimiento\" \/>\n<meta property=\"og:description\" content=\"Variador de velocidad INVERTEK P2, para aplicaciones de Alto Rendimiento. R\u00e1pida instalaci\u00f3n y puesta en marcha. Confiable en las aplicaciones m\u00e1s exigentes\" \/>\n<meta property=\"og:url\" content=\"https:\/\/fasgrel.com\/en\/product\/variador-de-velocidad-alto-rendimiento-invertek-p2\/\" \/>\n<meta property=\"og:site_name\" content=\"Fasgrel\" \/>\n<meta property=\"article:modified_time\" content=\"2026-04-08T04:01:48+00:00\" \/>\n<meta property=\"og:image\" content=\"https:\/\/fasgrel.com\/wp-content\/uploads\/2024\/07\/variador-velocidad-p2.jpg\" \/>\n\t<meta property=\"og:image:width\" content=\"600\" \/>\n\t<meta property=\"og:image:height\" content=\"600\" \/>\n\t<meta property=\"og:image:type\" content=\"image\/jpeg\" \/>\n<meta name=\"twitter:card\" content=\"summary_large_image\" \/>\n<meta name=\"twitter:label1\" content=\"Est. reading time\" \/>\n\t<meta name=\"twitter:data1\" content=\"2 minutes\" \/>\n<script type=\"application\/ld+json\" class=\"yoast-schema-graph\">{\"@context\":\"https:\/\/schema.org\",\"@graph\":[{\"@type\":\"WebPage\",\"@id\":\"https:\/\/fasgrel.com\/producto\/variador-de-velocidad-alto-rendimiento-invertek-p2\/\",\"url\":\"https:\/\/fasgrel.com\/producto\/variador-de-velocidad-alto-rendimiento-invertek-p2\/\",\"name\":\"Variador de Velocidad | Alto Rendimiento | INVERTEK\",\"isPartOf\":{\"@id\":\"https:\/\/fasgrel.com\/#website\"},\"primaryImageOfPage\":{\"@id\":\"https:\/\/fasgrel.com\/producto\/variador-de-velocidad-alto-rendimiento-invertek-p2\/#primaryimage\"},\"image\":{\"@id\":\"https:\/\/fasgrel.com\/producto\/variador-de-velocidad-alto-rendimiento-invertek-p2\/#primaryimage\"},\"thumbnailUrl\":\"https:\/\/fasgrel.com\/wp-content\/uploads\/2024\/07\/variador-velocidad-p2.jpg\",\"datePublished\":\"2024-07-08T16:36:17+00:00\",\"dateModified\":\"2026-04-08T04:01:48+00:00\",\"description\":\"Variador de velocidad INVERTEK P2, para aplicaciones de Alto Rendimiento. R\u00e1pida instalaci\u00f3n y puesta en marcha. Confiable en las aplicaciones m\u00e1s exigentes\",\"breadcrumb\":{\"@id\":\"https:\/\/fasgrel.com\/producto\/variador-de-velocidad-alto-rendimiento-invertek-p2\/#breadcrumb\"},\"inLanguage\":\"en-US\",\"potentialAction\":[{\"@type\":\"ReadAction\",\"target\":[\"https:\/\/fasgrel.com\/producto\/variador-de-velocidad-alto-rendimiento-invertek-p2\/\"]}]},{\"@type\":\"ImageObject\",\"inLanguage\":\"en-US\",\"@id\":\"https:\/\/fasgrel.com\/producto\/variador-de-velocidad-alto-rendimiento-invertek-p2\/#primaryimage\",\"url\":\"https:\/\/fasgrel.com\/wp-content\/uploads\/2024\/07\/variador-velocidad-p2.jpg\",\"contentUrl\":\"https:\/\/fasgrel.com\/wp-content\/uploads\/2024\/07\/variador-velocidad-p2.jpg\",\"width\":600,\"height\":600,\"caption\":\"variador de velocidad de alto rendimiento\"},{\"@type\":\"BreadcrumbList\",\"@id\":\"https:\/\/fasgrel.com\/producto\/variador-de-velocidad-alto-rendimiento-invertek-p2\/#breadcrumb\",\"itemListElement\":[{\"@type\":\"ListItem\",\"position\":1,\"name\":\"Portada\",\"item\":\"https:\/\/fasgrel.com\/\"},{\"@type\":\"ListItem\",\"position\":2,\"name\":\"Tienda\",\"item\":\"https:\/\/fasgrel.com\/tienda\/\"},{\"@type\":\"ListItem\",\"position\":3,\"name\":\"VARIADOR DE VELOCIDAD | P2 | INVERTEK | Alto Rendimiento\"}]},{\"@type\":\"WebSite\",\"@id\":\"https:\/\/fasgrel.com\/#website\",\"url\":\"https:\/\/fasgrel.com\/\",\"name\":\"Fasgrel\",\"description\":\"Sitio en Construcci\u00f3n\",\"publisher\":{\"@id\":\"https:\/\/fasgrel.com\/#organization\"},\"potentialAction\":[{\"@type\":\"SearchAction\",\"target\":{\"@type\":\"EntryPoint\",\"urlTemplate\":\"https:\/\/fasgrel.com\/?s={search_term_string}\"},\"query-input\":{\"@type\":\"PropertyValueSpecification\",\"valueRequired\":true,\"valueName\":\"search_term_string\"}}],\"inLanguage\":\"en-US\"},{\"@type\":\"Organization\",\"@id\":\"https:\/\/fasgrel.com\/#organization\",\"name\":\"FASGREL\",\"url\":\"https:\/\/fasgrel.com\/\",\"logo\":{\"@type\":\"ImageObject\",\"inLanguage\":\"en-US\",\"@id\":\"https:\/\/fasgrel.com\/#\/schema\/logo\/image\/\",\"url\":\"https:\/\/fasgrel.com\/wp-content\/uploads\/2024\/10\/logo-fasgrel.png\",\"contentUrl\":\"https:\/\/fasgrel.com\/wp-content\/uploads\/2024\/10\/logo-fasgrel.png\",\"width\":427,\"height\":110,\"caption\":\"FASGREL\"},\"image\":{\"@id\":\"https:\/\/fasgrel.com\/#\/schema\/logo\/image\/\"}}]}<\/script>\n<!-- \/ Yoast SEO Premium plugin. -->","yoast_head_json":{"title":"Variador de Velocidad | Alto Rendimiento | INVERTEK","description":"Variador de velocidad INVERTEK P2, para aplicaciones de Alto Rendimiento. R\u00e1pida instalaci\u00f3n y puesta en marcha. Confiable en las aplicaciones m\u00e1s exigentes","robots":{"index":"index","follow":"follow","max-snippet":"max-snippet:-1","max-image-preview":"max-image-preview:large","max-video-preview":"max-video-preview:-1"},"canonical":"https:\/\/fasgrel.com\/en\/product\/variador-de-velocidad-alto-rendimiento-invertek-p2\/","og_locale":"en_US","og_type":"article","og_title":"VARIADOR DE VELOCIDAD | P2 | INVERTEK | Alto Rendimiento","og_description":"Variador de velocidad INVERTEK P2, para aplicaciones de Alto Rendimiento. R\u00e1pida instalaci\u00f3n y puesta en marcha. Confiable en las aplicaciones m\u00e1s exigentes","og_url":"https:\/\/fasgrel.com\/en\/product\/variador-de-velocidad-alto-rendimiento-invertek-p2\/","og_site_name":"Fasgrel","article_modified_time":"2026-04-08T04:01:48+00:00","og_image":[{"width":600,"height":600,"url":"https:\/\/fasgrel.com\/wp-content\/uploads\/2024\/07\/variador-velocidad-p2.jpg","type":"image\/jpeg"}],"twitter_card":"summary_large_image","twitter_misc":{"Est. reading time":"2 minutes"},"schema":{"@context":"https:\/\/schema.org","@graph":[{"@type":"WebPage","@id":"https:\/\/fasgrel.com\/producto\/variador-de-velocidad-alto-rendimiento-invertek-p2\/","url":"https:\/\/fasgrel.com\/producto\/variador-de-velocidad-alto-rendimiento-invertek-p2\/","name":"Variador de Velocidad | Alto Rendimiento | INVERTEK","isPartOf":{"@id":"https:\/\/fasgrel.com\/#website"},"primaryImageOfPage":{"@id":"https:\/\/fasgrel.com\/producto\/variador-de-velocidad-alto-rendimiento-invertek-p2\/#primaryimage"},"image":{"@id":"https:\/\/fasgrel.com\/producto\/variador-de-velocidad-alto-rendimiento-invertek-p2\/#primaryimage"},"thumbnailUrl":"https:\/\/fasgrel.com\/wp-content\/uploads\/2024\/07\/variador-velocidad-p2.jpg","datePublished":"2024-07-08T16:36:17+00:00","dateModified":"2026-04-08T04:01:48+00:00","description":"Variador de velocidad INVERTEK P2, para aplicaciones de Alto Rendimiento. R\u00e1pida instalaci\u00f3n y puesta en marcha. Confiable en las aplicaciones m\u00e1s exigentes","breadcrumb":{"@id":"https:\/\/fasgrel.com\/producto\/variador-de-velocidad-alto-rendimiento-invertek-p2\/#breadcrumb"},"inLanguage":"en-US","potentialAction":[{"@type":"ReadAction","target":["https:\/\/fasgrel.com\/producto\/variador-de-velocidad-alto-rendimiento-invertek-p2\/"]}]},{"@type":"ImageObject","inLanguage":"en-US","@id":"https:\/\/fasgrel.com\/producto\/variador-de-velocidad-alto-rendimiento-invertek-p2\/#primaryimage","url":"https:\/\/fasgrel.com\/wp-content\/uploads\/2024\/07\/variador-velocidad-p2.jpg","contentUrl":"https:\/\/fasgrel.com\/wp-content\/uploads\/2024\/07\/variador-velocidad-p2.jpg","width":600,"height":600,"caption":"variador de velocidad de alto rendimiento"},{"@type":"BreadcrumbList","@id":"https:\/\/fasgrel.com\/producto\/variador-de-velocidad-alto-rendimiento-invertek-p2\/#breadcrumb","itemListElement":[{"@type":"ListItem","position":1,"name":"Portada","item":"https:\/\/fasgrel.com\/"},{"@type":"ListItem","position":2,"name":"Tienda","item":"https:\/\/fasgrel.com\/tienda\/"},{"@type":"ListItem","position":3,"name":"VARIADOR DE VELOCIDAD | P2 | INVERTEK | Alto Rendimiento"}]},{"@type":"WebSite","@id":"https:\/\/fasgrel.com\/#website","url":"https:\/\/fasgrel.com\/","name":"Fasgrel","description":"Sitio en Construcci\u00f3n","publisher":{"@id":"https:\/\/fasgrel.com\/#organization"},"potentialAction":[{"@type":"SearchAction","target":{"@type":"EntryPoint","urlTemplate":"https:\/\/fasgrel.com\/?s={search_term_string}"},"query-input":{"@type":"PropertyValueSpecification","valueRequired":true,"valueName":"search_term_string"}}],"inLanguage":"en-US"},{"@type":"Organization","@id":"https:\/\/fasgrel.com\/#organization","name":"FASGREL","url":"https:\/\/fasgrel.com\/","logo":{"@type":"ImageObject","inLanguage":"en-US","@id":"https:\/\/fasgrel.com\/#\/schema\/logo\/image\/","url":"https:\/\/fasgrel.com\/wp-content\/uploads\/2024\/10\/logo-fasgrel.png","contentUrl":"https:\/\/fasgrel.com\/wp-content\/uploads\/2024\/10\/logo-fasgrel.png","width":427,"height":110,"caption":"FASGREL"},"image":{"@id":"https:\/\/fasgrel.com\/#\/schema\/logo\/image\/"}}]}},"brands":[{"id":33,"name":"Invertek","slug":"invertek"}],"_links":{"self":[{"href":"https:\/\/fasgrel.com\/en\/wp-json\/wp\/v2\/product\/297","targetHints":{"allow":["GET"]}}],"collection":[{"href":"https:\/\/fasgrel.com\/en\/wp-json\/wp\/v2\/product"}],"about":[{"href":"https:\/\/fasgrel.com\/en\/wp-json\/wp\/v2\/types\/product"}],"replies":[{"embeddable":true,"href":"https:\/\/fasgrel.com\/en\/wp-json\/wp\/v2\/comments?post=297"}],"wp:featuredmedia":[{"embeddable":true,"href":"https:\/\/fasgrel.com\/en\/wp-json\/wp\/v2\/media\/2340"}],"wp:attachment":[{"href":"https:\/\/fasgrel.com\/en\/wp-json\/wp\/v2\/media?parent=297"}],"wp:term":[{"taxonomy":"pwb-brand","embeddable":true,"href":"https:\/\/fasgrel.com\/en\/wp-json\/wp\/v2\/pwb-brand?post=297"},{"taxonomy":"product_brand","embeddable":true,"href":"https:\/\/fasgrel.com\/en\/wp-json\/wp\/v2\/product_brand?post=297"},{"taxonomy":"product_cat","embeddable":true,"href":"https:\/\/fasgrel.com\/en\/wp-json\/wp\/v2\/product_cat?post=297"},{"taxonomy":"product_tag","embeddable":true,"href":"https:\/\/fasgrel.com\/en\/wp-json\/wp\/v2\/product_tag?post=297"}],"curies":[{"name":"wp","href":"https:\/\/api.w.org\/{rel}","templated":true}]}}