{"id":301,"date":"2024-07-08T16:36:17","date_gmt":"2024-07-08T16:36:17","guid":{"rendered":"http:\/\/fasgrel.com\/?post_type=product&#038;p=301"},"modified":"2026-04-08T04:02:00","modified_gmt":"2026-04-08T04:02:00","slug":"variador-de-velocidad-proposito-general-invertek-e3","status":"publish","type":"product","link":"https:\/\/fasgrel.com\/en\/product\/variador-de-velocidad-proposito-general-invertek-e3\/","title":{"rendered":"VARIADOR DE VELOCIDAD | E3 | INVERTEK | Prop\u00f3sito General"},"content":{"rendered":"<p><span style=\"color: #333399;\"><strong>Variador de velocidad para Motores<\/strong><\/span><\/p>\n<p><span style=\"color: #000000;\"><strong>Variador de Prop\u00f3sito General<\/strong><\/span><\/p>\n<p><span style=\"color: #ff6600;\"><strong>Con tecnolog\u00eda innovadora, fiabilidad, robustez y facilidad de uso<\/strong><\/span><\/p>\n<ul>\n<li><span style=\"color: #000000;\">Compactos y robustos para montaje en panel \/ armario<\/span><\/li>\n<li><span style=\"color: #000000;\">Cubren toda la gama de potencia, <strong>hasta 37 kW \/ 50 HP<\/strong><\/span><\/li>\n<li><span style=\"color: #000000;\">Opera <strong>hasta 50 \u00b0C<\/strong><\/span><\/li>\n<li><span style=\"color: #000000;\">La fuente de alimentaci\u00f3n se conecta en la parte superior<\/span><\/li>\n<li><span style=\"color: #000000;\">La alimentaci\u00f3n del motor se conecta en la parte inferior<\/span><\/li>\n<\/ul>\n<p><span style=\"color: #ff6600;\"><strong>Conexi\u00f3n r\u00e1pida<\/strong><\/span><br \/>\n<span style=\"color: #000000;\">Terminales de abrazadera ascendente de 5 mm con tornillos cautivos<\/span><\/p>\n<p><span style=\"color: #ff6600;\"><strong>Referencia r\u00e1pida<\/strong><\/span><br \/>\n<span style=\"color: #000000;\">Tarjeta de ayuda integrada<\/span><\/p>\n<p><span style=\"color: #ff6600;\"><strong>Instalaci\u00f3n simple<\/strong><\/span><br \/>\n<span style=\"color: #000000;\">Opciones de montaje en riel DIN y ojo de cerradura<\/span><\/p>\n<p><span style=\"color: #ff6600;\"><strong>MODBUS \/ RTU \/ CAN<\/strong><\/span><br \/>\n<span style=\"color: #000000;\">On-board como est\u00e1ndar<\/span><\/p>\n<p><span style=\"color: #ff6600;\"><strong>Optistick Smart<\/strong><\/span><br \/>\n<span style=\"color: #000000;\">Clonaci\u00f3n r\u00e1pida de par\u00e1metros e interfaz de PC Bluetooth<\/span><\/p>\n<p><span style=\"color: #ff6600;\"><strong>Control de teclado intuitivo<\/strong><\/span><\/p>\n<p><span style=\"color: #000000;\">Control digital preciso con solo pulsar un bot\u00f3n.<\/span><\/p>\n<p><span style=\"color: #ff6600;\"><strong>Macros de aplicaci\u00f3n<\/strong><\/span><\/p>\n<p><span style=\"color: #000000;\">Cambie entre los modos Industrial, Bombas y Ventiladores para optimizar el variador de velocidad de Prop\u00f3sito General, Optidrive E3, para su aplicaci\u00f3n.<\/span><\/p>\n<p><span style=\"color: #ff6600;\"><strong>Puesta en marcha sencilla<\/strong><\/span><\/p>\n<p><span style=\"color: #000000;\">14 par\u00e1metros de configuraci\u00f3n b\u00e1sica. Ajustes por defecto adecuados para la mayor\u00eda de las aplicaciones. Conexi\u00f3n tipo contactor para un cableado sencillo.<\/span><\/p>\n<p><span style=\"color: #ff6600;\"><strong>Filtro interno EMC categor\u00eda C1<\/strong><\/span><\/p>\n<p><span style=\"color: #000000;\">Filtro EMC interno en todos los modelos del variador de velocidad de Prop\u00f3sito General, Optidrive E3, ahorra costos y tiempo de instalaci\u00f3n.<\/span><\/p>\n<ul>\n<li><span style=\"color: #000000;\">Filtro interno EMC categor\u00eda C1<\/span><\/li>\n<li><span style=\"color: #000000;\">Control PI interno<\/span><\/li>\n<li><span style=\"color: #000000;\">Chopper de frenada interno<\/span><\/li>\n<li><span style=\"color: #000000;\">Comunicaci\u00f3n CANopen\/ Modbus RTU integrada<\/span><\/li>\n<li><span style=\"color: #000000;\">Opera hasta 50 \u00b0C<\/span><\/li>\n<li><span style=\"color: #000000;\">Conexi\u00f3n Bluetooth opcional<\/span><\/li>\n<li><span style=\"color: #000000;\">Versi\u00f3n para motores monof\u00e1sicos<\/span><\/li>\n<\/ul>\n<h4><span style=\"color: #ff6600;\">Ideal para motores, mezcladoras, fajas, bombas y ventiladores.<\/span><\/h4>\n<p><span style=\"color: #000000;\">En este variador de velocidad de prop\u00f3sito general para motores, mezcladoras, fajas, bombas y ventiladores con solo tocar un bot\u00f3n cambie de modo seg\u00fan su aplicaci\u00f3n:<\/span><\/p>\n<p><span style=\"color: #333399;\"><strong>a. Modo Industrial<\/strong><\/span><\/p>\n<ul>\n<li><span style=\"color: #000000;\">Fajas transportadoras<\/span><\/li>\n<li><span style=\"color: #000000;\">Mezcladoras<\/span><\/li>\n<li><span style=\"color: #000000;\">Cintas de correr<\/span><\/li>\n<\/ul>\n<p><span style=\"color: #333399;\"><strong>b. Modo de Bomba<\/strong><\/span><\/p>\n<ul>\n<li><span style=\"color: #000000;\">Bombas dosificadoras<\/span><\/li>\n<li><span style=\"color: #000000;\">Bombas de pozo<\/span><\/li>\n<li><span style=\"color: #000000;\">Bombas de transferencia<\/span><\/li>\n<li><span style=\"color: #000000;\">Piscinas<\/span><\/li>\n<li><span style=\"color: #000000;\">Spas<\/span><\/li>\n<li><span style=\"color: #000000;\">Fuentes<\/span><\/li>\n<\/ul>\n<p><span style=\"color: #333399;\"><strong>c. Modo de Ventilador<\/strong><\/span><\/p>\n<ul>\n<li><span style=\"color: #000000;\">Unidades de tratamiento de aire<\/span><\/li>\n<li><span style=\"color: #000000;\">Ventiladores para ventilaci\u00f3n<\/span><\/li>\n<li><span style=\"color: #000000;\">Ventiladores circulantes<\/span><\/li>\n<li><span style=\"color: #000000;\">Cortinas de aire<\/span><\/li>\n<li><span style=\"color: #000000;\">Extractores de cocina<\/span><\/li>\n<\/ul>\n<h6><span style=\"color: #ff6600;\"><strong>Variador de velocidad INVERTEK E3<\/strong><\/span><span style=\"color: #ff6600;\"><strong> \u2013 Monof\u00e1sico<\/strong><\/span><\/h6>\n<p><span style=\"color: #000000;\"><strong>0.37 -1.1 kW \/ 0.5 \u2013 1.5 HP<\/strong><\/span><\/p>\n<p><span style=\"color: #ff6600;\"><strong>Para motores monof\u00e1sicos<\/strong><\/span><\/p>\n<p><span style=\"color: #000000;\">\u00danico en su rango, pensado para instalarse con motores PSC (Permanent Split Capacitor) o motores de inducci\u00f3n monof\u00e1sicos shaded-pole.<\/span><\/p>\n<ul>\n<li><span style=\"color: #000000;\">Mismas caracter\u00edsticas t\u00e9cnicas que un E3 trif\u00e1sico<\/span><\/li>\n<li><span style=\"color: #000000;\">Arranque inteligente del motor monof\u00e1sico: Special Boost Phase<\/span><\/li>\n<\/ul>\n<p><span style=\"color: #000000;\">Asegura un arranque fiable del motor, el variador inicialmente aumenta el voltaje del motor mientras mantiene fija la frecuencia, despu\u00e9s reduce la frecuencia y el voltaje hasta el punto de operaci\u00f3n deseado.<\/span><\/p>\n<ul>\n<li><span style=\"color: #000000;\">Modelos de<strong> 110-115V y 200-240V<\/strong><\/span><\/li>\n<li><span style=\"color: #000000;\">Compacto y robusto<\/span><\/li>\n<li><span style=\"color: #000000;\">R\u00e1pida puesta en marcha, mediante operaciones simples y <strong>14 par\u00e1metros b\u00e1sicos<\/strong><\/span><\/li>\n<li><span style=\"color: #000000;\">Estrategia \u00fanica de optimizaci\u00f3n para motores monof\u00e1sicos<\/span><\/li>\n<li><span style=\"color: #000000;\">Indicaci\u00f3n de corriente de motor y rpm<\/span><\/li>\n<li><span style=\"color: #000000;\">Control PI, filtro EMC (C1) y transistor de frenado<\/span><\/li>\n<li><span style=\"color: #000000;\">Macros \u00a0para aplicaci\u00f3n industrial, ventilaci\u00f3n o bombeo.<\/span><\/li>\n<li><span style=\"color: #000000;\">Opci\u00f3n conexi\u00f3n Bluetooth<\/span><\/li>\n<\/ul>\n<p><span style=\"color: #000000;\">La gama de este variador de velocidad de Prop\u00f3sito General, Optidrive E3, para <strong>motores monof\u00e1sicos<\/strong>\u00a0provee de simplicidad de instalaci\u00f3n y programaci\u00f3n bajo el concepto Easy to use. \u00danico en su rango para la regulaci\u00f3n de motores monof\u00e1sicos de condensador permanente (PSC) o tipo shaded pole. Incorpora un algoritmo dedicado para el arranque y mejora de prestaciones de par motor en este tipo de motores. Grados de protecci\u00f3n elevados para agua <strong>IP66<\/strong>. Potencias <strong>desde 0,37 hasta 1,1 kW<\/strong>.<\/span><\/p>\n<p><span style=\"color: #000000;\">Dise\u00f1ado para tener un coste eficiente y f\u00e1cil de usar, el variador de velocidad de Prop\u00f3sito General, Optidrive E3, para <strong>motores monof\u00e1sicos<\/strong> est\u00e1 especialmente pensado para instalarse con motores PSC (Permanent Split Capacitor) o motores de inducci\u00f3n monof\u00e1sicos shaded-pole.<\/span><\/p>\n<h6><span style=\"color: #ff6600;\"><strong>Variador de velocidad INVERTEK E3 \u2013 IP66<\/strong><\/span><\/h6>\n<p><span style=\"color: #000000;\"><strong>INDOOR \/ OUTDOOR<\/strong><\/span><\/p>\n<p><span style=\"color: #ff6600;\"><strong>Herm\u00e9tico al polvo<\/strong><\/span><br \/>\n<span style=\"color: #000000;\">Inst\u00e1lelo directamente en su equipo de procesamiento y aseg\u00farese de estar protegido contra el polvo y los contaminantes.<\/span><\/p>\n<p><span style=\"color: #ff6600;\"><strong>Listo para lavar<\/strong><\/span><br \/>\n<span style=\"color: #000000;\">Los gabinetes de ABS sellados y el disipador de calor resistente a la corrosi\u00f3n hacen que estos modelos sean ideales para aplicaciones de lavado a alta presi\u00f3n.<\/span><\/p>\n<p><span style=\"color: #ff6600;\"><strong>Disipador de calor sin ventilador revestido de serie<\/strong><\/span><br \/>\n<span style=\"color: #000000;\">Ideal para aplicaciones higi\u00e9nicas que requieren lavado, como alimentos y bebidas.<\/span><\/p>\n<p><span style=\"color: #ff6600;\"><strong>Modelos conmutados<\/strong><\/span><br \/>\n<span style=\"color: #000000;\">Simplemente conecte el variador, gire el potenci\u00f3metro incorporado y el motor comenzar\u00e1 a funcionar, lo que permite un ahorro de energ\u00eda inmediato.<\/span><\/p>","protected":false},"excerpt":{"rendered":"<p><span style=\"color: #000000;\"><strong><span style=\"font-size: 18px;\"><img decoding=\"async\" class=\"size-full wp-image-1805 alignleft\" src=\"http:\/\/fasgrel.com\/wp-content\/uploads\/2024\/07\/logo_invertek-1.png\" alt=\"\" width=\"240\" height=\"100\" \/><\/span><\/strong><\/span><\/p>\n<p><span style=\"color: #000000;\"><strong><span style=\"font-size: 18px;\">Entrada monof\u00e1sica y trif\u00e1sica<\/span><\/strong><\/span><\/p>\n<p><span style=\"color: #000000;\"><strong><span style=\"font-size: 18px;\">110 V &#8211; 480 V<\/span><\/strong><\/span><\/p>\n<p><strong><span style=\"font-size: 18px;\"><span style=\"color: #000000;\">0.37 &#8211; 37 kW \/ 0.5 &#8211; 50 HP<\/span><\/span><\/strong><\/p>\n<p><span style=\"color: #333399;\"><strong><strong style=\"color: #000000;\">IP20 &amp; IP66\u00a0 \u00a0 \u00a0 \u00a0 \u00a0 <\/strong>Control para todo tipo de motores\u00a0 \u00a0 \u00a0 \u00a0 \u00a0 \u00a0<\/strong><\/span><strong><span style=\"font-size: 18px;\"><em><span style=\"color: #0000ff;\"><a style=\"color: #0000ff;\" href=\"https:\/\/admin.invertekdrives.com\/assets\/851ACA7B-0AD1-4FF0-83EB-C6F93643600B\/85-ODE3B-IN%20Optidrive%20E3%20Brochure%20V2.19.pdf\" target=\"_blank\" rel=\"noopener noreferrer\">Ver cat\u00e1logo<\/a><\/span><\/em><\/span><\/strong><\/p>\n<hr \/>\n<p><span style=\"color: #ff6600;\"><strong>Para aplicaciones de Prop\u00f3sito General<\/strong><\/span><\/p>\n<p><span style=\"color: #000000;\">Basta con encenderlo y el variador de velocidad Optidrive E3 entra en funcionamiento, proporcionando ahorro de energ\u00eda y un preciso control de motores utilizando los ajustes de f\u00e1brica.<\/span><\/p>\n<p><span style=\"color: #0000ff;\"><a style=\"color: #0000ff;\" href=\"http:\/\/fasgrel.com\/en\/categoria\/variadores-de-velocidad\/\"><strong><em>Retornar \u21b5<\/em><\/strong><\/a><\/span><\/p>\n<hr \/>\n<p><span style=\"color: #000000; font-size: 13px;\"><strong>Fabricado en el Reino Unido<\/strong><\/span><\/p>\n<h4><img decoding=\"async\" class=\"alignright\" src=\"https:\/\/www.invertekdrives.com\/img\/common\/flags\/gb.png\" alt=\"GB\" width=\"73\" height=\"53\" \/><\/h4>\n<p><span style=\"color: #000000; font-size: 13px;\">Los productos Invertek se dise\u00f1an y fabrican en el Reino Unido seg\u00fan los principios del sistema de gesti\u00f3n de calidad y medioambiente de las normas ISO 9001 e ISO 14001:2015<\/span><\/p>","protected":false},"featured_media":2339,"comment_status":"closed","ping_status":"closed","template":"","meta":{"_acf_changed":false,"_joinchat":[]},"pwb-brand":[33],"product_brand":[],"product_cat":[16],"product_tag":[],"class_list":{"0":"post-301","1":"product","2":"type-product","3":"status-publish","4":"has-post-thumbnail","6":"pwb-brand-invertek","7":"product_cat-sin-categorizar","9":"first","10":"instock","11":"sale","12":"featured","13":"shipping-taxable","14":"purchasable","15":"product-type-simple"},"acf":[],"yoast_head":"<!-- This site is optimized with the Yoast SEO Premium plugin v22.9 (Yoast SEO v27.1.1) - https:\/\/yoast.com\/product\/yoast-seo-premium-wordpress\/ -->\n<title>Variador de Velocidad | Motores | Prop\u00f3sito General | INVERTEK<\/title>\n<meta name=\"description\" content=\"Variador de velocidad INVERTEK E3, de prop\u00f3sito general para motores, mezcladoras, fajas, bombas y ventiladores. R\u00e1pida instalaci\u00f3n y puesta en marcha.\" \/>\n<meta name=\"robots\" content=\"index, follow, max-snippet:-1, max-image-preview:large, max-video-preview:-1\" \/>\n<link rel=\"canonical\" href=\"https:\/\/fasgrel.com\/en\/product\/variador-de-velocidad-proposito-general-invertek-e3\/\" \/>\n<meta property=\"og:locale\" content=\"en_US\" \/>\n<meta property=\"og:type\" content=\"article\" \/>\n<meta property=\"og:title\" content=\"VARIADOR DE VELOCIDAD | E3 | INVERTEK | Prop\u00f3sito General\" \/>\n<meta property=\"og:description\" content=\"Variador de velocidad INVERTEK E3, de prop\u00f3sito general para motores, mezcladoras, fajas, bombas y ventiladores. R\u00e1pida instalaci\u00f3n y puesta en marcha.\" \/>\n<meta property=\"og:url\" content=\"https:\/\/fasgrel.com\/en\/product\/variador-de-velocidad-proposito-general-invertek-e3\/\" \/>\n<meta property=\"og:site_name\" content=\"Fasgrel\" \/>\n<meta property=\"article:modified_time\" content=\"2026-04-08T04:02:00+00:00\" \/>\n<meta property=\"og:image\" content=\"https:\/\/fasgrel.com\/wp-content\/uploads\/2024\/07\/variador-velocidad-e3.jpg\" \/>\n\t<meta property=\"og:image:width\" content=\"600\" \/>\n\t<meta property=\"og:image:height\" content=\"600\" \/>\n\t<meta property=\"og:image:type\" content=\"image\/jpeg\" \/>\n<meta name=\"twitter:card\" content=\"summary_large_image\" \/>\n<meta name=\"twitter:label1\" content=\"Est. reading time\" \/>\n\t<meta name=\"twitter:data1\" content=\"4 minutes\" \/>\n<script type=\"application\/ld+json\" class=\"yoast-schema-graph\">{\"@context\":\"https:\/\/schema.org\",\"@graph\":[{\"@type\":\"WebPage\",\"@id\":\"https:\/\/fasgrel.com\/producto\/variador-de-velocidad-proposito-general-invertek-e3\/\",\"url\":\"https:\/\/fasgrel.com\/producto\/variador-de-velocidad-proposito-general-invertek-e3\/\",\"name\":\"Variador de Velocidad | Motores | Prop\u00f3sito General | INVERTEK\",\"isPartOf\":{\"@id\":\"https:\/\/fasgrel.com\/#website\"},\"primaryImageOfPage\":{\"@id\":\"https:\/\/fasgrel.com\/producto\/variador-de-velocidad-proposito-general-invertek-e3\/#primaryimage\"},\"image\":{\"@id\":\"https:\/\/fasgrel.com\/producto\/variador-de-velocidad-proposito-general-invertek-e3\/#primaryimage\"},\"thumbnailUrl\":\"https:\/\/fasgrel.com\/wp-content\/uploads\/2024\/07\/variador-velocidad-e3.jpg\",\"datePublished\":\"2024-07-08T16:36:17+00:00\",\"dateModified\":\"2026-04-08T04:02:00+00:00\",\"description\":\"Variador de velocidad INVERTEK E3, de prop\u00f3sito general para motores, mezcladoras, fajas, bombas y ventiladores. R\u00e1pida instalaci\u00f3n y puesta en marcha.\",\"breadcrumb\":{\"@id\":\"https:\/\/fasgrel.com\/producto\/variador-de-velocidad-proposito-general-invertek-e3\/#breadcrumb\"},\"inLanguage\":\"en-US\",\"potentialAction\":[{\"@type\":\"ReadAction\",\"target\":[\"https:\/\/fasgrel.com\/producto\/variador-de-velocidad-proposito-general-invertek-e3\/\"]}]},{\"@type\":\"ImageObject\",\"inLanguage\":\"en-US\",\"@id\":\"https:\/\/fasgrel.com\/producto\/variador-de-velocidad-proposito-general-invertek-e3\/#primaryimage\",\"url\":\"https:\/\/fasgrel.com\/wp-content\/uploads\/2024\/07\/variador-velocidad-e3.jpg\",\"contentUrl\":\"https:\/\/fasgrel.com\/wp-content\/uploads\/2024\/07\/variador-velocidad-e3.jpg\",\"width\":600,\"height\":600,\"caption\":\"variador de velocidad de prop\u00f3sito general e3\"},{\"@type\":\"BreadcrumbList\",\"@id\":\"https:\/\/fasgrel.com\/producto\/variador-de-velocidad-proposito-general-invertek-e3\/#breadcrumb\",\"itemListElement\":[{\"@type\":\"ListItem\",\"position\":1,\"name\":\"Portada\",\"item\":\"https:\/\/fasgrel.com\/\"},{\"@type\":\"ListItem\",\"position\":2,\"name\":\"Tienda\",\"item\":\"https:\/\/fasgrel.com\/tienda\/\"},{\"@type\":\"ListItem\",\"position\":3,\"name\":\"VARIADOR DE VELOCIDAD | E3 | INVERTEK | Prop\u00f3sito General\"}]},{\"@type\":\"WebSite\",\"@id\":\"https:\/\/fasgrel.com\/#website\",\"url\":\"https:\/\/fasgrel.com\/\",\"name\":\"Fasgrel\",\"description\":\"Sitio en Construcci\u00f3n\",\"publisher\":{\"@id\":\"https:\/\/fasgrel.com\/#organization\"},\"potentialAction\":[{\"@type\":\"SearchAction\",\"target\":{\"@type\":\"EntryPoint\",\"urlTemplate\":\"https:\/\/fasgrel.com\/?s={search_term_string}\"},\"query-input\":{\"@type\":\"PropertyValueSpecification\",\"valueRequired\":true,\"valueName\":\"search_term_string\"}}],\"inLanguage\":\"en-US\"},{\"@type\":\"Organization\",\"@id\":\"https:\/\/fasgrel.com\/#organization\",\"name\":\"FASGREL\",\"url\":\"https:\/\/fasgrel.com\/\",\"logo\":{\"@type\":\"ImageObject\",\"inLanguage\":\"en-US\",\"@id\":\"https:\/\/fasgrel.com\/#\/schema\/logo\/image\/\",\"url\":\"https:\/\/fasgrel.com\/wp-content\/uploads\/2024\/10\/logo-fasgrel.png\",\"contentUrl\":\"https:\/\/fasgrel.com\/wp-content\/uploads\/2024\/10\/logo-fasgrel.png\",\"width\":427,\"height\":110,\"caption\":\"FASGREL\"},\"image\":{\"@id\":\"https:\/\/fasgrel.com\/#\/schema\/logo\/image\/\"}}]}<\/script>\n<!-- \/ Yoast SEO Premium plugin. -->","yoast_head_json":{"title":"Variador de Velocidad | Motores | Prop\u00f3sito General | INVERTEK","description":"Variador de velocidad INVERTEK E3, de prop\u00f3sito general para motores, mezcladoras, fajas, bombas y ventiladores. R\u00e1pida instalaci\u00f3n y puesta en marcha.","robots":{"index":"index","follow":"follow","max-snippet":"max-snippet:-1","max-image-preview":"max-image-preview:large","max-video-preview":"max-video-preview:-1"},"canonical":"https:\/\/fasgrel.com\/en\/product\/variador-de-velocidad-proposito-general-invertek-e3\/","og_locale":"en_US","og_type":"article","og_title":"VARIADOR DE VELOCIDAD | E3 | INVERTEK | Prop\u00f3sito General","og_description":"Variador de velocidad INVERTEK E3, de prop\u00f3sito general para motores, mezcladoras, fajas, bombas y ventiladores. R\u00e1pida instalaci\u00f3n y puesta en marcha.","og_url":"https:\/\/fasgrel.com\/en\/product\/variador-de-velocidad-proposito-general-invertek-e3\/","og_site_name":"Fasgrel","article_modified_time":"2026-04-08T04:02:00+00:00","og_image":[{"width":600,"height":600,"url":"https:\/\/fasgrel.com\/wp-content\/uploads\/2024\/07\/variador-velocidad-e3.jpg","type":"image\/jpeg"}],"twitter_card":"summary_large_image","twitter_misc":{"Est. reading time":"4 minutes"},"schema":{"@context":"https:\/\/schema.org","@graph":[{"@type":"WebPage","@id":"https:\/\/fasgrel.com\/producto\/variador-de-velocidad-proposito-general-invertek-e3\/","url":"https:\/\/fasgrel.com\/producto\/variador-de-velocidad-proposito-general-invertek-e3\/","name":"Variador de Velocidad | Motores | Prop\u00f3sito General | INVERTEK","isPartOf":{"@id":"https:\/\/fasgrel.com\/#website"},"primaryImageOfPage":{"@id":"https:\/\/fasgrel.com\/producto\/variador-de-velocidad-proposito-general-invertek-e3\/#primaryimage"},"image":{"@id":"https:\/\/fasgrel.com\/producto\/variador-de-velocidad-proposito-general-invertek-e3\/#primaryimage"},"thumbnailUrl":"https:\/\/fasgrel.com\/wp-content\/uploads\/2024\/07\/variador-velocidad-e3.jpg","datePublished":"2024-07-08T16:36:17+00:00","dateModified":"2026-04-08T04:02:00+00:00","description":"Variador de velocidad INVERTEK E3, de prop\u00f3sito general para motores, mezcladoras, fajas, bombas y ventiladores. R\u00e1pida instalaci\u00f3n y puesta en marcha.","breadcrumb":{"@id":"https:\/\/fasgrel.com\/producto\/variador-de-velocidad-proposito-general-invertek-e3\/#breadcrumb"},"inLanguage":"en-US","potentialAction":[{"@type":"ReadAction","target":["https:\/\/fasgrel.com\/producto\/variador-de-velocidad-proposito-general-invertek-e3\/"]}]},{"@type":"ImageObject","inLanguage":"en-US","@id":"https:\/\/fasgrel.com\/producto\/variador-de-velocidad-proposito-general-invertek-e3\/#primaryimage","url":"https:\/\/fasgrel.com\/wp-content\/uploads\/2024\/07\/variador-velocidad-e3.jpg","contentUrl":"https:\/\/fasgrel.com\/wp-content\/uploads\/2024\/07\/variador-velocidad-e3.jpg","width":600,"height":600,"caption":"variador de velocidad de prop\u00f3sito general e3"},{"@type":"BreadcrumbList","@id":"https:\/\/fasgrel.com\/producto\/variador-de-velocidad-proposito-general-invertek-e3\/#breadcrumb","itemListElement":[{"@type":"ListItem","position":1,"name":"Portada","item":"https:\/\/fasgrel.com\/"},{"@type":"ListItem","position":2,"name":"Tienda","item":"https:\/\/fasgrel.com\/tienda\/"},{"@type":"ListItem","position":3,"name":"VARIADOR DE VELOCIDAD | E3 | INVERTEK | Prop\u00f3sito General"}]},{"@type":"WebSite","@id":"https:\/\/fasgrel.com\/#website","url":"https:\/\/fasgrel.com\/","name":"Fasgrel","description":"Sitio en Construcci\u00f3n","publisher":{"@id":"https:\/\/fasgrel.com\/#organization"},"potentialAction":[{"@type":"SearchAction","target":{"@type":"EntryPoint","urlTemplate":"https:\/\/fasgrel.com\/?s={search_term_string}"},"query-input":{"@type":"PropertyValueSpecification","valueRequired":true,"valueName":"search_term_string"}}],"inLanguage":"en-US"},{"@type":"Organization","@id":"https:\/\/fasgrel.com\/#organization","name":"FASGREL","url":"https:\/\/fasgrel.com\/","logo":{"@type":"ImageObject","inLanguage":"en-US","@id":"https:\/\/fasgrel.com\/#\/schema\/logo\/image\/","url":"https:\/\/fasgrel.com\/wp-content\/uploads\/2024\/10\/logo-fasgrel.png","contentUrl":"https:\/\/fasgrel.com\/wp-content\/uploads\/2024\/10\/logo-fasgrel.png","width":427,"height":110,"caption":"FASGREL"},"image":{"@id":"https:\/\/fasgrel.com\/#\/schema\/logo\/image\/"}}]}},"brands":[{"id":33,"name":"Invertek","slug":"invertek"}],"_links":{"self":[{"href":"https:\/\/fasgrel.com\/en\/wp-json\/wp\/v2\/product\/301","targetHints":{"allow":["GET"]}}],"collection":[{"href":"https:\/\/fasgrel.com\/en\/wp-json\/wp\/v2\/product"}],"about":[{"href":"https:\/\/fasgrel.com\/en\/wp-json\/wp\/v2\/types\/product"}],"replies":[{"embeddable":true,"href":"https:\/\/fasgrel.com\/en\/wp-json\/wp\/v2\/comments?post=301"}],"wp:featuredmedia":[{"embeddable":true,"href":"https:\/\/fasgrel.com\/en\/wp-json\/wp\/v2\/media\/2339"}],"wp:attachment":[{"href":"https:\/\/fasgrel.com\/en\/wp-json\/wp\/v2\/media?parent=301"}],"wp:term":[{"taxonomy":"pwb-brand","embeddable":true,"href":"https:\/\/fasgrel.com\/en\/wp-json\/wp\/v2\/pwb-brand?post=301"},{"taxonomy":"product_brand","embeddable":true,"href":"https:\/\/fasgrel.com\/en\/wp-json\/wp\/v2\/product_brand?post=301"},{"taxonomy":"product_cat","embeddable":true,"href":"https:\/\/fasgrel.com\/en\/wp-json\/wp\/v2\/product_cat?post=301"},{"taxonomy":"product_tag","embeddable":true,"href":"https:\/\/fasgrel.com\/en\/wp-json\/wp\/v2\/product_tag?post=301"}],"curies":[{"name":"wp","href":"https:\/\/api.w.org\/{rel}","templated":true}]}}