{"id":3633,"date":"2026-03-10T19:03:36","date_gmt":"2026-03-10T19:03:36","guid":{"rendered":"https:\/\/fasgrel.com\/?post_type=product&#038;p=3633"},"modified":"2026-03-19T22:50:24","modified_gmt":"2026-03-19T22:50:24","slug":"borne-de-potencia-esparrago-120mm2-6-120mm2-10-awg-250-kcmil-269a-1000v-wrtn-120-m12","status":"publish","type":"product","link":"https:\/\/fasgrel.com\/en\/product\/borne-de-potencia-esparrago-120mm2-6-120mm2-10-awg-250-kcmil-269a-1000v-wrtn-120-m12\/","title":{"rendered":"BORNE DE POTENCIA, Esp\u00e1rrago, nominal 120mm\u00b2, (6-120mm\u00b2 \/ 10 AWG-250 kcmil), 269A, 1000V | WRTN 120 M12"},"content":{"rendered":"","protected":false},"excerpt":{"rendered":"<p>Borne de alta corriente WRTN 120 M12 tensi\u00f3n asignada 1000 V, corriente asignada<br \/>\n269 A, Conexi\u00f3n por tornillo, n\u00famero de pisos 1, n\u00famero de conexiones por piso 2,<br \/>\nsecci\u00f3n nominal del conductor 120 mm\u00b2, tama\u00f1o del cable de conexi\u00f3n semir\u00edgido sin<br \/>\npuntera 6mm\u00b2 &#8211; 120mm\u00b2, m\u00e9todo de montaje Carril DIN (top hat rail), color Gris,<br \/>\nanchura del borne 32 mm, tipo de inflamabilidad del material de aislamiento seg\u00fan<br \/>\nul94 V0.<\/p>\n<p><img decoding=\"async\" class=\"alignnone wp-image-1817\" src=\"https:\/\/fasgrel.com\/wp-content\/uploads\/2024\/07\/logo-wieland.png\" alt=\"wieland y fasgrel\" width=\"102\" height=\"42\" \/><\/p>","protected":false},"featured_media":3634,"comment_status":"open","ping_status":"closed","template":"","meta":{"_acf_changed":false,"_joinchat":[]},"pwb-brand":[34],"product_brand":[],"product_cat":[60],"product_tag":[],"class_list":{"0":"post-3633","1":"product","2":"type-product","3":"status-publish","4":"has-post-thumbnail","6":"pwb-brand-wieland","7":"product_cat-bornes-de-potencia-por-esparrago","9":"first","10":"instock","11":"featured","12":"shipping-taxable","13":"product-type-simple"},"acf":[],"yoast_head":"<!-- This site is optimized with the Yoast SEO Premium plugin v22.9 (Yoast SEO v27.1.1) - https:\/\/yoast.com\/product\/yoast-seo-premium-wordpress\/ -->\n<title>BORNE DE POTENCIA, Esp\u00e1rrago, nominal 120mm\u00b2, (6-120mm\u00b2 \/ 10 AWG-250 kcmil), 269A, 1000V | WRTN 120 M12 - Fasgrel<\/title>\n<meta name=\"robots\" content=\"index, follow, max-snippet:-1, max-image-preview:large, max-video-preview:-1\" \/>\n<link rel=\"canonical\" href=\"https:\/\/fasgrel.com\/en\/product\/borne-de-potencia-esparrago-120mm2-6-120mm2-10-awg-250-kcmil-269a-1000v-wrtn-120-m12\/\" \/>\n<meta property=\"og:locale\" content=\"en_US\" \/>\n<meta property=\"og:type\" content=\"article\" \/>\n<meta property=\"og:title\" content=\"BORNE DE POTENCIA, Esp\u00e1rrago, nominal 120mm\u00b2, (6-120mm\u00b2 \/ 10 AWG-250 kcmil), 269A, 1000V | WRTN 120 M12\" \/>\n<meta property=\"og:description\" content=\"Borne de alta corriente WRTN 120 M12 tensi\u00f3n asignada 1000 V, corriente asignada 269 A, Conexi\u00f3n por tornillo, n\u00famero de pisos 1, n\u00famero de conexiones por piso 2, secci\u00f3n nominal del conductor 120 mm\u00b2, tama\u00f1o del cable de conexi\u00f3n semir\u00edgido sin puntera 6mm\u00b2 - 120mm\u00b2, m\u00e9todo de montaje Carril DIN (top hat rail), color Gris, anchura del borne 32 mm, tipo de inflamabilidad del material de aislamiento seg\u00fan ul94 V0.\" \/>\n<meta property=\"og:url\" content=\"https:\/\/fasgrel.com\/en\/product\/borne-de-potencia-esparrago-120mm2-6-120mm2-10-awg-250-kcmil-269a-1000v-wrtn-120-m12\/\" \/>\n<meta property=\"og:site_name\" content=\"Fasgrel\" \/>\n<meta property=\"article:modified_time\" content=\"2026-03-19T22:50:24+00:00\" \/>\n<meta property=\"og:image\" content=\"https:\/\/fasgrel.com\/wp-content\/uploads\/2026\/03\/5D.S96.1855.0.jpg\" \/>\n\t<meta property=\"og:image:width\" content=\"400\" \/>\n\t<meta property=\"og:image:height\" content=\"400\" \/>\n\t<meta property=\"og:image:type\" content=\"image\/jpeg\" \/>\n<meta name=\"twitter:card\" content=\"summary_large_image\" \/>\n<meta name=\"twitter:label1\" content=\"Est. reading time\" \/>\n\t<meta name=\"twitter:data1\" content=\"1 minute\" \/>\n<script type=\"application\/ld+json\" class=\"yoast-schema-graph\">{\"@context\":\"https:\/\/schema.org\",\"@graph\":[{\"@type\":\"WebPage\",\"@id\":\"https:\/\/fasgrel.com\/producto\/borne-de-potencia-esparrago-120mm2-6-120mm2-10-awg-250-kcmil-269a-1000v-wrtn-120-m12\/\",\"url\":\"https:\/\/fasgrel.com\/producto\/borne-de-potencia-esparrago-120mm2-6-120mm2-10-awg-250-kcmil-269a-1000v-wrtn-120-m12\/\",\"name\":\"BORNE DE POTENCIA, Esp\u00e1rrago, nominal 120mm\u00b2, (6-120mm\u00b2 \/ 10 AWG-250 kcmil), 269A, 1000V | WRTN 120 M12 - Fasgrel\",\"isPartOf\":{\"@id\":\"https:\/\/fasgrel.com\/#website\"},\"primaryImageOfPage\":{\"@id\":\"https:\/\/fasgrel.com\/producto\/borne-de-potencia-esparrago-120mm2-6-120mm2-10-awg-250-kcmil-269a-1000v-wrtn-120-m12\/#primaryimage\"},\"image\":{\"@id\":\"https:\/\/fasgrel.com\/producto\/borne-de-potencia-esparrago-120mm2-6-120mm2-10-awg-250-kcmil-269a-1000v-wrtn-120-m12\/#primaryimage\"},\"thumbnailUrl\":\"https:\/\/fasgrel.com\/wp-content\/uploads\/2026\/03\/5D.S96.1855.0.jpg\",\"datePublished\":\"2026-03-10T19:03:36+00:00\",\"dateModified\":\"2026-03-19T22:50:24+00:00\",\"breadcrumb\":{\"@id\":\"https:\/\/fasgrel.com\/producto\/borne-de-potencia-esparrago-120mm2-6-120mm2-10-awg-250-kcmil-269a-1000v-wrtn-120-m12\/#breadcrumb\"},\"inLanguage\":\"en-US\",\"potentialAction\":[{\"@type\":\"ReadAction\",\"target\":[\"https:\/\/fasgrel.com\/producto\/borne-de-potencia-esparrago-120mm2-6-120mm2-10-awg-250-kcmil-269a-1000v-wrtn-120-m12\/\"]}]},{\"@type\":\"ImageObject\",\"inLanguage\":\"en-US\",\"@id\":\"https:\/\/fasgrel.com\/producto\/borne-de-potencia-esparrago-120mm2-6-120mm2-10-awg-250-kcmil-269a-1000v-wrtn-120-m12\/#primaryimage\",\"url\":\"https:\/\/fasgrel.com\/wp-content\/uploads\/2026\/03\/5D.S96.1855.0.jpg\",\"contentUrl\":\"https:\/\/fasgrel.com\/wp-content\/uploads\/2026\/03\/5D.S96.1855.0.jpg\",\"width\":400,\"height\":400},{\"@type\":\"BreadcrumbList\",\"@id\":\"https:\/\/fasgrel.com\/producto\/borne-de-potencia-esparrago-120mm2-6-120mm2-10-awg-250-kcmil-269a-1000v-wrtn-120-m12\/#breadcrumb\",\"itemListElement\":[{\"@type\":\"ListItem\",\"position\":1,\"name\":\"Portada\",\"item\":\"https:\/\/fasgrel.com\/\"},{\"@type\":\"ListItem\",\"position\":2,\"name\":\"Tienda\",\"item\":\"https:\/\/fasgrel.com\/tienda\/\"},{\"@type\":\"ListItem\",\"position\":3,\"name\":\"BORNE DE POTENCIA, Esp\u00e1rrago, nominal 120mm\u00b2, (6-120mm\u00b2 \/ 10 AWG-250 kcmil), 269A, 1000V | WRTN 120 M12\"}]},{\"@type\":\"WebSite\",\"@id\":\"https:\/\/fasgrel.com\/#website\",\"url\":\"https:\/\/fasgrel.com\/\",\"name\":\"Fasgrel\",\"description\":\"Sitio en Construcci\u00f3n\",\"publisher\":{\"@id\":\"https:\/\/fasgrel.com\/#organization\"},\"potentialAction\":[{\"@type\":\"SearchAction\",\"target\":{\"@type\":\"EntryPoint\",\"urlTemplate\":\"https:\/\/fasgrel.com\/?s={search_term_string}\"},\"query-input\":{\"@type\":\"PropertyValueSpecification\",\"valueRequired\":true,\"valueName\":\"search_term_string\"}}],\"inLanguage\":\"en-US\"},{\"@type\":\"Organization\",\"@id\":\"https:\/\/fasgrel.com\/#organization\",\"name\":\"FASGREL\",\"url\":\"https:\/\/fasgrel.com\/\",\"logo\":{\"@type\":\"ImageObject\",\"inLanguage\":\"en-US\",\"@id\":\"https:\/\/fasgrel.com\/#\/schema\/logo\/image\/\",\"url\":\"https:\/\/fasgrel.com\/wp-content\/uploads\/2024\/10\/logo-fasgrel.png\",\"contentUrl\":\"https:\/\/fasgrel.com\/wp-content\/uploads\/2024\/10\/logo-fasgrel.png\",\"width\":427,\"height\":110,\"caption\":\"FASGREL\"},\"image\":{\"@id\":\"https:\/\/fasgrel.com\/#\/schema\/logo\/image\/\"}}]}<\/script>\n<!-- \/ Yoast SEO Premium plugin. -->","yoast_head_json":{"title":"BORNE DE POTENCIA, Esp\u00e1rrago, nominal 120mm\u00b2, (6-120mm\u00b2 \/ 10 AWG-250 kcmil), 269A, 1000V | WRTN 120 M12 - Fasgrel","robots":{"index":"index","follow":"follow","max-snippet":"max-snippet:-1","max-image-preview":"max-image-preview:large","max-video-preview":"max-video-preview:-1"},"canonical":"https:\/\/fasgrel.com\/en\/product\/borne-de-potencia-esparrago-120mm2-6-120mm2-10-awg-250-kcmil-269a-1000v-wrtn-120-m12\/","og_locale":"en_US","og_type":"article","og_title":"BORNE DE POTENCIA, Esp\u00e1rrago, nominal 120mm\u00b2, (6-120mm\u00b2 \/ 10 AWG-250 kcmil), 269A, 1000V | WRTN 120 M12","og_description":"Borne de alta corriente WRTN 120 M12 tensi\u00f3n asignada 1000 V, corriente asignada 269 A, Conexi\u00f3n por tornillo, n\u00famero de pisos 1, n\u00famero de conexiones por piso 2, secci\u00f3n nominal del conductor 120 mm\u00b2, tama\u00f1o del cable de conexi\u00f3n semir\u00edgido sin puntera 6mm\u00b2 - 120mm\u00b2, m\u00e9todo de montaje Carril DIN (top hat rail), color Gris, anchura del borne 32 mm, tipo de inflamabilidad del material de aislamiento seg\u00fan ul94 V0.","og_url":"https:\/\/fasgrel.com\/en\/product\/borne-de-potencia-esparrago-120mm2-6-120mm2-10-awg-250-kcmil-269a-1000v-wrtn-120-m12\/","og_site_name":"Fasgrel","article_modified_time":"2026-03-19T22:50:24+00:00","og_image":[{"width":400,"height":400,"url":"https:\/\/fasgrel.com\/wp-content\/uploads\/2026\/03\/5D.S96.1855.0.jpg","type":"image\/jpeg"}],"twitter_card":"summary_large_image","twitter_misc":{"Est. reading time":"1 minute"},"schema":{"@context":"https:\/\/schema.org","@graph":[{"@type":"WebPage","@id":"https:\/\/fasgrel.com\/producto\/borne-de-potencia-esparrago-120mm2-6-120mm2-10-awg-250-kcmil-269a-1000v-wrtn-120-m12\/","url":"https:\/\/fasgrel.com\/producto\/borne-de-potencia-esparrago-120mm2-6-120mm2-10-awg-250-kcmil-269a-1000v-wrtn-120-m12\/","name":"BORNE DE POTENCIA, Esp\u00e1rrago, nominal 120mm\u00b2, (6-120mm\u00b2 \/ 10 AWG-250 kcmil), 269A, 1000V | WRTN 120 M12 - Fasgrel","isPartOf":{"@id":"https:\/\/fasgrel.com\/#website"},"primaryImageOfPage":{"@id":"https:\/\/fasgrel.com\/producto\/borne-de-potencia-esparrago-120mm2-6-120mm2-10-awg-250-kcmil-269a-1000v-wrtn-120-m12\/#primaryimage"},"image":{"@id":"https:\/\/fasgrel.com\/producto\/borne-de-potencia-esparrago-120mm2-6-120mm2-10-awg-250-kcmil-269a-1000v-wrtn-120-m12\/#primaryimage"},"thumbnailUrl":"https:\/\/fasgrel.com\/wp-content\/uploads\/2026\/03\/5D.S96.1855.0.jpg","datePublished":"2026-03-10T19:03:36+00:00","dateModified":"2026-03-19T22:50:24+00:00","breadcrumb":{"@id":"https:\/\/fasgrel.com\/producto\/borne-de-potencia-esparrago-120mm2-6-120mm2-10-awg-250-kcmil-269a-1000v-wrtn-120-m12\/#breadcrumb"},"inLanguage":"en-US","potentialAction":[{"@type":"ReadAction","target":["https:\/\/fasgrel.com\/producto\/borne-de-potencia-esparrago-120mm2-6-120mm2-10-awg-250-kcmil-269a-1000v-wrtn-120-m12\/"]}]},{"@type":"ImageObject","inLanguage":"en-US","@id":"https:\/\/fasgrel.com\/producto\/borne-de-potencia-esparrago-120mm2-6-120mm2-10-awg-250-kcmil-269a-1000v-wrtn-120-m12\/#primaryimage","url":"https:\/\/fasgrel.com\/wp-content\/uploads\/2026\/03\/5D.S96.1855.0.jpg","contentUrl":"https:\/\/fasgrel.com\/wp-content\/uploads\/2026\/03\/5D.S96.1855.0.jpg","width":400,"height":400},{"@type":"BreadcrumbList","@id":"https:\/\/fasgrel.com\/producto\/borne-de-potencia-esparrago-120mm2-6-120mm2-10-awg-250-kcmil-269a-1000v-wrtn-120-m12\/#breadcrumb","itemListElement":[{"@type":"ListItem","position":1,"name":"Portada","item":"https:\/\/fasgrel.com\/"},{"@type":"ListItem","position":2,"name":"Tienda","item":"https:\/\/fasgrel.com\/tienda\/"},{"@type":"ListItem","position":3,"name":"BORNE DE POTENCIA, Esp\u00e1rrago, nominal 120mm\u00b2, (6-120mm\u00b2 \/ 10 AWG-250 kcmil), 269A, 1000V | WRTN 120 M12"}]},{"@type":"WebSite","@id":"https:\/\/fasgrel.com\/#website","url":"https:\/\/fasgrel.com\/","name":"Fasgrel","description":"Sitio en Construcci\u00f3n","publisher":{"@id":"https:\/\/fasgrel.com\/#organization"},"potentialAction":[{"@type":"SearchAction","target":{"@type":"EntryPoint","urlTemplate":"https:\/\/fasgrel.com\/?s={search_term_string}"},"query-input":{"@type":"PropertyValueSpecification","valueRequired":true,"valueName":"search_term_string"}}],"inLanguage":"en-US"},{"@type":"Organization","@id":"https:\/\/fasgrel.com\/#organization","name":"FASGREL","url":"https:\/\/fasgrel.com\/","logo":{"@type":"ImageObject","inLanguage":"en-US","@id":"https:\/\/fasgrel.com\/#\/schema\/logo\/image\/","url":"https:\/\/fasgrel.com\/wp-content\/uploads\/2024\/10\/logo-fasgrel.png","contentUrl":"https:\/\/fasgrel.com\/wp-content\/uploads\/2024\/10\/logo-fasgrel.png","width":427,"height":110,"caption":"FASGREL"},"image":{"@id":"https:\/\/fasgrel.com\/#\/schema\/logo\/image\/"}}]}},"brands":[{"id":34,"name":"Wieland","slug":"wieland"}],"_links":{"self":[{"href":"https:\/\/fasgrel.com\/en\/wp-json\/wp\/v2\/product\/3633","targetHints":{"allow":["GET"]}}],"collection":[{"href":"https:\/\/fasgrel.com\/en\/wp-json\/wp\/v2\/product"}],"about":[{"href":"https:\/\/fasgrel.com\/en\/wp-json\/wp\/v2\/types\/product"}],"replies":[{"embeddable":true,"href":"https:\/\/fasgrel.com\/en\/wp-json\/wp\/v2\/comments?post=3633"}],"wp:featuredmedia":[{"embeddable":true,"href":"https:\/\/fasgrel.com\/en\/wp-json\/wp\/v2\/media\/3634"}],"wp:attachment":[{"href":"https:\/\/fasgrel.com\/en\/wp-json\/wp\/v2\/media?parent=3633"}],"wp:term":[{"taxonomy":"pwb-brand","embeddable":true,"href":"https:\/\/fasgrel.com\/en\/wp-json\/wp\/v2\/pwb-brand?post=3633"},{"taxonomy":"product_brand","embeddable":true,"href":"https:\/\/fasgrel.com\/en\/wp-json\/wp\/v2\/product_brand?post=3633"},{"taxonomy":"product_cat","embeddable":true,"href":"https:\/\/fasgrel.com\/en\/wp-json\/wp\/v2\/product_cat?post=3633"},{"taxonomy":"product_tag","embeddable":true,"href":"https:\/\/fasgrel.com\/en\/wp-json\/wp\/v2\/product_tag?post=3633"}],"curies":[{"name":"wp","href":"https:\/\/api.w.org\/{rel}","templated":true}]}}