{"id":3765,"date":"2026-03-12T05:04:44","date_gmt":"2026-03-12T05:04:44","guid":{"rendered":"https:\/\/fasgrel.com\/?post_type=product&#038;p=3765"},"modified":"2026-03-19T19:58:06","modified_gmt":"2026-03-19T19:58:06","slug":"borne-especial-de-2-pisos-tornillo-2-5mm2-0-34-2-5mm2-22-12-awg-0-5a-250v-wtn-2-5-e-d04","status":"publish","type":"product","link":"https:\/\/fasgrel.com\/en\/product\/borne-especial-de-2-pisos-tornillo-2-5mm2-0-34-2-5mm2-22-12-awg-0-5a-250v-wtn-2-5-e-d04\/","title":{"rendered":"BORNE ESPECIAL DE 2 PISOS, Tornillo, nominal 2.5mm\u00b2, (0.34-2.5mm\u00b2 \/ 22-12 AWG), 0.5A, 250V | WTN 2.5 E D04"},"content":{"rendered":"","protected":false},"excerpt":{"rendered":"<p>Bornes de doble piso WTN 2.5 E D04 tensi\u00f3n asignada 250 V, corriente asignada 0,5<br \/>\nA, conexi\u00f3n por tornillo, n\u00famero de pisos 2, n\u00famero de conexiones por piso 2, secci\u00f3n<br \/>\nnominal del conductor 2,5 mm\u00b2, tama\u00f1o del cable de conexi\u00f3n semir\u00edgido sin puntera<br \/>\n0,34mm\u00b2 &#8211; 2,5mm\u00b2, m\u00e9todo de montaje Carril DIN (top hat rail), color Gris, anchura del<br \/>\nborne 5,1 mm, tipo de inflamabilidad del material de aislamiento seg\u00fan ul94 V0,<br \/>\nbornes para instalaciones el\u00e9ctricas.<\/p>\n<p><img decoding=\"async\" class=\"alignnone wp-image-1817\" src=\"https:\/\/fasgrel.com\/wp-content\/uploads\/2024\/07\/logo-wieland.png\" alt=\"wieland y fasgrel\" width=\"102\" height=\"42\" \/><\/p>","protected":false},"featured_media":3766,"comment_status":"open","ping_status":"closed","template":"","meta":{"_acf_changed":false,"_joinchat":[]},"pwb-brand":[34],"product_brand":[],"product_cat":[58],"product_tag":[],"class_list":{"0":"post-3765","1":"product","2":"type-product","3":"status-publish","4":"has-post-thumbnail","6":"pwb-brand-wieland","7":"product_cat-bornes-por-tornillo-especiales","9":"first","10":"instock","11":"shipping-taxable","12":"product-type-simple"},"acf":[],"yoast_head":"<!-- This site is optimized with the Yoast SEO Premium plugin v22.9 (Yoast SEO v27.1.1) - https:\/\/yoast.com\/product\/yoast-seo-premium-wordpress\/ -->\n<title>BORNE ESPECIAL DE 2 PISOS, Tornillo, nominal 2.5mm\u00b2, (0.34-2.5mm\u00b2 \/ 22-12 AWG), 0.5A, 250V | WTN 2.5 E D04 - Fasgrel<\/title>\n<meta name=\"robots\" content=\"index, follow, max-snippet:-1, max-image-preview:large, max-video-preview:-1\" \/>\n<link rel=\"canonical\" href=\"https:\/\/fasgrel.com\/en\/product\/borne-especial-de-2-pisos-tornillo-2-5mm2-0-34-2-5mm2-22-12-awg-0-5a-250v-wtn-2-5-e-d04\/\" \/>\n<meta property=\"og:locale\" content=\"en_US\" \/>\n<meta property=\"og:type\" content=\"article\" \/>\n<meta property=\"og:title\" content=\"BORNE ESPECIAL DE 2 PISOS, Tornillo, nominal 2.5mm\u00b2, (0.34-2.5mm\u00b2 \/ 22-12 AWG), 0.5A, 250V | WTN 2.5 E D04\" \/>\n<meta property=\"og:description\" content=\"Bornes de doble piso WTN 2.5 E D04 tensi\u00f3n asignada 250 V, corriente asignada 0,5 A, conexi\u00f3n por tornillo, n\u00famero de pisos 2, n\u00famero de conexiones por piso 2, secci\u00f3n nominal del conductor 2,5 mm\u00b2, tama\u00f1o del cable de conexi\u00f3n semir\u00edgido sin puntera 0,34mm\u00b2 - 2,5mm\u00b2, m\u00e9todo de montaje Carril DIN (top hat rail), color Gris, anchura del borne 5,1 mm, tipo de inflamabilidad del material de aislamiento seg\u00fan ul94 V0, bornes para instalaciones el\u00e9ctricas.\" \/>\n<meta property=\"og:url\" content=\"https:\/\/fasgrel.com\/en\/product\/borne-especial-de-2-pisos-tornillo-2-5mm2-0-34-2-5mm2-22-12-awg-0-5a-250v-wtn-2-5-e-d04\/\" \/>\n<meta property=\"og:site_name\" content=\"Fasgrel\" \/>\n<meta property=\"article:modified_time\" content=\"2026-03-19T19:58:06+00:00\" \/>\n<meta property=\"og:image\" content=\"https:\/\/fasgrel.com\/wp-content\/uploads\/2026\/03\/5D.S03.8955.0.jpg\" \/>\n\t<meta property=\"og:image:width\" content=\"400\" \/>\n\t<meta property=\"og:image:height\" content=\"400\" \/>\n\t<meta property=\"og:image:type\" content=\"image\/jpeg\" \/>\n<meta name=\"twitter:card\" content=\"summary_large_image\" \/>\n<meta name=\"twitter:label1\" content=\"Est. reading time\" \/>\n\t<meta name=\"twitter:data1\" content=\"1 minute\" \/>\n<script type=\"application\/ld+json\" class=\"yoast-schema-graph\">{\"@context\":\"https:\/\/schema.org\",\"@graph\":[{\"@type\":\"WebPage\",\"@id\":\"https:\/\/fasgrel.com\/producto\/borne-especial-de-2-pisos-tornillo-2-5mm2-0-34-2-5mm2-22-12-awg-0-5a-250v-wtn-2-5-e-d04\/\",\"url\":\"https:\/\/fasgrel.com\/producto\/borne-especial-de-2-pisos-tornillo-2-5mm2-0-34-2-5mm2-22-12-awg-0-5a-250v-wtn-2-5-e-d04\/\",\"name\":\"BORNE ESPECIAL DE 2 PISOS, Tornillo, nominal 2.5mm\u00b2, (0.34-2.5mm\u00b2 \/ 22-12 AWG), 0.5A, 250V | WTN 2.5 E D04 - Fasgrel\",\"isPartOf\":{\"@id\":\"https:\/\/fasgrel.com\/#website\"},\"primaryImageOfPage\":{\"@id\":\"https:\/\/fasgrel.com\/producto\/borne-especial-de-2-pisos-tornillo-2-5mm2-0-34-2-5mm2-22-12-awg-0-5a-250v-wtn-2-5-e-d04\/#primaryimage\"},\"image\":{\"@id\":\"https:\/\/fasgrel.com\/producto\/borne-especial-de-2-pisos-tornillo-2-5mm2-0-34-2-5mm2-22-12-awg-0-5a-250v-wtn-2-5-e-d04\/#primaryimage\"},\"thumbnailUrl\":\"https:\/\/fasgrel.com\/wp-content\/uploads\/2026\/03\/5D.S03.8955.0.jpg\",\"datePublished\":\"2026-03-12T05:04:44+00:00\",\"dateModified\":\"2026-03-19T19:58:06+00:00\",\"breadcrumb\":{\"@id\":\"https:\/\/fasgrel.com\/producto\/borne-especial-de-2-pisos-tornillo-2-5mm2-0-34-2-5mm2-22-12-awg-0-5a-250v-wtn-2-5-e-d04\/#breadcrumb\"},\"inLanguage\":\"en-US\",\"potentialAction\":[{\"@type\":\"ReadAction\",\"target\":[\"https:\/\/fasgrel.com\/producto\/borne-especial-de-2-pisos-tornillo-2-5mm2-0-34-2-5mm2-22-12-awg-0-5a-250v-wtn-2-5-e-d04\/\"]}]},{\"@type\":\"ImageObject\",\"inLanguage\":\"en-US\",\"@id\":\"https:\/\/fasgrel.com\/producto\/borne-especial-de-2-pisos-tornillo-2-5mm2-0-34-2-5mm2-22-12-awg-0-5a-250v-wtn-2-5-e-d04\/#primaryimage\",\"url\":\"https:\/\/fasgrel.com\/wp-content\/uploads\/2026\/03\/5D.S03.8955.0.jpg\",\"contentUrl\":\"https:\/\/fasgrel.com\/wp-content\/uploads\/2026\/03\/5D.S03.8955.0.jpg\",\"width\":400,\"height\":400},{\"@type\":\"BreadcrumbList\",\"@id\":\"https:\/\/fasgrel.com\/producto\/borne-especial-de-2-pisos-tornillo-2-5mm2-0-34-2-5mm2-22-12-awg-0-5a-250v-wtn-2-5-e-d04\/#breadcrumb\",\"itemListElement\":[{\"@type\":\"ListItem\",\"position\":1,\"name\":\"Portada\",\"item\":\"https:\/\/fasgrel.com\/\"},{\"@type\":\"ListItem\",\"position\":2,\"name\":\"Tienda\",\"item\":\"https:\/\/fasgrel.com\/tienda\/\"},{\"@type\":\"ListItem\",\"position\":3,\"name\":\"BORNE ESPECIAL DE 2 PISOS, Tornillo, nominal 2.5mm\u00b2, (0.34-2.5mm\u00b2 \/ 22-12 AWG), 0.5A, 250V | WTN 2.5 E D04\"}]},{\"@type\":\"WebSite\",\"@id\":\"https:\/\/fasgrel.com\/#website\",\"url\":\"https:\/\/fasgrel.com\/\",\"name\":\"Fasgrel\",\"description\":\"Sitio en Construcci\u00f3n\",\"publisher\":{\"@id\":\"https:\/\/fasgrel.com\/#organization\"},\"potentialAction\":[{\"@type\":\"SearchAction\",\"target\":{\"@type\":\"EntryPoint\",\"urlTemplate\":\"https:\/\/fasgrel.com\/?s={search_term_string}\"},\"query-input\":{\"@type\":\"PropertyValueSpecification\",\"valueRequired\":true,\"valueName\":\"search_term_string\"}}],\"inLanguage\":\"en-US\"},{\"@type\":\"Organization\",\"@id\":\"https:\/\/fasgrel.com\/#organization\",\"name\":\"FASGREL\",\"url\":\"https:\/\/fasgrel.com\/\",\"logo\":{\"@type\":\"ImageObject\",\"inLanguage\":\"en-US\",\"@id\":\"https:\/\/fasgrel.com\/#\/schema\/logo\/image\/\",\"url\":\"https:\/\/fasgrel.com\/wp-content\/uploads\/2024\/10\/logo-fasgrel.png\",\"contentUrl\":\"https:\/\/fasgrel.com\/wp-content\/uploads\/2024\/10\/logo-fasgrel.png\",\"width\":427,\"height\":110,\"caption\":\"FASGREL\"},\"image\":{\"@id\":\"https:\/\/fasgrel.com\/#\/schema\/logo\/image\/\"}}]}<\/script>\n<!-- \/ Yoast SEO Premium plugin. -->","yoast_head_json":{"title":"BORNE ESPECIAL DE 2 PISOS, Tornillo, nominal 2.5mm\u00b2, (0.34-2.5mm\u00b2 \/ 22-12 AWG), 0.5A, 250V | WTN 2.5 E D04 - Fasgrel","robots":{"index":"index","follow":"follow","max-snippet":"max-snippet:-1","max-image-preview":"max-image-preview:large","max-video-preview":"max-video-preview:-1"},"canonical":"https:\/\/fasgrel.com\/en\/product\/borne-especial-de-2-pisos-tornillo-2-5mm2-0-34-2-5mm2-22-12-awg-0-5a-250v-wtn-2-5-e-d04\/","og_locale":"en_US","og_type":"article","og_title":"BORNE ESPECIAL DE 2 PISOS, Tornillo, nominal 2.5mm\u00b2, (0.34-2.5mm\u00b2 \/ 22-12 AWG), 0.5A, 250V | WTN 2.5 E D04","og_description":"Bornes de doble piso WTN 2.5 E D04 tensi\u00f3n asignada 250 V, corriente asignada 0,5 A, conexi\u00f3n por tornillo, n\u00famero de pisos 2, n\u00famero de conexiones por piso 2, secci\u00f3n nominal del conductor 2,5 mm\u00b2, tama\u00f1o del cable de conexi\u00f3n semir\u00edgido sin puntera 0,34mm\u00b2 - 2,5mm\u00b2, m\u00e9todo de montaje Carril DIN (top hat rail), color Gris, anchura del borne 5,1 mm, tipo de inflamabilidad del material de aislamiento seg\u00fan ul94 V0, bornes para instalaciones el\u00e9ctricas.","og_url":"https:\/\/fasgrel.com\/en\/product\/borne-especial-de-2-pisos-tornillo-2-5mm2-0-34-2-5mm2-22-12-awg-0-5a-250v-wtn-2-5-e-d04\/","og_site_name":"Fasgrel","article_modified_time":"2026-03-19T19:58:06+00:00","og_image":[{"width":400,"height":400,"url":"https:\/\/fasgrel.com\/wp-content\/uploads\/2026\/03\/5D.S03.8955.0.jpg","type":"image\/jpeg"}],"twitter_card":"summary_large_image","twitter_misc":{"Est. reading time":"1 minute"},"schema":{"@context":"https:\/\/schema.org","@graph":[{"@type":"WebPage","@id":"https:\/\/fasgrel.com\/producto\/borne-especial-de-2-pisos-tornillo-2-5mm2-0-34-2-5mm2-22-12-awg-0-5a-250v-wtn-2-5-e-d04\/","url":"https:\/\/fasgrel.com\/producto\/borne-especial-de-2-pisos-tornillo-2-5mm2-0-34-2-5mm2-22-12-awg-0-5a-250v-wtn-2-5-e-d04\/","name":"BORNE ESPECIAL DE 2 PISOS, Tornillo, nominal 2.5mm\u00b2, (0.34-2.5mm\u00b2 \/ 22-12 AWG), 0.5A, 250V | WTN 2.5 E D04 - Fasgrel","isPartOf":{"@id":"https:\/\/fasgrel.com\/#website"},"primaryImageOfPage":{"@id":"https:\/\/fasgrel.com\/producto\/borne-especial-de-2-pisos-tornillo-2-5mm2-0-34-2-5mm2-22-12-awg-0-5a-250v-wtn-2-5-e-d04\/#primaryimage"},"image":{"@id":"https:\/\/fasgrel.com\/producto\/borne-especial-de-2-pisos-tornillo-2-5mm2-0-34-2-5mm2-22-12-awg-0-5a-250v-wtn-2-5-e-d04\/#primaryimage"},"thumbnailUrl":"https:\/\/fasgrel.com\/wp-content\/uploads\/2026\/03\/5D.S03.8955.0.jpg","datePublished":"2026-03-12T05:04:44+00:00","dateModified":"2026-03-19T19:58:06+00:00","breadcrumb":{"@id":"https:\/\/fasgrel.com\/producto\/borne-especial-de-2-pisos-tornillo-2-5mm2-0-34-2-5mm2-22-12-awg-0-5a-250v-wtn-2-5-e-d04\/#breadcrumb"},"inLanguage":"en-US","potentialAction":[{"@type":"ReadAction","target":["https:\/\/fasgrel.com\/producto\/borne-especial-de-2-pisos-tornillo-2-5mm2-0-34-2-5mm2-22-12-awg-0-5a-250v-wtn-2-5-e-d04\/"]}]},{"@type":"ImageObject","inLanguage":"en-US","@id":"https:\/\/fasgrel.com\/producto\/borne-especial-de-2-pisos-tornillo-2-5mm2-0-34-2-5mm2-22-12-awg-0-5a-250v-wtn-2-5-e-d04\/#primaryimage","url":"https:\/\/fasgrel.com\/wp-content\/uploads\/2026\/03\/5D.S03.8955.0.jpg","contentUrl":"https:\/\/fasgrel.com\/wp-content\/uploads\/2026\/03\/5D.S03.8955.0.jpg","width":400,"height":400},{"@type":"BreadcrumbList","@id":"https:\/\/fasgrel.com\/producto\/borne-especial-de-2-pisos-tornillo-2-5mm2-0-34-2-5mm2-22-12-awg-0-5a-250v-wtn-2-5-e-d04\/#breadcrumb","itemListElement":[{"@type":"ListItem","position":1,"name":"Portada","item":"https:\/\/fasgrel.com\/"},{"@type":"ListItem","position":2,"name":"Tienda","item":"https:\/\/fasgrel.com\/tienda\/"},{"@type":"ListItem","position":3,"name":"BORNE ESPECIAL DE 2 PISOS, Tornillo, nominal 2.5mm\u00b2, (0.34-2.5mm\u00b2 \/ 22-12 AWG), 0.5A, 250V | WTN 2.5 E D04"}]},{"@type":"WebSite","@id":"https:\/\/fasgrel.com\/#website","url":"https:\/\/fasgrel.com\/","name":"Fasgrel","description":"Sitio en Construcci\u00f3n","publisher":{"@id":"https:\/\/fasgrel.com\/#organization"},"potentialAction":[{"@type":"SearchAction","target":{"@type":"EntryPoint","urlTemplate":"https:\/\/fasgrel.com\/?s={search_term_string}"},"query-input":{"@type":"PropertyValueSpecification","valueRequired":true,"valueName":"search_term_string"}}],"inLanguage":"en-US"},{"@type":"Organization","@id":"https:\/\/fasgrel.com\/#organization","name":"FASGREL","url":"https:\/\/fasgrel.com\/","logo":{"@type":"ImageObject","inLanguage":"en-US","@id":"https:\/\/fasgrel.com\/#\/schema\/logo\/image\/","url":"https:\/\/fasgrel.com\/wp-content\/uploads\/2024\/10\/logo-fasgrel.png","contentUrl":"https:\/\/fasgrel.com\/wp-content\/uploads\/2024\/10\/logo-fasgrel.png","width":427,"height":110,"caption":"FASGREL"},"image":{"@id":"https:\/\/fasgrel.com\/#\/schema\/logo\/image\/"}}]}},"brands":[{"id":34,"name":"Wieland","slug":"wieland"}],"_links":{"self":[{"href":"https:\/\/fasgrel.com\/en\/wp-json\/wp\/v2\/product\/3765","targetHints":{"allow":["GET"]}}],"collection":[{"href":"https:\/\/fasgrel.com\/en\/wp-json\/wp\/v2\/product"}],"about":[{"href":"https:\/\/fasgrel.com\/en\/wp-json\/wp\/v2\/types\/product"}],"replies":[{"embeddable":true,"href":"https:\/\/fasgrel.com\/en\/wp-json\/wp\/v2\/comments?post=3765"}],"wp:featuredmedia":[{"embeddable":true,"href":"https:\/\/fasgrel.com\/en\/wp-json\/wp\/v2\/media\/3766"}],"wp:attachment":[{"href":"https:\/\/fasgrel.com\/en\/wp-json\/wp\/v2\/media?parent=3765"}],"wp:term":[{"taxonomy":"pwb-brand","embeddable":true,"href":"https:\/\/fasgrel.com\/en\/wp-json\/wp\/v2\/pwb-brand?post=3765"},{"taxonomy":"product_brand","embeddable":true,"href":"https:\/\/fasgrel.com\/en\/wp-json\/wp\/v2\/product_brand?post=3765"},{"taxonomy":"product_cat","embeddable":true,"href":"https:\/\/fasgrel.com\/en\/wp-json\/wp\/v2\/product_cat?post=3765"},{"taxonomy":"product_tag","embeddable":true,"href":"https:\/\/fasgrel.com\/en\/wp-json\/wp\/v2\/product_tag?post=3765"}],"curies":[{"name":"wp","href":"https:\/\/api.w.org\/{rel}","templated":true}]}}