{"id":380,"date":"2024-07-08T16:37:50","date_gmt":"2024-07-08T16:37:50","guid":{"rendered":"http:\/\/fasgrel.com\/?post_type=product&#038;p=380"},"modified":"2026-03-18T00:46:42","modified_gmt":"2026-03-18T00:46:42","slug":"bornes-push-in","status":"publish","type":"product","link":"https:\/\/fasgrel.com\/en\/product\/bornes-push-in\/","title":{"rendered":"BORNES PUSH-IN"},"content":{"rendered":"<p><span style=\"color: #ff6600;\"><strong>Bornes PUSH-IN<\/strong><\/span><\/p>\n<p>Conexi\u00f3n sin herramientas, est\u00e1n dise\u00f1ados para diferentes secciones de cableado y tienen una extensa gama de accesorios.<\/p>\n<p>El resultado: cableado r\u00e1pido, sin herramientas, con alta fuerza de contacto. Conexiones resistentes a vibraciones y sin necesidad de mantenimiento. Ideales para una distribuci\u00f3n eficiente de energ\u00eda de baja tensi\u00f3n en entornos industriales.<\/p>\n<p><strong>Caracter\u00edsticas de rendimiento:<\/strong><\/p>\n<p>+ Secci\u00f3n nominal: Hasta16 mm2\/ AWG 4<br \/>\n+ Corriente nominal: Hasta 76 A IEC \/ 82 A UL 1059 \/ CSA 158 \/ 82 A CSA<br \/>\n+ Tensi\u00f3n nominal: Hasta 1000 V IEC \/ 600 V UL 1059 \/ CSA 158 \/ 600 V CSA<\/p>\n<ul>\n<li><strong>Conexi\u00f3n sin herramientas<\/strong>\n<ul>\n<li>Conductores r\u00edgidos con punteras &#8211; sin necesidad de herramientas<\/li>\n<li>Conductores flexibles con un destornillador de punta plana o Phillips<\/li>\n<li>Conexi\u00f3n fiable a prueba de vibraciones<\/li>\n<\/ul>\n<\/li>\n<li><strong>Dise\u00f1o que ahorra espacio<\/strong>\n<ul>\n<li>Ancho de solo 3.5 mm, con capacidad para hasta 300V, 15A, 14 AWG<\/li>\n<li>Bornes multiconductor y multinivel ahorran hasta un 66% de espacio<\/li>\n<li>Espacio de puenteado doble para una f\u00e1cil conexi\u00f3n (conexi\u00f3n en serie)<\/li>\n<\/ul>\n<\/li>\n<li><strong>Funciones integradas<\/strong>\n<ul>\n<li>Punto de test Integrado para resoluci\u00f3n de problemas y puesta en servicio<\/li>\n<li>Bot\u00f3n pulsador integrado para liberar todo tipo de conductores mediante un destornillador plano o Phillips<\/li>\n<li>Bornes de tierra con anclaje sin tornillo<\/li>\n<\/ul>\n<\/li>\n<\/ul>\n<p><strong><span style=\"font-size: 18px;\"><em><span style=\"color: #0000ff;\"><a style=\"color: #0000ff;\" href=\"https:\/\/cdn.wieland-electric.com\/_Resources\/Persistent\/d\/3\/b\/0\/d3b008f41d69f250faa0b4d04839459900af0573\/0500.1_CAT_RKL_Catalog_Screen_EN_260722.pdf\" target=\"_blank\" rel=\"noopener noreferrer\">Ver cat\u00e1logo<\/a><\/span><\/em><\/span><\/strong><\/p>\n<p><span style=\"color: #0000ff;\"><a style=\"color: #0000ff;\" href=\"http:\/\/fasgrel.com\/en\/categoria\/bornes-de-conexion\/\"><strong><em>Retornar \u21b5<\/em><\/strong><\/a><\/span><\/p>\n<hr \/>\n<h4><img decoding=\"async\" class=\"size-full wp-image-1836 alignright\" src=\"http:\/\/fasgrel.com\/wp-content\/uploads\/2024\/07\/de.png\" alt=\"\" width=\"73\" height=\"53\" \/><\/h4>\n<p><span style=\"color: #000000; font-size: 13px;\">Los productos Wieland se dise\u00f1an y fabrican seg\u00fan los principios del sistema de gesti\u00f3n de calidad y medioambi<\/span><span style=\"color: #000000; font-size: 13px;\">ente de las normas ISO 9001 e ISO 14001:2015<\/span><\/p>","protected":false},"excerpt":{"rendered":"<p>\u00a1Cableado sin esfuerzo y sin herramientas! La gama de bornes WIELAND destaca por su tecnolog\u00eda de conexi\u00f3n Push-In para un montaje de cables r\u00e1pido y sin herramientas. Los conductores r\u00edgidos o con puntera se pueden insertar directamente sin herramientas. Para reducir a\u00fan m\u00e1s el tiempo de instalaci\u00f3n, la serie ofrece puentes enchufables, marcadores de tira continua, software de dise\u00f1o, sistemas de etiquetado y mucho m\u00e1s.<\/p>\n<ul>\n<li>Bornes de paso y de tierra de 2, 3 y 4 conexiones.<\/li>\n<li>Bornes multipiso, 2 y 3 niveles.<\/li>\n<li>Bornes portafusibles, seccionables y de compa\u00f1\u00eda.<\/li>\n<li>Bornes con funciones especiales: sensor, motor, diodo, enchufable y m\u00e1s.<\/li>\n<li>Con secciones nominales 0.14 mm\u00b2 a 25 mm\u00b2 \/ 26 AWG a 4 AWG y hasta 82A.<\/li>\n<li>Borne de 3,5 mm de ancho con tensi\u00f3n nominal de hasta 300 V, 15 A, 14 AWG, IEC 500 V, 17.5 A, de 0.14 a 1.5 mm\u00b2, la soluci\u00f3n adecuada para espacios reducidos.<\/li>\n<\/ul>\n<p><span style=\"color: #0000ff;\"><a style=\"color: #0000ff;\" href=\"https:\/\/fasgrel.com\/en\/categoria\/bornes-de-paso-push-in\/\"><strong><em>Ver todos<\/em><\/strong><\/a><\/span><\/p>\n<p><span style=\"color: #000000;\"><strong><span style=\"font-size: 18px;\"><img decoding=\"async\" class=\"alignright wp-image-1817\" src=\"http:\/\/fasgrel.com\/wp-content\/uploads\/2024\/07\/logo-wieland.png\" alt=\"\" width=\"102\" height=\"43\" \/><\/span><\/strong><\/span><\/p>","protected":false},"featured_media":3841,"comment_status":"closed","ping_status":"closed","template":"","meta":{"_acf_changed":false,"_joinchat":[]},"pwb-brand":[34],"product_brand":[],"product_cat":[28],"product_tag":[],"class_list":{"0":"post-380","1":"product","2":"type-product","3":"status-publish","4":"has-post-thumbnail","6":"pwb-brand-wieland","7":"product_cat-bornes-de-paso","9":"first","10":"instock","11":"featured","12":"shipping-taxable","13":"product-type-simple"},"acf":[],"yoast_head":"<!-- This site is optimized with the Yoast SEO Premium plugin v22.9 (Yoast SEO v27.1.1) - https:\/\/yoast.com\/product\/yoast-seo-premium-wordpress\/ -->\n<title>Bornes PUSH-IN | WIELAND | FASGREL<\/title>\n<meta name=\"description\" content=\"Los bornes Push-in de WIELAND\u00a0combinan la m\u00e1xima eficiencia con el m\u00ednimo tama\u00f1o. La tecnolog\u00eda Push-in est\u00e1 dise\u00f1ada para trabajos sin herramientas.\" \/>\n<meta name=\"robots\" content=\"index, follow, max-snippet:-1, max-image-preview:large, max-video-preview:-1\" \/>\n<link rel=\"canonical\" href=\"https:\/\/fasgrel.com\/en\/product\/bornes-push-in\/\" \/>\n<meta property=\"og:locale\" content=\"en_US\" \/>\n<meta property=\"og:type\" content=\"article\" \/>\n<meta property=\"og:title\" content=\"BORNES PUSH-IN\" \/>\n<meta property=\"og:description\" content=\"Los bornes Push-in de WIELAND\u00a0combinan la m\u00e1xima eficiencia con el m\u00ednimo tama\u00f1o. La tecnolog\u00eda Push-in est\u00e1 dise\u00f1ada para trabajos sin herramientas.\" \/>\n<meta property=\"og:url\" content=\"https:\/\/fasgrel.com\/en\/product\/bornes-push-in\/\" \/>\n<meta property=\"og:site_name\" content=\"Fasgrel\" \/>\n<meta property=\"article:modified_time\" content=\"2026-03-18T00:46:42+00:00\" \/>\n<meta property=\"og:image\" content=\"https:\/\/fasgrel.com\/wp-content\/uploads\/2024\/07\/bornes-push-in-1.jpg\" \/>\n\t<meta property=\"og:image:width\" content=\"600\" \/>\n\t<meta property=\"og:image:height\" content=\"600\" \/>\n\t<meta property=\"og:image:type\" content=\"image\/jpeg\" \/>\n<meta name=\"twitter:card\" content=\"summary_large_image\" \/>\n<meta name=\"twitter:label1\" content=\"Est. reading time\" \/>\n\t<meta name=\"twitter:data1\" content=\"2 minutes\" \/>\n<script type=\"application\/ld+json\" class=\"yoast-schema-graph\">{\"@context\":\"https:\/\/schema.org\",\"@graph\":[{\"@type\":\"WebPage\",\"@id\":\"https:\/\/fasgrel.com\/producto\/bornes-push-in\/\",\"url\":\"https:\/\/fasgrel.com\/producto\/bornes-push-in\/\",\"name\":\"Bornes PUSH-IN | WIELAND | FASGREL\",\"isPartOf\":{\"@id\":\"https:\/\/fasgrel.com\/#website\"},\"primaryImageOfPage\":{\"@id\":\"https:\/\/fasgrel.com\/producto\/bornes-push-in\/#primaryimage\"},\"image\":{\"@id\":\"https:\/\/fasgrel.com\/producto\/bornes-push-in\/#primaryimage\"},\"thumbnailUrl\":\"https:\/\/fasgrel.com\/wp-content\/uploads\/2024\/07\/bornes-push-in-1.jpg\",\"datePublished\":\"2024-07-08T16:37:50+00:00\",\"dateModified\":\"2026-03-18T00:46:42+00:00\",\"description\":\"Los bornes Push-in de WIELAND\u00a0combinan la m\u00e1xima eficiencia con el m\u00ednimo tama\u00f1o. La tecnolog\u00eda Push-in est\u00e1 dise\u00f1ada para trabajos sin herramientas.\",\"breadcrumb\":{\"@id\":\"https:\/\/fasgrel.com\/producto\/bornes-push-in\/#breadcrumb\"},\"inLanguage\":\"en-US\",\"potentialAction\":[{\"@type\":\"ReadAction\",\"target\":[\"https:\/\/fasgrel.com\/producto\/bornes-push-in\/\"]}]},{\"@type\":\"ImageObject\",\"inLanguage\":\"en-US\",\"@id\":\"https:\/\/fasgrel.com\/producto\/bornes-push-in\/#primaryimage\",\"url\":\"https:\/\/fasgrel.com\/wp-content\/uploads\/2024\/07\/bornes-push-in-1.jpg\",\"contentUrl\":\"https:\/\/fasgrel.com\/wp-content\/uploads\/2024\/07\/bornes-push-in-1.jpg\",\"width\":600,\"height\":600},{\"@type\":\"BreadcrumbList\",\"@id\":\"https:\/\/fasgrel.com\/producto\/bornes-push-in\/#breadcrumb\",\"itemListElement\":[{\"@type\":\"ListItem\",\"position\":1,\"name\":\"Portada\",\"item\":\"https:\/\/fasgrel.com\/\"},{\"@type\":\"ListItem\",\"position\":2,\"name\":\"Tienda\",\"item\":\"https:\/\/fasgrel.com\/tienda\/\"},{\"@type\":\"ListItem\",\"position\":3,\"name\":\"BORNES PUSH-IN\"}]},{\"@type\":\"WebSite\",\"@id\":\"https:\/\/fasgrel.com\/#website\",\"url\":\"https:\/\/fasgrel.com\/\",\"name\":\"Fasgrel\",\"description\":\"Sitio en Construcci\u00f3n\",\"publisher\":{\"@id\":\"https:\/\/fasgrel.com\/#organization\"},\"potentialAction\":[{\"@type\":\"SearchAction\",\"target\":{\"@type\":\"EntryPoint\",\"urlTemplate\":\"https:\/\/fasgrel.com\/?s={search_term_string}\"},\"query-input\":{\"@type\":\"PropertyValueSpecification\",\"valueRequired\":true,\"valueName\":\"search_term_string\"}}],\"inLanguage\":\"en-US\"},{\"@type\":\"Organization\",\"@id\":\"https:\/\/fasgrel.com\/#organization\",\"name\":\"FASGREL\",\"url\":\"https:\/\/fasgrel.com\/\",\"logo\":{\"@type\":\"ImageObject\",\"inLanguage\":\"en-US\",\"@id\":\"https:\/\/fasgrel.com\/#\/schema\/logo\/image\/\",\"url\":\"https:\/\/fasgrel.com\/wp-content\/uploads\/2024\/10\/logo-fasgrel.png\",\"contentUrl\":\"https:\/\/fasgrel.com\/wp-content\/uploads\/2024\/10\/logo-fasgrel.png\",\"width\":427,\"height\":110,\"caption\":\"FASGREL\"},\"image\":{\"@id\":\"https:\/\/fasgrel.com\/#\/schema\/logo\/image\/\"}}]}<\/script>\n<!-- \/ Yoast SEO Premium plugin. -->","yoast_head_json":{"title":"Bornes PUSH-IN | WIELAND | FASGREL","description":"Los bornes Push-in de WIELAND\u00a0combinan la m\u00e1xima eficiencia con el m\u00ednimo tama\u00f1o. La tecnolog\u00eda Push-in est\u00e1 dise\u00f1ada para trabajos sin herramientas.","robots":{"index":"index","follow":"follow","max-snippet":"max-snippet:-1","max-image-preview":"max-image-preview:large","max-video-preview":"max-video-preview:-1"},"canonical":"https:\/\/fasgrel.com\/en\/product\/bornes-push-in\/","og_locale":"en_US","og_type":"article","og_title":"BORNES PUSH-IN","og_description":"Los bornes Push-in de WIELAND\u00a0combinan la m\u00e1xima eficiencia con el m\u00ednimo tama\u00f1o. La tecnolog\u00eda Push-in est\u00e1 dise\u00f1ada para trabajos sin herramientas.","og_url":"https:\/\/fasgrel.com\/en\/product\/bornes-push-in\/","og_site_name":"Fasgrel","article_modified_time":"2026-03-18T00:46:42+00:00","og_image":[{"width":600,"height":600,"url":"https:\/\/fasgrel.com\/wp-content\/uploads\/2024\/07\/bornes-push-in-1.jpg","type":"image\/jpeg"}],"twitter_card":"summary_large_image","twitter_misc":{"Est. reading time":"2 minutes"},"schema":{"@context":"https:\/\/schema.org","@graph":[{"@type":"WebPage","@id":"https:\/\/fasgrel.com\/producto\/bornes-push-in\/","url":"https:\/\/fasgrel.com\/producto\/bornes-push-in\/","name":"Bornes PUSH-IN | WIELAND | FASGREL","isPartOf":{"@id":"https:\/\/fasgrel.com\/#website"},"primaryImageOfPage":{"@id":"https:\/\/fasgrel.com\/producto\/bornes-push-in\/#primaryimage"},"image":{"@id":"https:\/\/fasgrel.com\/producto\/bornes-push-in\/#primaryimage"},"thumbnailUrl":"https:\/\/fasgrel.com\/wp-content\/uploads\/2024\/07\/bornes-push-in-1.jpg","datePublished":"2024-07-08T16:37:50+00:00","dateModified":"2026-03-18T00:46:42+00:00","description":"Los bornes Push-in de WIELAND\u00a0combinan la m\u00e1xima eficiencia con el m\u00ednimo tama\u00f1o. La tecnolog\u00eda Push-in est\u00e1 dise\u00f1ada para trabajos sin herramientas.","breadcrumb":{"@id":"https:\/\/fasgrel.com\/producto\/bornes-push-in\/#breadcrumb"},"inLanguage":"en-US","potentialAction":[{"@type":"ReadAction","target":["https:\/\/fasgrel.com\/producto\/bornes-push-in\/"]}]},{"@type":"ImageObject","inLanguage":"en-US","@id":"https:\/\/fasgrel.com\/producto\/bornes-push-in\/#primaryimage","url":"https:\/\/fasgrel.com\/wp-content\/uploads\/2024\/07\/bornes-push-in-1.jpg","contentUrl":"https:\/\/fasgrel.com\/wp-content\/uploads\/2024\/07\/bornes-push-in-1.jpg","width":600,"height":600},{"@type":"BreadcrumbList","@id":"https:\/\/fasgrel.com\/producto\/bornes-push-in\/#breadcrumb","itemListElement":[{"@type":"ListItem","position":1,"name":"Portada","item":"https:\/\/fasgrel.com\/"},{"@type":"ListItem","position":2,"name":"Tienda","item":"https:\/\/fasgrel.com\/tienda\/"},{"@type":"ListItem","position":3,"name":"BORNES PUSH-IN"}]},{"@type":"WebSite","@id":"https:\/\/fasgrel.com\/#website","url":"https:\/\/fasgrel.com\/","name":"Fasgrel","description":"Sitio en Construcci\u00f3n","publisher":{"@id":"https:\/\/fasgrel.com\/#organization"},"potentialAction":[{"@type":"SearchAction","target":{"@type":"EntryPoint","urlTemplate":"https:\/\/fasgrel.com\/?s={search_term_string}"},"query-input":{"@type":"PropertyValueSpecification","valueRequired":true,"valueName":"search_term_string"}}],"inLanguage":"en-US"},{"@type":"Organization","@id":"https:\/\/fasgrel.com\/#organization","name":"FASGREL","url":"https:\/\/fasgrel.com\/","logo":{"@type":"ImageObject","inLanguage":"en-US","@id":"https:\/\/fasgrel.com\/#\/schema\/logo\/image\/","url":"https:\/\/fasgrel.com\/wp-content\/uploads\/2024\/10\/logo-fasgrel.png","contentUrl":"https:\/\/fasgrel.com\/wp-content\/uploads\/2024\/10\/logo-fasgrel.png","width":427,"height":110,"caption":"FASGREL"},"image":{"@id":"https:\/\/fasgrel.com\/#\/schema\/logo\/image\/"}}]}},"brands":[{"id":34,"name":"Wieland","slug":"wieland"}],"_links":{"self":[{"href":"https:\/\/fasgrel.com\/en\/wp-json\/wp\/v2\/product\/380","targetHints":{"allow":["GET"]}}],"collection":[{"href":"https:\/\/fasgrel.com\/en\/wp-json\/wp\/v2\/product"}],"about":[{"href":"https:\/\/fasgrel.com\/en\/wp-json\/wp\/v2\/types\/product"}],"replies":[{"embeddable":true,"href":"https:\/\/fasgrel.com\/en\/wp-json\/wp\/v2\/comments?post=380"}],"wp:featuredmedia":[{"embeddable":true,"href":"https:\/\/fasgrel.com\/en\/wp-json\/wp\/v2\/media\/3841"}],"wp:attachment":[{"href":"https:\/\/fasgrel.com\/en\/wp-json\/wp\/v2\/media?parent=380"}],"wp:term":[{"taxonomy":"pwb-brand","embeddable":true,"href":"https:\/\/fasgrel.com\/en\/wp-json\/wp\/v2\/pwb-brand?post=380"},{"taxonomy":"product_brand","embeddable":true,"href":"https:\/\/fasgrel.com\/en\/wp-json\/wp\/v2\/product_brand?post=380"},{"taxonomy":"product_cat","embeddable":true,"href":"https:\/\/fasgrel.com\/en\/wp-json\/wp\/v2\/product_cat?post=380"},{"taxonomy":"product_tag","embeddable":true,"href":"https:\/\/fasgrel.com\/en\/wp-json\/wp\/v2\/product_tag?post=380"}],"curies":[{"name":"wp","href":"https:\/\/api.w.org\/{rel}","templated":true}]}}