{"id":381,"date":"2024-07-08T16:37:50","date_gmt":"2024-07-08T16:37:50","guid":{"rendered":"http:\/\/fasgrel.com\/?post_type=product&#038;p=381"},"modified":"2026-03-18T00:51:30","modified_gmt":"2026-03-18T00:51:30","slug":"bornes-resorte","status":"publish","type":"product","link":"https:\/\/fasgrel.com\/en\/product\/bornes-resorte\/","title":{"rendered":"BORNES POR RESORTE"},"content":{"rendered":"<p><span style=\"color: #ff6600;\"><strong>Bornes por Resorte<\/strong><\/span><\/p>\n<p><span style=\"color: #000000;\">Nuestros bornes para carril DIN con conexi\u00f3n por resorte cuentan con las siguientes caracter\u00edsticas t\u00e9cnicas:<\/span><\/p>\n<ul>\n<li><span style=\"color: #000000;\">Conexi\u00f3n por resorte a prueba de vibraciones<\/span><\/li>\n<li><span style=\"color: #000000;\">Los cables pueden conectarse con y sin punteras<\/span><\/li>\n<li><span style=\"color: #000000;\">F\u00e1cil de manipular:<\/span>\n<ol>\n<li><span style=\"color: #000000;\">Insertar el destornillador<\/span><\/li>\n<li><span style=\"color: #000000;\">Conectar los cables convenientemente<\/span><\/li>\n<\/ol>\n<\/li>\n<li><span style=\"color: #000000;\">Dos posiciones de puenteado<\/span><\/li>\n<li><span style=\"color: #000000;\">Dos opciones de test<\/span>\n<ul>\n<li><span style=\"color: #000000;\">Puntera de test integrada<\/span><\/li>\n<li><span style=\"color: #000000;\">Conector PCB de test enchufable<\/span><\/li>\n<\/ul>\n<\/li>\n<\/ul>","protected":false},"excerpt":{"rendered":"<p><span style=\"color: #000000;\"><strong><span style=\"font-size: 18px;\"><img decoding=\"async\" class=\"size-full wp-image-1817 alignleft\" src=\"http:\/\/fasgrel.com\/wp-content\/uploads\/2024\/07\/logo-wieland.png\" alt=\"\" width=\"240\" height=\"100\" \/>Secci\u00f3n nominal: Hasta 35 mm2<\/span><\/strong><\/span><\/p>\n<p><span style=\"color: #000000;\"><strong><span style=\"font-size: 18px;\">Corriente nominal: Hasta 125 A<\/span><\/strong><\/span><\/p>\n<p><strong><span style=\"font-size: 18px;\"><span style=\"color: #000000;\">Tensi\u00f3n nominal: Hasta 800 V <\/span><\/span><\/strong><span style=\"color: #333399;\"><strong>\u00a0 \u00a0 \u00a0 \u00a0 <\/strong><\/span><strong><span style=\"font-size: 18px;\"><em><span style=\"color: #0000ff;\"><a style=\"color: #0000ff;\" href=\"https:\/\/cdn.wieland-electric.com\/_Resources\/Persistent\/d\/3\/b\/0\/d3b008f41d69f250faa0b4d04839459900af0573\/0500.1_CAT_RKL_Catalog_Screen_EN_260722.pdf\" target=\"_blank\" rel=\"noopener noreferrer\">Ver cat\u00e1logo<\/a><\/span><\/em><\/span><\/strong><\/p>\n<hr \/>\n<p><span style=\"color: #ff6600;\"><strong>Serie FASIS WKFN<\/strong><\/span><\/p>\n<p><span style=\"color: #000000;\">Nuestro borne <strong>fasis<\/strong> WKFN es f\u00e1cil de manipular, ahorra tiempo, tanto en los costos de cableado como de almacenamiento y garantiza la conexi\u00f3n en instalaciones con vibraciones, sin necesidad de mantenimiento.<\/span><\/p>\n<p><span style=\"color: #0000ff;\"><a style=\"color: #0000ff;\" href=\"http:\/\/fasgrel.com\/en\/categoria\/bornes-de-conexion\/\"><strong><em>Retornar \u21b5<\/em><\/strong><\/a><\/span><\/p>\n<hr \/>\n<p><span style=\"color: #000000; font-size: 13px;\"><strong>Fabricado en Alemania<\/strong><\/span><\/p>\n<h4><img decoding=\"async\" class=\"size-full wp-image-1836 alignright\" src=\"http:\/\/fasgrel.com\/wp-content\/uploads\/2024\/07\/de.png\" alt=\"\" width=\"73\" height=\"53\" \/><\/h4>\n<p><span style=\"color: #000000; font-size: 13px;\">Los productos Wieland se dise\u00f1an y fabrican en Alemania seg\u00fan los principios del sistema de gesti\u00f3n de calidad y medioambi<\/span><span style=\"color: #000000; font-size: 13px;\">ente de las normas ISO 9001 e ISO 14001:2015<\/span><\/p>","protected":false},"featured_media":2335,"comment_status":"closed","ping_status":"closed","template":"","meta":{"_acf_changed":false,"_joinchat":[]},"pwb-brand":[34],"product_brand":[],"product_cat":[16],"product_tag":[],"class_list":{"0":"post-381","1":"product","2":"type-product","3":"status-publish","4":"has-post-thumbnail","6":"pwb-brand-wieland","7":"product_cat-sin-categorizar","9":"first","10":"instock","11":"featured","12":"shipping-taxable","13":"product-type-simple"},"acf":[],"yoast_head":"<!-- This site is optimized with the Yoast SEO Premium plugin v22.9 (Yoast SEO v27.1.1) - https:\/\/yoast.com\/product\/yoast-seo-premium-wordpress\/ -->\n<title>Bornes por Resorte | WIELAND | FASGREL<\/title>\n<meta name=\"description\" content=\"Los bornes por resorte de WIELAND son f\u00e1ciles de manipular. Ahorran tiempo y costos de cableado. Para conexiones en instalaciones con vibraciones.\" \/>\n<meta name=\"robots\" content=\"index, follow, max-snippet:-1, max-image-preview:large, max-video-preview:-1\" \/>\n<link rel=\"canonical\" href=\"https:\/\/fasgrel.com\/en\/product\/bornes-resorte\/\" \/>\n<meta property=\"og:locale\" content=\"en_US\" \/>\n<meta property=\"og:type\" content=\"article\" \/>\n<meta property=\"og:title\" content=\"BORNES POR RESORTE\" \/>\n<meta property=\"og:description\" content=\"Los bornes por resorte de WIELAND son f\u00e1ciles de manipular. Ahorran tiempo y costos de cableado. Para conexiones en instalaciones con vibraciones.\" \/>\n<meta property=\"og:url\" content=\"https:\/\/fasgrel.com\/en\/product\/bornes-resorte\/\" \/>\n<meta property=\"og:site_name\" content=\"Fasgrel\" \/>\n<meta property=\"article:modified_time\" content=\"2026-03-18T00:51:30+00:00\" \/>\n<meta property=\"og:image\" content=\"https:\/\/fasgrel.com\/wp-content\/uploads\/2024\/07\/bornes-por-resorte.jpg\" \/>\n\t<meta property=\"og:image:width\" content=\"600\" \/>\n\t<meta property=\"og:image:height\" content=\"600\" \/>\n\t<meta property=\"og:image:type\" content=\"image\/jpeg\" \/>\n<meta name=\"twitter:card\" content=\"summary_large_image\" \/>\n<meta name=\"twitter:label1\" content=\"Est. reading time\" \/>\n\t<meta name=\"twitter:data1\" content=\"1 minute\" \/>\n<script type=\"application\/ld+json\" class=\"yoast-schema-graph\">{\"@context\":\"https:\/\/schema.org\",\"@graph\":[{\"@type\":\"WebPage\",\"@id\":\"https:\/\/fasgrel.com\/producto\/bornes-resorte\/\",\"url\":\"https:\/\/fasgrel.com\/producto\/bornes-resorte\/\",\"name\":\"Bornes por Resorte | WIELAND | FASGREL\",\"isPartOf\":{\"@id\":\"https:\/\/fasgrel.com\/#website\"},\"primaryImageOfPage\":{\"@id\":\"https:\/\/fasgrel.com\/producto\/bornes-resorte\/#primaryimage\"},\"image\":{\"@id\":\"https:\/\/fasgrel.com\/producto\/bornes-resorte\/#primaryimage\"},\"thumbnailUrl\":\"https:\/\/fasgrel.com\/wp-content\/uploads\/2024\/07\/bornes-por-resorte.jpg\",\"datePublished\":\"2024-07-08T16:37:50+00:00\",\"dateModified\":\"2026-03-18T00:51:30+00:00\",\"description\":\"Los bornes por resorte de WIELAND son f\u00e1ciles de manipular. Ahorran tiempo y costos de cableado. Para conexiones en instalaciones con vibraciones.\",\"breadcrumb\":{\"@id\":\"https:\/\/fasgrel.com\/producto\/bornes-resorte\/#breadcrumb\"},\"inLanguage\":\"en-US\",\"potentialAction\":[{\"@type\":\"ReadAction\",\"target\":[\"https:\/\/fasgrel.com\/producto\/bornes-resorte\/\"]}]},{\"@type\":\"ImageObject\",\"inLanguage\":\"en-US\",\"@id\":\"https:\/\/fasgrel.com\/producto\/bornes-resorte\/#primaryimage\",\"url\":\"https:\/\/fasgrel.com\/wp-content\/uploads\/2024\/07\/bornes-por-resorte.jpg\",\"contentUrl\":\"https:\/\/fasgrel.com\/wp-content\/uploads\/2024\/07\/bornes-por-resorte.jpg\",\"width\":600,\"height\":600,\"caption\":\"bornes por resorte\"},{\"@type\":\"BreadcrumbList\",\"@id\":\"https:\/\/fasgrel.com\/producto\/bornes-resorte\/#breadcrumb\",\"itemListElement\":[{\"@type\":\"ListItem\",\"position\":1,\"name\":\"Portada\",\"item\":\"https:\/\/fasgrel.com\/\"},{\"@type\":\"ListItem\",\"position\":2,\"name\":\"Tienda\",\"item\":\"https:\/\/fasgrel.com\/tienda\/\"},{\"@type\":\"ListItem\",\"position\":3,\"name\":\"BORNES POR RESORTE\"}]},{\"@type\":\"WebSite\",\"@id\":\"https:\/\/fasgrel.com\/#website\",\"url\":\"https:\/\/fasgrel.com\/\",\"name\":\"Fasgrel\",\"description\":\"Sitio en Construcci\u00f3n\",\"publisher\":{\"@id\":\"https:\/\/fasgrel.com\/#organization\"},\"potentialAction\":[{\"@type\":\"SearchAction\",\"target\":{\"@type\":\"EntryPoint\",\"urlTemplate\":\"https:\/\/fasgrel.com\/?s={search_term_string}\"},\"query-input\":{\"@type\":\"PropertyValueSpecification\",\"valueRequired\":true,\"valueName\":\"search_term_string\"}}],\"inLanguage\":\"en-US\"},{\"@type\":\"Organization\",\"@id\":\"https:\/\/fasgrel.com\/#organization\",\"name\":\"FASGREL\",\"url\":\"https:\/\/fasgrel.com\/\",\"logo\":{\"@type\":\"ImageObject\",\"inLanguage\":\"en-US\",\"@id\":\"https:\/\/fasgrel.com\/#\/schema\/logo\/image\/\",\"url\":\"https:\/\/fasgrel.com\/wp-content\/uploads\/2024\/10\/logo-fasgrel.png\",\"contentUrl\":\"https:\/\/fasgrel.com\/wp-content\/uploads\/2024\/10\/logo-fasgrel.png\",\"width\":427,\"height\":110,\"caption\":\"FASGREL\"},\"image\":{\"@id\":\"https:\/\/fasgrel.com\/#\/schema\/logo\/image\/\"}}]}<\/script>\n<!-- \/ Yoast SEO Premium plugin. -->","yoast_head_json":{"title":"Bornes por Resorte | WIELAND | FASGREL","description":"Los bornes por resorte de WIELAND son f\u00e1ciles de manipular. Ahorran tiempo y costos de cableado. Para conexiones en instalaciones con vibraciones.","robots":{"index":"index","follow":"follow","max-snippet":"max-snippet:-1","max-image-preview":"max-image-preview:large","max-video-preview":"max-video-preview:-1"},"canonical":"https:\/\/fasgrel.com\/en\/product\/bornes-resorte\/","og_locale":"en_US","og_type":"article","og_title":"BORNES POR RESORTE","og_description":"Los bornes por resorte de WIELAND son f\u00e1ciles de manipular. Ahorran tiempo y costos de cableado. Para conexiones en instalaciones con vibraciones.","og_url":"https:\/\/fasgrel.com\/en\/product\/bornes-resorte\/","og_site_name":"Fasgrel","article_modified_time":"2026-03-18T00:51:30+00:00","og_image":[{"width":600,"height":600,"url":"https:\/\/fasgrel.com\/wp-content\/uploads\/2024\/07\/bornes-por-resorte.jpg","type":"image\/jpeg"}],"twitter_card":"summary_large_image","twitter_misc":{"Est. reading time":"1 minute"},"schema":{"@context":"https:\/\/schema.org","@graph":[{"@type":"WebPage","@id":"https:\/\/fasgrel.com\/producto\/bornes-resorte\/","url":"https:\/\/fasgrel.com\/producto\/bornes-resorte\/","name":"Bornes por Resorte | WIELAND | FASGREL","isPartOf":{"@id":"https:\/\/fasgrel.com\/#website"},"primaryImageOfPage":{"@id":"https:\/\/fasgrel.com\/producto\/bornes-resorte\/#primaryimage"},"image":{"@id":"https:\/\/fasgrel.com\/producto\/bornes-resorte\/#primaryimage"},"thumbnailUrl":"https:\/\/fasgrel.com\/wp-content\/uploads\/2024\/07\/bornes-por-resorte.jpg","datePublished":"2024-07-08T16:37:50+00:00","dateModified":"2026-03-18T00:51:30+00:00","description":"Los bornes por resorte de WIELAND son f\u00e1ciles de manipular. Ahorran tiempo y costos de cableado. Para conexiones en instalaciones con vibraciones.","breadcrumb":{"@id":"https:\/\/fasgrel.com\/producto\/bornes-resorte\/#breadcrumb"},"inLanguage":"en-US","potentialAction":[{"@type":"ReadAction","target":["https:\/\/fasgrel.com\/producto\/bornes-resorte\/"]}]},{"@type":"ImageObject","inLanguage":"en-US","@id":"https:\/\/fasgrel.com\/producto\/bornes-resorte\/#primaryimage","url":"https:\/\/fasgrel.com\/wp-content\/uploads\/2024\/07\/bornes-por-resorte.jpg","contentUrl":"https:\/\/fasgrel.com\/wp-content\/uploads\/2024\/07\/bornes-por-resorte.jpg","width":600,"height":600,"caption":"bornes por resorte"},{"@type":"BreadcrumbList","@id":"https:\/\/fasgrel.com\/producto\/bornes-resorte\/#breadcrumb","itemListElement":[{"@type":"ListItem","position":1,"name":"Portada","item":"https:\/\/fasgrel.com\/"},{"@type":"ListItem","position":2,"name":"Tienda","item":"https:\/\/fasgrel.com\/tienda\/"},{"@type":"ListItem","position":3,"name":"BORNES POR RESORTE"}]},{"@type":"WebSite","@id":"https:\/\/fasgrel.com\/#website","url":"https:\/\/fasgrel.com\/","name":"Fasgrel","description":"Sitio en Construcci\u00f3n","publisher":{"@id":"https:\/\/fasgrel.com\/#organization"},"potentialAction":[{"@type":"SearchAction","target":{"@type":"EntryPoint","urlTemplate":"https:\/\/fasgrel.com\/?s={search_term_string}"},"query-input":{"@type":"PropertyValueSpecification","valueRequired":true,"valueName":"search_term_string"}}],"inLanguage":"en-US"},{"@type":"Organization","@id":"https:\/\/fasgrel.com\/#organization","name":"FASGREL","url":"https:\/\/fasgrel.com\/","logo":{"@type":"ImageObject","inLanguage":"en-US","@id":"https:\/\/fasgrel.com\/#\/schema\/logo\/image\/","url":"https:\/\/fasgrel.com\/wp-content\/uploads\/2024\/10\/logo-fasgrel.png","contentUrl":"https:\/\/fasgrel.com\/wp-content\/uploads\/2024\/10\/logo-fasgrel.png","width":427,"height":110,"caption":"FASGREL"},"image":{"@id":"https:\/\/fasgrel.com\/#\/schema\/logo\/image\/"}}]}},"brands":[{"id":34,"name":"Wieland","slug":"wieland"}],"_links":{"self":[{"href":"https:\/\/fasgrel.com\/en\/wp-json\/wp\/v2\/product\/381","targetHints":{"allow":["GET"]}}],"collection":[{"href":"https:\/\/fasgrel.com\/en\/wp-json\/wp\/v2\/product"}],"about":[{"href":"https:\/\/fasgrel.com\/en\/wp-json\/wp\/v2\/types\/product"}],"replies":[{"embeddable":true,"href":"https:\/\/fasgrel.com\/en\/wp-json\/wp\/v2\/comments?post=381"}],"wp:featuredmedia":[{"embeddable":true,"href":"https:\/\/fasgrel.com\/en\/wp-json\/wp\/v2\/media\/2335"}],"wp:attachment":[{"href":"https:\/\/fasgrel.com\/en\/wp-json\/wp\/v2\/media?parent=381"}],"wp:term":[{"taxonomy":"pwb-brand","embeddable":true,"href":"https:\/\/fasgrel.com\/en\/wp-json\/wp\/v2\/pwb-brand?post=381"},{"taxonomy":"product_brand","embeddable":true,"href":"https:\/\/fasgrel.com\/en\/wp-json\/wp\/v2\/product_brand?post=381"},{"taxonomy":"product_cat","embeddable":true,"href":"https:\/\/fasgrel.com\/en\/wp-json\/wp\/v2\/product_cat?post=381"},{"taxonomy":"product_tag","embeddable":true,"href":"https:\/\/fasgrel.com\/en\/wp-json\/wp\/v2\/product_tag?post=381"}],"curies":[{"name":"wp","href":"https:\/\/api.w.org\/{rel}","templated":true}]}}