{"id":392,"date":"2024-07-08T16:38:11","date_gmt":"2024-07-08T16:38:11","guid":{"rendered":"http:\/\/fasgrel.com\/?post_type=product&#038;p=392"},"modified":"2024-10-11T04:32:35","modified_gmt":"2024-10-11T04:32:35","slug":"sensores-magneticos","status":"publish","type":"product","link":"https:\/\/fasgrel.com\/en\/product\/sensores-magneticos\/","title":{"rendered":"SENSORES MAGN\u00c9TICOS"},"content":{"rendered":"<p><span style=\"color: #ff6600;\"><strong>Sensores Magn\u00e9ticos<\/strong><\/span><\/p>\n<p><strong>Fiables, robustos y a prueba de manipulaciones<\/strong><\/p>\n<p><span style=\"color: #000000;\">Los sensores magn\u00e9ticos de seguridad sensor PRO se adaptan perfectamente a las aplicaciones en las que son necesarias mayores tolerancias, por ejemplo, el guiado impreciso de una puerta corredera. Los sensores magn\u00e9ticos de seguridad se caracterizan adem\u00e1s por un dise\u00f1o robusto y f\u00e1cil de limpiar, lo que los hace apropiados para aplicaciones en condiciones extremas.<\/span><\/p>\n<p><span style=\"color: #000000;\">Se utilizan para la supervisi\u00f3n de puertas o cubiertas m\u00f3viles en aplicaciones de seguridad que combinan la rentabilidad y altos est\u00e1ndares de seguridad.<\/span><\/p>\n<p><strong><span style=\"color: #000000;\">CARACTER\u00cdSTICAS<\/span><\/strong><\/p>\n<ul>\n<li><span style=\"color: #000000;\">Altas tolerancias de desalineaci\u00f3n<\/span><\/li>\n<li><span style=\"color: #000000;\">Adecuado para aplicaciones de hasta PL e<\/span><\/li>\n<li><span style=\"color: #000000;\">Varias formas con diferentes tipos de conexi\u00f3n disponibles<\/span><\/li>\n<li><span style=\"color: #000000;\">F\u00e1cil instalaci\u00f3n<\/span><\/li>\n<li><span style=\"color: #000000;\">Dise\u00f1o robusto<\/span><\/li>\n<\/ul>\n<p><strong><span style=\"color: #000000;\">VENTAJAS<\/span><\/strong><\/p>\n<ul>\n<li><span style=\"color: #000000;\">Alto rendimiento<\/span><\/li>\n<li><span style=\"color: #000000;\">Soluci\u00f3n econ\u00f3mica para las m\u00e1s altas exigencias de seguridad<\/span><\/li>\n<li><span style=\"color: #000000;\">Apto para cualquier aplicaci\u00f3n<\/span><\/li>\n<li><span style=\"color: #000000;\">Ahorro de espacio y tiempo<\/span><\/li>\n<li><span style=\"color: #000000;\">Uso apropiado y fiable para entornos extremos<\/span><\/li>\n<\/ul>\n<p><strong><span style=\"color: #000000;\">VARIANTES<\/span><\/strong><br \/>\n<span style=\"color: #000000;\">Los sensores magn\u00e9ticos de seguridad sensor Pro est\u00e1n disponibles en diferentes formas y con diferentes tipos de conexi\u00f3n para adaptarse a cualquier aplicaci\u00f3n.<\/span><\/p>\n<p><strong><span style=\"color: #ff6600;\">DISE\u00d1O RECTANGULAR<\/span><\/strong><br \/>\n<span style=\"color: #000000;\">Se caracterizan por su gran tolerancia de desalineaci\u00f3n, sus direcciones de actuaci\u00f3n variables y sus variantes con un contacto de se\u00f1alizaci\u00f3n adicional.<\/span><\/p>\n<p><strong><span style=\"color: #ff6600;\">DISE\u00d1O CUADRADO<\/span><\/strong><br \/>\n<span style=\"color: #000000;\">Son extremadamente compactos, a la vez que permiten el accionamiento desde diferentes direcciones.<\/span><\/p>\n<p><strong><span style=\"color: #ff6600;\">DISE\u00d1O CIRCULAR<\/span><\/strong><br \/>\n<span style=\"color: #000000;\">Se caracterizan por sus peque\u00f1as dimensiones, que permiten un montaje que ahorra espacio.<\/span><\/p>","protected":false},"excerpt":{"rendered":"<p><img decoding=\"async\" class=\"size-full wp-image-1817 alignleft\" src=\"http:\/\/fasgrel.com\/wp-content\/uploads\/2024\/07\/logo-wieland.png\" alt=\"\" width=\"240\" height=\"100\" \/><\/p>\n<p><span style=\"color: #000000;\"><strong>Dise\u00f1o Rectangular<\/strong><\/span><\/p>\n<p><span style=\"color: #000000;\"><strong>Dise\u00f1o Cuadrado<\/strong><\/span><\/p>\n<p><span style=\"color: #333399;\"><strong><span style=\"color: #000000;\">Dise\u00f1o Circular\u00a0 \u00a0 \u00a0 \u00a0\u00a0<\/span><\/strong><\/span><strong><span style=\"font-size: 18px;\"><em><span style=\"color: #0000ff;\"><a style=\"color: #0000ff;\" href=\"https:\/\/cdn.wieland-electric.com\/_Resources\/Persistent\/a\/b\/9\/8\/ab9885dfa9d47955ab192dd07da3d698b461e241\/0860.1_CAT_safety_Catalog_screen_EN_0824.pdf\" target=\"_blank\" rel=\"noopener noreferrer\">Ver cat\u00e1logo<\/a><\/span><\/em><\/span><\/strong><\/p>\n<hr \/>\n<p><span style=\"color: #ff6600;\"><strong>Interruptores de seguridad Sin Contacto<\/strong><\/span><\/p>\n<p><span style=\"color: #000000;\">Los sensores magn\u00e9ticos de seguridad sensor PRO se utilizan para la supervisi\u00f3n de puertas o cubiertas m\u00f3viles en aplicaciones de seguridad que combinan la rentabilidad y altos est\u00e1ndares de seguridad.<\/span><\/p>\n<p><span style=\"color: #0000ff;\"><a style=\"color: #0000ff;\" href=\"http:\/\/fasgrel.com\/en\/categoria\/reles-y-sensores-de-seguridad\/\"><strong><em>Retornar \u21b5<\/em><\/strong><\/a><\/span><\/p>\n<hr \/>\n<p><span style=\"color: #000000; font-size: 13px;\"><strong>Fabricado en Alemania<\/strong><\/span><\/p>\n<h4><img decoding=\"async\" class=\"size-full wp-image-1836 alignright\" src=\"http:\/\/fasgrel.com\/wp-content\/uploads\/2024\/07\/de.png\" alt=\"\" width=\"73\" height=\"53\" \/><\/h4>\n<p><span style=\"color: #000000; font-size: 13px;\">Los productos Wieland se dise\u00f1an y fabrican en Alemania seg\u00fan los principios del sistema de gesti\u00f3n de calidad y medioambi<\/span><span style=\"color: #000000; font-size: 13px;\">ente de las normas ISO 9001 e ISO 14001:2015<\/span><\/p>","protected":false},"featured_media":2333,"comment_status":"closed","ping_status":"closed","template":"","meta":{"_acf_changed":false,"_joinchat":[]},"pwb-brand":[34],"product_brand":[],"product_cat":[32],"product_tag":[],"class_list":{"0":"post-392","1":"product","2":"type-product","3":"status-publish","4":"has-post-thumbnail","6":"pwb-brand-wieland","7":"product_cat-reles-y-sensores-de-seguridad","9":"first","10":"instock","11":"featured","12":"shipping-taxable","13":"product-type-simple"},"acf":[],"yoast_head":"<!-- This site is optimized with the Yoast SEO Premium plugin v22.9 (Yoast SEO v27.1.1) - https:\/\/yoast.com\/product\/yoast-seo-premium-wordpress\/ -->\n<title>Sensores Magn\u00e9ticos | Interruptores Sin Contacto | WIELAND<\/title>\n<meta name=\"description\" content=\"Los sensores magn\u00e9ticos son interruptores de seguridad sin contacto, se utilizan para la supervisi\u00f3n de puertas o cubiertas m\u00f3viles con guiado impreciso.\" \/>\n<meta name=\"robots\" content=\"index, follow, max-snippet:-1, max-image-preview:large, max-video-preview:-1\" \/>\n<link rel=\"canonical\" href=\"https:\/\/fasgrel.com\/en\/product\/sensores-magneticos\/\" \/>\n<meta property=\"og:locale\" content=\"en_US\" \/>\n<meta property=\"og:type\" content=\"article\" \/>\n<meta property=\"og:title\" content=\"SENSORES MAGN\u00c9TICOS\" \/>\n<meta property=\"og:description\" content=\"Los sensores magn\u00e9ticos son interruptores de seguridad sin contacto, se utilizan para la supervisi\u00f3n de puertas o cubiertas m\u00f3viles con guiado impreciso.\" \/>\n<meta property=\"og:url\" content=\"https:\/\/fasgrel.com\/en\/product\/sensores-magneticos\/\" \/>\n<meta property=\"og:site_name\" content=\"Fasgrel\" \/>\n<meta property=\"article:modified_time\" content=\"2024-10-11T04:32:35+00:00\" \/>\n<meta property=\"og:image\" content=\"https:\/\/fasgrel.com\/wp-content\/uploads\/2024\/07\/sensores-magneticos.jpg\" \/>\n\t<meta property=\"og:image:width\" content=\"600\" \/>\n\t<meta property=\"og:image:height\" content=\"600\" \/>\n\t<meta property=\"og:image:type\" content=\"image\/jpeg\" \/>\n<meta name=\"twitter:card\" content=\"summary_large_image\" \/>\n<meta name=\"twitter:label1\" content=\"Est. reading time\" \/>\n\t<meta name=\"twitter:data1\" content=\"2 minutes\" \/>\n<script type=\"application\/ld+json\" class=\"yoast-schema-graph\">{\"@context\":\"https:\/\/schema.org\",\"@graph\":[{\"@type\":\"WebPage\",\"@id\":\"https:\/\/fasgrel.com\/producto\/sensores-magneticos\/\",\"url\":\"https:\/\/fasgrel.com\/producto\/sensores-magneticos\/\",\"name\":\"Sensores Magn\u00e9ticos | Interruptores Sin Contacto | WIELAND\",\"isPartOf\":{\"@id\":\"https:\/\/fasgrel.com\/#website\"},\"primaryImageOfPage\":{\"@id\":\"https:\/\/fasgrel.com\/producto\/sensores-magneticos\/#primaryimage\"},\"image\":{\"@id\":\"https:\/\/fasgrel.com\/producto\/sensores-magneticos\/#primaryimage\"},\"thumbnailUrl\":\"https:\/\/fasgrel.com\/wp-content\/uploads\/2024\/07\/sensores-magneticos.jpg\",\"datePublished\":\"2024-07-08T16:38:11+00:00\",\"dateModified\":\"2024-10-11T04:32:35+00:00\",\"description\":\"Los sensores magn\u00e9ticos son interruptores de seguridad sin contacto, se utilizan para la supervisi\u00f3n de puertas o cubiertas m\u00f3viles con guiado impreciso.\",\"breadcrumb\":{\"@id\":\"https:\/\/fasgrel.com\/producto\/sensores-magneticos\/#breadcrumb\"},\"inLanguage\":\"en-US\",\"potentialAction\":[{\"@type\":\"ReadAction\",\"target\":[\"https:\/\/fasgrel.com\/producto\/sensores-magneticos\/\"]}]},{\"@type\":\"ImageObject\",\"inLanguage\":\"en-US\",\"@id\":\"https:\/\/fasgrel.com\/producto\/sensores-magneticos\/#primaryimage\",\"url\":\"https:\/\/fasgrel.com\/wp-content\/uploads\/2024\/07\/sensores-magneticos.jpg\",\"contentUrl\":\"https:\/\/fasgrel.com\/wp-content\/uploads\/2024\/07\/sensores-magneticos.jpg\",\"width\":600,\"height\":600,\"caption\":\"sensores magn\u00e9ticos de seguridad\"},{\"@type\":\"BreadcrumbList\",\"@id\":\"https:\/\/fasgrel.com\/producto\/sensores-magneticos\/#breadcrumb\",\"itemListElement\":[{\"@type\":\"ListItem\",\"position\":1,\"name\":\"Portada\",\"item\":\"https:\/\/fasgrel.com\/\"},{\"@type\":\"ListItem\",\"position\":2,\"name\":\"Tienda\",\"item\":\"https:\/\/fasgrel.com\/tienda\/\"},{\"@type\":\"ListItem\",\"position\":3,\"name\":\"SENSORES MAGN\u00c9TICOS\"}]},{\"@type\":\"WebSite\",\"@id\":\"https:\/\/fasgrel.com\/#website\",\"url\":\"https:\/\/fasgrel.com\/\",\"name\":\"Fasgrel\",\"description\":\"Sitio en Construcci\u00f3n\",\"publisher\":{\"@id\":\"https:\/\/fasgrel.com\/#organization\"},\"potentialAction\":[{\"@type\":\"SearchAction\",\"target\":{\"@type\":\"EntryPoint\",\"urlTemplate\":\"https:\/\/fasgrel.com\/?s={search_term_string}\"},\"query-input\":{\"@type\":\"PropertyValueSpecification\",\"valueRequired\":true,\"valueName\":\"search_term_string\"}}],\"inLanguage\":\"en-US\"},{\"@type\":\"Organization\",\"@id\":\"https:\/\/fasgrel.com\/#organization\",\"name\":\"FASGREL\",\"url\":\"https:\/\/fasgrel.com\/\",\"logo\":{\"@type\":\"ImageObject\",\"inLanguage\":\"en-US\",\"@id\":\"https:\/\/fasgrel.com\/#\/schema\/logo\/image\/\",\"url\":\"https:\/\/fasgrel.com\/wp-content\/uploads\/2024\/10\/logo-fasgrel.png\",\"contentUrl\":\"https:\/\/fasgrel.com\/wp-content\/uploads\/2024\/10\/logo-fasgrel.png\",\"width\":427,\"height\":110,\"caption\":\"FASGREL\"},\"image\":{\"@id\":\"https:\/\/fasgrel.com\/#\/schema\/logo\/image\/\"}}]}<\/script>\n<!-- \/ Yoast SEO Premium plugin. -->","yoast_head_json":{"title":"Sensores Magn\u00e9ticos | Interruptores Sin Contacto | WIELAND","description":"Los sensores magn\u00e9ticos son interruptores de seguridad sin contacto, se utilizan para la supervisi\u00f3n de puertas o cubiertas m\u00f3viles con guiado impreciso.","robots":{"index":"index","follow":"follow","max-snippet":"max-snippet:-1","max-image-preview":"max-image-preview:large","max-video-preview":"max-video-preview:-1"},"canonical":"https:\/\/fasgrel.com\/en\/product\/sensores-magneticos\/","og_locale":"en_US","og_type":"article","og_title":"SENSORES MAGN\u00c9TICOS","og_description":"Los sensores magn\u00e9ticos son interruptores de seguridad sin contacto, se utilizan para la supervisi\u00f3n de puertas o cubiertas m\u00f3viles con guiado impreciso.","og_url":"https:\/\/fasgrel.com\/en\/product\/sensores-magneticos\/","og_site_name":"Fasgrel","article_modified_time":"2024-10-11T04:32:35+00:00","og_image":[{"width":600,"height":600,"url":"https:\/\/fasgrel.com\/wp-content\/uploads\/2024\/07\/sensores-magneticos.jpg","type":"image\/jpeg"}],"twitter_card":"summary_large_image","twitter_misc":{"Est. reading time":"2 minutes"},"schema":{"@context":"https:\/\/schema.org","@graph":[{"@type":"WebPage","@id":"https:\/\/fasgrel.com\/producto\/sensores-magneticos\/","url":"https:\/\/fasgrel.com\/producto\/sensores-magneticos\/","name":"Sensores Magn\u00e9ticos | Interruptores Sin Contacto | WIELAND","isPartOf":{"@id":"https:\/\/fasgrel.com\/#website"},"primaryImageOfPage":{"@id":"https:\/\/fasgrel.com\/producto\/sensores-magneticos\/#primaryimage"},"image":{"@id":"https:\/\/fasgrel.com\/producto\/sensores-magneticos\/#primaryimage"},"thumbnailUrl":"https:\/\/fasgrel.com\/wp-content\/uploads\/2024\/07\/sensores-magneticos.jpg","datePublished":"2024-07-08T16:38:11+00:00","dateModified":"2024-10-11T04:32:35+00:00","description":"Los sensores magn\u00e9ticos son interruptores de seguridad sin contacto, se utilizan para la supervisi\u00f3n de puertas o cubiertas m\u00f3viles con guiado impreciso.","breadcrumb":{"@id":"https:\/\/fasgrel.com\/producto\/sensores-magneticos\/#breadcrumb"},"inLanguage":"en-US","potentialAction":[{"@type":"ReadAction","target":["https:\/\/fasgrel.com\/producto\/sensores-magneticos\/"]}]},{"@type":"ImageObject","inLanguage":"en-US","@id":"https:\/\/fasgrel.com\/producto\/sensores-magneticos\/#primaryimage","url":"https:\/\/fasgrel.com\/wp-content\/uploads\/2024\/07\/sensores-magneticos.jpg","contentUrl":"https:\/\/fasgrel.com\/wp-content\/uploads\/2024\/07\/sensores-magneticos.jpg","width":600,"height":600,"caption":"sensores magn\u00e9ticos de seguridad"},{"@type":"BreadcrumbList","@id":"https:\/\/fasgrel.com\/producto\/sensores-magneticos\/#breadcrumb","itemListElement":[{"@type":"ListItem","position":1,"name":"Portada","item":"https:\/\/fasgrel.com\/"},{"@type":"ListItem","position":2,"name":"Tienda","item":"https:\/\/fasgrel.com\/tienda\/"},{"@type":"ListItem","position":3,"name":"SENSORES MAGN\u00c9TICOS"}]},{"@type":"WebSite","@id":"https:\/\/fasgrel.com\/#website","url":"https:\/\/fasgrel.com\/","name":"Fasgrel","description":"Sitio en Construcci\u00f3n","publisher":{"@id":"https:\/\/fasgrel.com\/#organization"},"potentialAction":[{"@type":"SearchAction","target":{"@type":"EntryPoint","urlTemplate":"https:\/\/fasgrel.com\/?s={search_term_string}"},"query-input":{"@type":"PropertyValueSpecification","valueRequired":true,"valueName":"search_term_string"}}],"inLanguage":"en-US"},{"@type":"Organization","@id":"https:\/\/fasgrel.com\/#organization","name":"FASGREL","url":"https:\/\/fasgrel.com\/","logo":{"@type":"ImageObject","inLanguage":"en-US","@id":"https:\/\/fasgrel.com\/#\/schema\/logo\/image\/","url":"https:\/\/fasgrel.com\/wp-content\/uploads\/2024\/10\/logo-fasgrel.png","contentUrl":"https:\/\/fasgrel.com\/wp-content\/uploads\/2024\/10\/logo-fasgrel.png","width":427,"height":110,"caption":"FASGREL"},"image":{"@id":"https:\/\/fasgrel.com\/#\/schema\/logo\/image\/"}}]}},"brands":[{"id":34,"name":"Wieland","slug":"wieland"}],"_links":{"self":[{"href":"https:\/\/fasgrel.com\/en\/wp-json\/wp\/v2\/product\/392","targetHints":{"allow":["GET"]}}],"collection":[{"href":"https:\/\/fasgrel.com\/en\/wp-json\/wp\/v2\/product"}],"about":[{"href":"https:\/\/fasgrel.com\/en\/wp-json\/wp\/v2\/types\/product"}],"replies":[{"embeddable":true,"href":"https:\/\/fasgrel.com\/en\/wp-json\/wp\/v2\/comments?post=392"}],"wp:featuredmedia":[{"embeddable":true,"href":"https:\/\/fasgrel.com\/en\/wp-json\/wp\/v2\/media\/2333"}],"wp:attachment":[{"href":"https:\/\/fasgrel.com\/en\/wp-json\/wp\/v2\/media?parent=392"}],"wp:term":[{"taxonomy":"pwb-brand","embeddable":true,"href":"https:\/\/fasgrel.com\/en\/wp-json\/wp\/v2\/pwb-brand?post=392"},{"taxonomy":"product_brand","embeddable":true,"href":"https:\/\/fasgrel.com\/en\/wp-json\/wp\/v2\/product_brand?post=392"},{"taxonomy":"product_cat","embeddable":true,"href":"https:\/\/fasgrel.com\/en\/wp-json\/wp\/v2\/product_cat?post=392"},{"taxonomy":"product_tag","embeddable":true,"href":"https:\/\/fasgrel.com\/en\/wp-json\/wp\/v2\/product_tag?post=392"}],"curies":[{"name":"wp","href":"https:\/\/api.w.org\/{rel}","templated":true}]}}