{"id":393,"date":"2024-07-08T16:38:11","date_gmt":"2024-07-08T16:38:11","guid":{"rendered":"http:\/\/fasgrel.com\/?post_type=product&#038;p=393"},"modified":"2025-10-10T19:01:15","modified_gmt":"2025-10-10T19:01:15","slug":"reles-de-seguridad","status":"publish","type":"product","link":"https:\/\/fasgrel.com\/en\/product\/reles-de-seguridad\/","title":{"rendered":"REL\u00c9S DE SEGURIDAD"},"content":{"rendered":"<p><span style=\"color: #ff6600;\"><strong>Rel\u00e9s de Seguridad<\/strong><\/span><\/p>\n<p><span style=\"color: #000000;\">Seguros, fiables y f\u00e1ciles de usar. Para todo tipo de aplicaciones.<\/span><\/p>\n<p><strong><span style=\"color: #000000;\">VARIANTES<\/span><\/strong><br \/>\n<span style=\"color: #000000;\">Supervisi\u00f3n de puertas de seguridad<\/span><\/p>\n<ul>\n<li><span style=\"color: #000000;\">Dispositivos de enclavamiento<\/span><\/li>\n<li><span style=\"color: #000000;\">Control de acceso<\/span><\/li>\n<li><span style=\"color: #000000;\">Control de velocidad, parada y posicionamiento<\/span><\/li>\n<li><span style=\"color: #000000;\">Setas de emergencia y pulsadores de rearme<\/span><\/li>\n<li><span style=\"color: #000000;\">Dispositivos bimanuales<\/span><\/li>\n<\/ul>\n<p><strong><span style=\"color: #000000;\">CARACTER\u00cdSTICAS<\/span><\/strong><\/p>\n<ul>\n<li><span style=\"color: #000000;\">Tecnolog\u00eda de conexi\u00f3n con terminales enchufables a trav\u00e9s de tornillo o Push-In<\/span><\/li>\n<li><span style=\"color: #000000;\">Indicadores LED para diagn\u00f3stico<\/span><\/li>\n<li><span style=\"color: #000000;\">Compatible con todos los sensores de seguridad<\/span><\/li>\n<li><span style=\"color: #000000;\">Capacidad de conmutaci\u00f3n de hasta 8A<\/span><\/li>\n<\/ul>\n<p><strong><span style=\"color: #000000;\">VENTAJAS<\/span><\/strong><\/p>\n<ul>\n<li><span style=\"color: #000000;\">Diagn\u00f3stico incorporado para reducir paradas innecesarias<\/span><\/li>\n<li><span style=\"color: #000000;\">Puesta en marcha r\u00e1pida y cableado f\u00e1cil gracias a los terminales de conexi\u00f3n enchufables<\/span><\/li>\n<li><span style=\"color: #000000;\">Econ\u00f3micos y f\u00e1ciles de usar, soluci\u00f3n completa con un solo proveedor<\/span><\/li>\n<li><span style=\"color: #000000;\">Id\u00f3neos para m\u00e1quinas con alta productividad mediante tiempos de respuesta r\u00e1pidos<\/span><\/li>\n<\/ul>\n<p><span style=\"color: #ff6600;\"><strong>DISPOSITIVOS B\u00c1SICOS DE SEGURIDAD<\/strong><\/span><\/p>\n<ul>\n<li><span style=\"color: #000000;\">Hasta PLe \/ SIL3<\/span><\/li>\n<li><span style=\"color: #000000;\">Terminales enchufables con conexi\u00f3n a tornillo o Push-In<\/span><\/li>\n<li><span style=\"color: #000000;\">Hasta 8A de conmutaci\u00f3n a la salida<\/span><\/li>\n<\/ul>\n<p><span style=\"color: #ff6600;\"><strong>REL\u00c9S DE SEGURIDAD CON TEMPORIZADOR<\/strong><\/span><\/p>\n<ul>\n<li><span style=\"color: #000000;\">Off-delay<\/span><\/li>\n<li><span style=\"color: #000000;\">Hasta PLe \/ SIL3<\/span><\/li>\n<li><span style=\"color: #000000;\">Terminales enchufables con conexi\u00f3n a tornillo o Push-In<\/span><\/li>\n<li><span style=\"color: #000000;\">Hasta 8A de conmutaci\u00f3n a la salida<\/span><\/li>\n<\/ul>\n<p><strong><span style=\"color: #ff6600;\">EXPANSI\u00d3N DE CONTACTOS DE SEGURIDAD<\/span><\/strong><\/p>\n<ul>\n<li><span style=\"color: #000000;\">Ampliaci\u00f3n de contactos para rel\u00e9s y controladores de seguridad<\/span><\/li>\n<li><span style=\"color: #000000;\">Hasta PLe \/ SIL 3<\/span><\/li>\n<li><span style=\"color: #000000;\">Terminales enchufables con conexi\u00f3n a tornillo o Push-In<\/span><\/li>\n<li><span style=\"color: #000000;\">Hasta 8A de conmutaci\u00f3n a la salida<\/span><\/li>\n<\/ul>\n<p><strong><span style=\"color: #ff6600;\">REL\u00c9S DE SEGURIDAD PARA MOTION MONITORING<\/span><\/strong><\/p>\n<ul>\n<li><span style=\"color: #000000;\">Standstill sin necesidad de sens\u00f3rica<\/span><\/li>\n<li><span style=\"color: #000000;\">Standstill a trav\u00e9s de encoders HTL o sensores de proximidad<\/span><\/li>\n<li><span style=\"color: #000000;\">PLe \/ SIL 3<\/span><\/li>\n<li><span style=\"color: #000000;\">Terminales enchufables con conexi\u00f3n a tornillo o Push-In<\/span><\/li>\n<li><span style=\"color: #000000;\">Hasta 8A de conmutaci\u00f3n a la salida<\/span><\/li>\n<\/ul>","protected":false},"excerpt":{"rendered":"<p><img class=\"size-full wp-image-1817 alignleft\" \/><strong style=\"color: #000000;\"><img decoding=\"async\" class=\"size-full wp-image-1817 alignleft\" src=\"http:\/\/fasgrel.com\/wp-content\/uploads\/2024\/07\/logo-wieland.png\" alt=\"\" width=\"240\" height=\"100\" \/>Rel\u00e9s B\u00e1sicos | Rel\u00e9s con Temporizador<\/strong><\/p>\n<p><span style=\"color: #000000;\"><strong>Expansi\u00f3n de contactos de Seguridad<\/strong><\/span><\/p>\n<p><span style=\"color: #333399;\"><strong><span style=\"color: #000000;\">Rel\u00e9s para Motion Monitoring<\/span>\u00a0 \u00a0 \u00a0 \u00a0 \u00a0<\/strong><\/span><strong><span style=\"font-size: 18px;\"><em><span style=\"color: #0000ff;\"><a style=\"color: #0000ff;\" href=\"https:\/\/cdn.wieland-electric.com\/_Resources\/Persistent\/a\/b\/9\/8\/ab9885dfa9d47955ab192dd07da3d698b461e241\/0860.1_CAT_safety_Catalog_screen_EN_0824.pdf\" target=\"_blank\" rel=\"noopener noreferrer\">Ver cat\u00e1logo<\/a><\/span><\/em><\/span><\/strong><\/p>\n<hr \/>\n<p><span style=\"color: #ff6600;\"><strong>Un Rel\u00e9 para cada funci\u00f3n de Seguridad<\/strong><\/span><\/p>\n<p><span style=\"color: #000000;\">Compactos, flexibles y con diferentes tecnolog\u00edas de conexi\u00f3n: estos son los puntos fuertes de los rel\u00e9s de seguridad de Wieland. Con un rendimiento extraordinario y m\u00e1xima seguridad, son adecuados para supervisar cualquier funci\u00f3n de seguridad.<\/span><\/p>\n<p><span style=\"color: #0000ff;\"><a style=\"color: #0000ff;\" href=\"http:\/\/fasgrel.com\/en\/categoria\/fuentes-de-alimentacion\/\"><strong><em>Retornar \u21b5<\/em><\/strong><\/a><\/span><\/p>\n<hr \/>\n<p><span style=\"color: #000000; font-size: 13px;\"><strong>Fabricado en Alemania<\/strong><\/span><\/p>\n<h4><img decoding=\"async\" class=\"size-full wp-image-1836 alignright\" src=\"http:\/\/fasgrel.com\/wp-content\/uploads\/2024\/07\/de.png\" alt=\"\" width=\"73\" height=\"53\" \/><\/h4>\n<p><span style=\"color: #000000; font-size: 13px;\">Los productos Wieland se dise\u00f1an y fabrican en Alemania seg\u00fan los principios del sistema de gesti\u00f3n de calidad y medioambi<\/span><span style=\"color: #000000; font-size: 13px;\">ente de las normas ISO 9001 e ISO 14001:2015<\/span><\/p>","protected":false},"featured_media":2332,"comment_status":"closed","ping_status":"closed","template":"","meta":{"_acf_changed":false,"_joinchat":[]},"pwb-brand":[34],"product_brand":[],"product_cat":[32],"product_tag":[],"class_list":{"0":"post-393","1":"product","2":"type-product","3":"status-publish","4":"has-post-thumbnail","6":"pwb-brand-wieland","7":"product_cat-reles-y-sensores-de-seguridad","9":"first","10":"instock","11":"featured","12":"shipping-taxable","13":"product-type-simple"},"acf":[],"yoast_head":"<!-- This site is optimized with the Yoast SEO Premium plugin v22.9 (Yoast SEO v27.1.1) - https:\/\/yoast.com\/product\/yoast-seo-premium-wordpress\/ -->\n<title>Rel\u00e9s de Seguridad | WIELAND<\/title>\n<meta name=\"description\" content=\"Rel\u00e9s de seguridad compactos, flexibles. Adecuados para cualquier funci\u00f3n de seguridad. Brindan rendimiento extraordinario y m\u00e1xima seguridad.\" \/>\n<meta name=\"robots\" content=\"index, follow, max-snippet:-1, max-image-preview:large, max-video-preview:-1\" \/>\n<link rel=\"canonical\" href=\"https:\/\/fasgrel.com\/en\/product\/reles-de-seguridad\/\" \/>\n<meta property=\"og:locale\" content=\"en_US\" \/>\n<meta property=\"og:type\" content=\"article\" \/>\n<meta property=\"og:title\" content=\"REL\u00c9S DE SEGURIDAD\" \/>\n<meta property=\"og:description\" content=\"Rel\u00e9s de seguridad compactos, flexibles. Adecuados para cualquier funci\u00f3n de seguridad. Brindan rendimiento extraordinario y m\u00e1xima seguridad.\" \/>\n<meta property=\"og:url\" content=\"https:\/\/fasgrel.com\/en\/product\/reles-de-seguridad\/\" \/>\n<meta property=\"og:site_name\" content=\"Fasgrel\" \/>\n<meta property=\"article:modified_time\" content=\"2025-10-10T19:01:15+00:00\" \/>\n<meta property=\"og:image\" content=\"https:\/\/fasgrel.com\/wp-content\/uploads\/2024\/07\/reles-safety.jpg\" \/>\n\t<meta property=\"og:image:width\" content=\"600\" \/>\n\t<meta property=\"og:image:height\" content=\"600\" \/>\n\t<meta property=\"og:image:type\" content=\"image\/jpeg\" \/>\n<meta name=\"twitter:card\" content=\"summary_large_image\" \/>\n<meta name=\"twitter:label1\" content=\"Est. reading time\" \/>\n\t<meta name=\"twitter:data1\" content=\"2 minutes\" \/>\n<script type=\"application\/ld+json\" class=\"yoast-schema-graph\">{\"@context\":\"https:\/\/schema.org\",\"@graph\":[{\"@type\":\"WebPage\",\"@id\":\"https:\/\/fasgrel.com\/producto\/reles-de-seguridad\/\",\"url\":\"https:\/\/fasgrel.com\/producto\/reles-de-seguridad\/\",\"name\":\"Rel\u00e9s de Seguridad | WIELAND\",\"isPartOf\":{\"@id\":\"https:\/\/fasgrel.com\/#website\"},\"primaryImageOfPage\":{\"@id\":\"https:\/\/fasgrel.com\/producto\/reles-de-seguridad\/#primaryimage\"},\"image\":{\"@id\":\"https:\/\/fasgrel.com\/producto\/reles-de-seguridad\/#primaryimage\"},\"thumbnailUrl\":\"https:\/\/fasgrel.com\/wp-content\/uploads\/2024\/07\/reles-safety.jpg\",\"datePublished\":\"2024-07-08T16:38:11+00:00\",\"dateModified\":\"2025-10-10T19:01:15+00:00\",\"description\":\"Rel\u00e9s de seguridad compactos, flexibles. Adecuados para cualquier funci\u00f3n de seguridad. Brindan rendimiento extraordinario y m\u00e1xima seguridad.\",\"breadcrumb\":{\"@id\":\"https:\/\/fasgrel.com\/producto\/reles-de-seguridad\/#breadcrumb\"},\"inLanguage\":\"en-US\",\"potentialAction\":[{\"@type\":\"ReadAction\",\"target\":[\"https:\/\/fasgrel.com\/producto\/reles-de-seguridad\/\"]}]},{\"@type\":\"ImageObject\",\"inLanguage\":\"en-US\",\"@id\":\"https:\/\/fasgrel.com\/producto\/reles-de-seguridad\/#primaryimage\",\"url\":\"https:\/\/fasgrel.com\/wp-content\/uploads\/2024\/07\/reles-safety.jpg\",\"contentUrl\":\"https:\/\/fasgrel.com\/wp-content\/uploads\/2024\/07\/reles-safety.jpg\",\"width\":600,\"height\":600,\"caption\":\"rel\u00e9 de seguridad\"},{\"@type\":\"BreadcrumbList\",\"@id\":\"https:\/\/fasgrel.com\/producto\/reles-de-seguridad\/#breadcrumb\",\"itemListElement\":[{\"@type\":\"ListItem\",\"position\":1,\"name\":\"Portada\",\"item\":\"https:\/\/fasgrel.com\/\"},{\"@type\":\"ListItem\",\"position\":2,\"name\":\"Tienda\",\"item\":\"https:\/\/fasgrel.com\/tienda\/\"},{\"@type\":\"ListItem\",\"position\":3,\"name\":\"REL\u00c9S DE SEGURIDAD\"}]},{\"@type\":\"WebSite\",\"@id\":\"https:\/\/fasgrel.com\/#website\",\"url\":\"https:\/\/fasgrel.com\/\",\"name\":\"Fasgrel\",\"description\":\"Sitio en Construcci\u00f3n\",\"publisher\":{\"@id\":\"https:\/\/fasgrel.com\/#organization\"},\"potentialAction\":[{\"@type\":\"SearchAction\",\"target\":{\"@type\":\"EntryPoint\",\"urlTemplate\":\"https:\/\/fasgrel.com\/?s={search_term_string}\"},\"query-input\":{\"@type\":\"PropertyValueSpecification\",\"valueRequired\":true,\"valueName\":\"search_term_string\"}}],\"inLanguage\":\"en-US\"},{\"@type\":\"Organization\",\"@id\":\"https:\/\/fasgrel.com\/#organization\",\"name\":\"FASGREL\",\"url\":\"https:\/\/fasgrel.com\/\",\"logo\":{\"@type\":\"ImageObject\",\"inLanguage\":\"en-US\",\"@id\":\"https:\/\/fasgrel.com\/#\/schema\/logo\/image\/\",\"url\":\"https:\/\/fasgrel.com\/wp-content\/uploads\/2024\/10\/logo-fasgrel.png\",\"contentUrl\":\"https:\/\/fasgrel.com\/wp-content\/uploads\/2024\/10\/logo-fasgrel.png\",\"width\":427,\"height\":110,\"caption\":\"FASGREL\"},\"image\":{\"@id\":\"https:\/\/fasgrel.com\/#\/schema\/logo\/image\/\"}}]}<\/script>\n<!-- \/ Yoast SEO Premium plugin. -->","yoast_head_json":{"title":"Rel\u00e9s de Seguridad | WIELAND","description":"Rel\u00e9s de seguridad compactos, flexibles. Adecuados para cualquier funci\u00f3n de seguridad. Brindan rendimiento extraordinario y m\u00e1xima seguridad.","robots":{"index":"index","follow":"follow","max-snippet":"max-snippet:-1","max-image-preview":"max-image-preview:large","max-video-preview":"max-video-preview:-1"},"canonical":"https:\/\/fasgrel.com\/en\/product\/reles-de-seguridad\/","og_locale":"en_US","og_type":"article","og_title":"REL\u00c9S DE SEGURIDAD","og_description":"Rel\u00e9s de seguridad compactos, flexibles. Adecuados para cualquier funci\u00f3n de seguridad. Brindan rendimiento extraordinario y m\u00e1xima seguridad.","og_url":"https:\/\/fasgrel.com\/en\/product\/reles-de-seguridad\/","og_site_name":"Fasgrel","article_modified_time":"2025-10-10T19:01:15+00:00","og_image":[{"width":600,"height":600,"url":"https:\/\/fasgrel.com\/wp-content\/uploads\/2024\/07\/reles-safety.jpg","type":"image\/jpeg"}],"twitter_card":"summary_large_image","twitter_misc":{"Est. reading time":"2 minutes"},"schema":{"@context":"https:\/\/schema.org","@graph":[{"@type":"WebPage","@id":"https:\/\/fasgrel.com\/producto\/reles-de-seguridad\/","url":"https:\/\/fasgrel.com\/producto\/reles-de-seguridad\/","name":"Rel\u00e9s de Seguridad | WIELAND","isPartOf":{"@id":"https:\/\/fasgrel.com\/#website"},"primaryImageOfPage":{"@id":"https:\/\/fasgrel.com\/producto\/reles-de-seguridad\/#primaryimage"},"image":{"@id":"https:\/\/fasgrel.com\/producto\/reles-de-seguridad\/#primaryimage"},"thumbnailUrl":"https:\/\/fasgrel.com\/wp-content\/uploads\/2024\/07\/reles-safety.jpg","datePublished":"2024-07-08T16:38:11+00:00","dateModified":"2025-10-10T19:01:15+00:00","description":"Rel\u00e9s de seguridad compactos, flexibles. Adecuados para cualquier funci\u00f3n de seguridad. Brindan rendimiento extraordinario y m\u00e1xima seguridad.","breadcrumb":{"@id":"https:\/\/fasgrel.com\/producto\/reles-de-seguridad\/#breadcrumb"},"inLanguage":"en-US","potentialAction":[{"@type":"ReadAction","target":["https:\/\/fasgrel.com\/producto\/reles-de-seguridad\/"]}]},{"@type":"ImageObject","inLanguage":"en-US","@id":"https:\/\/fasgrel.com\/producto\/reles-de-seguridad\/#primaryimage","url":"https:\/\/fasgrel.com\/wp-content\/uploads\/2024\/07\/reles-safety.jpg","contentUrl":"https:\/\/fasgrel.com\/wp-content\/uploads\/2024\/07\/reles-safety.jpg","width":600,"height":600,"caption":"rel\u00e9 de seguridad"},{"@type":"BreadcrumbList","@id":"https:\/\/fasgrel.com\/producto\/reles-de-seguridad\/#breadcrumb","itemListElement":[{"@type":"ListItem","position":1,"name":"Portada","item":"https:\/\/fasgrel.com\/"},{"@type":"ListItem","position":2,"name":"Tienda","item":"https:\/\/fasgrel.com\/tienda\/"},{"@type":"ListItem","position":3,"name":"REL\u00c9S DE SEGURIDAD"}]},{"@type":"WebSite","@id":"https:\/\/fasgrel.com\/#website","url":"https:\/\/fasgrel.com\/","name":"Fasgrel","description":"Sitio en Construcci\u00f3n","publisher":{"@id":"https:\/\/fasgrel.com\/#organization"},"potentialAction":[{"@type":"SearchAction","target":{"@type":"EntryPoint","urlTemplate":"https:\/\/fasgrel.com\/?s={search_term_string}"},"query-input":{"@type":"PropertyValueSpecification","valueRequired":true,"valueName":"search_term_string"}}],"inLanguage":"en-US"},{"@type":"Organization","@id":"https:\/\/fasgrel.com\/#organization","name":"FASGREL","url":"https:\/\/fasgrel.com\/","logo":{"@type":"ImageObject","inLanguage":"en-US","@id":"https:\/\/fasgrel.com\/#\/schema\/logo\/image\/","url":"https:\/\/fasgrel.com\/wp-content\/uploads\/2024\/10\/logo-fasgrel.png","contentUrl":"https:\/\/fasgrel.com\/wp-content\/uploads\/2024\/10\/logo-fasgrel.png","width":427,"height":110,"caption":"FASGREL"},"image":{"@id":"https:\/\/fasgrel.com\/#\/schema\/logo\/image\/"}}]}},"brands":[{"id":34,"name":"Wieland","slug":"wieland"}],"_links":{"self":[{"href":"https:\/\/fasgrel.com\/en\/wp-json\/wp\/v2\/product\/393","targetHints":{"allow":["GET"]}}],"collection":[{"href":"https:\/\/fasgrel.com\/en\/wp-json\/wp\/v2\/product"}],"about":[{"href":"https:\/\/fasgrel.com\/en\/wp-json\/wp\/v2\/types\/product"}],"replies":[{"embeddable":true,"href":"https:\/\/fasgrel.com\/en\/wp-json\/wp\/v2\/comments?post=393"}],"wp:featuredmedia":[{"embeddable":true,"href":"https:\/\/fasgrel.com\/en\/wp-json\/wp\/v2\/media\/2332"}],"wp:attachment":[{"href":"https:\/\/fasgrel.com\/en\/wp-json\/wp\/v2\/media?parent=393"}],"wp:term":[{"taxonomy":"pwb-brand","embeddable":true,"href":"https:\/\/fasgrel.com\/en\/wp-json\/wp\/v2\/pwb-brand?post=393"},{"taxonomy":"product_brand","embeddable":true,"href":"https:\/\/fasgrel.com\/en\/wp-json\/wp\/v2\/product_brand?post=393"},{"taxonomy":"product_cat","embeddable":true,"href":"https:\/\/fasgrel.com\/en\/wp-json\/wp\/v2\/product_cat?post=393"},{"taxonomy":"product_tag","embeddable":true,"href":"https:\/\/fasgrel.com\/en\/wp-json\/wp\/v2\/product_tag?post=393"}],"curies":[{"name":"wp","href":"https:\/\/api.w.org\/{rel}","templated":true}]}}