{"id":397,"date":"2024-07-08T16:38:11","date_gmt":"2024-07-08T16:38:11","guid":{"rendered":"http:\/\/fasgrel.com\/?post_type=product&#038;p=397"},"modified":"2024-10-11T04:30:57","modified_gmt":"2024-10-11T04:30:57","slug":"reles-de-acoplamiento","status":"publish","type":"product","link":"https:\/\/fasgrel.com\/en\/product\/reles-de-acoplamiento\/","title":{"rendered":"REL\u00c9S DE ACOPLAMIENTO | Estado S\u00f3lido"},"content":{"rendered":"<p><strong><span style=\"color: #ff6600;\">Rel\u00e9s de Acoplamiento y de Estado S\u00f3lido<\/span><\/strong><\/p>\n<p><span style=\"color: #000000;\">Los rel\u00e9s de acoplamiento se utilizan para el aislamiento galv\u00e1nico y la conexi\u00f3n sin potencial. Con una anchura de 6.2mm, los rel\u00e9s flare MOVE optimizan el uso del espacio en el cuadro el\u00e9ctrico.<\/span><\/p>\n<p><span style=\"color: #000000;\">Los rel\u00e9s de estado s\u00f3lido o semiconductores son aptos para la conmutaci\u00f3n sin desgaste en capacidades bajas.<\/span><\/p>\n<p><strong><span style=\"color: #ff6600;\">REL\u00c9S ELECTROMEC\u00c1NICOS<\/span><\/strong><br \/>\n<span style=\"color: #000000;\">Los rel\u00e9s electromec\u00e1nicos son elementos de conexi\u00f3n entre sistemas de control y actuadores o sensores. Su uso garantiza que su aplicaci\u00f3n sea m\u00e1s segura y menos sensible a las perturbaciones.<\/span><\/p>\n<ul>\n<li><span style=\"color: #000000;\">Aislamiento galv\u00e1nico seguro<\/span><\/li>\n<li><span style=\"color: #000000;\">Soluciones enchufables y compactas<\/span><\/li>\n<li><span style=\"color: #000000;\">Diferentes tensiones de funcionamiento<\/span><\/li>\n<li><span style=\"color: #000000;\">Aumento de potencia<\/span><\/li>\n<li><span style=\"color: #000000;\">Multiplicadores de se\u00f1al<\/span><\/li>\n<\/ul>\n<p><span style=\"color: #ff6600;\"><strong>REL\u00c9S DE ESTADO S\u00d3LIDO<\/strong><\/span><br \/>\n<span style=\"color: #000000;\">Los rel\u00e9s de estado s\u00f3lido se utilizan cuando se trata de una conmutaci\u00f3n sin desgaste. Los rangos de potencia van desde unos pocos mA hasta 6 A.<\/span><\/p>\n<ul>\n<li><span style=\"color: #000000;\">Aislamiento galv\u00e1nico seguro<\/span><\/li>\n<li><span style=\"color: #000000;\">Capacidad baja de acoplamiento entre entrada y salida<\/span><\/li>\n<li><span style=\"color: #000000;\">Dimensiones peque\u00f1as<\/span><\/li>\n<\/ul>\n<p><strong><span style=\"color: #000000;\">DATOS T\u00c9CNICOS<\/span><\/strong><\/p>\n<ul>\n<li><span style=\"color: #000000;\">Corriente de salida: Hasta 16 A<\/span><\/li>\n<li><span style=\"color: #000000;\">Tensi\u00f3n de entrada: 12, 24, 115, 230 V<\/span><\/li>\n<li><span style=\"color: #000000;\">Instalaci\u00f3n: Carril DIN<\/span><\/li>\n<li><span style=\"color: #000000;\">Conexi\u00f3n: Por tornillo y por resorte<\/span><\/li>\n<li><span style=\"color: #000000;\">Indicador y protecci\u00f3n contra interferencias electromagn\u00e9ticas: Integrados<\/span><\/li>\n<li><span style=\"color: #000000;\">N\u00famero de contactos: 1, 2 y 4<\/span><\/li>\n<\/ul>","protected":false},"excerpt":{"rendered":"<p><img decoding=\"async\" class=\"size-full wp-image-1817 alignleft\" src=\"http:\/\/fasgrel.com\/wp-content\/uploads\/2024\/07\/logo-wieland.png\" alt=\"\" width=\"240\" height=\"100\" \/><\/p>\n<p><strong><span style=\"color: #000000;\">Corriente de salida: Hasta 16 A<\/span><\/strong><\/p>\n<p><strong><span style=\"color: #000000;\">Tensi\u00f3n de entrada: 12, 24, 115, 230 V<\/span><\/strong><\/p>\n<p><span style=\"color: #333399;\"><strong><span style=\"color: #000000;\">N\u00famero de contactos: 1, 2 y 4<\/span><\/strong><\/span><\/p>\n<hr \/>\n<p><strong><span style=\"color: #ff6600;\">Rel\u00e9s de acoplamiento y de estado s\u00f3lido<\/span><\/strong><\/p>\n<p><span style=\"color: #000000;\">Los <strong>rel\u00e9s de acoplamiento<\/strong> se utilizan para el aislamiento galv\u00e1nico y la conexi\u00f3n sin potencial. Con una anchura de 6.2mm, los rel\u00e9s flare MOVE optimizan el uso del espacio en el cuadro el\u00e9ctrico.<\/span><\/p>\n<p><span style=\"color: #000000;\">Los <strong>rel\u00e9s de estado s\u00f3lido<\/strong> o semiconductores son aptos para la conmutaci\u00f3n sin desgaste en capacidades bajas.<\/span><\/p>\n<p><span style=\"color: #0000ff;\"><a style=\"color: #0000ff;\" href=\"http:\/\/fasgrel.com\/en\/categoria\/reles-y-sensores-de-seguridad\/\"><strong><em>Retornar \u21b5<\/em><\/strong><\/a><\/span><\/p>\n<hr \/>\n<p><span style=\"color: #000000; font-size: 13px;\"><strong>Fabricado en Alemania<\/strong><\/span><\/p>\n<h4><img decoding=\"async\" class=\"size-full wp-image-1836 alignright\" src=\"http:\/\/fasgrel.com\/wp-content\/uploads\/2024\/07\/de.png\" alt=\"\" width=\"73\" height=\"53\" \/><\/h4>\n<p><span style=\"color: #000000; font-size: 13px;\">Los productos Wieland se dise\u00f1an y fabrican en Alemania seg\u00fan los principios del sistema de gesti\u00f3n de calidad y medioambi<\/span><span style=\"color: #000000; font-size: 13px;\">ente de las normas ISO 9001 e ISO 14001:2015<\/span><\/p>","protected":false},"featured_media":2330,"comment_status":"closed","ping_status":"closed","template":"","meta":{"_acf_changed":false,"_joinchat":[]},"pwb-brand":[34],"product_brand":[],"product_cat":[32],"product_tag":[],"class_list":{"0":"post-397","1":"product","2":"type-product","3":"status-publish","4":"has-post-thumbnail","6":"pwb-brand-wieland","7":"product_cat-reles-y-sensores-de-seguridad","9":"first","10":"instock","11":"featured","12":"shipping-taxable","13":"product-type-simple"},"acf":[],"yoast_head":"<!-- This site is optimized with the Yoast SEO Premium plugin v22.9 (Yoast SEO v27.1.1) - https:\/\/yoast.com\/product\/yoast-seo-premium-wordpress\/ -->\n<title>Rel\u00e9s de Acoplamiento | Rel\u00e9s de Estado S\u00f3lido | WIELAND<\/title>\n<meta name=\"description\" content=\"Los rel\u00e9s de acoplamiento se utilizan para el aislamiento galv\u00e1nico y la conexi\u00f3n sin potencial. Ancho de 6.2mm, optimizan el espacio en los tableros.\" \/>\n<meta name=\"robots\" content=\"index, follow, max-snippet:-1, max-image-preview:large, max-video-preview:-1\" \/>\n<link rel=\"canonical\" href=\"https:\/\/fasgrel.com\/en\/product\/reles-de-acoplamiento\/\" \/>\n<meta property=\"og:locale\" content=\"en_US\" \/>\n<meta property=\"og:type\" content=\"article\" \/>\n<meta property=\"og:title\" content=\"REL\u00c9S DE ACOPLAMIENTO | Estado S\u00f3lido\" \/>\n<meta property=\"og:description\" content=\"Los rel\u00e9s de acoplamiento se utilizan para el aislamiento galv\u00e1nico y la conexi\u00f3n sin potencial. Ancho de 6.2mm, optimizan el espacio en los tableros.\" \/>\n<meta property=\"og:url\" content=\"https:\/\/fasgrel.com\/en\/product\/reles-de-acoplamiento\/\" \/>\n<meta property=\"og:site_name\" content=\"Fasgrel\" \/>\n<meta property=\"article:modified_time\" content=\"2024-10-11T04:30:57+00:00\" \/>\n<meta property=\"og:image\" content=\"https:\/\/fasgrel.com\/wp-content\/uploads\/2024\/07\/reles.jpg\" \/>\n\t<meta property=\"og:image:width\" content=\"600\" \/>\n\t<meta property=\"og:image:height\" content=\"600\" \/>\n\t<meta property=\"og:image:type\" content=\"image\/jpeg\" \/>\n<meta name=\"twitter:card\" content=\"summary_large_image\" \/>\n<meta name=\"twitter:label1\" content=\"Est. reading time\" \/>\n\t<meta name=\"twitter:data1\" content=\"2 minutes\" \/>\n<script type=\"application\/ld+json\" class=\"yoast-schema-graph\">{\"@context\":\"https:\/\/schema.org\",\"@graph\":[{\"@type\":\"WebPage\",\"@id\":\"https:\/\/fasgrel.com\/producto\/reles-de-acoplamiento\/\",\"url\":\"https:\/\/fasgrel.com\/producto\/reles-de-acoplamiento\/\",\"name\":\"Rel\u00e9s de Acoplamiento | Rel\u00e9s de Estado S\u00f3lido | WIELAND\",\"isPartOf\":{\"@id\":\"https:\/\/fasgrel.com\/#website\"},\"primaryImageOfPage\":{\"@id\":\"https:\/\/fasgrel.com\/producto\/reles-de-acoplamiento\/#primaryimage\"},\"image\":{\"@id\":\"https:\/\/fasgrel.com\/producto\/reles-de-acoplamiento\/#primaryimage\"},\"thumbnailUrl\":\"https:\/\/fasgrel.com\/wp-content\/uploads\/2024\/07\/reles.jpg\",\"datePublished\":\"2024-07-08T16:38:11+00:00\",\"dateModified\":\"2024-10-11T04:30:57+00:00\",\"description\":\"Los rel\u00e9s de acoplamiento se utilizan para el aislamiento galv\u00e1nico y la conexi\u00f3n sin potencial. Ancho de 6.2mm, optimizan el espacio en los tableros.\",\"breadcrumb\":{\"@id\":\"https:\/\/fasgrel.com\/producto\/reles-de-acoplamiento\/#breadcrumb\"},\"inLanguage\":\"en-US\",\"potentialAction\":[{\"@type\":\"ReadAction\",\"target\":[\"https:\/\/fasgrel.com\/producto\/reles-de-acoplamiento\/\"]}]},{\"@type\":\"ImageObject\",\"inLanguage\":\"en-US\",\"@id\":\"https:\/\/fasgrel.com\/producto\/reles-de-acoplamiento\/#primaryimage\",\"url\":\"https:\/\/fasgrel.com\/wp-content\/uploads\/2024\/07\/reles.jpg\",\"contentUrl\":\"https:\/\/fasgrel.com\/wp-content\/uploads\/2024\/07\/reles.jpg\",\"width\":600,\"height\":600,\"caption\":\"rel\u00e9s industriales\"},{\"@type\":\"BreadcrumbList\",\"@id\":\"https:\/\/fasgrel.com\/producto\/reles-de-acoplamiento\/#breadcrumb\",\"itemListElement\":[{\"@type\":\"ListItem\",\"position\":1,\"name\":\"Portada\",\"item\":\"https:\/\/fasgrel.com\/\"},{\"@type\":\"ListItem\",\"position\":2,\"name\":\"Tienda\",\"item\":\"https:\/\/fasgrel.com\/tienda\/\"},{\"@type\":\"ListItem\",\"position\":3,\"name\":\"REL\u00c9S DE ACOPLAMIENTO | Estado S\u00f3lido\"}]},{\"@type\":\"WebSite\",\"@id\":\"https:\/\/fasgrel.com\/#website\",\"url\":\"https:\/\/fasgrel.com\/\",\"name\":\"Fasgrel\",\"description\":\"Sitio en Construcci\u00f3n\",\"publisher\":{\"@id\":\"https:\/\/fasgrel.com\/#organization\"},\"potentialAction\":[{\"@type\":\"SearchAction\",\"target\":{\"@type\":\"EntryPoint\",\"urlTemplate\":\"https:\/\/fasgrel.com\/?s={search_term_string}\"},\"query-input\":{\"@type\":\"PropertyValueSpecification\",\"valueRequired\":true,\"valueName\":\"search_term_string\"}}],\"inLanguage\":\"en-US\"},{\"@type\":\"Organization\",\"@id\":\"https:\/\/fasgrel.com\/#organization\",\"name\":\"FASGREL\",\"url\":\"https:\/\/fasgrel.com\/\",\"logo\":{\"@type\":\"ImageObject\",\"inLanguage\":\"en-US\",\"@id\":\"https:\/\/fasgrel.com\/#\/schema\/logo\/image\/\",\"url\":\"https:\/\/fasgrel.com\/wp-content\/uploads\/2024\/10\/logo-fasgrel.png\",\"contentUrl\":\"https:\/\/fasgrel.com\/wp-content\/uploads\/2024\/10\/logo-fasgrel.png\",\"width\":427,\"height\":110,\"caption\":\"FASGREL\"},\"image\":{\"@id\":\"https:\/\/fasgrel.com\/#\/schema\/logo\/image\/\"}}]}<\/script>\n<!-- \/ Yoast SEO Premium plugin. -->","yoast_head_json":{"title":"Rel\u00e9s de Acoplamiento | Rel\u00e9s de Estado S\u00f3lido | WIELAND","description":"Los rel\u00e9s de acoplamiento se utilizan para el aislamiento galv\u00e1nico y la conexi\u00f3n sin potencial. Ancho de 6.2mm, optimizan el espacio en los tableros.","robots":{"index":"index","follow":"follow","max-snippet":"max-snippet:-1","max-image-preview":"max-image-preview:large","max-video-preview":"max-video-preview:-1"},"canonical":"https:\/\/fasgrel.com\/en\/product\/reles-de-acoplamiento\/","og_locale":"en_US","og_type":"article","og_title":"REL\u00c9S DE ACOPLAMIENTO | Estado S\u00f3lido","og_description":"Los rel\u00e9s de acoplamiento se utilizan para el aislamiento galv\u00e1nico y la conexi\u00f3n sin potencial. Ancho de 6.2mm, optimizan el espacio en los tableros.","og_url":"https:\/\/fasgrel.com\/en\/product\/reles-de-acoplamiento\/","og_site_name":"Fasgrel","article_modified_time":"2024-10-11T04:30:57+00:00","og_image":[{"width":600,"height":600,"url":"https:\/\/fasgrel.com\/wp-content\/uploads\/2024\/07\/reles.jpg","type":"image\/jpeg"}],"twitter_card":"summary_large_image","twitter_misc":{"Est. reading time":"2 minutes"},"schema":{"@context":"https:\/\/schema.org","@graph":[{"@type":"WebPage","@id":"https:\/\/fasgrel.com\/producto\/reles-de-acoplamiento\/","url":"https:\/\/fasgrel.com\/producto\/reles-de-acoplamiento\/","name":"Rel\u00e9s de Acoplamiento | Rel\u00e9s de Estado S\u00f3lido | WIELAND","isPartOf":{"@id":"https:\/\/fasgrel.com\/#website"},"primaryImageOfPage":{"@id":"https:\/\/fasgrel.com\/producto\/reles-de-acoplamiento\/#primaryimage"},"image":{"@id":"https:\/\/fasgrel.com\/producto\/reles-de-acoplamiento\/#primaryimage"},"thumbnailUrl":"https:\/\/fasgrel.com\/wp-content\/uploads\/2024\/07\/reles.jpg","datePublished":"2024-07-08T16:38:11+00:00","dateModified":"2024-10-11T04:30:57+00:00","description":"Los rel\u00e9s de acoplamiento se utilizan para el aislamiento galv\u00e1nico y la conexi\u00f3n sin potencial. Ancho de 6.2mm, optimizan el espacio en los tableros.","breadcrumb":{"@id":"https:\/\/fasgrel.com\/producto\/reles-de-acoplamiento\/#breadcrumb"},"inLanguage":"en-US","potentialAction":[{"@type":"ReadAction","target":["https:\/\/fasgrel.com\/producto\/reles-de-acoplamiento\/"]}]},{"@type":"ImageObject","inLanguage":"en-US","@id":"https:\/\/fasgrel.com\/producto\/reles-de-acoplamiento\/#primaryimage","url":"https:\/\/fasgrel.com\/wp-content\/uploads\/2024\/07\/reles.jpg","contentUrl":"https:\/\/fasgrel.com\/wp-content\/uploads\/2024\/07\/reles.jpg","width":600,"height":600,"caption":"rel\u00e9s industriales"},{"@type":"BreadcrumbList","@id":"https:\/\/fasgrel.com\/producto\/reles-de-acoplamiento\/#breadcrumb","itemListElement":[{"@type":"ListItem","position":1,"name":"Portada","item":"https:\/\/fasgrel.com\/"},{"@type":"ListItem","position":2,"name":"Tienda","item":"https:\/\/fasgrel.com\/tienda\/"},{"@type":"ListItem","position":3,"name":"REL\u00c9S DE ACOPLAMIENTO | Estado S\u00f3lido"}]},{"@type":"WebSite","@id":"https:\/\/fasgrel.com\/#website","url":"https:\/\/fasgrel.com\/","name":"Fasgrel","description":"Sitio en Construcci\u00f3n","publisher":{"@id":"https:\/\/fasgrel.com\/#organization"},"potentialAction":[{"@type":"SearchAction","target":{"@type":"EntryPoint","urlTemplate":"https:\/\/fasgrel.com\/?s={search_term_string}"},"query-input":{"@type":"PropertyValueSpecification","valueRequired":true,"valueName":"search_term_string"}}],"inLanguage":"en-US"},{"@type":"Organization","@id":"https:\/\/fasgrel.com\/#organization","name":"FASGREL","url":"https:\/\/fasgrel.com\/","logo":{"@type":"ImageObject","inLanguage":"en-US","@id":"https:\/\/fasgrel.com\/#\/schema\/logo\/image\/","url":"https:\/\/fasgrel.com\/wp-content\/uploads\/2024\/10\/logo-fasgrel.png","contentUrl":"https:\/\/fasgrel.com\/wp-content\/uploads\/2024\/10\/logo-fasgrel.png","width":427,"height":110,"caption":"FASGREL"},"image":{"@id":"https:\/\/fasgrel.com\/#\/schema\/logo\/image\/"}}]}},"brands":[{"id":34,"name":"Wieland","slug":"wieland"}],"_links":{"self":[{"href":"https:\/\/fasgrel.com\/en\/wp-json\/wp\/v2\/product\/397","targetHints":{"allow":["GET"]}}],"collection":[{"href":"https:\/\/fasgrel.com\/en\/wp-json\/wp\/v2\/product"}],"about":[{"href":"https:\/\/fasgrel.com\/en\/wp-json\/wp\/v2\/types\/product"}],"replies":[{"embeddable":true,"href":"https:\/\/fasgrel.com\/en\/wp-json\/wp\/v2\/comments?post=397"}],"wp:featuredmedia":[{"embeddable":true,"href":"https:\/\/fasgrel.com\/en\/wp-json\/wp\/v2\/media\/2330"}],"wp:attachment":[{"href":"https:\/\/fasgrel.com\/en\/wp-json\/wp\/v2\/media?parent=397"}],"wp:term":[{"taxonomy":"pwb-brand","embeddable":true,"href":"https:\/\/fasgrel.com\/en\/wp-json\/wp\/v2\/pwb-brand?post=397"},{"taxonomy":"product_brand","embeddable":true,"href":"https:\/\/fasgrel.com\/en\/wp-json\/wp\/v2\/product_brand?post=397"},{"taxonomy":"product_cat","embeddable":true,"href":"https:\/\/fasgrel.com\/en\/wp-json\/wp\/v2\/product_cat?post=397"},{"taxonomy":"product_tag","embeddable":true,"href":"https:\/\/fasgrel.com\/en\/wp-json\/wp\/v2\/product_tag?post=397"}],"curies":[{"name":"wp","href":"https:\/\/api.w.org\/{rel}","templated":true}]}}