{"id":399,"date":"2024-07-08T16:38:12","date_gmt":"2024-07-08T16:38:12","guid":{"rendered":"http:\/\/fasgrel.com\/?post_type=product&#038;p=399"},"modified":"2024-10-11T04:29:44","modified_gmt":"2024-10-11T04:29:44","slug":"temporizadores-digitales","status":"publish","type":"product","link":"https:\/\/fasgrel.com\/en\/product\/temporizadores-digitales\/","title":{"rendered":"TEMPORIZADORES DIGITALES"},"content":{"rendered":"<p><span style=\"color: #ff6600;\"><strong>Temporizadores Digitales<\/strong><\/span><\/p>\n<p><span style=\"color: #000000;\"><strong>\u00c1reas de aplicaci\u00f3n vers\u00e1tiles<\/strong><\/span><\/p>\n<p><span style=\"color: #000000;\">Los rel\u00e9s temporizadores digitales flare TIME son id\u00f3neos para controlar los procesos en cada segundo. Dependiendo de la aplicaci\u00f3n, los temporizadores est\u00e1n disponibles como rel\u00e9s multi-tensi\u00f3n y multifuncionales, y para su montaje tanto en carril DIN como en panel frontal.<\/span><\/p>\n<p><span style=\"color: #000000;\">Se caracteriza por su aplicaci\u00f3n universal en la automatizaci\u00f3n industrial. <strong>Hasta 8 funciones en un solo rel\u00e9<\/strong> cubren todas las necesidades y reducen costes de almacenamiento. Se utilizan principalmente en <strong>maquinaria para panader\u00eda, lavadoras industriales, ascensores, escaleras mec\u00e1nicas y controles de acceso<\/strong>.<\/span><\/p>\n<p><strong><span style=\"color: #000000;\">DATOS T\u00c9CNICOS<\/span><\/strong><\/p>\n<ul>\n<li><span style=\"color: #000000;\">Temperatura ambiente: -25\u00b0C hasta + 60\u00b0C<\/span><\/li>\n<li><span style=\"color: #000000;\">Alto grado de inmunidad a las interferencias<\/span><\/li>\n<li><span style=\"color: #000000;\">Los rel\u00e9s de salida coinciden con la categor\u00eda de uso: AC-15 y DC-13<\/span><\/li>\n<li><span style=\"color: #000000;\">Corriente de salida: Hasta 16 A<\/span><\/li>\n<li><span style=\"color: #000000;\">Funciones espec\u00edficas del temporizador: Retraso de encendido, retraso de apagado, retraso de encendido y apagado sim\u00e9trico<\/span><\/li>\n<li><span style=\"color: #000000;\">Rel\u00e9s de intervalo: Intervalo de encendido, intervalo de encendido, 0.5 s (flanco ascendente), intervalo de apagado, intervalo de encendido y apagado<\/span><\/li>\n<li><span style=\"color: #000000;\">Generadores de impulsos: Inicio de pausa sim\u00e9trica y ajustable, inicio de pulso sim\u00e9trico y ajustable<\/span><\/li>\n<li><span style=\"color: #000000;\">Watchdog: Supervisi\u00f3n c\u00edclica de se\u00f1ales<\/span><\/li>\n<li><span style=\"color: #000000;\">Salidas: Retraso de encendido con salida de pulso, rel\u00e9s escalonados (flanco ascendente), rel\u00e9s escalonados invertidos (flanco ascendente)<\/span><\/li>\n<li><span style=\"color: #000000;\">Conexiones parcialmente ajustables seg\u00fan el tipo: 1-2 cambios retardados, 1 cambio inmediato<\/span><\/li>\n<li><span style=\"color: #000000;\">Tensi\u00f3n nominal: Multi-tensi\u00f3n AC\/DC 24 a 230 (240) V<\/span><\/li>\n<li><span style=\"color: #000000;\">Caracter\u00edsticas espec\u00edficas: Conexi\u00f3n remota del potenci\u00f3metro, puntos de conexi\u00f3n duales (puenteados internamente) para el cableado pasante, ajuste digital (D) o anal\u00f3gico (A)<\/span><\/li>\n<li><span style=\"color: #000000;\">Carcasa: Carcasa de instalaci\u00f3n 22,5 mm<\/span><\/li>\n<\/ul>\n<p>&nbsp;<\/p>","protected":false},"excerpt":{"rendered":"<p><img decoding=\"async\" class=\"size-full wp-image-1817 alignleft\" src=\"http:\/\/fasgrel.com\/wp-content\/uploads\/2024\/07\/logo-wieland.png\" alt=\"\" width=\"240\" height=\"100\" \/><\/p>\n<p><strong><span style=\"color: #000000;\">Temperatura ambiente: -25\u00b0C hasta + 60\u00b0C<\/span><\/strong><\/p>\n<p><strong><span style=\"color: #000000;\">Corriente de salida: Hasta 16 A<\/span><\/strong><\/p>\n<p><span style=\"color: #333399;\"><strong><span style=\"color: #000000;\">Tensi\u00f3n nominal: Multi-tensi\u00f3n AC\/DC 24 a 230 (240) V<\/span> \u00a0 \u00a0\u00a0<\/strong><\/span><\/p>\n<hr \/>\n<p><strong><span style=\"color: #ff6600;\">Rel\u00e9s temporizadores<\/span><\/strong><\/p>\n<p><span style=\"color: #000000;\">Se caracteriza por su aplicaci\u00f3n universal en la automatizaci\u00f3n industrial. <strong>Hasta 8 funciones en un solo rel\u00e9<\/strong> cubren todas las necesidades y reducen costes de almacenamiento. Se utilizan principalmente en <strong>maquinaria para panader\u00eda, lavadoras industriales, ascensores, escaleras mec\u00e1nicas y controles de acceso<\/strong>.<\/span><\/p>\n<p><span style=\"color: #0000ff;\"><a style=\"color: #0000ff;\" href=\"http:\/\/fasgrel.com\/en\/categoria\/reles-y-sensores-de-seguridad\/\"><strong><em>Retornar \u21b5<\/em><\/strong><\/a><\/span><\/p>\n<hr \/>\n<p><span style=\"color: #000000; font-size: 13px;\"><strong>Fabricado en Alemania<\/strong><\/span><\/p>\n<h4><img decoding=\"async\" class=\"size-full wp-image-1836 alignright\" src=\"http:\/\/fasgrel.com\/wp-content\/uploads\/2024\/07\/de.png\" alt=\"\" width=\"73\" height=\"53\" \/><\/h4>\n<p><span style=\"color: #000000; font-size: 13px;\">Los productos Wieland se dise\u00f1an y fabrican en Alemania seg\u00fan los principios del sistema de gesti\u00f3n de calidad y medioambi<\/span><span style=\"color: #000000; font-size: 13px;\">ente de las normas ISO 9001 e ISO 14001:2015<\/span><\/p>","protected":false},"featured_media":2328,"comment_status":"closed","ping_status":"closed","template":"","meta":{"_acf_changed":false,"_joinchat":[]},"pwb-brand":[34],"product_brand":[],"product_cat":[32],"product_tag":[],"class_list":{"0":"post-399","1":"product","2":"type-product","3":"status-publish","4":"has-post-thumbnail","6":"pwb-brand-wieland","7":"product_cat-reles-y-sensores-de-seguridad","9":"first","10":"instock","11":"featured","12":"shipping-taxable","13":"product-type-simple"},"acf":[],"yoast_head":"<!-- This site is optimized with the Yoast SEO Premium plugin v22.9 (Yoast SEO v27.1.1) - https:\/\/yoast.com\/product\/yoast-seo-premium-wordpress\/ -->\n<title>Temporizadores Digitales | WIELAND<\/title>\n<meta name=\"description\" content=\"Temporizadores digitales. 8 funciones en un solo rel\u00e9. M\u00e1quinas de panader\u00eda, lavadoras industriales, ascensores, escaleras mec\u00e1nicas y controles de acceso.\" \/>\n<meta name=\"robots\" content=\"index, follow, max-snippet:-1, max-image-preview:large, max-video-preview:-1\" \/>\n<link rel=\"canonical\" href=\"https:\/\/fasgrel.com\/en\/product\/temporizadores-digitales\/\" \/>\n<meta property=\"og:locale\" content=\"en_US\" \/>\n<meta property=\"og:type\" content=\"article\" \/>\n<meta property=\"og:title\" content=\"TEMPORIZADORES DIGITALES\" \/>\n<meta property=\"og:description\" content=\"Temporizadores digitales. 8 funciones en un solo rel\u00e9. M\u00e1quinas de panader\u00eda, lavadoras industriales, ascensores, escaleras mec\u00e1nicas y controles de acceso.\" \/>\n<meta property=\"og:url\" content=\"https:\/\/fasgrel.com\/en\/product\/temporizadores-digitales\/\" \/>\n<meta property=\"og:site_name\" content=\"Fasgrel\" \/>\n<meta property=\"article:modified_time\" content=\"2024-10-11T04:29:44+00:00\" \/>\n<meta property=\"og:image\" content=\"https:\/\/fasgrel.com\/wp-content\/uploads\/2024\/07\/reles-time.jpg\" \/>\n\t<meta property=\"og:image:width\" content=\"600\" \/>\n\t<meta property=\"og:image:height\" content=\"600\" \/>\n\t<meta property=\"og:image:type\" content=\"image\/jpeg\" \/>\n<meta name=\"twitter:card\" content=\"summary_large_image\" \/>\n<meta name=\"twitter:label1\" content=\"Est. reading time\" \/>\n\t<meta name=\"twitter:data1\" content=\"2 minutes\" \/>\n<script type=\"application\/ld+json\" class=\"yoast-schema-graph\">{\"@context\":\"https:\/\/schema.org\",\"@graph\":[{\"@type\":\"WebPage\",\"@id\":\"https:\/\/fasgrel.com\/producto\/temporizadores-digitales\/\",\"url\":\"https:\/\/fasgrel.com\/producto\/temporizadores-digitales\/\",\"name\":\"Temporizadores Digitales | WIELAND\",\"isPartOf\":{\"@id\":\"https:\/\/fasgrel.com\/#website\"},\"primaryImageOfPage\":{\"@id\":\"https:\/\/fasgrel.com\/producto\/temporizadores-digitales\/#primaryimage\"},\"image\":{\"@id\":\"https:\/\/fasgrel.com\/producto\/temporizadores-digitales\/#primaryimage\"},\"thumbnailUrl\":\"https:\/\/fasgrel.com\/wp-content\/uploads\/2024\/07\/reles-time.jpg\",\"datePublished\":\"2024-07-08T16:38:12+00:00\",\"dateModified\":\"2024-10-11T04:29:44+00:00\",\"description\":\"Temporizadores digitales. 8 funciones en un solo rel\u00e9. M\u00e1quinas de panader\u00eda, lavadoras industriales, ascensores, escaleras mec\u00e1nicas y controles de acceso.\",\"breadcrumb\":{\"@id\":\"https:\/\/fasgrel.com\/producto\/temporizadores-digitales\/#breadcrumb\"},\"inLanguage\":\"en-US\",\"potentialAction\":[{\"@type\":\"ReadAction\",\"target\":[\"https:\/\/fasgrel.com\/producto\/temporizadores-digitales\/\"]}]},{\"@type\":\"ImageObject\",\"inLanguage\":\"en-US\",\"@id\":\"https:\/\/fasgrel.com\/producto\/temporizadores-digitales\/#primaryimage\",\"url\":\"https:\/\/fasgrel.com\/wp-content\/uploads\/2024\/07\/reles-time.jpg\",\"contentUrl\":\"https:\/\/fasgrel.com\/wp-content\/uploads\/2024\/07\/reles-time.jpg\",\"width\":600,\"height\":600,\"caption\":\"temporizadores\"},{\"@type\":\"BreadcrumbList\",\"@id\":\"https:\/\/fasgrel.com\/producto\/temporizadores-digitales\/#breadcrumb\",\"itemListElement\":[{\"@type\":\"ListItem\",\"position\":1,\"name\":\"Portada\",\"item\":\"https:\/\/fasgrel.com\/\"},{\"@type\":\"ListItem\",\"position\":2,\"name\":\"Tienda\",\"item\":\"https:\/\/fasgrel.com\/tienda\/\"},{\"@type\":\"ListItem\",\"position\":3,\"name\":\"TEMPORIZADORES DIGITALES\"}]},{\"@type\":\"WebSite\",\"@id\":\"https:\/\/fasgrel.com\/#website\",\"url\":\"https:\/\/fasgrel.com\/\",\"name\":\"Fasgrel\",\"description\":\"Sitio en Construcci\u00f3n\",\"publisher\":{\"@id\":\"https:\/\/fasgrel.com\/#organization\"},\"potentialAction\":[{\"@type\":\"SearchAction\",\"target\":{\"@type\":\"EntryPoint\",\"urlTemplate\":\"https:\/\/fasgrel.com\/?s={search_term_string}\"},\"query-input\":{\"@type\":\"PropertyValueSpecification\",\"valueRequired\":true,\"valueName\":\"search_term_string\"}}],\"inLanguage\":\"en-US\"},{\"@type\":\"Organization\",\"@id\":\"https:\/\/fasgrel.com\/#organization\",\"name\":\"FASGREL\",\"url\":\"https:\/\/fasgrel.com\/\",\"logo\":{\"@type\":\"ImageObject\",\"inLanguage\":\"en-US\",\"@id\":\"https:\/\/fasgrel.com\/#\/schema\/logo\/image\/\",\"url\":\"https:\/\/fasgrel.com\/wp-content\/uploads\/2024\/10\/logo-fasgrel.png\",\"contentUrl\":\"https:\/\/fasgrel.com\/wp-content\/uploads\/2024\/10\/logo-fasgrel.png\",\"width\":427,\"height\":110,\"caption\":\"FASGREL\"},\"image\":{\"@id\":\"https:\/\/fasgrel.com\/#\/schema\/logo\/image\/\"}}]}<\/script>\n<!-- \/ Yoast SEO Premium plugin. -->","yoast_head_json":{"title":"Temporizadores Digitales | WIELAND","description":"Temporizadores digitales. 8 funciones en un solo rel\u00e9. M\u00e1quinas de panader\u00eda, lavadoras industriales, ascensores, escaleras mec\u00e1nicas y controles de acceso.","robots":{"index":"index","follow":"follow","max-snippet":"max-snippet:-1","max-image-preview":"max-image-preview:large","max-video-preview":"max-video-preview:-1"},"canonical":"https:\/\/fasgrel.com\/en\/product\/temporizadores-digitales\/","og_locale":"en_US","og_type":"article","og_title":"TEMPORIZADORES DIGITALES","og_description":"Temporizadores digitales. 8 funciones en un solo rel\u00e9. M\u00e1quinas de panader\u00eda, lavadoras industriales, ascensores, escaleras mec\u00e1nicas y controles de acceso.","og_url":"https:\/\/fasgrel.com\/en\/product\/temporizadores-digitales\/","og_site_name":"Fasgrel","article_modified_time":"2024-10-11T04:29:44+00:00","og_image":[{"width":600,"height":600,"url":"https:\/\/fasgrel.com\/wp-content\/uploads\/2024\/07\/reles-time.jpg","type":"image\/jpeg"}],"twitter_card":"summary_large_image","twitter_misc":{"Est. reading time":"2 minutes"},"schema":{"@context":"https:\/\/schema.org","@graph":[{"@type":"WebPage","@id":"https:\/\/fasgrel.com\/producto\/temporizadores-digitales\/","url":"https:\/\/fasgrel.com\/producto\/temporizadores-digitales\/","name":"Temporizadores Digitales | WIELAND","isPartOf":{"@id":"https:\/\/fasgrel.com\/#website"},"primaryImageOfPage":{"@id":"https:\/\/fasgrel.com\/producto\/temporizadores-digitales\/#primaryimage"},"image":{"@id":"https:\/\/fasgrel.com\/producto\/temporizadores-digitales\/#primaryimage"},"thumbnailUrl":"https:\/\/fasgrel.com\/wp-content\/uploads\/2024\/07\/reles-time.jpg","datePublished":"2024-07-08T16:38:12+00:00","dateModified":"2024-10-11T04:29:44+00:00","description":"Temporizadores digitales. 8 funciones en un solo rel\u00e9. M\u00e1quinas de panader\u00eda, lavadoras industriales, ascensores, escaleras mec\u00e1nicas y controles de acceso.","breadcrumb":{"@id":"https:\/\/fasgrel.com\/producto\/temporizadores-digitales\/#breadcrumb"},"inLanguage":"en-US","potentialAction":[{"@type":"ReadAction","target":["https:\/\/fasgrel.com\/producto\/temporizadores-digitales\/"]}]},{"@type":"ImageObject","inLanguage":"en-US","@id":"https:\/\/fasgrel.com\/producto\/temporizadores-digitales\/#primaryimage","url":"https:\/\/fasgrel.com\/wp-content\/uploads\/2024\/07\/reles-time.jpg","contentUrl":"https:\/\/fasgrel.com\/wp-content\/uploads\/2024\/07\/reles-time.jpg","width":600,"height":600,"caption":"temporizadores"},{"@type":"BreadcrumbList","@id":"https:\/\/fasgrel.com\/producto\/temporizadores-digitales\/#breadcrumb","itemListElement":[{"@type":"ListItem","position":1,"name":"Portada","item":"https:\/\/fasgrel.com\/"},{"@type":"ListItem","position":2,"name":"Tienda","item":"https:\/\/fasgrel.com\/tienda\/"},{"@type":"ListItem","position":3,"name":"TEMPORIZADORES DIGITALES"}]},{"@type":"WebSite","@id":"https:\/\/fasgrel.com\/#website","url":"https:\/\/fasgrel.com\/","name":"Fasgrel","description":"Sitio en Construcci\u00f3n","publisher":{"@id":"https:\/\/fasgrel.com\/#organization"},"potentialAction":[{"@type":"SearchAction","target":{"@type":"EntryPoint","urlTemplate":"https:\/\/fasgrel.com\/?s={search_term_string}"},"query-input":{"@type":"PropertyValueSpecification","valueRequired":true,"valueName":"search_term_string"}}],"inLanguage":"en-US"},{"@type":"Organization","@id":"https:\/\/fasgrel.com\/#organization","name":"FASGREL","url":"https:\/\/fasgrel.com\/","logo":{"@type":"ImageObject","inLanguage":"en-US","@id":"https:\/\/fasgrel.com\/#\/schema\/logo\/image\/","url":"https:\/\/fasgrel.com\/wp-content\/uploads\/2024\/10\/logo-fasgrel.png","contentUrl":"https:\/\/fasgrel.com\/wp-content\/uploads\/2024\/10\/logo-fasgrel.png","width":427,"height":110,"caption":"FASGREL"},"image":{"@id":"https:\/\/fasgrel.com\/#\/schema\/logo\/image\/"}}]}},"brands":[{"id":34,"name":"Wieland","slug":"wieland"}],"_links":{"self":[{"href":"https:\/\/fasgrel.com\/en\/wp-json\/wp\/v2\/product\/399","targetHints":{"allow":["GET"]}}],"collection":[{"href":"https:\/\/fasgrel.com\/en\/wp-json\/wp\/v2\/product"}],"about":[{"href":"https:\/\/fasgrel.com\/en\/wp-json\/wp\/v2\/types\/product"}],"replies":[{"embeddable":true,"href":"https:\/\/fasgrel.com\/en\/wp-json\/wp\/v2\/comments?post=399"}],"wp:featuredmedia":[{"embeddable":true,"href":"https:\/\/fasgrel.com\/en\/wp-json\/wp\/v2\/media\/2328"}],"wp:attachment":[{"href":"https:\/\/fasgrel.com\/en\/wp-json\/wp\/v2\/media?parent=399"}],"wp:term":[{"taxonomy":"pwb-brand","embeddable":true,"href":"https:\/\/fasgrel.com\/en\/wp-json\/wp\/v2\/pwb-brand?post=399"},{"taxonomy":"product_brand","embeddable":true,"href":"https:\/\/fasgrel.com\/en\/wp-json\/wp\/v2\/product_brand?post=399"},{"taxonomy":"product_cat","embeddable":true,"href":"https:\/\/fasgrel.com\/en\/wp-json\/wp\/v2\/product_cat?post=399"},{"taxonomy":"product_tag","embeddable":true,"href":"https:\/\/fasgrel.com\/en\/wp-json\/wp\/v2\/product_tag?post=399"}],"curies":[{"name":"wp","href":"https:\/\/api.w.org\/{rel}","templated":true}]}}