{"id":400,"date":"2024-07-08T16:38:12","date_gmt":"2024-07-08T16:38:12","guid":{"rendered":"http:\/\/fasgrel.com\/?post_type=product&#038;p=400"},"modified":"2026-04-08T16:52:32","modified_gmt":"2026-04-08T16:52:32","slug":"modulos-de-redundancia-r20","status":"publish","type":"product","link":"https:\/\/fasgrel.com\/en\/product\/modulos-de-redundancia-r20\/","title":{"rendered":"M\u00d3DULOS DE REDUNDANCIA | R20 | WIELAND | L\u00ednea Backup"},"content":{"rendered":"<p><span style=\"color: #ff6600;\"><strong>M\u00f3dulos de Redundancia R20<\/strong><\/span><\/p>\n<p><span style=\"color: #000000;\">El uso de m\u00f3dulos de redundancia evita tiempos de parada, aumentando as\u00ed el sistema disponibilidad. Nuestro m\u00f3dulo de redundancia R20 de la serie WIPOS monitoriza los dispositivos de alimentaci\u00f3n de red en un circuito paralelo. Si un dispositivo falla, el otro dispositivo autom\u00e1ticamente se hace cargo del suministro.<\/span><\/p>\n<p><span style=\"color: #000000;\">Las caracter\u00edsticas principales son:<\/span><\/p>\n<ul>\n<li><span style=\"color: #000000;\">2 entradas\/1 salida<\/span><\/li>\n<li><span style=\"color: #000000;\">M\u00e1ximo rendimiento hasta 60 \u00b0C<\/span><\/li>\n<li><span style=\"color: #000000;\">Un contacto de se\u00f1al por entrada<\/span><\/li>\n<li><span style=\"color: #000000;\">Un LED por entrada<\/span><\/li>\n<li><span style=\"color: #000000;\">Garantiza una conexi\u00f3n paralela segura<\/span><\/li>\n<li><span style=\"color: #000000;\">Aumenta la disponibilidad del sistema<\/span><\/li>\n<\/ul>","protected":false},"excerpt":{"rendered":"<p><img decoding=\"async\" class=\"size-full wp-image-1817 alignleft\" src=\"http:\/\/fasgrel.com\/wp-content\/uploads\/2024\/07\/logo-wieland.png\" alt=\"\" width=\"240\" height=\"100\" \/><\/p>\n<p style=\"padding-left: 320px;\"><span style=\"color: #000000;\"><strong><span style=\"font-size: 18px;\">Entrada DC: 21-28 V \/ 20 A<\/span><\/strong><\/span><\/p>\n<p style=\"padding-left: 320px;\"><span style=\"color: #000000;\"><strong><span style=\"font-size: 18px;\">Salida DC: 24 V \/ 20 A<\/span><\/strong><\/span><\/p>\n<p><span style=\"color: #000000;\"><strong><span style=\"font-size: 18px;\">\u00a0 \u00a0 \u00a0 \u00a0 \u00a0 \u00a0 \u00a0 Rango de temperatura: -25 a 71 \u00b0C<\/span><\/strong><\/span><\/p>\n<p style=\"text-align: right;\"><strong><span style=\"font-size: 18px;\"><em><span style=\"color: #0000ff;\"><a style=\"color: #0000ff;\" href=\"https:\/\/cdn.wieland-electric.com\/_Resources\/Persistent\/4\/e\/8\/0\/4e808a5577c250b1fdee74c3e0dd47dca16d0092\/0821.1_CAT_wipos_Power_Supply_screen_0623_EN.pdf\" target=\"_blank\" rel=\"noopener noreferrer\">Ver cat\u00e1logo<\/a><\/span><\/em><\/span><\/strong><\/p>\n<hr \/>\n<p><span style=\"color: #ff6600;\"><strong>Evite tiempos de parada.<\/strong><\/span><\/p>\n<p><span style=\"color: #000000;\">El uso de m\u00f3dulos de redundancia evita tiempos de parada, aumentando as\u00ed el sistema disponibilidad. Nuestro m\u00f3dulo de redundancia R20 de la serie WIPOS monitoriza los dispositivos de alimentaci\u00f3n de red en un circuito paralelo. Si un dispositivo falla, el otro dispositivo autom\u00e1ticamente se hace cargo del suministro.<\/span><\/p>\n<p><span style=\"color: #0000ff;\"><a style=\"color: #0000ff;\" href=\"http:\/\/fasgrel.com\/en\/categoria\/fuentes-de-alimentacion\/\"><strong><em>Retornar \u21b5<\/em><\/strong><\/a><\/span><\/p>\n<hr \/>\n<p><span style=\"color: #000000; font-size: 13px;\"><strong>Fabricado en Alemania<\/strong><\/span><\/p>\n<h4><img decoding=\"async\" class=\"size-full wp-image-1836 alignright\" src=\"http:\/\/fasgrel.com\/wp-content\/uploads\/2024\/07\/de.png\" alt=\"\" width=\"73\" height=\"53\" \/><\/h4>\n<p><span style=\"color: #000000; font-size: 13px;\">Los productos Wieland se dise\u00f1an y fabrican en Alemania seg\u00fan los principios del sistema de gesti\u00f3n de calidad y medioambi<\/span><span style=\"color: #000000; font-size: 13px;\">ente de las normas ISO 9001 e ISO 14001:2015<\/span><\/p>","protected":false},"featured_media":2329,"comment_status":"closed","ping_status":"closed","template":"","meta":{"_acf_changed":false,"_joinchat":[]},"pwb-brand":[34],"product_brand":[],"product_cat":[16],"product_tag":[],"class_list":{"0":"post-400","1":"product","2":"type-product","3":"status-publish","4":"has-post-thumbnail","6":"pwb-brand-wieland","7":"product_cat-sin-categorizar","9":"first","10":"instock","11":"featured","12":"shipping-taxable","13":"product-type-simple"},"acf":[],"yoast_head":"<!-- This site is optimized with the Yoast SEO Premium plugin v22.9 (Yoast SEO v27.1.1) - https:\/\/yoast.com\/product\/yoast-seo-premium-wordpress\/ -->\n<title>M\u00f3dulos de Redundancia | R20 | WIELAND<\/title>\n<meta name=\"description\" content=\"Los m\u00f3dulos de redundancia monitorizan los dispositivos de alimentaci\u00f3n en red . Si un dispositivo falla, el otro dispositivo se hace cargo del suministro.\" \/>\n<meta name=\"robots\" content=\"index, follow, max-snippet:-1, max-image-preview:large, max-video-preview:-1\" \/>\n<link rel=\"canonical\" href=\"https:\/\/fasgrel.com\/en\/product\/modulos-de-redundancia-r20\/\" \/>\n<meta property=\"og:locale\" content=\"en_US\" \/>\n<meta property=\"og:type\" content=\"article\" \/>\n<meta property=\"og:title\" content=\"M\u00d3DULOS DE REDUNDANCIA | R20 | WIELAND | L\u00ednea Backup\" \/>\n<meta property=\"og:description\" content=\"Los m\u00f3dulos de redundancia monitorizan los dispositivos de alimentaci\u00f3n en red . Si un dispositivo falla, el otro dispositivo se hace cargo del suministro.\" \/>\n<meta property=\"og:url\" content=\"https:\/\/fasgrel.com\/en\/product\/modulos-de-redundancia-r20\/\" \/>\n<meta property=\"og:site_name\" content=\"Fasgrel\" \/>\n<meta property=\"article:modified_time\" content=\"2026-04-08T16:52:32+00:00\" \/>\n<meta property=\"og:image\" content=\"https:\/\/fasgrel.com\/wp-content\/uploads\/2024\/07\/redundancia-modulo.jpg\" \/>\n\t<meta property=\"og:image:width\" content=\"600\" \/>\n\t<meta property=\"og:image:height\" content=\"600\" \/>\n\t<meta property=\"og:image:type\" content=\"image\/jpeg\" \/>\n<meta name=\"twitter:card\" content=\"summary_large_image\" \/>\n<meta name=\"twitter:label1\" content=\"Est. reading time\" \/>\n\t<meta name=\"twitter:data1\" content=\"1 minute\" \/>\n<script type=\"application\/ld+json\" class=\"yoast-schema-graph\">{\"@context\":\"https:\/\/schema.org\",\"@graph\":[{\"@type\":\"WebPage\",\"@id\":\"https:\/\/fasgrel.com\/producto\/modulos-de-redundancia-r20\/\",\"url\":\"https:\/\/fasgrel.com\/producto\/modulos-de-redundancia-r20\/\",\"name\":\"M\u00f3dulos de Redundancia | R20 | WIELAND\",\"isPartOf\":{\"@id\":\"https:\/\/fasgrel.com\/#website\"},\"primaryImageOfPage\":{\"@id\":\"https:\/\/fasgrel.com\/producto\/modulos-de-redundancia-r20\/#primaryimage\"},\"image\":{\"@id\":\"https:\/\/fasgrel.com\/producto\/modulos-de-redundancia-r20\/#primaryimage\"},\"thumbnailUrl\":\"https:\/\/fasgrel.com\/wp-content\/uploads\/2024\/07\/redundancia-modulo.jpg\",\"datePublished\":\"2024-07-08T16:38:12+00:00\",\"dateModified\":\"2026-04-08T16:52:32+00:00\",\"description\":\"Los m\u00f3dulos de redundancia monitorizan los dispositivos de alimentaci\u00f3n en red . Si un dispositivo falla, el otro dispositivo se hace cargo del suministro.\",\"breadcrumb\":{\"@id\":\"https:\/\/fasgrel.com\/producto\/modulos-de-redundancia-r20\/#breadcrumb\"},\"inLanguage\":\"en-US\",\"potentialAction\":[{\"@type\":\"ReadAction\",\"target\":[\"https:\/\/fasgrel.com\/producto\/modulos-de-redundancia-r20\/\"]}]},{\"@type\":\"ImageObject\",\"inLanguage\":\"en-US\",\"@id\":\"https:\/\/fasgrel.com\/producto\/modulos-de-redundancia-r20\/#primaryimage\",\"url\":\"https:\/\/fasgrel.com\/wp-content\/uploads\/2024\/07\/redundancia-modulo.jpg\",\"contentUrl\":\"https:\/\/fasgrel.com\/wp-content\/uploads\/2024\/07\/redundancia-modulo.jpg\",\"width\":600,\"height\":600,\"caption\":\"m\u00f3dulo de redundancia industrial\"},{\"@type\":\"BreadcrumbList\",\"@id\":\"https:\/\/fasgrel.com\/producto\/modulos-de-redundancia-r20\/#breadcrumb\",\"itemListElement\":[{\"@type\":\"ListItem\",\"position\":1,\"name\":\"Portada\",\"item\":\"https:\/\/fasgrel.com\/\"},{\"@type\":\"ListItem\",\"position\":2,\"name\":\"Tienda\",\"item\":\"https:\/\/fasgrel.com\/tienda\/\"},{\"@type\":\"ListItem\",\"position\":3,\"name\":\"M\u00d3DULOS DE REDUNDANCIA | R20 | WIELAND | L\u00ednea Backup\"}]},{\"@type\":\"WebSite\",\"@id\":\"https:\/\/fasgrel.com\/#website\",\"url\":\"https:\/\/fasgrel.com\/\",\"name\":\"Fasgrel\",\"description\":\"Sitio en Construcci\u00f3n\",\"publisher\":{\"@id\":\"https:\/\/fasgrel.com\/#organization\"},\"potentialAction\":[{\"@type\":\"SearchAction\",\"target\":{\"@type\":\"EntryPoint\",\"urlTemplate\":\"https:\/\/fasgrel.com\/?s={search_term_string}\"},\"query-input\":{\"@type\":\"PropertyValueSpecification\",\"valueRequired\":true,\"valueName\":\"search_term_string\"}}],\"inLanguage\":\"en-US\"},{\"@type\":\"Organization\",\"@id\":\"https:\/\/fasgrel.com\/#organization\",\"name\":\"FASGREL\",\"url\":\"https:\/\/fasgrel.com\/\",\"logo\":{\"@type\":\"ImageObject\",\"inLanguage\":\"en-US\",\"@id\":\"https:\/\/fasgrel.com\/#\/schema\/logo\/image\/\",\"url\":\"https:\/\/fasgrel.com\/wp-content\/uploads\/2024\/10\/logo-fasgrel.png\",\"contentUrl\":\"https:\/\/fasgrel.com\/wp-content\/uploads\/2024\/10\/logo-fasgrel.png\",\"width\":427,\"height\":110,\"caption\":\"FASGREL\"},\"image\":{\"@id\":\"https:\/\/fasgrel.com\/#\/schema\/logo\/image\/\"}}]}<\/script>\n<!-- \/ Yoast SEO Premium plugin. -->","yoast_head_json":{"title":"M\u00f3dulos de Redundancia | R20 | WIELAND","description":"Los m\u00f3dulos de redundancia monitorizan los dispositivos de alimentaci\u00f3n en red . Si un dispositivo falla, el otro dispositivo se hace cargo del suministro.","robots":{"index":"index","follow":"follow","max-snippet":"max-snippet:-1","max-image-preview":"max-image-preview:large","max-video-preview":"max-video-preview:-1"},"canonical":"https:\/\/fasgrel.com\/en\/product\/modulos-de-redundancia-r20\/","og_locale":"en_US","og_type":"article","og_title":"M\u00d3DULOS DE REDUNDANCIA | R20 | WIELAND | L\u00ednea Backup","og_description":"Los m\u00f3dulos de redundancia monitorizan los dispositivos de alimentaci\u00f3n en red . Si un dispositivo falla, el otro dispositivo se hace cargo del suministro.","og_url":"https:\/\/fasgrel.com\/en\/product\/modulos-de-redundancia-r20\/","og_site_name":"Fasgrel","article_modified_time":"2026-04-08T16:52:32+00:00","og_image":[{"width":600,"height":600,"url":"https:\/\/fasgrel.com\/wp-content\/uploads\/2024\/07\/redundancia-modulo.jpg","type":"image\/jpeg"}],"twitter_card":"summary_large_image","twitter_misc":{"Est. reading time":"1 minute"},"schema":{"@context":"https:\/\/schema.org","@graph":[{"@type":"WebPage","@id":"https:\/\/fasgrel.com\/producto\/modulos-de-redundancia-r20\/","url":"https:\/\/fasgrel.com\/producto\/modulos-de-redundancia-r20\/","name":"M\u00f3dulos de Redundancia | R20 | WIELAND","isPartOf":{"@id":"https:\/\/fasgrel.com\/#website"},"primaryImageOfPage":{"@id":"https:\/\/fasgrel.com\/producto\/modulos-de-redundancia-r20\/#primaryimage"},"image":{"@id":"https:\/\/fasgrel.com\/producto\/modulos-de-redundancia-r20\/#primaryimage"},"thumbnailUrl":"https:\/\/fasgrel.com\/wp-content\/uploads\/2024\/07\/redundancia-modulo.jpg","datePublished":"2024-07-08T16:38:12+00:00","dateModified":"2026-04-08T16:52:32+00:00","description":"Los m\u00f3dulos de redundancia monitorizan los dispositivos de alimentaci\u00f3n en red . Si un dispositivo falla, el otro dispositivo se hace cargo del suministro.","breadcrumb":{"@id":"https:\/\/fasgrel.com\/producto\/modulos-de-redundancia-r20\/#breadcrumb"},"inLanguage":"en-US","potentialAction":[{"@type":"ReadAction","target":["https:\/\/fasgrel.com\/producto\/modulos-de-redundancia-r20\/"]}]},{"@type":"ImageObject","inLanguage":"en-US","@id":"https:\/\/fasgrel.com\/producto\/modulos-de-redundancia-r20\/#primaryimage","url":"https:\/\/fasgrel.com\/wp-content\/uploads\/2024\/07\/redundancia-modulo.jpg","contentUrl":"https:\/\/fasgrel.com\/wp-content\/uploads\/2024\/07\/redundancia-modulo.jpg","width":600,"height":600,"caption":"m\u00f3dulo de redundancia industrial"},{"@type":"BreadcrumbList","@id":"https:\/\/fasgrel.com\/producto\/modulos-de-redundancia-r20\/#breadcrumb","itemListElement":[{"@type":"ListItem","position":1,"name":"Portada","item":"https:\/\/fasgrel.com\/"},{"@type":"ListItem","position":2,"name":"Tienda","item":"https:\/\/fasgrel.com\/tienda\/"},{"@type":"ListItem","position":3,"name":"M\u00d3DULOS DE REDUNDANCIA | R20 | WIELAND | L\u00ednea Backup"}]},{"@type":"WebSite","@id":"https:\/\/fasgrel.com\/#website","url":"https:\/\/fasgrel.com\/","name":"Fasgrel","description":"Sitio en Construcci\u00f3n","publisher":{"@id":"https:\/\/fasgrel.com\/#organization"},"potentialAction":[{"@type":"SearchAction","target":{"@type":"EntryPoint","urlTemplate":"https:\/\/fasgrel.com\/?s={search_term_string}"},"query-input":{"@type":"PropertyValueSpecification","valueRequired":true,"valueName":"search_term_string"}}],"inLanguage":"en-US"},{"@type":"Organization","@id":"https:\/\/fasgrel.com\/#organization","name":"FASGREL","url":"https:\/\/fasgrel.com\/","logo":{"@type":"ImageObject","inLanguage":"en-US","@id":"https:\/\/fasgrel.com\/#\/schema\/logo\/image\/","url":"https:\/\/fasgrel.com\/wp-content\/uploads\/2024\/10\/logo-fasgrel.png","contentUrl":"https:\/\/fasgrel.com\/wp-content\/uploads\/2024\/10\/logo-fasgrel.png","width":427,"height":110,"caption":"FASGREL"},"image":{"@id":"https:\/\/fasgrel.com\/#\/schema\/logo\/image\/"}}]}},"brands":[{"id":34,"name":"Wieland","slug":"wieland"}],"_links":{"self":[{"href":"https:\/\/fasgrel.com\/en\/wp-json\/wp\/v2\/product\/400","targetHints":{"allow":["GET"]}}],"collection":[{"href":"https:\/\/fasgrel.com\/en\/wp-json\/wp\/v2\/product"}],"about":[{"href":"https:\/\/fasgrel.com\/en\/wp-json\/wp\/v2\/types\/product"}],"replies":[{"embeddable":true,"href":"https:\/\/fasgrel.com\/en\/wp-json\/wp\/v2\/comments?post=400"}],"wp:featuredmedia":[{"embeddable":true,"href":"https:\/\/fasgrel.com\/en\/wp-json\/wp\/v2\/media\/2329"}],"wp:attachment":[{"href":"https:\/\/fasgrel.com\/en\/wp-json\/wp\/v2\/media?parent=400"}],"wp:term":[{"taxonomy":"pwb-brand","embeddable":true,"href":"https:\/\/fasgrel.com\/en\/wp-json\/wp\/v2\/pwb-brand?post=400"},{"taxonomy":"product_brand","embeddable":true,"href":"https:\/\/fasgrel.com\/en\/wp-json\/wp\/v2\/product_brand?post=400"},{"taxonomy":"product_cat","embeddable":true,"href":"https:\/\/fasgrel.com\/en\/wp-json\/wp\/v2\/product_cat?post=400"},{"taxonomy":"product_tag","embeddable":true,"href":"https:\/\/fasgrel.com\/en\/wp-json\/wp\/v2\/product_tag?post=400"}],"curies":[{"name":"wp","href":"https:\/\/api.w.org\/{rel}","templated":true}]}}