{"id":4048,"date":"2026-04-06T03:20:16","date_gmt":"2026-04-06T03:20:16","guid":{"rendered":"https:\/\/fasgrel.com\/?post_type=product&#038;p=4048"},"modified":"2026-04-06T03:20:16","modified_gmt":"2026-04-06T03:20:16","slug":"router-industrial-4g-lte-cat-4-vpn-1x-sim-1x-rj45-10-100-mbit-s-1x-i-o-2x-sma-9-48v-dc-lte-lr140-emea","status":"publish","type":"product","link":"https:\/\/fasgrel.com\/en\/product\/router-industrial-4g-lte-cat-4-vpn-1x-sim-1x-rj45-10-100-mbit-s-1x-i-o-2x-sma-9-48v-dc-lte-lr140-emea\/","title":{"rendered":"ROUTER INDUSTRIAL, 4G LTE Cat.4, VPN, 1x SIM, 1x RJ45 10\/100 Mbit\/s, 1x I\/O, 2x SMA, 9-48V DC | LTE LR140 EMEA"},"content":{"rendered":"","protected":false},"excerpt":{"rendered":"<p>Router industrial LTE LR140, 4G LTE Cat.4 , carcasa met\u00e1lica y montaje en carril DIN, 1x SIM con protector, puertos: 1x Ethernet 10\/100 Mbit\/s (independent IP), 1x I\/O, 2x SMA, Tensi\u00f3n de alimentaci\u00f3n: 9-48 V DC, Configuraci\u00f3n: Web server, VPN: openVPN, IPSec, L2TP, GRE, PPTP Red: DHCP, NAT\/PAT, SSH, VRRP, PPPoE, SNMP, SMTP, Dyn DNS client, DNS proxy, VLAN, QoS, Backup Routes, Port Forwarding, Host Port Routing, Ethernet Bridging, Load Balancing, IPv6 Dual Stack, Control and diagnostics: SMS, email, SNMP Trap, Status, Temperatura de funcionamiento: -40 &#8230; +75\u00b0C<\/p>\n<p>&nbsp;<\/p>","protected":false},"featured_media":4049,"comment_status":"open","ping_status":"closed","template":"","meta":{"_acf_changed":false,"_joinchat":[]},"pwb-brand":[34],"product_brand":[],"product_cat":[62],"product_tag":[],"class_list":{"0":"post-4048","1":"product","2":"type-product","3":"status-publish","4":"has-post-thumbnail","6":"pwb-brand-wieland","7":"product_cat-routers-industriales","9":"first","10":"instock","11":"shipping-taxable","12":"product-type-simple"},"acf":[],"yoast_head":"<!-- This site is optimized with the Yoast SEO Premium plugin v22.9 (Yoast SEO v27.1.1) - https:\/\/yoast.com\/product\/yoast-seo-premium-wordpress\/ -->\n<title>ROUTER INDUSTRIAL, 4G LTE Cat.4, VPN, 1x SIM, 1x RJ45 10\/100 Mbit\/s, 1x I\/O, 2x SMA, 9-48V DC | LTE LR140 EMEA - Fasgrel<\/title>\n<meta name=\"robots\" content=\"index, follow, max-snippet:-1, max-image-preview:large, max-video-preview:-1\" \/>\n<link rel=\"canonical\" href=\"https:\/\/fasgrel.com\/en\/product\/router-industrial-4g-lte-cat-4-vpn-1x-sim-1x-rj45-10-100-mbit-s-1x-i-o-2x-sma-9-48v-dc-lte-lr140-emea\/\" \/>\n<meta property=\"og:locale\" content=\"en_US\" \/>\n<meta property=\"og:type\" content=\"article\" \/>\n<meta property=\"og:title\" content=\"ROUTER INDUSTRIAL, 4G LTE Cat.4, VPN, 1x SIM, 1x RJ45 10\/100 Mbit\/s, 1x I\/O, 2x SMA, 9-48V DC | LTE LR140 EMEA\" \/>\n<meta property=\"og:description\" content=\"Router industrial LTE LR140, 4G LTE Cat.4 , carcasa met\u00e1lica y montaje en carril DIN, 1x SIM con protector, puertos: 1x Ethernet 10\/100 Mbit\/s (independent IP), 1x I\/O, 2x SMA, Tensi\u00f3n de alimentaci\u00f3n: 9-48 V DC, Configuraci\u00f3n: Web server, VPN: openVPN, IPSec, L2TP, GRE, PPTP Red: DHCP, NAT\/PAT, SSH, VRRP, PPPoE, SNMP, SMTP, Dyn DNS client, DNS proxy, VLAN, QoS, Backup Routes, Port Forwarding, Host Port Routing, Ethernet Bridging, Load Balancing, IPv6 Dual Stack, Control and diagnostics: SMS, email, SNMP Trap, Status, Temperatura de funcionamiento: -40 ... +75\u00b0C  &nbsp;\" \/>\n<meta property=\"og:url\" content=\"https:\/\/fasgrel.com\/en\/product\/router-industrial-4g-lte-cat-4-vpn-1x-sim-1x-rj45-10-100-mbit-s-1x-i-o-2x-sma-9-48v-dc-lte-lr140-emea\/\" \/>\n<meta property=\"og:site_name\" content=\"Fasgrel\" \/>\n<meta property=\"og:image\" content=\"https:\/\/fasgrel.com\/wp-content\/uploads\/2026\/04\/83.041.0140.1.jpg\" \/>\n\t<meta property=\"og:image:width\" content=\"400\" \/>\n\t<meta property=\"og:image:height\" content=\"400\" \/>\n\t<meta property=\"og:image:type\" content=\"image\/jpeg\" \/>\n<meta name=\"twitter:card\" content=\"summary_large_image\" \/>\n<meta name=\"twitter:label1\" content=\"Est. reading time\" \/>\n\t<meta name=\"twitter:data1\" content=\"1 minute\" \/>\n<script type=\"application\/ld+json\" class=\"yoast-schema-graph\">{\"@context\":\"https:\/\/schema.org\",\"@graph\":[{\"@type\":\"WebPage\",\"@id\":\"https:\/\/fasgrel.com\/producto\/router-industrial-4g-lte-cat-4-vpn-1x-sim-1x-rj45-10-100-mbit-s-1x-i-o-2x-sma-9-48v-dc-lte-lr140-emea\/\",\"url\":\"https:\/\/fasgrel.com\/producto\/router-industrial-4g-lte-cat-4-vpn-1x-sim-1x-rj45-10-100-mbit-s-1x-i-o-2x-sma-9-48v-dc-lte-lr140-emea\/\",\"name\":\"ROUTER INDUSTRIAL, 4G LTE Cat.4, VPN, 1x SIM, 1x RJ45 10\/100 Mbit\/s, 1x I\/O, 2x SMA, 9-48V DC | LTE LR140 EMEA - Fasgrel\",\"isPartOf\":{\"@id\":\"https:\/\/fasgrel.com\/#website\"},\"primaryImageOfPage\":{\"@id\":\"https:\/\/fasgrel.com\/producto\/router-industrial-4g-lte-cat-4-vpn-1x-sim-1x-rj45-10-100-mbit-s-1x-i-o-2x-sma-9-48v-dc-lte-lr140-emea\/#primaryimage\"},\"image\":{\"@id\":\"https:\/\/fasgrel.com\/producto\/router-industrial-4g-lte-cat-4-vpn-1x-sim-1x-rj45-10-100-mbit-s-1x-i-o-2x-sma-9-48v-dc-lte-lr140-emea\/#primaryimage\"},\"thumbnailUrl\":\"https:\/\/fasgrel.com\/wp-content\/uploads\/2026\/04\/83.041.0140.1.jpg\",\"datePublished\":\"2026-04-06T03:20:16+00:00\",\"breadcrumb\":{\"@id\":\"https:\/\/fasgrel.com\/producto\/router-industrial-4g-lte-cat-4-vpn-1x-sim-1x-rj45-10-100-mbit-s-1x-i-o-2x-sma-9-48v-dc-lte-lr140-emea\/#breadcrumb\"},\"inLanguage\":\"en-US\",\"potentialAction\":[{\"@type\":\"ReadAction\",\"target\":[\"https:\/\/fasgrel.com\/producto\/router-industrial-4g-lte-cat-4-vpn-1x-sim-1x-rj45-10-100-mbit-s-1x-i-o-2x-sma-9-48v-dc-lte-lr140-emea\/\"]}]},{\"@type\":\"ImageObject\",\"inLanguage\":\"en-US\",\"@id\":\"https:\/\/fasgrel.com\/producto\/router-industrial-4g-lte-cat-4-vpn-1x-sim-1x-rj45-10-100-mbit-s-1x-i-o-2x-sma-9-48v-dc-lte-lr140-emea\/#primaryimage\",\"url\":\"https:\/\/fasgrel.com\/wp-content\/uploads\/2026\/04\/83.041.0140.1.jpg\",\"contentUrl\":\"https:\/\/fasgrel.com\/wp-content\/uploads\/2026\/04\/83.041.0140.1.jpg\",\"width\":400,\"height\":400},{\"@type\":\"BreadcrumbList\",\"@id\":\"https:\/\/fasgrel.com\/producto\/router-industrial-4g-lte-cat-4-vpn-1x-sim-1x-rj45-10-100-mbit-s-1x-i-o-2x-sma-9-48v-dc-lte-lr140-emea\/#breadcrumb\",\"itemListElement\":[{\"@type\":\"ListItem\",\"position\":1,\"name\":\"Portada\",\"item\":\"https:\/\/fasgrel.com\/\"},{\"@type\":\"ListItem\",\"position\":2,\"name\":\"Tienda\",\"item\":\"https:\/\/fasgrel.com\/tienda\/\"},{\"@type\":\"ListItem\",\"position\":3,\"name\":\"ROUTER INDUSTRIAL, 4G LTE Cat.4, VPN, 1x SIM, 1x RJ45 10\/100 Mbit\/s, 1x I\/O, 2x SMA, 9-48V DC | LTE LR140 EMEA\"}]},{\"@type\":\"WebSite\",\"@id\":\"https:\/\/fasgrel.com\/#website\",\"url\":\"https:\/\/fasgrel.com\/\",\"name\":\"Fasgrel\",\"description\":\"Sitio en Construcci\u00f3n\",\"publisher\":{\"@id\":\"https:\/\/fasgrel.com\/#organization\"},\"potentialAction\":[{\"@type\":\"SearchAction\",\"target\":{\"@type\":\"EntryPoint\",\"urlTemplate\":\"https:\/\/fasgrel.com\/?s={search_term_string}\"},\"query-input\":{\"@type\":\"PropertyValueSpecification\",\"valueRequired\":true,\"valueName\":\"search_term_string\"}}],\"inLanguage\":\"en-US\"},{\"@type\":\"Organization\",\"@id\":\"https:\/\/fasgrel.com\/#organization\",\"name\":\"FASGREL\",\"url\":\"https:\/\/fasgrel.com\/\",\"logo\":{\"@type\":\"ImageObject\",\"inLanguage\":\"en-US\",\"@id\":\"https:\/\/fasgrel.com\/#\/schema\/logo\/image\/\",\"url\":\"https:\/\/fasgrel.com\/wp-content\/uploads\/2024\/10\/logo-fasgrel.png\",\"contentUrl\":\"https:\/\/fasgrel.com\/wp-content\/uploads\/2024\/10\/logo-fasgrel.png\",\"width\":427,\"height\":110,\"caption\":\"FASGREL\"},\"image\":{\"@id\":\"https:\/\/fasgrel.com\/#\/schema\/logo\/image\/\"}}]}<\/script>\n<!-- \/ Yoast SEO Premium plugin. -->","yoast_head_json":{"title":"ROUTER INDUSTRIAL, 4G LTE Cat.4, VPN, 1x SIM, 1x RJ45 10\/100 Mbit\/s, 1x I\/O, 2x SMA, 9-48V DC | LTE LR140 EMEA - Fasgrel","robots":{"index":"index","follow":"follow","max-snippet":"max-snippet:-1","max-image-preview":"max-image-preview:large","max-video-preview":"max-video-preview:-1"},"canonical":"https:\/\/fasgrel.com\/en\/product\/router-industrial-4g-lte-cat-4-vpn-1x-sim-1x-rj45-10-100-mbit-s-1x-i-o-2x-sma-9-48v-dc-lte-lr140-emea\/","og_locale":"en_US","og_type":"article","og_title":"ROUTER INDUSTRIAL, 4G LTE Cat.4, VPN, 1x SIM, 1x RJ45 10\/100 Mbit\/s, 1x I\/O, 2x SMA, 9-48V DC | LTE LR140 EMEA","og_description":"Router industrial LTE LR140, 4G LTE Cat.4 , carcasa met\u00e1lica y montaje en carril DIN, 1x SIM con protector, puertos: 1x Ethernet 10\/100 Mbit\/s (independent IP), 1x I\/O, 2x SMA, Tensi\u00f3n de alimentaci\u00f3n: 9-48 V DC, Configuraci\u00f3n: Web server, VPN: openVPN, IPSec, L2TP, GRE, PPTP Red: DHCP, NAT\/PAT, SSH, VRRP, PPPoE, SNMP, SMTP, Dyn DNS client, DNS proxy, VLAN, QoS, Backup Routes, Port Forwarding, Host Port Routing, Ethernet Bridging, Load Balancing, IPv6 Dual Stack, Control and diagnostics: SMS, email, SNMP Trap, Status, Temperatura de funcionamiento: -40 ... +75\u00b0C  &nbsp;","og_url":"https:\/\/fasgrel.com\/en\/product\/router-industrial-4g-lte-cat-4-vpn-1x-sim-1x-rj45-10-100-mbit-s-1x-i-o-2x-sma-9-48v-dc-lte-lr140-emea\/","og_site_name":"Fasgrel","og_image":[{"width":400,"height":400,"url":"https:\/\/fasgrel.com\/wp-content\/uploads\/2026\/04\/83.041.0140.1.jpg","type":"image\/jpeg"}],"twitter_card":"summary_large_image","twitter_misc":{"Est. reading time":"1 minute"},"schema":{"@context":"https:\/\/schema.org","@graph":[{"@type":"WebPage","@id":"https:\/\/fasgrel.com\/producto\/router-industrial-4g-lte-cat-4-vpn-1x-sim-1x-rj45-10-100-mbit-s-1x-i-o-2x-sma-9-48v-dc-lte-lr140-emea\/","url":"https:\/\/fasgrel.com\/producto\/router-industrial-4g-lte-cat-4-vpn-1x-sim-1x-rj45-10-100-mbit-s-1x-i-o-2x-sma-9-48v-dc-lte-lr140-emea\/","name":"ROUTER INDUSTRIAL, 4G LTE Cat.4, VPN, 1x SIM, 1x RJ45 10\/100 Mbit\/s, 1x I\/O, 2x SMA, 9-48V DC | LTE LR140 EMEA - Fasgrel","isPartOf":{"@id":"https:\/\/fasgrel.com\/#website"},"primaryImageOfPage":{"@id":"https:\/\/fasgrel.com\/producto\/router-industrial-4g-lte-cat-4-vpn-1x-sim-1x-rj45-10-100-mbit-s-1x-i-o-2x-sma-9-48v-dc-lte-lr140-emea\/#primaryimage"},"image":{"@id":"https:\/\/fasgrel.com\/producto\/router-industrial-4g-lte-cat-4-vpn-1x-sim-1x-rj45-10-100-mbit-s-1x-i-o-2x-sma-9-48v-dc-lte-lr140-emea\/#primaryimage"},"thumbnailUrl":"https:\/\/fasgrel.com\/wp-content\/uploads\/2026\/04\/83.041.0140.1.jpg","datePublished":"2026-04-06T03:20:16+00:00","breadcrumb":{"@id":"https:\/\/fasgrel.com\/producto\/router-industrial-4g-lte-cat-4-vpn-1x-sim-1x-rj45-10-100-mbit-s-1x-i-o-2x-sma-9-48v-dc-lte-lr140-emea\/#breadcrumb"},"inLanguage":"en-US","potentialAction":[{"@type":"ReadAction","target":["https:\/\/fasgrel.com\/producto\/router-industrial-4g-lte-cat-4-vpn-1x-sim-1x-rj45-10-100-mbit-s-1x-i-o-2x-sma-9-48v-dc-lte-lr140-emea\/"]}]},{"@type":"ImageObject","inLanguage":"en-US","@id":"https:\/\/fasgrel.com\/producto\/router-industrial-4g-lte-cat-4-vpn-1x-sim-1x-rj45-10-100-mbit-s-1x-i-o-2x-sma-9-48v-dc-lte-lr140-emea\/#primaryimage","url":"https:\/\/fasgrel.com\/wp-content\/uploads\/2026\/04\/83.041.0140.1.jpg","contentUrl":"https:\/\/fasgrel.com\/wp-content\/uploads\/2026\/04\/83.041.0140.1.jpg","width":400,"height":400},{"@type":"BreadcrumbList","@id":"https:\/\/fasgrel.com\/producto\/router-industrial-4g-lte-cat-4-vpn-1x-sim-1x-rj45-10-100-mbit-s-1x-i-o-2x-sma-9-48v-dc-lte-lr140-emea\/#breadcrumb","itemListElement":[{"@type":"ListItem","position":1,"name":"Portada","item":"https:\/\/fasgrel.com\/"},{"@type":"ListItem","position":2,"name":"Tienda","item":"https:\/\/fasgrel.com\/tienda\/"},{"@type":"ListItem","position":3,"name":"ROUTER INDUSTRIAL, 4G LTE Cat.4, VPN, 1x SIM, 1x RJ45 10\/100 Mbit\/s, 1x I\/O, 2x SMA, 9-48V DC | LTE LR140 EMEA"}]},{"@type":"WebSite","@id":"https:\/\/fasgrel.com\/#website","url":"https:\/\/fasgrel.com\/","name":"Fasgrel","description":"Sitio en Construcci\u00f3n","publisher":{"@id":"https:\/\/fasgrel.com\/#organization"},"potentialAction":[{"@type":"SearchAction","target":{"@type":"EntryPoint","urlTemplate":"https:\/\/fasgrel.com\/?s={search_term_string}"},"query-input":{"@type":"PropertyValueSpecification","valueRequired":true,"valueName":"search_term_string"}}],"inLanguage":"en-US"},{"@type":"Organization","@id":"https:\/\/fasgrel.com\/#organization","name":"FASGREL","url":"https:\/\/fasgrel.com\/","logo":{"@type":"ImageObject","inLanguage":"en-US","@id":"https:\/\/fasgrel.com\/#\/schema\/logo\/image\/","url":"https:\/\/fasgrel.com\/wp-content\/uploads\/2024\/10\/logo-fasgrel.png","contentUrl":"https:\/\/fasgrel.com\/wp-content\/uploads\/2024\/10\/logo-fasgrel.png","width":427,"height":110,"caption":"FASGREL"},"image":{"@id":"https:\/\/fasgrel.com\/#\/schema\/logo\/image\/"}}]}},"brands":[{"id":34,"name":"Wieland","slug":"wieland"}],"_links":{"self":[{"href":"https:\/\/fasgrel.com\/en\/wp-json\/wp\/v2\/product\/4048","targetHints":{"allow":["GET"]}}],"collection":[{"href":"https:\/\/fasgrel.com\/en\/wp-json\/wp\/v2\/product"}],"about":[{"href":"https:\/\/fasgrel.com\/en\/wp-json\/wp\/v2\/types\/product"}],"replies":[{"embeddable":true,"href":"https:\/\/fasgrel.com\/en\/wp-json\/wp\/v2\/comments?post=4048"}],"wp:featuredmedia":[{"embeddable":true,"href":"https:\/\/fasgrel.com\/en\/wp-json\/wp\/v2\/media\/4049"}],"wp:attachment":[{"href":"https:\/\/fasgrel.com\/en\/wp-json\/wp\/v2\/media?parent=4048"}],"wp:term":[{"taxonomy":"pwb-brand","embeddable":true,"href":"https:\/\/fasgrel.com\/en\/wp-json\/wp\/v2\/pwb-brand?post=4048"},{"taxonomy":"product_brand","embeddable":true,"href":"https:\/\/fasgrel.com\/en\/wp-json\/wp\/v2\/product_brand?post=4048"},{"taxonomy":"product_cat","embeddable":true,"href":"https:\/\/fasgrel.com\/en\/wp-json\/wp\/v2\/product_cat?post=4048"},{"taxonomy":"product_tag","embeddable":true,"href":"https:\/\/fasgrel.com\/en\/wp-json\/wp\/v2\/product_tag?post=4048"}],"curies":[{"name":"wp","href":"https:\/\/api.w.org\/{rel}","templated":true}]}}