{"id":4072,"date":"2026-04-06T14:34:28","date_gmt":"2026-04-06T14:34:28","guid":{"rendered":"https:\/\/fasgrel.com\/?post_type=product&#038;p=4072"},"modified":"2026-04-06T23:22:22","modified_gmt":"2026-04-06T23:22:22","slug":"switch-industrial-no-administrable-4x-rj45-10-100-mbit-s-1x-fibra-multimodo-st-ip40-0-60c-wienet-ums-4-1fm","status":"publish","type":"product","link":"https:\/\/fasgrel.com\/en\/product\/switch-industrial-no-administrable-4x-rj45-10-100-mbit-s-1x-fibra-multimodo-st-ip40-0-60c-wienet-ums-4-1fm\/","title":{"rendered":"SWITCH INDUSTRIAL, No administrable, 4x RJ45 10\/100 Mbit\/s, 1x Fibra MultiModo ST, IP40, (0&#8230;60\u00b0C) | WIENET UMS 4-1FM"},"content":{"rendered":"","protected":false},"excerpt":{"rendered":"<p>Switch industrial wieNET, 4 Puertos RJ45, 1 Puerto para fibra MultiModo con conector ST, 10\/100 MBit\/s, No Gestionado, alimentaci\u00f3n redundante, tensi\u00f3n de alimentaci\u00f3n: 9-30 V, montaje en carril DIN<\/p>\n<p>&nbsp;<\/p>","protected":false},"featured_media":4073,"comment_status":"open","ping_status":"closed","template":"","meta":{"_acf_changed":false,"_joinchat":[]},"pwb-brand":[34],"product_brand":[],"product_cat":[64],"product_tag":[],"class_list":{"0":"post-4072","1":"product","2":"type-product","3":"status-publish","4":"has-post-thumbnail","6":"pwb-brand-wieland","7":"product_cat-switches-ethernet-no-administrables-fast","9":"first","10":"instock","11":"shipping-taxable","12":"product-type-simple"},"acf":[],"yoast_head":"<!-- This site is optimized with the Yoast SEO Premium plugin v22.9 (Yoast SEO v27.1.1) - https:\/\/yoast.com\/product\/yoast-seo-premium-wordpress\/ -->\n<title>SWITCH INDUSTRIAL, No administrable, 4x RJ45 10\/100 Mbit\/s, 1x Fibra MultiModo ST, IP40, (0...60\u00b0C) | WIENET UMS 4-1FM - Fasgrel<\/title>\n<meta name=\"robots\" content=\"index, follow, max-snippet:-1, max-image-preview:large, max-video-preview:-1\" \/>\n<link rel=\"canonical\" href=\"https:\/\/fasgrel.com\/en\/product\/switch-industrial-no-administrable-4x-rj45-10-100-mbit-s-1x-fibra-multimodo-st-ip40-0-60c-wienet-ums-4-1fm\/\" \/>\n<meta property=\"og:locale\" content=\"en_US\" \/>\n<meta property=\"og:type\" content=\"article\" \/>\n<meta property=\"og:title\" content=\"SWITCH INDUSTRIAL, No administrable, 4x RJ45 10\/100 Mbit\/s, 1x Fibra MultiModo ST, IP40, (0...60\u00b0C) | WIENET UMS 4-1FM\" \/>\n<meta property=\"og:description\" content=\"Switch industrial wieNET, 4 Puertos RJ45, 1 Puerto para fibra MultiModo con conector ST, 10\/100 MBit\/s, No Gestionado, alimentaci\u00f3n redundante, tensi\u00f3n de alimentaci\u00f3n: 9-30 V, montaje en carril DIN  &nbsp;\" \/>\n<meta property=\"og:url\" content=\"https:\/\/fasgrel.com\/en\/product\/switch-industrial-no-administrable-4x-rj45-10-100-mbit-s-1x-fibra-multimodo-st-ip40-0-60c-wienet-ums-4-1fm\/\" \/>\n<meta property=\"og:site_name\" content=\"Fasgrel\" \/>\n<meta property=\"article:modified_time\" content=\"2026-04-06T23:22:22+00:00\" \/>\n<meta property=\"og:image\" content=\"https:\/\/fasgrel.com\/wp-content\/uploads\/2026\/04\/83.040.0002.0.jpg\" \/>\n\t<meta property=\"og:image:width\" content=\"400\" \/>\n\t<meta property=\"og:image:height\" content=\"400\" \/>\n\t<meta property=\"og:image:type\" content=\"image\/jpeg\" \/>\n<meta name=\"twitter:card\" content=\"summary_large_image\" \/>\n<meta name=\"twitter:label1\" content=\"Est. reading time\" \/>\n\t<meta name=\"twitter:data1\" content=\"1 minute\" \/>\n<script type=\"application\/ld+json\" class=\"yoast-schema-graph\">{\"@context\":\"https:\/\/schema.org\",\"@graph\":[{\"@type\":\"WebPage\",\"@id\":\"https:\/\/fasgrel.com\/producto\/switch-industrial-no-administrable-4x-rj45-10-100-mbit-s-1x-fibra-multimodo-st-ip40-0-60c-wienet-ums-4-1fm\/\",\"url\":\"https:\/\/fasgrel.com\/producto\/switch-industrial-no-administrable-4x-rj45-10-100-mbit-s-1x-fibra-multimodo-st-ip40-0-60c-wienet-ums-4-1fm\/\",\"name\":\"SWITCH INDUSTRIAL, No administrable, 4x RJ45 10\/100 Mbit\/s, 1x Fibra MultiModo ST, IP40, (0...60\u00b0C) | WIENET UMS 4-1FM - Fasgrel\",\"isPartOf\":{\"@id\":\"https:\/\/fasgrel.com\/#website\"},\"primaryImageOfPage\":{\"@id\":\"https:\/\/fasgrel.com\/producto\/switch-industrial-no-administrable-4x-rj45-10-100-mbit-s-1x-fibra-multimodo-st-ip40-0-60c-wienet-ums-4-1fm\/#primaryimage\"},\"image\":{\"@id\":\"https:\/\/fasgrel.com\/producto\/switch-industrial-no-administrable-4x-rj45-10-100-mbit-s-1x-fibra-multimodo-st-ip40-0-60c-wienet-ums-4-1fm\/#primaryimage\"},\"thumbnailUrl\":\"https:\/\/fasgrel.com\/wp-content\/uploads\/2026\/04\/83.040.0002.0.jpg\",\"datePublished\":\"2026-04-06T14:34:28+00:00\",\"dateModified\":\"2026-04-06T23:22:22+00:00\",\"breadcrumb\":{\"@id\":\"https:\/\/fasgrel.com\/producto\/switch-industrial-no-administrable-4x-rj45-10-100-mbit-s-1x-fibra-multimodo-st-ip40-0-60c-wienet-ums-4-1fm\/#breadcrumb\"},\"inLanguage\":\"en-US\",\"potentialAction\":[{\"@type\":\"ReadAction\",\"target\":[\"https:\/\/fasgrel.com\/producto\/switch-industrial-no-administrable-4x-rj45-10-100-mbit-s-1x-fibra-multimodo-st-ip40-0-60c-wienet-ums-4-1fm\/\"]}]},{\"@type\":\"ImageObject\",\"inLanguage\":\"en-US\",\"@id\":\"https:\/\/fasgrel.com\/producto\/switch-industrial-no-administrable-4x-rj45-10-100-mbit-s-1x-fibra-multimodo-st-ip40-0-60c-wienet-ums-4-1fm\/#primaryimage\",\"url\":\"https:\/\/fasgrel.com\/wp-content\/uploads\/2026\/04\/83.040.0002.0.jpg\",\"contentUrl\":\"https:\/\/fasgrel.com\/wp-content\/uploads\/2026\/04\/83.040.0002.0.jpg\",\"width\":400,\"height\":400},{\"@type\":\"BreadcrumbList\",\"@id\":\"https:\/\/fasgrel.com\/producto\/switch-industrial-no-administrable-4x-rj45-10-100-mbit-s-1x-fibra-multimodo-st-ip40-0-60c-wienet-ums-4-1fm\/#breadcrumb\",\"itemListElement\":[{\"@type\":\"ListItem\",\"position\":1,\"name\":\"Portada\",\"item\":\"https:\/\/fasgrel.com\/\"},{\"@type\":\"ListItem\",\"position\":2,\"name\":\"Tienda\",\"item\":\"https:\/\/fasgrel.com\/tienda\/\"},{\"@type\":\"ListItem\",\"position\":3,\"name\":\"SWITCH INDUSTRIAL, No administrable, 4x RJ45 10\/100 Mbit\/s, 1x Fibra MultiModo ST, IP40, (0&#8230;60\u00b0C) | WIENET UMS 4-1FM\"}]},{\"@type\":\"WebSite\",\"@id\":\"https:\/\/fasgrel.com\/#website\",\"url\":\"https:\/\/fasgrel.com\/\",\"name\":\"Fasgrel\",\"description\":\"Sitio en Construcci\u00f3n\",\"publisher\":{\"@id\":\"https:\/\/fasgrel.com\/#organization\"},\"potentialAction\":[{\"@type\":\"SearchAction\",\"target\":{\"@type\":\"EntryPoint\",\"urlTemplate\":\"https:\/\/fasgrel.com\/?s={search_term_string}\"},\"query-input\":{\"@type\":\"PropertyValueSpecification\",\"valueRequired\":true,\"valueName\":\"search_term_string\"}}],\"inLanguage\":\"en-US\"},{\"@type\":\"Organization\",\"@id\":\"https:\/\/fasgrel.com\/#organization\",\"name\":\"FASGREL\",\"url\":\"https:\/\/fasgrel.com\/\",\"logo\":{\"@type\":\"ImageObject\",\"inLanguage\":\"en-US\",\"@id\":\"https:\/\/fasgrel.com\/#\/schema\/logo\/image\/\",\"url\":\"https:\/\/fasgrel.com\/wp-content\/uploads\/2024\/10\/logo-fasgrel.png\",\"contentUrl\":\"https:\/\/fasgrel.com\/wp-content\/uploads\/2024\/10\/logo-fasgrel.png\",\"width\":427,\"height\":110,\"caption\":\"FASGREL\"},\"image\":{\"@id\":\"https:\/\/fasgrel.com\/#\/schema\/logo\/image\/\"}}]}<\/script>\n<!-- \/ Yoast SEO Premium plugin. -->","yoast_head_json":{"title":"SWITCH INDUSTRIAL, No administrable, 4x RJ45 10\/100 Mbit\/s, 1x Fibra MultiModo ST, IP40, (0...60\u00b0C) | WIENET UMS 4-1FM - Fasgrel","robots":{"index":"index","follow":"follow","max-snippet":"max-snippet:-1","max-image-preview":"max-image-preview:large","max-video-preview":"max-video-preview:-1"},"canonical":"https:\/\/fasgrel.com\/en\/product\/switch-industrial-no-administrable-4x-rj45-10-100-mbit-s-1x-fibra-multimodo-st-ip40-0-60c-wienet-ums-4-1fm\/","og_locale":"en_US","og_type":"article","og_title":"SWITCH INDUSTRIAL, No administrable, 4x RJ45 10\/100 Mbit\/s, 1x Fibra MultiModo ST, IP40, (0...60\u00b0C) | WIENET UMS 4-1FM","og_description":"Switch industrial wieNET, 4 Puertos RJ45, 1 Puerto para fibra MultiModo con conector ST, 10\/100 MBit\/s, No Gestionado, alimentaci\u00f3n redundante, tensi\u00f3n de alimentaci\u00f3n: 9-30 V, montaje en carril DIN  &nbsp;","og_url":"https:\/\/fasgrel.com\/en\/product\/switch-industrial-no-administrable-4x-rj45-10-100-mbit-s-1x-fibra-multimodo-st-ip40-0-60c-wienet-ums-4-1fm\/","og_site_name":"Fasgrel","article_modified_time":"2026-04-06T23:22:22+00:00","og_image":[{"width":400,"height":400,"url":"https:\/\/fasgrel.com\/wp-content\/uploads\/2026\/04\/83.040.0002.0.jpg","type":"image\/jpeg"}],"twitter_card":"summary_large_image","twitter_misc":{"Est. reading time":"1 minute"},"schema":{"@context":"https:\/\/schema.org","@graph":[{"@type":"WebPage","@id":"https:\/\/fasgrel.com\/producto\/switch-industrial-no-administrable-4x-rj45-10-100-mbit-s-1x-fibra-multimodo-st-ip40-0-60c-wienet-ums-4-1fm\/","url":"https:\/\/fasgrel.com\/producto\/switch-industrial-no-administrable-4x-rj45-10-100-mbit-s-1x-fibra-multimodo-st-ip40-0-60c-wienet-ums-4-1fm\/","name":"SWITCH INDUSTRIAL, No administrable, 4x RJ45 10\/100 Mbit\/s, 1x Fibra MultiModo ST, IP40, (0...60\u00b0C) | WIENET UMS 4-1FM - Fasgrel","isPartOf":{"@id":"https:\/\/fasgrel.com\/#website"},"primaryImageOfPage":{"@id":"https:\/\/fasgrel.com\/producto\/switch-industrial-no-administrable-4x-rj45-10-100-mbit-s-1x-fibra-multimodo-st-ip40-0-60c-wienet-ums-4-1fm\/#primaryimage"},"image":{"@id":"https:\/\/fasgrel.com\/producto\/switch-industrial-no-administrable-4x-rj45-10-100-mbit-s-1x-fibra-multimodo-st-ip40-0-60c-wienet-ums-4-1fm\/#primaryimage"},"thumbnailUrl":"https:\/\/fasgrel.com\/wp-content\/uploads\/2026\/04\/83.040.0002.0.jpg","datePublished":"2026-04-06T14:34:28+00:00","dateModified":"2026-04-06T23:22:22+00:00","breadcrumb":{"@id":"https:\/\/fasgrel.com\/producto\/switch-industrial-no-administrable-4x-rj45-10-100-mbit-s-1x-fibra-multimodo-st-ip40-0-60c-wienet-ums-4-1fm\/#breadcrumb"},"inLanguage":"en-US","potentialAction":[{"@type":"ReadAction","target":["https:\/\/fasgrel.com\/producto\/switch-industrial-no-administrable-4x-rj45-10-100-mbit-s-1x-fibra-multimodo-st-ip40-0-60c-wienet-ums-4-1fm\/"]}]},{"@type":"ImageObject","inLanguage":"en-US","@id":"https:\/\/fasgrel.com\/producto\/switch-industrial-no-administrable-4x-rj45-10-100-mbit-s-1x-fibra-multimodo-st-ip40-0-60c-wienet-ums-4-1fm\/#primaryimage","url":"https:\/\/fasgrel.com\/wp-content\/uploads\/2026\/04\/83.040.0002.0.jpg","contentUrl":"https:\/\/fasgrel.com\/wp-content\/uploads\/2026\/04\/83.040.0002.0.jpg","width":400,"height":400},{"@type":"BreadcrumbList","@id":"https:\/\/fasgrel.com\/producto\/switch-industrial-no-administrable-4x-rj45-10-100-mbit-s-1x-fibra-multimodo-st-ip40-0-60c-wienet-ums-4-1fm\/#breadcrumb","itemListElement":[{"@type":"ListItem","position":1,"name":"Portada","item":"https:\/\/fasgrel.com\/"},{"@type":"ListItem","position":2,"name":"Tienda","item":"https:\/\/fasgrel.com\/tienda\/"},{"@type":"ListItem","position":3,"name":"SWITCH INDUSTRIAL, No administrable, 4x RJ45 10\/100 Mbit\/s, 1x Fibra MultiModo ST, IP40, (0&#8230;60\u00b0C) | WIENET UMS 4-1FM"}]},{"@type":"WebSite","@id":"https:\/\/fasgrel.com\/#website","url":"https:\/\/fasgrel.com\/","name":"Fasgrel","description":"Sitio en Construcci\u00f3n","publisher":{"@id":"https:\/\/fasgrel.com\/#organization"},"potentialAction":[{"@type":"SearchAction","target":{"@type":"EntryPoint","urlTemplate":"https:\/\/fasgrel.com\/?s={search_term_string}"},"query-input":{"@type":"PropertyValueSpecification","valueRequired":true,"valueName":"search_term_string"}}],"inLanguage":"en-US"},{"@type":"Organization","@id":"https:\/\/fasgrel.com\/#organization","name":"FASGREL","url":"https:\/\/fasgrel.com\/","logo":{"@type":"ImageObject","inLanguage":"en-US","@id":"https:\/\/fasgrel.com\/#\/schema\/logo\/image\/","url":"https:\/\/fasgrel.com\/wp-content\/uploads\/2024\/10\/logo-fasgrel.png","contentUrl":"https:\/\/fasgrel.com\/wp-content\/uploads\/2024\/10\/logo-fasgrel.png","width":427,"height":110,"caption":"FASGREL"},"image":{"@id":"https:\/\/fasgrel.com\/#\/schema\/logo\/image\/"}}]}},"brands":[{"id":34,"name":"Wieland","slug":"wieland"}],"_links":{"self":[{"href":"https:\/\/fasgrel.com\/en\/wp-json\/wp\/v2\/product\/4072","targetHints":{"allow":["GET"]}}],"collection":[{"href":"https:\/\/fasgrel.com\/en\/wp-json\/wp\/v2\/product"}],"about":[{"href":"https:\/\/fasgrel.com\/en\/wp-json\/wp\/v2\/types\/product"}],"replies":[{"embeddable":true,"href":"https:\/\/fasgrel.com\/en\/wp-json\/wp\/v2\/comments?post=4072"}],"wp:featuredmedia":[{"embeddable":true,"href":"https:\/\/fasgrel.com\/en\/wp-json\/wp\/v2\/media\/4073"}],"wp:attachment":[{"href":"https:\/\/fasgrel.com\/en\/wp-json\/wp\/v2\/media?parent=4072"}],"wp:term":[{"taxonomy":"pwb-brand","embeddable":true,"href":"https:\/\/fasgrel.com\/en\/wp-json\/wp\/v2\/pwb-brand?post=4072"},{"taxonomy":"product_brand","embeddable":true,"href":"https:\/\/fasgrel.com\/en\/wp-json\/wp\/v2\/product_brand?post=4072"},{"taxonomy":"product_cat","embeddable":true,"href":"https:\/\/fasgrel.com\/en\/wp-json\/wp\/v2\/product_cat?post=4072"},{"taxonomy":"product_tag","embeddable":true,"href":"https:\/\/fasgrel.com\/en\/wp-json\/wp\/v2\/product_tag?post=4072"}],"curies":[{"name":"wp","href":"https:\/\/api.w.org\/{rel}","templated":true}]}}