{"id":412,"date":"2024-07-08T16:38:34","date_gmt":"2024-07-08T16:38:34","guid":{"rendered":"http:\/\/fasgrel.com\/?post_type=product&#038;p=412"},"modified":"2026-04-08T16:52:12","modified_gmt":"2026-04-08T16:52:12","slug":"ups-industrial-24-30","status":"publish","type":"product","link":"https:\/\/fasgrel.com\/en\/product\/ups-industrial-24-30\/","title":{"rendered":"UPS | 24-30 | WIELAND | L\u00ednea Backup"},"content":{"rendered":"<p><span style=\"color: #ff6600;\"><strong>Fuentes de alimentaci\u00f3n sin interrupcio<span style=\"color: #ff6600;\">nes (UPS Industrial 24-30)<\/span><\/strong><\/span><\/p>\n<p><span style=\"color: #000000;\">El UPS industrial 24-30 proteger\u00e1 sus equipos en planta no s\u00f3lo de los cortes de energ\u00eda, sino tambi\u00e9n de las subidas y bajadas de tensi\u00f3n temporales. Con los m\u00f3dulos de redundancia correspondientes podr\u00e1 maximizar la disponibilidad de las fuentes de alimentaci\u00f3n en paralelo.<\/span><\/p>\n<p><span style=\"color: #000000;\">Las caracter\u00edsticas principales son:<\/span><\/p>\n<ul>\n<li><span style=\"color: #000000;\">Compatible con cualquier tecnolog\u00eda de bater\u00edas<\/span><\/li>\n<li><span style=\"color: #000000;\">Uso incluso con supercondensadores<\/span><\/li>\n<li><span style=\"color: #000000;\">Para todo tipo de bater\u00eda\/supercondensador con tensi\u00f3n 12 a 58 VDC<\/span><\/li>\n<li><span style=\"color: #000000;\">Supervisi\u00f3n del estado de la bater\u00eda<\/span><\/li>\n<li><span style=\"color: #000000;\">Conexi\u00f3n a otros sistemas con protocolo Modbus\/ puerto USB<\/span><\/li>\n<li><span style=\"color: #000000;\">Conversi\u00f3n DC\/DC programable<\/span><\/li>\n<li><span style=\"color: #000000;\">Mejor relaci\u00f3n calidad precio<\/span><\/li>\n<li><span style=\"color: #000000;\">Diagn\u00f3sticos detallados<\/span><\/li>\n<li><span style=\"color: #000000;\">Fusibles intercambiables<\/span><\/li>\n<\/ul>","protected":false},"excerpt":{"rendered":"<p><img decoding=\"async\" class=\"size-full wp-image-1817 alignleft\" src=\"http:\/\/fasgrel.com\/wp-content\/uploads\/2024\/07\/logo-wieland.png\" alt=\"\" width=\"240\" height=\"100\" \/><\/p>\n<p style=\"padding-left: 320px;\"><span style=\"color: #000000;\"><strong><span style=\"font-size: 18px;\">Entrada DC: 12-48 V \/ 20 A<\/span><\/strong><\/span><\/p>\n<p style=\"padding-left: 320px;\"><span style=\"color: #000000;\"><strong><span style=\"font-size: 18px;\">Salida DC: 12-48 V \/ 20 A<\/span><\/strong><\/span><\/p>\n<p style=\"text-align: right;\"><strong><span style=\"font-size: 18px;\"><em><span style=\"color: #0000ff;\"><a style=\"color: #0000ff;\" href=\"https:\/\/cdn.wieland-electric.com\/_Resources\/Persistent\/4\/e\/8\/0\/4e808a5577c250b1fdee74c3e0dd47dca16d0092\/0821.1_CAT_wipos_Power_Supply_screen_0623_EN.pdf\" target=\"_blank\" rel=\"noopener noreferrer\">Ver cat\u00e1logo<\/a><\/span><\/em><\/span><\/strong><\/p>\n<hr \/>\n<p><span style=\"color: #ff6600;\"><strong>Fuentes de alimentaci\u00f3n sin interrupciones (UPS)<\/strong><\/span><\/p>\n<p><span style=\"color: #000000;\">Al equipar sus dispositivos importantes con las fuentes de alimentaci\u00f3n sin interrupciones, UPS industrial 24-30 de WIELAND, los proteger\u00e1 no s\u00f3lo de los cortes de energ\u00eda, sino tambi\u00e9n de las subidas y bajadas de tensi\u00f3n temporales.<\/span><\/p>\n<p><span style=\"color: #0000ff;\"><a style=\"color: #0000ff;\" href=\"http:\/\/fasgrel.com\/en\/categoria\/fuentes-de-alimentacion\/\"><strong><em>Retornar \u21b5<\/em><\/strong><\/a><\/span><\/p>\n<hr \/>\n<p><span style=\"color: #000000; font-size: 13px;\"><strong>Fabricado en Alemania<\/strong><\/span><\/p>\n<h4><img decoding=\"async\" class=\"size-full wp-image-1836 alignright\" src=\"http:\/\/fasgrel.com\/wp-content\/uploads\/2024\/07\/de.png\" alt=\"\" width=\"73\" height=\"53\" \/><\/h4>\n<p><span style=\"color: #000000; font-size: 13px;\">Los productos Wieland se dise\u00f1an y fabrican en Alemania seg\u00fan los principios del sistema de gesti\u00f3n de calidad y medioambi<\/span><span style=\"color: #000000; font-size: 13px;\">ente de las normas ISO 9001 e ISO 14001:2015<\/span><\/p>","protected":false},"featured_media":2323,"comment_status":"closed","ping_status":"closed","template":"","meta":{"_acf_changed":false,"_joinchat":[]},"pwb-brand":[34],"product_brand":[],"product_cat":[16],"product_tag":[],"class_list":{"0":"post-412","1":"product","2":"type-product","3":"status-publish","4":"has-post-thumbnail","6":"pwb-brand-wieland","7":"product_cat-sin-categorizar","9":"first","10":"instock","11":"featured","12":"shipping-taxable","13":"product-type-simple"},"acf":[],"yoast_head":"<!-- This site is optimized with the Yoast SEO Premium plugin v22.9 (Yoast SEO v27.1.1) - https:\/\/yoast.com\/product\/yoast-seo-premium-wordpress\/ -->\n<title>UPS Industrial | 24-30 | WIELAND<\/title>\n<meta name=\"description\" content=\"El UPS industrial 24-30 de WIELAND protege no s\u00f3lo de los cortes de energ\u00eda, sino tambi\u00e9n de las subidas y bajadas de tensi\u00f3n temporales en planta.\" \/>\n<meta name=\"robots\" content=\"index, follow, max-snippet:-1, max-image-preview:large, max-video-preview:-1\" \/>\n<link rel=\"canonical\" href=\"https:\/\/fasgrel.com\/en\/product\/ups-industrial-24-30\/\" \/>\n<meta property=\"og:locale\" content=\"en_US\" \/>\n<meta property=\"og:type\" content=\"article\" \/>\n<meta property=\"og:title\" content=\"UPS | 24-30 | WIELAND | L\u00ednea Backup\" \/>\n<meta property=\"og:description\" content=\"El UPS industrial 24-30 de WIELAND protege no s\u00f3lo de los cortes de energ\u00eda, sino tambi\u00e9n de las subidas y bajadas de tensi\u00f3n temporales en planta.\" \/>\n<meta property=\"og:url\" content=\"https:\/\/fasgrel.com\/en\/product\/ups-industrial-24-30\/\" \/>\n<meta property=\"og:site_name\" content=\"Fasgrel\" \/>\n<meta property=\"article:modified_time\" content=\"2026-04-08T16:52:12+00:00\" \/>\n<meta property=\"og:image\" content=\"https:\/\/fasgrel.com\/wp-content\/uploads\/2024\/07\/ups-24-30.jpg\" \/>\n\t<meta property=\"og:image:width\" content=\"600\" \/>\n\t<meta property=\"og:image:height\" content=\"600\" \/>\n\t<meta property=\"og:image:type\" content=\"image\/jpeg\" \/>\n<meta name=\"twitter:card\" content=\"summary_large_image\" \/>\n<meta name=\"twitter:label1\" content=\"Est. reading time\" \/>\n\t<meta name=\"twitter:data1\" content=\"1 minute\" \/>\n<script type=\"application\/ld+json\" class=\"yoast-schema-graph\">{\"@context\":\"https:\/\/schema.org\",\"@graph\":[{\"@type\":\"WebPage\",\"@id\":\"https:\/\/fasgrel.com\/producto\/ups-industrial-24-30\/\",\"url\":\"https:\/\/fasgrel.com\/producto\/ups-industrial-24-30\/\",\"name\":\"UPS Industrial | 24-30 | WIELAND\",\"isPartOf\":{\"@id\":\"https:\/\/fasgrel.com\/#website\"},\"primaryImageOfPage\":{\"@id\":\"https:\/\/fasgrel.com\/producto\/ups-industrial-24-30\/#primaryimage\"},\"image\":{\"@id\":\"https:\/\/fasgrel.com\/producto\/ups-industrial-24-30\/#primaryimage\"},\"thumbnailUrl\":\"https:\/\/fasgrel.com\/wp-content\/uploads\/2024\/07\/ups-24-30.jpg\",\"datePublished\":\"2024-07-08T16:38:34+00:00\",\"dateModified\":\"2026-04-08T16:52:12+00:00\",\"description\":\"El UPS industrial 24-30 de WIELAND protege no s\u00f3lo de los cortes de energ\u00eda, sino tambi\u00e9n de las subidas y bajadas de tensi\u00f3n temporales en planta.\",\"breadcrumb\":{\"@id\":\"https:\/\/fasgrel.com\/producto\/ups-industrial-24-30\/#breadcrumb\"},\"inLanguage\":\"en-US\",\"potentialAction\":[{\"@type\":\"ReadAction\",\"target\":[\"https:\/\/fasgrel.com\/producto\/ups-industrial-24-30\/\"]}]},{\"@type\":\"ImageObject\",\"inLanguage\":\"en-US\",\"@id\":\"https:\/\/fasgrel.com\/producto\/ups-industrial-24-30\/#primaryimage\",\"url\":\"https:\/\/fasgrel.com\/wp-content\/uploads\/2024\/07\/ups-24-30.jpg\",\"contentUrl\":\"https:\/\/fasgrel.com\/wp-content\/uploads\/2024\/07\/ups-24-30.jpg\",\"width\":600,\"height\":600,\"caption\":\"ups industrial 24-30\"},{\"@type\":\"BreadcrumbList\",\"@id\":\"https:\/\/fasgrel.com\/producto\/ups-industrial-24-30\/#breadcrumb\",\"itemListElement\":[{\"@type\":\"ListItem\",\"position\":1,\"name\":\"Portada\",\"item\":\"https:\/\/fasgrel.com\/\"},{\"@type\":\"ListItem\",\"position\":2,\"name\":\"Tienda\",\"item\":\"https:\/\/fasgrel.com\/tienda\/\"},{\"@type\":\"ListItem\",\"position\":3,\"name\":\"UPS | 24-30 | WIELAND | L\u00ednea Backup\"}]},{\"@type\":\"WebSite\",\"@id\":\"https:\/\/fasgrel.com\/#website\",\"url\":\"https:\/\/fasgrel.com\/\",\"name\":\"Fasgrel\",\"description\":\"Sitio en Construcci\u00f3n\",\"publisher\":{\"@id\":\"https:\/\/fasgrel.com\/#organization\"},\"potentialAction\":[{\"@type\":\"SearchAction\",\"target\":{\"@type\":\"EntryPoint\",\"urlTemplate\":\"https:\/\/fasgrel.com\/?s={search_term_string}\"},\"query-input\":{\"@type\":\"PropertyValueSpecification\",\"valueRequired\":true,\"valueName\":\"search_term_string\"}}],\"inLanguage\":\"en-US\"},{\"@type\":\"Organization\",\"@id\":\"https:\/\/fasgrel.com\/#organization\",\"name\":\"FASGREL\",\"url\":\"https:\/\/fasgrel.com\/\",\"logo\":{\"@type\":\"ImageObject\",\"inLanguage\":\"en-US\",\"@id\":\"https:\/\/fasgrel.com\/#\/schema\/logo\/image\/\",\"url\":\"https:\/\/fasgrel.com\/wp-content\/uploads\/2024\/10\/logo-fasgrel.png\",\"contentUrl\":\"https:\/\/fasgrel.com\/wp-content\/uploads\/2024\/10\/logo-fasgrel.png\",\"width\":427,\"height\":110,\"caption\":\"FASGREL\"},\"image\":{\"@id\":\"https:\/\/fasgrel.com\/#\/schema\/logo\/image\/\"}}]}<\/script>\n<!-- \/ Yoast SEO Premium plugin. -->","yoast_head_json":{"title":"UPS Industrial | 24-30 | WIELAND","description":"El UPS industrial 24-30 de WIELAND protege no s\u00f3lo de los cortes de energ\u00eda, sino tambi\u00e9n de las subidas y bajadas de tensi\u00f3n temporales en planta.","robots":{"index":"index","follow":"follow","max-snippet":"max-snippet:-1","max-image-preview":"max-image-preview:large","max-video-preview":"max-video-preview:-1"},"canonical":"https:\/\/fasgrel.com\/en\/product\/ups-industrial-24-30\/","og_locale":"en_US","og_type":"article","og_title":"UPS | 24-30 | WIELAND | L\u00ednea Backup","og_description":"El UPS industrial 24-30 de WIELAND protege no s\u00f3lo de los cortes de energ\u00eda, sino tambi\u00e9n de las subidas y bajadas de tensi\u00f3n temporales en planta.","og_url":"https:\/\/fasgrel.com\/en\/product\/ups-industrial-24-30\/","og_site_name":"Fasgrel","article_modified_time":"2026-04-08T16:52:12+00:00","og_image":[{"width":600,"height":600,"url":"https:\/\/fasgrel.com\/wp-content\/uploads\/2024\/07\/ups-24-30.jpg","type":"image\/jpeg"}],"twitter_card":"summary_large_image","twitter_misc":{"Est. reading time":"1 minute"},"schema":{"@context":"https:\/\/schema.org","@graph":[{"@type":"WebPage","@id":"https:\/\/fasgrel.com\/producto\/ups-industrial-24-30\/","url":"https:\/\/fasgrel.com\/producto\/ups-industrial-24-30\/","name":"UPS Industrial | 24-30 | WIELAND","isPartOf":{"@id":"https:\/\/fasgrel.com\/#website"},"primaryImageOfPage":{"@id":"https:\/\/fasgrel.com\/producto\/ups-industrial-24-30\/#primaryimage"},"image":{"@id":"https:\/\/fasgrel.com\/producto\/ups-industrial-24-30\/#primaryimage"},"thumbnailUrl":"https:\/\/fasgrel.com\/wp-content\/uploads\/2024\/07\/ups-24-30.jpg","datePublished":"2024-07-08T16:38:34+00:00","dateModified":"2026-04-08T16:52:12+00:00","description":"El UPS industrial 24-30 de WIELAND protege no s\u00f3lo de los cortes de energ\u00eda, sino tambi\u00e9n de las subidas y bajadas de tensi\u00f3n temporales en planta.","breadcrumb":{"@id":"https:\/\/fasgrel.com\/producto\/ups-industrial-24-30\/#breadcrumb"},"inLanguage":"en-US","potentialAction":[{"@type":"ReadAction","target":["https:\/\/fasgrel.com\/producto\/ups-industrial-24-30\/"]}]},{"@type":"ImageObject","inLanguage":"en-US","@id":"https:\/\/fasgrel.com\/producto\/ups-industrial-24-30\/#primaryimage","url":"https:\/\/fasgrel.com\/wp-content\/uploads\/2024\/07\/ups-24-30.jpg","contentUrl":"https:\/\/fasgrel.com\/wp-content\/uploads\/2024\/07\/ups-24-30.jpg","width":600,"height":600,"caption":"ups industrial 24-30"},{"@type":"BreadcrumbList","@id":"https:\/\/fasgrel.com\/producto\/ups-industrial-24-30\/#breadcrumb","itemListElement":[{"@type":"ListItem","position":1,"name":"Portada","item":"https:\/\/fasgrel.com\/"},{"@type":"ListItem","position":2,"name":"Tienda","item":"https:\/\/fasgrel.com\/tienda\/"},{"@type":"ListItem","position":3,"name":"UPS | 24-30 | WIELAND | L\u00ednea Backup"}]},{"@type":"WebSite","@id":"https:\/\/fasgrel.com\/#website","url":"https:\/\/fasgrel.com\/","name":"Fasgrel","description":"Sitio en Construcci\u00f3n","publisher":{"@id":"https:\/\/fasgrel.com\/#organization"},"potentialAction":[{"@type":"SearchAction","target":{"@type":"EntryPoint","urlTemplate":"https:\/\/fasgrel.com\/?s={search_term_string}"},"query-input":{"@type":"PropertyValueSpecification","valueRequired":true,"valueName":"search_term_string"}}],"inLanguage":"en-US"},{"@type":"Organization","@id":"https:\/\/fasgrel.com\/#organization","name":"FASGREL","url":"https:\/\/fasgrel.com\/","logo":{"@type":"ImageObject","inLanguage":"en-US","@id":"https:\/\/fasgrel.com\/#\/schema\/logo\/image\/","url":"https:\/\/fasgrel.com\/wp-content\/uploads\/2024\/10\/logo-fasgrel.png","contentUrl":"https:\/\/fasgrel.com\/wp-content\/uploads\/2024\/10\/logo-fasgrel.png","width":427,"height":110,"caption":"FASGREL"},"image":{"@id":"https:\/\/fasgrel.com\/#\/schema\/logo\/image\/"}}]}},"brands":[{"id":34,"name":"Wieland","slug":"wieland"}],"_links":{"self":[{"href":"https:\/\/fasgrel.com\/en\/wp-json\/wp\/v2\/product\/412","targetHints":{"allow":["GET"]}}],"collection":[{"href":"https:\/\/fasgrel.com\/en\/wp-json\/wp\/v2\/product"}],"about":[{"href":"https:\/\/fasgrel.com\/en\/wp-json\/wp\/v2\/types\/product"}],"replies":[{"embeddable":true,"href":"https:\/\/fasgrel.com\/en\/wp-json\/wp\/v2\/comments?post=412"}],"wp:featuredmedia":[{"embeddable":true,"href":"https:\/\/fasgrel.com\/en\/wp-json\/wp\/v2\/media\/2323"}],"wp:attachment":[{"href":"https:\/\/fasgrel.com\/en\/wp-json\/wp\/v2\/media?parent=412"}],"wp:term":[{"taxonomy":"pwb-brand","embeddable":true,"href":"https:\/\/fasgrel.com\/en\/wp-json\/wp\/v2\/pwb-brand?post=412"},{"taxonomy":"product_brand","embeddable":true,"href":"https:\/\/fasgrel.com\/en\/wp-json\/wp\/v2\/product_brand?post=412"},{"taxonomy":"product_cat","embeddable":true,"href":"https:\/\/fasgrel.com\/en\/wp-json\/wp\/v2\/product_cat?post=412"},{"taxonomy":"product_tag","embeddable":true,"href":"https:\/\/fasgrel.com\/en\/wp-json\/wp\/v2\/product_tag?post=412"}],"curies":[{"name":"wp","href":"https:\/\/api.w.org\/{rel}","templated":true}]}}