{"id":416,"date":"2024-07-08T16:38:34","date_gmt":"2024-07-08T16:38:34","guid":{"rendered":"http:\/\/fasgrel.com\/?post_type=product&#038;p=416"},"modified":"2026-04-07T19:20:32","modified_gmt":"2026-04-07T19:20:32","slug":"fuentes-de-alimentacion-monofasicas-basic","status":"publish","type":"product","link":"https:\/\/fasgrel.com\/en\/product\/fuentes-de-alimentacion-monofasicas-basic\/","title":{"rendered":"FUENTES DE ALIMENTACI\u00d3N | Monof\u00e1sicas | L\u00ednea Basic"},"content":{"rendered":"<p><span style=\"color: #ff6600;\"><strong><span style=\"color: #000000;\"><span style=\"color: #ff6600;\">Fuentes de alimentaci\u00f3n industriales<\/span><\/span><\/strong><\/span><\/p>\n<p><span style=\"color: #000000;\"><strong>Potencia pura &#8211; Sin adornos<\/strong><\/span><\/p>\n<p><span style=\"color: #000000;\">Las fuentes de alimentaci\u00f3n industriales de la serie WIPOS ofrecen\u00a0 de diferentes funcionalidades y clases de rendimiento. \u00c9stas no s\u00f3lo destacan por sus caracter\u00edsticas t\u00e9cnicas, sino porque tambi\u00e9n cumplen sus requisitos espec\u00edficos en diferentes conceptos de circuitos.<\/span><\/p>\n<ul>\n<li><span style=\"color: #000000;\">Rendimiento 100% hasta 60\u00b0C<\/span><\/li>\n<li><span style=\"color: #000000;\">Entrada de tensi\u00f3n autom\u00e1tica o de amplio rango<\/span><\/li>\n<li><span style=\"color: #000000;\">Tecnolog\u00eda PFC<\/span><\/li>\n<li><span style=\"color: #000000;\">Instalaci\u00f3n exterior<\/span><\/li>\n<li><span style=\"color: #000000;\">Supervisi\u00f3n activa<\/span><\/li>\n<li><span style=\"color: #000000;\">Conexi\u00f3n en paralelo<\/span><\/li>\n<li><span style=\"color: #000000;\">Alta fiabilidad de funcionamiento<\/span><\/li>\n<li><span style=\"color: #000000;\">Compensaci\u00f3n por ca\u00edda de tensi\u00f3n<\/span><\/li>\n<li><span style=\"color: #000000;\">F\u00e1cil puesta en funcionamiento<\/span><\/li>\n<\/ul>","protected":false},"excerpt":{"rendered":"<p><img decoding=\"async\" class=\"size-full wp-image-1817 aligncenter\" src=\"http:\/\/fasgrel.com\/wp-content\/uploads\/2024\/07\/logo-wieland.png\" alt=\"\" width=\"240\" height=\"100\" \/><\/p>\n<p><span style=\"color: #000000;\"><strong><span style=\"font-size: 18px;\">Alimentaci\u00f3n AC o DC: 1 o 3 fases<\/span><\/strong><\/span><\/p>\n<p><span style=\"color: #000000;\"><strong><span style=\"font-size: 18px;\">Salida DC: 30-960 W<\/span><\/strong><\/span><\/p>\n<p><strong><span style=\"font-size: 18px;\"><span style=\"color: #000000;\">Tensi\u00f3n: 12, 24, 48 V<\/span><\/span><\/strong><\/p>\n<p><span style=\"color: #000000;\"><strong><span style=\"font-size: 18px;\">Rango de temperatura: -25 a 70 \u00b0C<\/span><\/strong><\/span><\/p>\n<p style=\"text-align: left;\"><strong><span style=\"font-size: 18px;\"><span style=\"color: #000000;\">Aumento de potencia:\u00a0 &#8211;\u00a0<\/span><\/span><\/strong><\/p>\n<p style=\"text-align: right;\"><strong><span style=\"font-size: 18px;\"><em><span style=\"color: #0000ff;\"><a style=\"color: #0000ff;\" href=\"https:\/\/cdn.wieland-electric.com\/_Resources\/Persistent\/4\/e\/8\/0\/4e808a5577c250b1fdee74c3e0dd47dca16d0092\/0821.1_CAT_wipos_Power_Supply_screen_0623_EN.pdf\" target=\"_blank\" rel=\"noopener noreferrer\">Ver cat\u00e1logo<\/a><\/span><\/em><\/span><\/strong><\/p>\n<p><span style=\"color: #0000ff;\"><a style=\"color: #0000ff;\" href=\"http:\/\/fasgrel.com\/en\/categoria\/fuentes-de-alimentacion\/\"><strong><em>Retornar \u21b5<\/em><\/strong><\/a><\/span><\/p>\n<hr \/>\n<p><span style=\"color: #000000; font-size: 13px;\"><strong>Fabricado en Alemania<\/strong><\/span><\/p>\n<h4><img decoding=\"async\" class=\"size-full wp-image-1836 alignright\" src=\"http:\/\/fasgrel.com\/wp-content\/uploads\/2024\/07\/de.png\" alt=\"\" width=\"73\" height=\"53\" \/><\/h4>\n<p><span style=\"color: #000000; font-size: 13px;\">Los productos Wieland se dise\u00f1an y fabrican en Alemania seg\u00fan los principios del sistema de gesti\u00f3n de calidad y medioambi<\/span><span style=\"color: #000000; font-size: 13px;\">ente de las normas ISO 9001 e ISO 14001:2015<\/span><\/p>","protected":false},"featured_media":2327,"comment_status":"closed","ping_status":"closed","template":"","meta":{"_acf_changed":false,"_joinchat":[]},"pwb-brand":[34],"product_brand":[],"product_cat":[30],"product_tag":[],"class_list":{"0":"post-416","1":"product","2":"type-product","3":"status-publish","4":"has-post-thumbnail","6":"pwb-brand-wieland","7":"product_cat-fuentes-de-alimentacion","9":"first","10":"instock","11":"featured","12":"shipping-taxable","13":"product-type-simple"},"acf":[],"yoast_head":"<!-- This site is optimized with the Yoast SEO Premium plugin v22.9 (Yoast SEO v27.1.1) - https:\/\/yoast.com\/product\/yoast-seo-premium-wordpress\/ -->\n<title>Fuentes de Alimentaci\u00f3n Industriales | L\u00ednea Basic | WIELAND<\/title>\n<meta name=\"description\" content=\"Fuentes de alimentaci\u00f3n industriales WIELAND . Diferentes funcionalidades. 1 o 3 fases. Salida DC: 30-960W. Tensi\u00f3n: 12, 24 y 48V. Temperatura: -25 a 70 \u00b0C.\" \/>\n<meta name=\"robots\" content=\"index, follow, max-snippet:-1, max-image-preview:large, max-video-preview:-1\" \/>\n<link rel=\"canonical\" href=\"https:\/\/fasgrel.com\/en\/product\/fuentes-de-alimentacion-monofasicas-basic\/\" \/>\n<meta property=\"og:locale\" content=\"en_US\" \/>\n<meta property=\"og:type\" content=\"article\" \/>\n<meta property=\"og:title\" content=\"FUENTES DE ALIMENTACI\u00d3N | Monof\u00e1sicas | L\u00ednea Basic\" \/>\n<meta property=\"og:description\" content=\"Fuentes de alimentaci\u00f3n industriales WIELAND . Diferentes funcionalidades. 1 o 3 fases. Salida DC: 30-960W. Tensi\u00f3n: 12, 24 y 48V. Temperatura: -25 a 70 \u00b0C.\" \/>\n<meta property=\"og:url\" content=\"https:\/\/fasgrel.com\/en\/product\/fuentes-de-alimentacion-monofasicas-basic\/\" \/>\n<meta property=\"og:site_name\" content=\"Fasgrel\" \/>\n<meta property=\"article:modified_time\" content=\"2026-04-07T19:20:32+00:00\" \/>\n<meta property=\"og:image\" content=\"https:\/\/fasgrel.com\/wp-content\/uploads\/2024\/07\/fuentes-basic.jpg\" \/>\n\t<meta property=\"og:image:width\" content=\"600\" \/>\n\t<meta property=\"og:image:height\" content=\"600\" \/>\n\t<meta property=\"og:image:type\" content=\"image\/jpeg\" \/>\n<meta name=\"twitter:card\" content=\"summary_large_image\" \/>\n<meta name=\"twitter:label1\" content=\"Est. reading time\" \/>\n\t<meta name=\"twitter:data1\" content=\"1 minute\" \/>\n<script type=\"application\/ld+json\" class=\"yoast-schema-graph\">{\"@context\":\"https:\/\/schema.org\",\"@graph\":[{\"@type\":\"WebPage\",\"@id\":\"https:\/\/fasgrel.com\/producto\/fuentes-de-alimentacion-monofasicas-basic\/\",\"url\":\"https:\/\/fasgrel.com\/producto\/fuentes-de-alimentacion-monofasicas-basic\/\",\"name\":\"Fuentes de Alimentaci\u00f3n Industriales | L\u00ednea Basic | WIELAND\",\"isPartOf\":{\"@id\":\"https:\/\/fasgrel.com\/#website\"},\"primaryImageOfPage\":{\"@id\":\"https:\/\/fasgrel.com\/producto\/fuentes-de-alimentacion-monofasicas-basic\/#primaryimage\"},\"image\":{\"@id\":\"https:\/\/fasgrel.com\/producto\/fuentes-de-alimentacion-monofasicas-basic\/#primaryimage\"},\"thumbnailUrl\":\"https:\/\/fasgrel.com\/wp-content\/uploads\/2024\/07\/fuentes-basic.jpg\",\"datePublished\":\"2024-07-08T16:38:34+00:00\",\"dateModified\":\"2026-04-07T19:20:32+00:00\",\"description\":\"Fuentes de alimentaci\u00f3n industriales WIELAND . Diferentes funcionalidades. 1 o 3 fases. Salida DC: 30-960W. Tensi\u00f3n: 12, 24 y 48V. Temperatura: -25 a 70 \u00b0C.\",\"breadcrumb\":{\"@id\":\"https:\/\/fasgrel.com\/producto\/fuentes-de-alimentacion-monofasicas-basic\/#breadcrumb\"},\"inLanguage\":\"en-US\",\"potentialAction\":[{\"@type\":\"ReadAction\",\"target\":[\"https:\/\/fasgrel.com\/producto\/fuentes-de-alimentacion-monofasicas-basic\/\"]}]},{\"@type\":\"ImageObject\",\"inLanguage\":\"en-US\",\"@id\":\"https:\/\/fasgrel.com\/producto\/fuentes-de-alimentacion-monofasicas-basic\/#primaryimage\",\"url\":\"https:\/\/fasgrel.com\/wp-content\/uploads\/2024\/07\/fuentes-basic.jpg\",\"contentUrl\":\"https:\/\/fasgrel.com\/wp-content\/uploads\/2024\/07\/fuentes-basic.jpg\",\"width\":600,\"height\":600,\"caption\":\"fuentes de alimentaci\u00f3n industriales\"},{\"@type\":\"BreadcrumbList\",\"@id\":\"https:\/\/fasgrel.com\/producto\/fuentes-de-alimentacion-monofasicas-basic\/#breadcrumb\",\"itemListElement\":[{\"@type\":\"ListItem\",\"position\":1,\"name\":\"Portada\",\"item\":\"https:\/\/fasgrel.com\/\"},{\"@type\":\"ListItem\",\"position\":2,\"name\":\"Tienda\",\"item\":\"https:\/\/fasgrel.com\/tienda\/\"},{\"@type\":\"ListItem\",\"position\":3,\"name\":\"FUENTES DE ALIMENTACI\u00d3N | Monof\u00e1sicas | L\u00ednea Basic\"}]},{\"@type\":\"WebSite\",\"@id\":\"https:\/\/fasgrel.com\/#website\",\"url\":\"https:\/\/fasgrel.com\/\",\"name\":\"Fasgrel\",\"description\":\"Sitio en Construcci\u00f3n\",\"publisher\":{\"@id\":\"https:\/\/fasgrel.com\/#organization\"},\"potentialAction\":[{\"@type\":\"SearchAction\",\"target\":{\"@type\":\"EntryPoint\",\"urlTemplate\":\"https:\/\/fasgrel.com\/?s={search_term_string}\"},\"query-input\":{\"@type\":\"PropertyValueSpecification\",\"valueRequired\":true,\"valueName\":\"search_term_string\"}}],\"inLanguage\":\"en-US\"},{\"@type\":\"Organization\",\"@id\":\"https:\/\/fasgrel.com\/#organization\",\"name\":\"FASGREL\",\"url\":\"https:\/\/fasgrel.com\/\",\"logo\":{\"@type\":\"ImageObject\",\"inLanguage\":\"en-US\",\"@id\":\"https:\/\/fasgrel.com\/#\/schema\/logo\/image\/\",\"url\":\"https:\/\/fasgrel.com\/wp-content\/uploads\/2024\/10\/logo-fasgrel.png\",\"contentUrl\":\"https:\/\/fasgrel.com\/wp-content\/uploads\/2024\/10\/logo-fasgrel.png\",\"width\":427,\"height\":110,\"caption\":\"FASGREL\"},\"image\":{\"@id\":\"https:\/\/fasgrel.com\/#\/schema\/logo\/image\/\"}}]}<\/script>\n<!-- \/ Yoast SEO Premium plugin. -->","yoast_head_json":{"title":"Fuentes de Alimentaci\u00f3n Industriales | L\u00ednea Basic | WIELAND","description":"Fuentes de alimentaci\u00f3n industriales WIELAND . Diferentes funcionalidades. 1 o 3 fases. Salida DC: 30-960W. Tensi\u00f3n: 12, 24 y 48V. Temperatura: -25 a 70 \u00b0C.","robots":{"index":"index","follow":"follow","max-snippet":"max-snippet:-1","max-image-preview":"max-image-preview:large","max-video-preview":"max-video-preview:-1"},"canonical":"https:\/\/fasgrel.com\/en\/product\/fuentes-de-alimentacion-monofasicas-basic\/","og_locale":"en_US","og_type":"article","og_title":"FUENTES DE ALIMENTACI\u00d3N | Monof\u00e1sicas | L\u00ednea Basic","og_description":"Fuentes de alimentaci\u00f3n industriales WIELAND . Diferentes funcionalidades. 1 o 3 fases. Salida DC: 30-960W. Tensi\u00f3n: 12, 24 y 48V. Temperatura: -25 a 70 \u00b0C.","og_url":"https:\/\/fasgrel.com\/en\/product\/fuentes-de-alimentacion-monofasicas-basic\/","og_site_name":"Fasgrel","article_modified_time":"2026-04-07T19:20:32+00:00","og_image":[{"width":600,"height":600,"url":"https:\/\/fasgrel.com\/wp-content\/uploads\/2024\/07\/fuentes-basic.jpg","type":"image\/jpeg"}],"twitter_card":"summary_large_image","twitter_misc":{"Est. reading time":"1 minute"},"schema":{"@context":"https:\/\/schema.org","@graph":[{"@type":"WebPage","@id":"https:\/\/fasgrel.com\/producto\/fuentes-de-alimentacion-monofasicas-basic\/","url":"https:\/\/fasgrel.com\/producto\/fuentes-de-alimentacion-monofasicas-basic\/","name":"Fuentes de Alimentaci\u00f3n Industriales | L\u00ednea Basic | WIELAND","isPartOf":{"@id":"https:\/\/fasgrel.com\/#website"},"primaryImageOfPage":{"@id":"https:\/\/fasgrel.com\/producto\/fuentes-de-alimentacion-monofasicas-basic\/#primaryimage"},"image":{"@id":"https:\/\/fasgrel.com\/producto\/fuentes-de-alimentacion-monofasicas-basic\/#primaryimage"},"thumbnailUrl":"https:\/\/fasgrel.com\/wp-content\/uploads\/2024\/07\/fuentes-basic.jpg","datePublished":"2024-07-08T16:38:34+00:00","dateModified":"2026-04-07T19:20:32+00:00","description":"Fuentes de alimentaci\u00f3n industriales WIELAND . Diferentes funcionalidades. 1 o 3 fases. Salida DC: 30-960W. Tensi\u00f3n: 12, 24 y 48V. Temperatura: -25 a 70 \u00b0C.","breadcrumb":{"@id":"https:\/\/fasgrel.com\/producto\/fuentes-de-alimentacion-monofasicas-basic\/#breadcrumb"},"inLanguage":"en-US","potentialAction":[{"@type":"ReadAction","target":["https:\/\/fasgrel.com\/producto\/fuentes-de-alimentacion-monofasicas-basic\/"]}]},{"@type":"ImageObject","inLanguage":"en-US","@id":"https:\/\/fasgrel.com\/producto\/fuentes-de-alimentacion-monofasicas-basic\/#primaryimage","url":"https:\/\/fasgrel.com\/wp-content\/uploads\/2024\/07\/fuentes-basic.jpg","contentUrl":"https:\/\/fasgrel.com\/wp-content\/uploads\/2024\/07\/fuentes-basic.jpg","width":600,"height":600,"caption":"fuentes de alimentaci\u00f3n industriales"},{"@type":"BreadcrumbList","@id":"https:\/\/fasgrel.com\/producto\/fuentes-de-alimentacion-monofasicas-basic\/#breadcrumb","itemListElement":[{"@type":"ListItem","position":1,"name":"Portada","item":"https:\/\/fasgrel.com\/"},{"@type":"ListItem","position":2,"name":"Tienda","item":"https:\/\/fasgrel.com\/tienda\/"},{"@type":"ListItem","position":3,"name":"FUENTES DE ALIMENTACI\u00d3N | Monof\u00e1sicas | L\u00ednea Basic"}]},{"@type":"WebSite","@id":"https:\/\/fasgrel.com\/#website","url":"https:\/\/fasgrel.com\/","name":"Fasgrel","description":"Sitio en Construcci\u00f3n","publisher":{"@id":"https:\/\/fasgrel.com\/#organization"},"potentialAction":[{"@type":"SearchAction","target":{"@type":"EntryPoint","urlTemplate":"https:\/\/fasgrel.com\/?s={search_term_string}"},"query-input":{"@type":"PropertyValueSpecification","valueRequired":true,"valueName":"search_term_string"}}],"inLanguage":"en-US"},{"@type":"Organization","@id":"https:\/\/fasgrel.com\/#organization","name":"FASGREL","url":"https:\/\/fasgrel.com\/","logo":{"@type":"ImageObject","inLanguage":"en-US","@id":"https:\/\/fasgrel.com\/#\/schema\/logo\/image\/","url":"https:\/\/fasgrel.com\/wp-content\/uploads\/2024\/10\/logo-fasgrel.png","contentUrl":"https:\/\/fasgrel.com\/wp-content\/uploads\/2024\/10\/logo-fasgrel.png","width":427,"height":110,"caption":"FASGREL"},"image":{"@id":"https:\/\/fasgrel.com\/#\/schema\/logo\/image\/"}}]}},"brands":[{"id":34,"name":"Wieland","slug":"wieland"}],"_links":{"self":[{"href":"https:\/\/fasgrel.com\/en\/wp-json\/wp\/v2\/product\/416","targetHints":{"allow":["GET"]}}],"collection":[{"href":"https:\/\/fasgrel.com\/en\/wp-json\/wp\/v2\/product"}],"about":[{"href":"https:\/\/fasgrel.com\/en\/wp-json\/wp\/v2\/types\/product"}],"replies":[{"embeddable":true,"href":"https:\/\/fasgrel.com\/en\/wp-json\/wp\/v2\/comments?post=416"}],"wp:featuredmedia":[{"embeddable":true,"href":"https:\/\/fasgrel.com\/en\/wp-json\/wp\/v2\/media\/2327"}],"wp:attachment":[{"href":"https:\/\/fasgrel.com\/en\/wp-json\/wp\/v2\/media?parent=416"}],"wp:term":[{"taxonomy":"pwb-brand","embeddable":true,"href":"https:\/\/fasgrel.com\/en\/wp-json\/wp\/v2\/pwb-brand?post=416"},{"taxonomy":"product_brand","embeddable":true,"href":"https:\/\/fasgrel.com\/en\/wp-json\/wp\/v2\/product_brand?post=416"},{"taxonomy":"product_cat","embeddable":true,"href":"https:\/\/fasgrel.com\/en\/wp-json\/wp\/v2\/product_cat?post=416"},{"taxonomy":"product_tag","embeddable":true,"href":"https:\/\/fasgrel.com\/en\/wp-json\/wp\/v2\/product_tag?post=416"}],"curies":[{"name":"wp","href":"https:\/\/api.w.org\/{rel}","templated":true}]}}