{"id":4191,"date":"2026-04-07T05:27:05","date_gmt":"2026-04-07T05:27:05","guid":{"rendered":"https:\/\/fasgrel.com\/?post_type=product&#038;p=4191"},"modified":"2026-04-07T05:27:05","modified_gmt":"2026-04-07T05:27:05","slug":"fuente-de-alimentacion-1f-115-230vac-24vdc-10a-240w-ovp-33v-40-71c-wipos-p1-24-10","status":"publish","type":"product","link":"https:\/\/fasgrel.com\/en\/product\/fuente-de-alimentacion-1f-115-230vac-24vdc-10a-240w-ovp-33v-40-71c-wipos-p1-24-10\/","title":{"rendered":"FUENTE DE ALIMENTACI\u00d3N, 1F, 115-230VAC, 24VDC, 10A, 240W, OVP 33V, (-40&#8230;71\u00b0C) | WIPOS P1 24-10"},"content":{"rendered":"","protected":false},"excerpt":{"rendered":"<p>Fuente de alimentaci\u00f3n conmutada, valores de salida: 24 V DC \/ 10A (rango 22,5-28,5 V DC), protecci\u00f3n contra cortocircuito, tensi\u00f3n de alimentaci\u00f3n: 115 V AC \/ 230 V AC (auto select); 210-370 V DC, monof\u00e1sica, W x H x D: 83 \u00d7 123,6 \u00d7 123,6 mm<\/p>\n<p>&nbsp;<\/p>","protected":false},"featured_media":4192,"comment_status":"open","ping_status":"closed","template":"","meta":{"_acf_changed":false,"_joinchat":[]},"pwb-brand":[34],"product_brand":[],"product_cat":[70],"product_tag":[],"class_list":{"0":"post-4191","1":"product","2":"type-product","3":"status-publish","4":"has-post-thumbnail","6":"pwb-brand-wieland","7":"product_cat-fuentes-basic","9":"first","10":"instock","11":"shipping-taxable","12":"product-type-simple"},"acf":[],"yoast_head":"<!-- This site is optimized with the Yoast SEO Premium plugin v22.9 (Yoast SEO v27.1.1) - https:\/\/yoast.com\/product\/yoast-seo-premium-wordpress\/ -->\n<title>FUENTE DE ALIMENTACI\u00d3N, 1F, 115-230VAC, 24VDC, 10A, 240W, OVP 33V, (-40...71\u00b0C) | WIPOS P1 24-10 - Fasgrel<\/title>\n<meta name=\"robots\" content=\"index, follow, max-snippet:-1, max-image-preview:large, max-video-preview:-1\" \/>\n<link rel=\"canonical\" href=\"https:\/\/fasgrel.com\/en\/product\/fuente-de-alimentacion-1f-115-230vac-24vdc-10a-240w-ovp-33v-40-71c-wipos-p1-24-10\/\" \/>\n<meta property=\"og:locale\" content=\"en_US\" \/>\n<meta property=\"og:type\" content=\"article\" \/>\n<meta property=\"og:title\" content=\"FUENTE DE ALIMENTACI\u00d3N, 1F, 115-230VAC, 24VDC, 10A, 240W, OVP 33V, (-40...71\u00b0C) | WIPOS P1 24-10\" \/>\n<meta property=\"og:description\" content=\"Fuente de alimentaci\u00f3n conmutada, valores de salida: 24 V DC \/ 10A (rango 22,5-28,5 V DC), protecci\u00f3n contra cortocircuito, tensi\u00f3n de alimentaci\u00f3n: 115 V AC \/ 230 V AC (auto select); 210-370 V DC, monof\u00e1sica, W x H x D: 83 \u00d7 123,6 \u00d7 123,6 mm  &nbsp;\" \/>\n<meta property=\"og:url\" content=\"https:\/\/fasgrel.com\/en\/product\/fuente-de-alimentacion-1f-115-230vac-24vdc-10a-240w-ovp-33v-40-71c-wipos-p1-24-10\/\" \/>\n<meta property=\"og:site_name\" content=\"Fasgrel\" \/>\n<meta property=\"og:image\" content=\"https:\/\/fasgrel.com\/wp-content\/uploads\/2026\/04\/81.000.6140.0.jpg\" \/>\n\t<meta property=\"og:image:width\" content=\"400\" \/>\n\t<meta property=\"og:image:height\" content=\"400\" \/>\n\t<meta property=\"og:image:type\" content=\"image\/jpeg\" \/>\n<meta name=\"twitter:card\" content=\"summary_large_image\" \/>\n<meta name=\"twitter:label1\" content=\"Est. reading time\" \/>\n\t<meta name=\"twitter:data1\" content=\"1 minute\" \/>\n<script type=\"application\/ld+json\" class=\"yoast-schema-graph\">{\"@context\":\"https:\/\/schema.org\",\"@graph\":[{\"@type\":\"WebPage\",\"@id\":\"https:\/\/fasgrel.com\/producto\/fuente-de-alimentacion-1f-115-230vac-24vdc-10a-240w-ovp-33v-40-71c-wipos-p1-24-10\/\",\"url\":\"https:\/\/fasgrel.com\/producto\/fuente-de-alimentacion-1f-115-230vac-24vdc-10a-240w-ovp-33v-40-71c-wipos-p1-24-10\/\",\"name\":\"FUENTE DE ALIMENTACI\u00d3N, 1F, 115-230VAC, 24VDC, 10A, 240W, OVP 33V, (-40...71\u00b0C) | WIPOS P1 24-10 - Fasgrel\",\"isPartOf\":{\"@id\":\"https:\/\/fasgrel.com\/#website\"},\"primaryImageOfPage\":{\"@id\":\"https:\/\/fasgrel.com\/producto\/fuente-de-alimentacion-1f-115-230vac-24vdc-10a-240w-ovp-33v-40-71c-wipos-p1-24-10\/#primaryimage\"},\"image\":{\"@id\":\"https:\/\/fasgrel.com\/producto\/fuente-de-alimentacion-1f-115-230vac-24vdc-10a-240w-ovp-33v-40-71c-wipos-p1-24-10\/#primaryimage\"},\"thumbnailUrl\":\"https:\/\/fasgrel.com\/wp-content\/uploads\/2026\/04\/81.000.6140.0.jpg\",\"datePublished\":\"2026-04-07T05:27:05+00:00\",\"breadcrumb\":{\"@id\":\"https:\/\/fasgrel.com\/producto\/fuente-de-alimentacion-1f-115-230vac-24vdc-10a-240w-ovp-33v-40-71c-wipos-p1-24-10\/#breadcrumb\"},\"inLanguage\":\"en-US\",\"potentialAction\":[{\"@type\":\"ReadAction\",\"target\":[\"https:\/\/fasgrel.com\/producto\/fuente-de-alimentacion-1f-115-230vac-24vdc-10a-240w-ovp-33v-40-71c-wipos-p1-24-10\/\"]}]},{\"@type\":\"ImageObject\",\"inLanguage\":\"en-US\",\"@id\":\"https:\/\/fasgrel.com\/producto\/fuente-de-alimentacion-1f-115-230vac-24vdc-10a-240w-ovp-33v-40-71c-wipos-p1-24-10\/#primaryimage\",\"url\":\"https:\/\/fasgrel.com\/wp-content\/uploads\/2026\/04\/81.000.6140.0.jpg\",\"contentUrl\":\"https:\/\/fasgrel.com\/wp-content\/uploads\/2026\/04\/81.000.6140.0.jpg\",\"width\":400,\"height\":400},{\"@type\":\"BreadcrumbList\",\"@id\":\"https:\/\/fasgrel.com\/producto\/fuente-de-alimentacion-1f-115-230vac-24vdc-10a-240w-ovp-33v-40-71c-wipos-p1-24-10\/#breadcrumb\",\"itemListElement\":[{\"@type\":\"ListItem\",\"position\":1,\"name\":\"Portada\",\"item\":\"https:\/\/fasgrel.com\/\"},{\"@type\":\"ListItem\",\"position\":2,\"name\":\"Tienda\",\"item\":\"https:\/\/fasgrel.com\/tienda\/\"},{\"@type\":\"ListItem\",\"position\":3,\"name\":\"FUENTE DE ALIMENTACI\u00d3N, 1F, 115-230VAC, 24VDC, 10A, 240W, OVP 33V, (-40&#8230;71\u00b0C) | WIPOS P1 24-10\"}]},{\"@type\":\"WebSite\",\"@id\":\"https:\/\/fasgrel.com\/#website\",\"url\":\"https:\/\/fasgrel.com\/\",\"name\":\"Fasgrel\",\"description\":\"Sitio en Construcci\u00f3n\",\"publisher\":{\"@id\":\"https:\/\/fasgrel.com\/#organization\"},\"potentialAction\":[{\"@type\":\"SearchAction\",\"target\":{\"@type\":\"EntryPoint\",\"urlTemplate\":\"https:\/\/fasgrel.com\/?s={search_term_string}\"},\"query-input\":{\"@type\":\"PropertyValueSpecification\",\"valueRequired\":true,\"valueName\":\"search_term_string\"}}],\"inLanguage\":\"en-US\"},{\"@type\":\"Organization\",\"@id\":\"https:\/\/fasgrel.com\/#organization\",\"name\":\"FASGREL\",\"url\":\"https:\/\/fasgrel.com\/\",\"logo\":{\"@type\":\"ImageObject\",\"inLanguage\":\"en-US\",\"@id\":\"https:\/\/fasgrel.com\/#\/schema\/logo\/image\/\",\"url\":\"https:\/\/fasgrel.com\/wp-content\/uploads\/2024\/10\/logo-fasgrel.png\",\"contentUrl\":\"https:\/\/fasgrel.com\/wp-content\/uploads\/2024\/10\/logo-fasgrel.png\",\"width\":427,\"height\":110,\"caption\":\"FASGREL\"},\"image\":{\"@id\":\"https:\/\/fasgrel.com\/#\/schema\/logo\/image\/\"}}]}<\/script>\n<!-- \/ Yoast SEO Premium plugin. -->","yoast_head_json":{"title":"FUENTE DE ALIMENTACI\u00d3N, 1F, 115-230VAC, 24VDC, 10A, 240W, OVP 33V, (-40...71\u00b0C) | WIPOS P1 24-10 - Fasgrel","robots":{"index":"index","follow":"follow","max-snippet":"max-snippet:-1","max-image-preview":"max-image-preview:large","max-video-preview":"max-video-preview:-1"},"canonical":"https:\/\/fasgrel.com\/en\/product\/fuente-de-alimentacion-1f-115-230vac-24vdc-10a-240w-ovp-33v-40-71c-wipos-p1-24-10\/","og_locale":"en_US","og_type":"article","og_title":"FUENTE DE ALIMENTACI\u00d3N, 1F, 115-230VAC, 24VDC, 10A, 240W, OVP 33V, (-40...71\u00b0C) | WIPOS P1 24-10","og_description":"Fuente de alimentaci\u00f3n conmutada, valores de salida: 24 V DC \/ 10A (rango 22,5-28,5 V DC), protecci\u00f3n contra cortocircuito, tensi\u00f3n de alimentaci\u00f3n: 115 V AC \/ 230 V AC (auto select); 210-370 V DC, monof\u00e1sica, W x H x D: 83 \u00d7 123,6 \u00d7 123,6 mm  &nbsp;","og_url":"https:\/\/fasgrel.com\/en\/product\/fuente-de-alimentacion-1f-115-230vac-24vdc-10a-240w-ovp-33v-40-71c-wipos-p1-24-10\/","og_site_name":"Fasgrel","og_image":[{"width":400,"height":400,"url":"https:\/\/fasgrel.com\/wp-content\/uploads\/2026\/04\/81.000.6140.0.jpg","type":"image\/jpeg"}],"twitter_card":"summary_large_image","twitter_misc":{"Est. reading time":"1 minute"},"schema":{"@context":"https:\/\/schema.org","@graph":[{"@type":"WebPage","@id":"https:\/\/fasgrel.com\/producto\/fuente-de-alimentacion-1f-115-230vac-24vdc-10a-240w-ovp-33v-40-71c-wipos-p1-24-10\/","url":"https:\/\/fasgrel.com\/producto\/fuente-de-alimentacion-1f-115-230vac-24vdc-10a-240w-ovp-33v-40-71c-wipos-p1-24-10\/","name":"FUENTE DE ALIMENTACI\u00d3N, 1F, 115-230VAC, 24VDC, 10A, 240W, OVP 33V, (-40...71\u00b0C) | WIPOS P1 24-10 - Fasgrel","isPartOf":{"@id":"https:\/\/fasgrel.com\/#website"},"primaryImageOfPage":{"@id":"https:\/\/fasgrel.com\/producto\/fuente-de-alimentacion-1f-115-230vac-24vdc-10a-240w-ovp-33v-40-71c-wipos-p1-24-10\/#primaryimage"},"image":{"@id":"https:\/\/fasgrel.com\/producto\/fuente-de-alimentacion-1f-115-230vac-24vdc-10a-240w-ovp-33v-40-71c-wipos-p1-24-10\/#primaryimage"},"thumbnailUrl":"https:\/\/fasgrel.com\/wp-content\/uploads\/2026\/04\/81.000.6140.0.jpg","datePublished":"2026-04-07T05:27:05+00:00","breadcrumb":{"@id":"https:\/\/fasgrel.com\/producto\/fuente-de-alimentacion-1f-115-230vac-24vdc-10a-240w-ovp-33v-40-71c-wipos-p1-24-10\/#breadcrumb"},"inLanguage":"en-US","potentialAction":[{"@type":"ReadAction","target":["https:\/\/fasgrel.com\/producto\/fuente-de-alimentacion-1f-115-230vac-24vdc-10a-240w-ovp-33v-40-71c-wipos-p1-24-10\/"]}]},{"@type":"ImageObject","inLanguage":"en-US","@id":"https:\/\/fasgrel.com\/producto\/fuente-de-alimentacion-1f-115-230vac-24vdc-10a-240w-ovp-33v-40-71c-wipos-p1-24-10\/#primaryimage","url":"https:\/\/fasgrel.com\/wp-content\/uploads\/2026\/04\/81.000.6140.0.jpg","contentUrl":"https:\/\/fasgrel.com\/wp-content\/uploads\/2026\/04\/81.000.6140.0.jpg","width":400,"height":400},{"@type":"BreadcrumbList","@id":"https:\/\/fasgrel.com\/producto\/fuente-de-alimentacion-1f-115-230vac-24vdc-10a-240w-ovp-33v-40-71c-wipos-p1-24-10\/#breadcrumb","itemListElement":[{"@type":"ListItem","position":1,"name":"Portada","item":"https:\/\/fasgrel.com\/"},{"@type":"ListItem","position":2,"name":"Tienda","item":"https:\/\/fasgrel.com\/tienda\/"},{"@type":"ListItem","position":3,"name":"FUENTE DE ALIMENTACI\u00d3N, 1F, 115-230VAC, 24VDC, 10A, 240W, OVP 33V, (-40&#8230;71\u00b0C) | WIPOS P1 24-10"}]},{"@type":"WebSite","@id":"https:\/\/fasgrel.com\/#website","url":"https:\/\/fasgrel.com\/","name":"Fasgrel","description":"Sitio en Construcci\u00f3n","publisher":{"@id":"https:\/\/fasgrel.com\/#organization"},"potentialAction":[{"@type":"SearchAction","target":{"@type":"EntryPoint","urlTemplate":"https:\/\/fasgrel.com\/?s={search_term_string}"},"query-input":{"@type":"PropertyValueSpecification","valueRequired":true,"valueName":"search_term_string"}}],"inLanguage":"en-US"},{"@type":"Organization","@id":"https:\/\/fasgrel.com\/#organization","name":"FASGREL","url":"https:\/\/fasgrel.com\/","logo":{"@type":"ImageObject","inLanguage":"en-US","@id":"https:\/\/fasgrel.com\/#\/schema\/logo\/image\/","url":"https:\/\/fasgrel.com\/wp-content\/uploads\/2024\/10\/logo-fasgrel.png","contentUrl":"https:\/\/fasgrel.com\/wp-content\/uploads\/2024\/10\/logo-fasgrel.png","width":427,"height":110,"caption":"FASGREL"},"image":{"@id":"https:\/\/fasgrel.com\/#\/schema\/logo\/image\/"}}]}},"brands":[{"id":34,"name":"Wieland","slug":"wieland"}],"_links":{"self":[{"href":"https:\/\/fasgrel.com\/en\/wp-json\/wp\/v2\/product\/4191","targetHints":{"allow":["GET"]}}],"collection":[{"href":"https:\/\/fasgrel.com\/en\/wp-json\/wp\/v2\/product"}],"about":[{"href":"https:\/\/fasgrel.com\/en\/wp-json\/wp\/v2\/types\/product"}],"replies":[{"embeddable":true,"href":"https:\/\/fasgrel.com\/en\/wp-json\/wp\/v2\/comments?post=4191"}],"wp:featuredmedia":[{"embeddable":true,"href":"https:\/\/fasgrel.com\/en\/wp-json\/wp\/v2\/media\/4192"}],"wp:attachment":[{"href":"https:\/\/fasgrel.com\/en\/wp-json\/wp\/v2\/media?parent=4191"}],"wp:term":[{"taxonomy":"pwb-brand","embeddable":true,"href":"https:\/\/fasgrel.com\/en\/wp-json\/wp\/v2\/pwb-brand?post=4191"},{"taxonomy":"product_brand","embeddable":true,"href":"https:\/\/fasgrel.com\/en\/wp-json\/wp\/v2\/product_brand?post=4191"},{"taxonomy":"product_cat","embeddable":true,"href":"https:\/\/fasgrel.com\/en\/wp-json\/wp\/v2\/product_cat?post=4191"},{"taxonomy":"product_tag","embeddable":true,"href":"https:\/\/fasgrel.com\/en\/wp-json\/wp\/v2\/product_tag?post=4191"}],"curies":[{"name":"wp","href":"https:\/\/api.w.org\/{rel}","templated":true}]}}