{"id":4228,"date":"2026-04-07T06:07:20","date_gmt":"2026-04-07T06:07:20","guid":{"rendered":"https:\/\/fasgrel.com\/?post_type=product&#038;p=4228"},"modified":"2026-04-07T06:07:21","modified_gmt":"2026-04-07T06:07:21","slug":"fuente-de-alimentacion-1f-90-264vac-12vdc-0-83a-10w-40-71c-wipos-pb1-12-0-83","status":"publish","type":"product","link":"https:\/\/fasgrel.com\/en\/product\/fuente-de-alimentacion-1f-90-264vac-12vdc-0-83a-10w-40-71c-wipos-pb1-12-0-83\/","title":{"rendered":"FUENTE DE ALIMENTACI\u00d3N, 1F, 90-264VAC, 12VDC, 0.83A, 10W, (-40&#8230;71\u00b0C) | WIPOS PB1 12-0.83"},"content":{"rendered":"","protected":false},"excerpt":{"rendered":"<p>Fuente de alimentaci\u00f3n conmutada, valores de salida: 12 V DC \/ 0,83 A, protecci\u00f3n contra cortocircuito, tensi\u00f3n de alimentaci\u00f3n: 90-264 V AC \/ 120-375V DC, monof\u00e1sica, soporte para montaje en carril DIN<\/p>\n<p>&nbsp;<\/p>","protected":false},"featured_media":4229,"comment_status":"open","ping_status":"closed","template":"","meta":{"_acf_changed":false,"_joinchat":[]},"pwb-brand":[34],"product_brand":[],"product_cat":[71],"product_tag":[],"class_list":{"0":"post-4228","1":"product","2":"type-product","3":"status-publish","4":"has-post-thumbnail","6":"pwb-brand-wieland","7":"product_cat-fuentes-building","9":"first","10":"instock","11":"shipping-taxable","12":"product-type-simple"},"acf":[],"yoast_head":"<!-- This site is optimized with the Yoast SEO Premium plugin v22.9 (Yoast SEO v27.1.1) - https:\/\/yoast.com\/product\/yoast-seo-premium-wordpress\/ -->\n<title>FUENTE DE ALIMENTACI\u00d3N, 1F, 90-264VAC, 12VDC, 0.83A, 10W, (-40...71\u00b0C) | WIPOS PB1 12-0.83 - Fasgrel<\/title>\n<meta name=\"robots\" content=\"index, follow, max-snippet:-1, max-image-preview:large, max-video-preview:-1\" \/>\n<link rel=\"canonical\" href=\"https:\/\/fasgrel.com\/en\/product\/fuente-de-alimentacion-1f-90-264vac-12vdc-0-83a-10w-40-71c-wipos-pb1-12-0-83\/\" \/>\n<meta property=\"og:locale\" content=\"en_US\" \/>\n<meta property=\"og:type\" content=\"article\" \/>\n<meta property=\"og:title\" content=\"FUENTE DE ALIMENTACI\u00d3N, 1F, 90-264VAC, 12VDC, 0.83A, 10W, (-40...71\u00b0C) | WIPOS PB1 12-0.83\" \/>\n<meta property=\"og:description\" content=\"Fuente de alimentaci\u00f3n conmutada, valores de salida: 12 V DC \/ 0,83 A, protecci\u00f3n contra cortocircuito, tensi\u00f3n de alimentaci\u00f3n: 90-264 V AC \/ 120-375V DC, monof\u00e1sica, soporte para montaje en carril DIN  &nbsp;\" \/>\n<meta property=\"og:url\" content=\"https:\/\/fasgrel.com\/en\/product\/fuente-de-alimentacion-1f-90-264vac-12vdc-0-83a-10w-40-71c-wipos-pb1-12-0-83\/\" \/>\n<meta property=\"og:site_name\" content=\"Fasgrel\" \/>\n<meta property=\"article:modified_time\" content=\"2026-04-07T06:07:21+00:00\" \/>\n<meta property=\"og:image\" content=\"https:\/\/fasgrel.com\/wp-content\/uploads\/2026\/04\/81.000.6302.0.jpg\" \/>\n\t<meta property=\"og:image:width\" content=\"400\" \/>\n\t<meta property=\"og:image:height\" content=\"400\" \/>\n\t<meta property=\"og:image:type\" content=\"image\/jpeg\" \/>\n<meta name=\"twitter:card\" content=\"summary_large_image\" \/>\n<meta name=\"twitter:label1\" content=\"Est. reading time\" \/>\n\t<meta name=\"twitter:data1\" content=\"1 minute\" \/>\n<script type=\"application\/ld+json\" class=\"yoast-schema-graph\">{\"@context\":\"https:\/\/schema.org\",\"@graph\":[{\"@type\":\"WebPage\",\"@id\":\"https:\/\/fasgrel.com\/producto\/fuente-de-alimentacion-1f-90-264vac-12vdc-0-83a-10w-40-71c-wipos-pb1-12-0-83\/\",\"url\":\"https:\/\/fasgrel.com\/producto\/fuente-de-alimentacion-1f-90-264vac-12vdc-0-83a-10w-40-71c-wipos-pb1-12-0-83\/\",\"name\":\"FUENTE DE ALIMENTACI\u00d3N, 1F, 90-264VAC, 12VDC, 0.83A, 10W, (-40...71\u00b0C) | WIPOS PB1 12-0.83 - Fasgrel\",\"isPartOf\":{\"@id\":\"https:\/\/fasgrel.com\/#website\"},\"primaryImageOfPage\":{\"@id\":\"https:\/\/fasgrel.com\/producto\/fuente-de-alimentacion-1f-90-264vac-12vdc-0-83a-10w-40-71c-wipos-pb1-12-0-83\/#primaryimage\"},\"image\":{\"@id\":\"https:\/\/fasgrel.com\/producto\/fuente-de-alimentacion-1f-90-264vac-12vdc-0-83a-10w-40-71c-wipos-pb1-12-0-83\/#primaryimage\"},\"thumbnailUrl\":\"https:\/\/fasgrel.com\/wp-content\/uploads\/2026\/04\/81.000.6302.0.jpg\",\"datePublished\":\"2026-04-07T06:07:20+00:00\",\"dateModified\":\"2026-04-07T06:07:21+00:00\",\"breadcrumb\":{\"@id\":\"https:\/\/fasgrel.com\/producto\/fuente-de-alimentacion-1f-90-264vac-12vdc-0-83a-10w-40-71c-wipos-pb1-12-0-83\/#breadcrumb\"},\"inLanguage\":\"en-US\",\"potentialAction\":[{\"@type\":\"ReadAction\",\"target\":[\"https:\/\/fasgrel.com\/producto\/fuente-de-alimentacion-1f-90-264vac-12vdc-0-83a-10w-40-71c-wipos-pb1-12-0-83\/\"]}]},{\"@type\":\"ImageObject\",\"inLanguage\":\"en-US\",\"@id\":\"https:\/\/fasgrel.com\/producto\/fuente-de-alimentacion-1f-90-264vac-12vdc-0-83a-10w-40-71c-wipos-pb1-12-0-83\/#primaryimage\",\"url\":\"https:\/\/fasgrel.com\/wp-content\/uploads\/2026\/04\/81.000.6302.0.jpg\",\"contentUrl\":\"https:\/\/fasgrel.com\/wp-content\/uploads\/2026\/04\/81.000.6302.0.jpg\",\"width\":400,\"height\":400},{\"@type\":\"BreadcrumbList\",\"@id\":\"https:\/\/fasgrel.com\/producto\/fuente-de-alimentacion-1f-90-264vac-12vdc-0-83a-10w-40-71c-wipos-pb1-12-0-83\/#breadcrumb\",\"itemListElement\":[{\"@type\":\"ListItem\",\"position\":1,\"name\":\"Portada\",\"item\":\"https:\/\/fasgrel.com\/\"},{\"@type\":\"ListItem\",\"position\":2,\"name\":\"Tienda\",\"item\":\"https:\/\/fasgrel.com\/tienda\/\"},{\"@type\":\"ListItem\",\"position\":3,\"name\":\"FUENTE DE ALIMENTACI\u00d3N, 1F, 90-264VAC, 12VDC, 0.83A, 10W, (-40&#8230;71\u00b0C) | WIPOS PB1 12-0.83\"}]},{\"@type\":\"WebSite\",\"@id\":\"https:\/\/fasgrel.com\/#website\",\"url\":\"https:\/\/fasgrel.com\/\",\"name\":\"Fasgrel\",\"description\":\"Sitio en Construcci\u00f3n\",\"publisher\":{\"@id\":\"https:\/\/fasgrel.com\/#organization\"},\"potentialAction\":[{\"@type\":\"SearchAction\",\"target\":{\"@type\":\"EntryPoint\",\"urlTemplate\":\"https:\/\/fasgrel.com\/?s={search_term_string}\"},\"query-input\":{\"@type\":\"PropertyValueSpecification\",\"valueRequired\":true,\"valueName\":\"search_term_string\"}}],\"inLanguage\":\"en-US\"},{\"@type\":\"Organization\",\"@id\":\"https:\/\/fasgrel.com\/#organization\",\"name\":\"FASGREL\",\"url\":\"https:\/\/fasgrel.com\/\",\"logo\":{\"@type\":\"ImageObject\",\"inLanguage\":\"en-US\",\"@id\":\"https:\/\/fasgrel.com\/#\/schema\/logo\/image\/\",\"url\":\"https:\/\/fasgrel.com\/wp-content\/uploads\/2024\/10\/logo-fasgrel.png\",\"contentUrl\":\"https:\/\/fasgrel.com\/wp-content\/uploads\/2024\/10\/logo-fasgrel.png\",\"width\":427,\"height\":110,\"caption\":\"FASGREL\"},\"image\":{\"@id\":\"https:\/\/fasgrel.com\/#\/schema\/logo\/image\/\"}}]}<\/script>\n<!-- \/ Yoast SEO Premium plugin. -->","yoast_head_json":{"title":"FUENTE DE ALIMENTACI\u00d3N, 1F, 90-264VAC, 12VDC, 0.83A, 10W, (-40...71\u00b0C) | WIPOS PB1 12-0.83 - Fasgrel","robots":{"index":"index","follow":"follow","max-snippet":"max-snippet:-1","max-image-preview":"max-image-preview:large","max-video-preview":"max-video-preview:-1"},"canonical":"https:\/\/fasgrel.com\/en\/product\/fuente-de-alimentacion-1f-90-264vac-12vdc-0-83a-10w-40-71c-wipos-pb1-12-0-83\/","og_locale":"en_US","og_type":"article","og_title":"FUENTE DE ALIMENTACI\u00d3N, 1F, 90-264VAC, 12VDC, 0.83A, 10W, (-40...71\u00b0C) | WIPOS PB1 12-0.83","og_description":"Fuente de alimentaci\u00f3n conmutada, valores de salida: 12 V DC \/ 0,83 A, protecci\u00f3n contra cortocircuito, tensi\u00f3n de alimentaci\u00f3n: 90-264 V AC \/ 120-375V DC, monof\u00e1sica, soporte para montaje en carril DIN  &nbsp;","og_url":"https:\/\/fasgrel.com\/en\/product\/fuente-de-alimentacion-1f-90-264vac-12vdc-0-83a-10w-40-71c-wipos-pb1-12-0-83\/","og_site_name":"Fasgrel","article_modified_time":"2026-04-07T06:07:21+00:00","og_image":[{"width":400,"height":400,"url":"https:\/\/fasgrel.com\/wp-content\/uploads\/2026\/04\/81.000.6302.0.jpg","type":"image\/jpeg"}],"twitter_card":"summary_large_image","twitter_misc":{"Est. reading time":"1 minute"},"schema":{"@context":"https:\/\/schema.org","@graph":[{"@type":"WebPage","@id":"https:\/\/fasgrel.com\/producto\/fuente-de-alimentacion-1f-90-264vac-12vdc-0-83a-10w-40-71c-wipos-pb1-12-0-83\/","url":"https:\/\/fasgrel.com\/producto\/fuente-de-alimentacion-1f-90-264vac-12vdc-0-83a-10w-40-71c-wipos-pb1-12-0-83\/","name":"FUENTE DE ALIMENTACI\u00d3N, 1F, 90-264VAC, 12VDC, 0.83A, 10W, (-40...71\u00b0C) | WIPOS PB1 12-0.83 - Fasgrel","isPartOf":{"@id":"https:\/\/fasgrel.com\/#website"},"primaryImageOfPage":{"@id":"https:\/\/fasgrel.com\/producto\/fuente-de-alimentacion-1f-90-264vac-12vdc-0-83a-10w-40-71c-wipos-pb1-12-0-83\/#primaryimage"},"image":{"@id":"https:\/\/fasgrel.com\/producto\/fuente-de-alimentacion-1f-90-264vac-12vdc-0-83a-10w-40-71c-wipos-pb1-12-0-83\/#primaryimage"},"thumbnailUrl":"https:\/\/fasgrel.com\/wp-content\/uploads\/2026\/04\/81.000.6302.0.jpg","datePublished":"2026-04-07T06:07:20+00:00","dateModified":"2026-04-07T06:07:21+00:00","breadcrumb":{"@id":"https:\/\/fasgrel.com\/producto\/fuente-de-alimentacion-1f-90-264vac-12vdc-0-83a-10w-40-71c-wipos-pb1-12-0-83\/#breadcrumb"},"inLanguage":"en-US","potentialAction":[{"@type":"ReadAction","target":["https:\/\/fasgrel.com\/producto\/fuente-de-alimentacion-1f-90-264vac-12vdc-0-83a-10w-40-71c-wipos-pb1-12-0-83\/"]}]},{"@type":"ImageObject","inLanguage":"en-US","@id":"https:\/\/fasgrel.com\/producto\/fuente-de-alimentacion-1f-90-264vac-12vdc-0-83a-10w-40-71c-wipos-pb1-12-0-83\/#primaryimage","url":"https:\/\/fasgrel.com\/wp-content\/uploads\/2026\/04\/81.000.6302.0.jpg","contentUrl":"https:\/\/fasgrel.com\/wp-content\/uploads\/2026\/04\/81.000.6302.0.jpg","width":400,"height":400},{"@type":"BreadcrumbList","@id":"https:\/\/fasgrel.com\/producto\/fuente-de-alimentacion-1f-90-264vac-12vdc-0-83a-10w-40-71c-wipos-pb1-12-0-83\/#breadcrumb","itemListElement":[{"@type":"ListItem","position":1,"name":"Portada","item":"https:\/\/fasgrel.com\/"},{"@type":"ListItem","position":2,"name":"Tienda","item":"https:\/\/fasgrel.com\/tienda\/"},{"@type":"ListItem","position":3,"name":"FUENTE DE ALIMENTACI\u00d3N, 1F, 90-264VAC, 12VDC, 0.83A, 10W, (-40&#8230;71\u00b0C) | WIPOS PB1 12-0.83"}]},{"@type":"WebSite","@id":"https:\/\/fasgrel.com\/#website","url":"https:\/\/fasgrel.com\/","name":"Fasgrel","description":"Sitio en Construcci\u00f3n","publisher":{"@id":"https:\/\/fasgrel.com\/#organization"},"potentialAction":[{"@type":"SearchAction","target":{"@type":"EntryPoint","urlTemplate":"https:\/\/fasgrel.com\/?s={search_term_string}"},"query-input":{"@type":"PropertyValueSpecification","valueRequired":true,"valueName":"search_term_string"}}],"inLanguage":"en-US"},{"@type":"Organization","@id":"https:\/\/fasgrel.com\/#organization","name":"FASGREL","url":"https:\/\/fasgrel.com\/","logo":{"@type":"ImageObject","inLanguage":"en-US","@id":"https:\/\/fasgrel.com\/#\/schema\/logo\/image\/","url":"https:\/\/fasgrel.com\/wp-content\/uploads\/2024\/10\/logo-fasgrel.png","contentUrl":"https:\/\/fasgrel.com\/wp-content\/uploads\/2024\/10\/logo-fasgrel.png","width":427,"height":110,"caption":"FASGREL"},"image":{"@id":"https:\/\/fasgrel.com\/#\/schema\/logo\/image\/"}}]}},"brands":[{"id":34,"name":"Wieland","slug":"wieland"}],"_links":{"self":[{"href":"https:\/\/fasgrel.com\/en\/wp-json\/wp\/v2\/product\/4228","targetHints":{"allow":["GET"]}}],"collection":[{"href":"https:\/\/fasgrel.com\/en\/wp-json\/wp\/v2\/product"}],"about":[{"href":"https:\/\/fasgrel.com\/en\/wp-json\/wp\/v2\/types\/product"}],"replies":[{"embeddable":true,"href":"https:\/\/fasgrel.com\/en\/wp-json\/wp\/v2\/comments?post=4228"}],"wp:featuredmedia":[{"embeddable":true,"href":"https:\/\/fasgrel.com\/en\/wp-json\/wp\/v2\/media\/4229"}],"wp:attachment":[{"href":"https:\/\/fasgrel.com\/en\/wp-json\/wp\/v2\/media?parent=4228"}],"wp:term":[{"taxonomy":"pwb-brand","embeddable":true,"href":"https:\/\/fasgrel.com\/en\/wp-json\/wp\/v2\/pwb-brand?post=4228"},{"taxonomy":"product_brand","embeddable":true,"href":"https:\/\/fasgrel.com\/en\/wp-json\/wp\/v2\/product_brand?post=4228"},{"taxonomy":"product_cat","embeddable":true,"href":"https:\/\/fasgrel.com\/en\/wp-json\/wp\/v2\/product_cat?post=4228"},{"taxonomy":"product_tag","embeddable":true,"href":"https:\/\/fasgrel.com\/en\/wp-json\/wp\/v2\/product_tag?post=4228"}],"curies":[{"name":"wp","href":"https:\/\/api.w.org\/{rel}","templated":true}]}}