{"id":4280,"date":"2026-04-08T03:41:54","date_gmt":"2026-04-08T03:41:54","guid":{"rendered":"https:\/\/fasgrel.com\/?post_type=product&#038;p=4280"},"modified":"2026-04-08T17:41:57","modified_gmt":"2026-04-08T17:41:57","slug":"variador-de-velocidad-50hp-37kw-72a-ip20-380-480v-entrada-trifasica-e3","status":"publish","type":"product","link":"https:\/\/fasgrel.com\/en\/product\/variador-de-velocidad-50hp-37kw-72a-ip20-380-480v-entrada-trifasica-e3\/","title":{"rendered":"VARIADOR DE VELOCIDAD, 50HP, 37kW, 72A, IP20, 380-480V, Entrada Trif\u00e1sica | E3"},"content":{"rendered":"","protected":false},"excerpt":{"rendered":"<p>Variador de velocidad de prop\u00f3sito general. Fiable y robusto, con tecnolog\u00eda innovadora y facilidad de uso. Ideal para mezcladoras, fajas, bombas y ventiladores. Compacto para montaje en panel o armario. <strong>Potencias hasta 50HP\/37kW.<\/strong> Opera hasta 50\u00b0C. <strong>Grados de protecci\u00f3n IP20 y IP66<\/strong>. Instalaci\u00f3n simple, tarjeta de ayuda integrada. Montaje en riel DIN y ojo de cerradura. Clonaci\u00f3n r\u00e1pida de par\u00e1metros. Control de teclado intuitivo. Puesta en marcha sencilla, 14 par\u00e1metros de configuraci\u00f3n b\u00e1sica. Ajustes por defecto para modo 1. Industrial, 2. Bombas y 3. Ventiladores. Filtro interno EMC categor\u00eda C1 en todos los modelos. Control PI interno. Chopper de frenado interno. Comunicaci\u00f3n CANopen\/ Modbus RTU integrada. Control vectorial sin sensores para todos los tipos de motores. Versi\u00f3n opcional para motores monof\u00e1sicos.<\/p>\n<p><span style=\"color: #000000;\"><strong><span style=\"font-size: 18px;\"><img decoding=\"async\" class=\"alignleft wp-image-1805\" src=\"http:\/\/fasgrel.com\/wp-content\/uploads\/2024\/07\/logo_invertek-1.png\" alt=\"\" width=\"120\" height=\"50\" \/><\/span><\/strong><\/span><\/p>","protected":false},"featured_media":4279,"comment_status":"open","ping_status":"closed","template":"","meta":{"_acf_changed":false,"_joinchat":[]},"pwb-brand":[33],"product_brand":[],"product_cat":[21],"product_tag":[],"class_list":{"0":"post-4280","1":"product","2":"type-product","3":"status-publish","4":"has-post-thumbnail","6":"pwb-brand-invertek","7":"product_cat-variadores-de-velocidad","9":"first","10":"instock","11":"shipping-taxable","12":"product-type-simple"},"acf":[],"yoast_head":"<!-- This site is optimized with the Yoast SEO Premium plugin v22.9 (Yoast SEO v27.1.1) - https:\/\/yoast.com\/product\/yoast-seo-premium-wordpress\/ -->\n<title>VARIADOR DE VELOCIDAD, 50HP, 37kW, 72A, IP20, 380-480V, Entrada Trif\u00e1sica | E3 - Fasgrel<\/title>\n<meta name=\"robots\" content=\"index, follow, max-snippet:-1, max-image-preview:large, max-video-preview:-1\" \/>\n<link rel=\"canonical\" href=\"https:\/\/fasgrel.com\/en\/product\/variador-de-velocidad-50hp-37kw-72a-ip20-380-480v-entrada-trifasica-e3\/\" \/>\n<meta property=\"og:locale\" content=\"en_US\" \/>\n<meta property=\"og:type\" content=\"article\" \/>\n<meta property=\"og:title\" content=\"VARIADOR DE VELOCIDAD, 50HP, 37kW, 72A, IP20, 380-480V, Entrada Trif\u00e1sica | E3\" \/>\n<meta property=\"og:description\" content=\"Variador de velocidad de prop\u00f3sito general. Fiable y robusto, con tecnolog\u00eda innovadora y facilidad de uso. Ideal para mezcladoras, fajas, bombas y ventiladores. Compacto para montaje en panel o armario. Potencias hasta 50HP\/37kW. Opera hasta 50\u00b0C. Grados de protecci\u00f3n IP20 y IP66. Instalaci\u00f3n simple, tarjeta de ayuda integrada. Montaje en riel DIN y ojo de cerradura. Clonaci\u00f3n r\u00e1pida de par\u00e1metros. Control de teclado intuitivo. Puesta en marcha sencilla, 14 par\u00e1metros de configuraci\u00f3n b\u00e1sica. Ajustes por defecto para modo 1. Industrial, 2. Bombas y 3. Ventiladores. Filtro interno EMC categor\u00eda C1 en todos los modelos. Control PI interno. Chopper de frenado interno. Comunicaci\u00f3n CANopen\/ Modbus RTU integrada. Control vectorial sin sensores para todos los tipos de motores. Versi\u00f3n opcional para motores monof\u00e1sicos.\" \/>\n<meta property=\"og:url\" content=\"https:\/\/fasgrel.com\/en\/product\/variador-de-velocidad-50hp-37kw-72a-ip20-380-480v-entrada-trifasica-e3\/\" \/>\n<meta property=\"og:site_name\" content=\"Fasgrel\" \/>\n<meta property=\"article:modified_time\" content=\"2026-04-08T17:41:57+00:00\" \/>\n<meta property=\"og:image\" content=\"https:\/\/fasgrel.com\/wp-content\/uploads\/2026\/04\/variador-e3-20-t5.jpg\" \/>\n\t<meta property=\"og:image:width\" content=\"400\" \/>\n\t<meta property=\"og:image:height\" content=\"400\" \/>\n\t<meta property=\"og:image:type\" content=\"image\/jpeg\" \/>\n<meta name=\"twitter:card\" content=\"summary_large_image\" \/>\n<meta name=\"twitter:label1\" content=\"Est. reading time\" \/>\n\t<meta name=\"twitter:data1\" content=\"1 minute\" \/>\n<script type=\"application\/ld+json\" class=\"yoast-schema-graph\">{\"@context\":\"https:\/\/schema.org\",\"@graph\":[{\"@type\":\"WebPage\",\"@id\":\"https:\/\/fasgrel.com\/producto\/variador-de-velocidad-50hp-37kw-72a-ip20-380-480v-entrada-trifasica-e3\/\",\"url\":\"https:\/\/fasgrel.com\/producto\/variador-de-velocidad-50hp-37kw-72a-ip20-380-480v-entrada-trifasica-e3\/\",\"name\":\"VARIADOR DE VELOCIDAD, 50HP, 37kW, 72A, IP20, 380-480V, Entrada Trif\u00e1sica | E3 - Fasgrel\",\"isPartOf\":{\"@id\":\"https:\/\/fasgrel.com\/#website\"},\"primaryImageOfPage\":{\"@id\":\"https:\/\/fasgrel.com\/producto\/variador-de-velocidad-50hp-37kw-72a-ip20-380-480v-entrada-trifasica-e3\/#primaryimage\"},\"image\":{\"@id\":\"https:\/\/fasgrel.com\/producto\/variador-de-velocidad-50hp-37kw-72a-ip20-380-480v-entrada-trifasica-e3\/#primaryimage\"},\"thumbnailUrl\":\"https:\/\/fasgrel.com\/wp-content\/uploads\/2026\/04\/variador-e3-20-t5.jpg\",\"datePublished\":\"2026-04-08T03:41:54+00:00\",\"dateModified\":\"2026-04-08T17:41:57+00:00\",\"breadcrumb\":{\"@id\":\"https:\/\/fasgrel.com\/producto\/variador-de-velocidad-50hp-37kw-72a-ip20-380-480v-entrada-trifasica-e3\/#breadcrumb\"},\"inLanguage\":\"en-US\",\"potentialAction\":[{\"@type\":\"ReadAction\",\"target\":[\"https:\/\/fasgrel.com\/producto\/variador-de-velocidad-50hp-37kw-72a-ip20-380-480v-entrada-trifasica-e3\/\"]}]},{\"@type\":\"ImageObject\",\"inLanguage\":\"en-US\",\"@id\":\"https:\/\/fasgrel.com\/producto\/variador-de-velocidad-50hp-37kw-72a-ip20-380-480v-entrada-trifasica-e3\/#primaryimage\",\"url\":\"https:\/\/fasgrel.com\/wp-content\/uploads\/2026\/04\/variador-e3-20-t5.jpg\",\"contentUrl\":\"https:\/\/fasgrel.com\/wp-content\/uploads\/2026\/04\/variador-e3-20-t5.jpg\",\"width\":400,\"height\":400},{\"@type\":\"BreadcrumbList\",\"@id\":\"https:\/\/fasgrel.com\/producto\/variador-de-velocidad-50hp-37kw-72a-ip20-380-480v-entrada-trifasica-e3\/#breadcrumb\",\"itemListElement\":[{\"@type\":\"ListItem\",\"position\":1,\"name\":\"Portada\",\"item\":\"https:\/\/fasgrel.com\/\"},{\"@type\":\"ListItem\",\"position\":2,\"name\":\"Tienda\",\"item\":\"https:\/\/fasgrel.com\/tienda\/\"},{\"@type\":\"ListItem\",\"position\":3,\"name\":\"VARIADOR DE VELOCIDAD, 50HP, 37kW, 72A, IP20, 380-480V, Entrada Trif\u00e1sica | E3\"}]},{\"@type\":\"WebSite\",\"@id\":\"https:\/\/fasgrel.com\/#website\",\"url\":\"https:\/\/fasgrel.com\/\",\"name\":\"Fasgrel\",\"description\":\"Sitio en Construcci\u00f3n\",\"publisher\":{\"@id\":\"https:\/\/fasgrel.com\/#organization\"},\"potentialAction\":[{\"@type\":\"SearchAction\",\"target\":{\"@type\":\"EntryPoint\",\"urlTemplate\":\"https:\/\/fasgrel.com\/?s={search_term_string}\"},\"query-input\":{\"@type\":\"PropertyValueSpecification\",\"valueRequired\":true,\"valueName\":\"search_term_string\"}}],\"inLanguage\":\"en-US\"},{\"@type\":\"Organization\",\"@id\":\"https:\/\/fasgrel.com\/#organization\",\"name\":\"FASGREL\",\"url\":\"https:\/\/fasgrel.com\/\",\"logo\":{\"@type\":\"ImageObject\",\"inLanguage\":\"en-US\",\"@id\":\"https:\/\/fasgrel.com\/#\/schema\/logo\/image\/\",\"url\":\"https:\/\/fasgrel.com\/wp-content\/uploads\/2024\/10\/logo-fasgrel.png\",\"contentUrl\":\"https:\/\/fasgrel.com\/wp-content\/uploads\/2024\/10\/logo-fasgrel.png\",\"width\":427,\"height\":110,\"caption\":\"FASGREL\"},\"image\":{\"@id\":\"https:\/\/fasgrel.com\/#\/schema\/logo\/image\/\"}}]}<\/script>\n<!-- \/ Yoast SEO Premium plugin. -->","yoast_head_json":{"title":"VARIADOR DE VELOCIDAD, 50HP, 37kW, 72A, IP20, 380-480V, Entrada Trif\u00e1sica | E3 - Fasgrel","robots":{"index":"index","follow":"follow","max-snippet":"max-snippet:-1","max-image-preview":"max-image-preview:large","max-video-preview":"max-video-preview:-1"},"canonical":"https:\/\/fasgrel.com\/en\/product\/variador-de-velocidad-50hp-37kw-72a-ip20-380-480v-entrada-trifasica-e3\/","og_locale":"en_US","og_type":"article","og_title":"VARIADOR DE VELOCIDAD, 50HP, 37kW, 72A, IP20, 380-480V, Entrada Trif\u00e1sica | E3","og_description":"Variador de velocidad de prop\u00f3sito general. Fiable y robusto, con tecnolog\u00eda innovadora y facilidad de uso. Ideal para mezcladoras, fajas, bombas y ventiladores. Compacto para montaje en panel o armario. Potencias hasta 50HP\/37kW. Opera hasta 50\u00b0C. Grados de protecci\u00f3n IP20 y IP66. Instalaci\u00f3n simple, tarjeta de ayuda integrada. Montaje en riel DIN y ojo de cerradura. Clonaci\u00f3n r\u00e1pida de par\u00e1metros. Control de teclado intuitivo. Puesta en marcha sencilla, 14 par\u00e1metros de configuraci\u00f3n b\u00e1sica. Ajustes por defecto para modo 1. Industrial, 2. Bombas y 3. Ventiladores. Filtro interno EMC categor\u00eda C1 en todos los modelos. Control PI interno. Chopper de frenado interno. Comunicaci\u00f3n CANopen\/ Modbus RTU integrada. Control vectorial sin sensores para todos los tipos de motores. Versi\u00f3n opcional para motores monof\u00e1sicos.","og_url":"https:\/\/fasgrel.com\/en\/product\/variador-de-velocidad-50hp-37kw-72a-ip20-380-480v-entrada-trifasica-e3\/","og_site_name":"Fasgrel","article_modified_time":"2026-04-08T17:41:57+00:00","og_image":[{"width":400,"height":400,"url":"https:\/\/fasgrel.com\/wp-content\/uploads\/2026\/04\/variador-e3-20-t5.jpg","type":"image\/jpeg"}],"twitter_card":"summary_large_image","twitter_misc":{"Est. reading time":"1 minute"},"schema":{"@context":"https:\/\/schema.org","@graph":[{"@type":"WebPage","@id":"https:\/\/fasgrel.com\/producto\/variador-de-velocidad-50hp-37kw-72a-ip20-380-480v-entrada-trifasica-e3\/","url":"https:\/\/fasgrel.com\/producto\/variador-de-velocidad-50hp-37kw-72a-ip20-380-480v-entrada-trifasica-e3\/","name":"VARIADOR DE VELOCIDAD, 50HP, 37kW, 72A, IP20, 380-480V, Entrada Trif\u00e1sica | E3 - Fasgrel","isPartOf":{"@id":"https:\/\/fasgrel.com\/#website"},"primaryImageOfPage":{"@id":"https:\/\/fasgrel.com\/producto\/variador-de-velocidad-50hp-37kw-72a-ip20-380-480v-entrada-trifasica-e3\/#primaryimage"},"image":{"@id":"https:\/\/fasgrel.com\/producto\/variador-de-velocidad-50hp-37kw-72a-ip20-380-480v-entrada-trifasica-e3\/#primaryimage"},"thumbnailUrl":"https:\/\/fasgrel.com\/wp-content\/uploads\/2026\/04\/variador-e3-20-t5.jpg","datePublished":"2026-04-08T03:41:54+00:00","dateModified":"2026-04-08T17:41:57+00:00","breadcrumb":{"@id":"https:\/\/fasgrel.com\/producto\/variador-de-velocidad-50hp-37kw-72a-ip20-380-480v-entrada-trifasica-e3\/#breadcrumb"},"inLanguage":"en-US","potentialAction":[{"@type":"ReadAction","target":["https:\/\/fasgrel.com\/producto\/variador-de-velocidad-50hp-37kw-72a-ip20-380-480v-entrada-trifasica-e3\/"]}]},{"@type":"ImageObject","inLanguage":"en-US","@id":"https:\/\/fasgrel.com\/producto\/variador-de-velocidad-50hp-37kw-72a-ip20-380-480v-entrada-trifasica-e3\/#primaryimage","url":"https:\/\/fasgrel.com\/wp-content\/uploads\/2026\/04\/variador-e3-20-t5.jpg","contentUrl":"https:\/\/fasgrel.com\/wp-content\/uploads\/2026\/04\/variador-e3-20-t5.jpg","width":400,"height":400},{"@type":"BreadcrumbList","@id":"https:\/\/fasgrel.com\/producto\/variador-de-velocidad-50hp-37kw-72a-ip20-380-480v-entrada-trifasica-e3\/#breadcrumb","itemListElement":[{"@type":"ListItem","position":1,"name":"Portada","item":"https:\/\/fasgrel.com\/"},{"@type":"ListItem","position":2,"name":"Tienda","item":"https:\/\/fasgrel.com\/tienda\/"},{"@type":"ListItem","position":3,"name":"VARIADOR DE VELOCIDAD, 50HP, 37kW, 72A, IP20, 380-480V, Entrada Trif\u00e1sica | E3"}]},{"@type":"WebSite","@id":"https:\/\/fasgrel.com\/#website","url":"https:\/\/fasgrel.com\/","name":"Fasgrel","description":"Sitio en Construcci\u00f3n","publisher":{"@id":"https:\/\/fasgrel.com\/#organization"},"potentialAction":[{"@type":"SearchAction","target":{"@type":"EntryPoint","urlTemplate":"https:\/\/fasgrel.com\/?s={search_term_string}"},"query-input":{"@type":"PropertyValueSpecification","valueRequired":true,"valueName":"search_term_string"}}],"inLanguage":"en-US"},{"@type":"Organization","@id":"https:\/\/fasgrel.com\/#organization","name":"FASGREL","url":"https:\/\/fasgrel.com\/","logo":{"@type":"ImageObject","inLanguage":"en-US","@id":"https:\/\/fasgrel.com\/#\/schema\/logo\/image\/","url":"https:\/\/fasgrel.com\/wp-content\/uploads\/2024\/10\/logo-fasgrel.png","contentUrl":"https:\/\/fasgrel.com\/wp-content\/uploads\/2024\/10\/logo-fasgrel.png","width":427,"height":110,"caption":"FASGREL"},"image":{"@id":"https:\/\/fasgrel.com\/#\/schema\/logo\/image\/"}}]}},"brands":[{"id":33,"name":"Invertek","slug":"invertek"}],"_links":{"self":[{"href":"https:\/\/fasgrel.com\/en\/wp-json\/wp\/v2\/product\/4280","targetHints":{"allow":["GET"]}}],"collection":[{"href":"https:\/\/fasgrel.com\/en\/wp-json\/wp\/v2\/product"}],"about":[{"href":"https:\/\/fasgrel.com\/en\/wp-json\/wp\/v2\/types\/product"}],"replies":[{"embeddable":true,"href":"https:\/\/fasgrel.com\/en\/wp-json\/wp\/v2\/comments?post=4280"}],"wp:featuredmedia":[{"embeddable":true,"href":"https:\/\/fasgrel.com\/en\/wp-json\/wp\/v2\/media\/4279"}],"wp:attachment":[{"href":"https:\/\/fasgrel.com\/en\/wp-json\/wp\/v2\/media?parent=4280"}],"wp:term":[{"taxonomy":"pwb-brand","embeddable":true,"href":"https:\/\/fasgrel.com\/en\/wp-json\/wp\/v2\/pwb-brand?post=4280"},{"taxonomy":"product_brand","embeddable":true,"href":"https:\/\/fasgrel.com\/en\/wp-json\/wp\/v2\/product_brand?post=4280"},{"taxonomy":"product_cat","embeddable":true,"href":"https:\/\/fasgrel.com\/en\/wp-json\/wp\/v2\/product_cat?post=4280"},{"taxonomy":"product_tag","embeddable":true,"href":"https:\/\/fasgrel.com\/en\/wp-json\/wp\/v2\/product_tag?post=4280"}],"curies":[{"name":"wp","href":"https:\/\/api.w.org\/{rel}","templated":true}]}}