{"id":433,"date":"2024-07-08T16:38:57","date_gmt":"2024-07-08T16:38:57","guid":{"rendered":"http:\/\/fasgrel.com\/?post_type=product&#038;p=433"},"modified":"2024-10-11T04:20:39","modified_gmt":"2024-10-11T04:20:39","slug":"conectores-multipolares-ti","status":"publish","type":"product","link":"https:\/\/fasgrel.com\/en\/product\/conectores-multipolares-ti\/","title":{"rendered":"CONECTORES MULTIPOLARES Datos TI"},"content":{"rendered":"<p><span style=\"color: #ff6600;\"><strong>Conectores Multipolares para Datos TI<\/strong><\/span><\/p>\n<p style=\"text-align: right;\"><strong><span style=\"font-size: 18px;\"><em><span style=\"color: #0000ff;\"><a style=\"color: #0000ff;\" href=\"https:\/\/www.youtube.com\/watch?v=1kwCVvLuT_Q\" target=\"_blank\" rel=\"noopener noreferrer\">Ver video<\/a><\/span><\/em><\/span><\/strong><\/p>\n<p><span style=\"color: #ff6600;\"><strong>Serie REVOS IT\u00a0<\/strong><\/span><\/p>\n<p><span style=\"color: #000000;\">Los conectores multipolares para datos de la serie revos IT aporta las siguientes ventajas:<\/span><\/p>\n<ul>\n<li><span style=\"color: #000000;\">Conexi\u00f3n de hasta 4 cables<\/span><\/li>\n<li><span style=\"color: #000000;\">Entradas de conexi\u00f3n selladas con goma<\/span><\/li>\n<li><span style=\"color: #000000;\">No es necesario montar los conectores in situ<\/span><\/li>\n<li><span style=\"color: #000000;\">La garant\u00eda del fabricante para los cables premontados permanece vigente<\/span><\/li>\n<li><span style=\"color: #000000;\">F\u00e1cil de manipular, sin necesidad de herramientas especiales.<\/span><\/li>\n<\/ul>","protected":false},"excerpt":{"rendered":"<p><img decoding=\"async\" class=\"size-full wp-image-1817 alignleft\" src=\"http:\/\/fasgrel.com\/wp-content\/uploads\/2024\/07\/logo-wieland.png\" alt=\"\" width=\"240\" height=\"100\" \/><\/p>\n<ul>\n<li style=\"list-style-type: none;\">\n<ul>\n<li style=\"list-style-type: none;\">\n<ul>\n<li style=\"list-style-type: none;\">\n<ul>\n<li style=\"list-style-type: none;\">\n<ul>\n<li style=\"list-style-type: none;\">\n<ul>\n<li style=\"list-style-type: none;\">\n<ul>\n<li style=\"list-style-type: none;\">\n<ul>\n<li><strong>Conexi\u00f3n de hasta 4 cables<\/strong><\/li>\n<li><strong>Entradas de conexi\u00f3n selladas con goma<\/strong><\/li>\n<li><strong>No es necesario montar los conectores in situ<\/strong><\/li>\n<\/ul>\n<\/li>\n<\/ul>\n<\/li>\n<\/ul>\n<\/li>\n<\/ul>\n<\/li>\n<\/ul>\n<\/li>\n<\/ul>\n<\/li>\n<\/ul>\n<\/li>\n<\/ul>\n<p>&nbsp;<\/p>\n<p style=\"text-align: left;\"><span style=\"color: #ff6600;\"><strong><span style=\"font-size: 18px;\"><em><span style=\"color: #0000ff;\"><a style=\"color: #0000ff;\" href=\"https:\/\/cdn.wieland-electric.com\/_Resources\/Persistent\/e\/c\/5\/3\/ec537e95b862121f96708d7483d1b73b3d8134c3\/0530.1_CAT_revos_Catalog_Screen_EN_0123.pdf\" target=\"_blank\" rel=\"noopener noreferrer\">Ver cat\u00e1logo<\/a><\/span><\/em><\/span><\/strong><\/span><\/p>\n<hr \/>\n<p><span style=\"color: #ff6600;\"><strong>Comunicaci\u00f3n robusta y sencilla<\/strong><\/span><\/p>\n<p><span style=\"color: #333399;\"><strong>F\u00e1cil de manipular, sin necesidad de herramientas especiales<\/strong><\/span><\/p>\n<p><span style=\"color: #000000;\">La serie revos IT permite encajar los cables de comunicaci\u00f3n en carcasas cerradas y compactas protegiendo as\u00ed los datos de transmisi\u00f3n en PLCs.<\/span><\/p>\n<p><span style=\"color: #000000;\">Los conectores D-Sub est\u00e1n disponibles desde <strong>9 a 100 polos<\/strong>.<\/span><\/p>\n<p><span style=\"color: #0000ff;\"><a style=\"color: #0000ff;\" href=\"http:\/\/fasgrel.com\/en\/categoria\/conectores-multipolares\/\"><strong><em>Retornar \u21b5<\/em><\/strong><\/a><\/span><\/p>\n<hr \/>\n<p><span style=\"color: #000000; font-size: 13px;\"><strong>Fabricado en Alemania<\/strong><\/span><\/p>\n<h4><img decoding=\"async\" class=\"size-full wp-image-1836 alignright\" src=\"http:\/\/fasgrel.com\/wp-content\/uploads\/2024\/07\/de.png\" alt=\"\" width=\"73\" height=\"53\" \/><\/h4>\n<p><span style=\"color: #000000; font-size: 13px;\">Los productos Wieland se dise\u00f1an y fabrican en Alemania seg\u00fan los principios del sistema de gesti\u00f3n de calidad y medioambi<\/span><span style=\"color: #000000; font-size: 13px;\">ente de las normas ISO 9001 e ISO 14001:2015<\/span><\/p>","protected":false},"featured_media":2315,"comment_status":"closed","ping_status":"closed","template":"","meta":{"_acf_changed":false,"_joinchat":[]},"pwb-brand":[34],"product_brand":[],"product_cat":[29],"product_tag":[],"class_list":{"0":"post-433","1":"product","2":"type-product","3":"status-publish","4":"has-post-thumbnail","6":"pwb-brand-wieland","7":"product_cat-conectores-multipolares","9":"first","10":"instock","11":"featured","12":"shipping-taxable","13":"product-type-simple"},"acf":[],"yoast_head":"<!-- This site is optimized with the Yoast SEO Premium plugin v22.9 (Yoast SEO v27.1.1) - https:\/\/yoast.com\/product\/yoast-seo-premium-wordpress\/ -->\n<title>Conectores Multipolares | Transmisi\u00f3n de Datos TI | WIELAND<\/title>\n<meta name=\"description\" content=\"Conectores multipolares para transmisi\u00f3n de datos WIELAND permiten m\u00faltiples configuraciones y est\u00e1n dise\u00f1ados para su uso en los ambientes m\u00e1s hostiles.\" \/>\n<meta name=\"robots\" content=\"index, follow, max-snippet:-1, max-image-preview:large, max-video-preview:-1\" \/>\n<link rel=\"canonical\" href=\"https:\/\/fasgrel.com\/en\/product\/conectores-multipolares-ti\/\" \/>\n<meta property=\"og:locale\" content=\"en_US\" \/>\n<meta property=\"og:type\" content=\"article\" \/>\n<meta property=\"og:title\" content=\"CONECTORES MULTIPOLARES Datos TI\" \/>\n<meta property=\"og:description\" content=\"Conectores multipolares para transmisi\u00f3n de datos WIELAND permiten m\u00faltiples configuraciones y est\u00e1n dise\u00f1ados para su uso en los ambientes m\u00e1s hostiles.\" \/>\n<meta property=\"og:url\" content=\"https:\/\/fasgrel.com\/en\/product\/conectores-multipolares-ti\/\" \/>\n<meta property=\"og:site_name\" content=\"Fasgrel\" \/>\n<meta property=\"article:modified_time\" content=\"2024-10-11T04:20:39+00:00\" \/>\n<meta property=\"og:image\" content=\"https:\/\/fasgrel.com\/wp-content\/uploads\/2024\/07\/conectores-it.jpg\" \/>\n\t<meta property=\"og:image:width\" content=\"498\" \/>\n\t<meta property=\"og:image:height\" content=\"600\" \/>\n\t<meta property=\"og:image:type\" content=\"image\/jpeg\" \/>\n<meta name=\"twitter:card\" content=\"summary_large_image\" \/>\n<meta name=\"twitter:label1\" content=\"Est. reading time\" \/>\n\t<meta name=\"twitter:data1\" content=\"1 minute\" \/>\n<script type=\"application\/ld+json\" class=\"yoast-schema-graph\">{\"@context\":\"https:\/\/schema.org\",\"@graph\":[{\"@type\":\"WebPage\",\"@id\":\"https:\/\/fasgrel.com\/producto\/conectores-multipolares-ti\/\",\"url\":\"https:\/\/fasgrel.com\/producto\/conectores-multipolares-ti\/\",\"name\":\"Conectores Multipolares | Transmisi\u00f3n de Datos TI | WIELAND\",\"isPartOf\":{\"@id\":\"https:\/\/fasgrel.com\/#website\"},\"primaryImageOfPage\":{\"@id\":\"https:\/\/fasgrel.com\/producto\/conectores-multipolares-ti\/#primaryimage\"},\"image\":{\"@id\":\"https:\/\/fasgrel.com\/producto\/conectores-multipolares-ti\/#primaryimage\"},\"thumbnailUrl\":\"https:\/\/fasgrel.com\/wp-content\/uploads\/2024\/07\/conectores-it.jpg\",\"datePublished\":\"2024-07-08T16:38:57+00:00\",\"dateModified\":\"2024-10-11T04:20:39+00:00\",\"description\":\"Conectores multipolares para transmisi\u00f3n de datos WIELAND permiten m\u00faltiples configuraciones y est\u00e1n dise\u00f1ados para su uso en los ambientes m\u00e1s hostiles.\",\"breadcrumb\":{\"@id\":\"https:\/\/fasgrel.com\/producto\/conectores-multipolares-ti\/#breadcrumb\"},\"inLanguage\":\"en-US\",\"potentialAction\":[{\"@type\":\"ReadAction\",\"target\":[\"https:\/\/fasgrel.com\/producto\/conectores-multipolares-ti\/\"]}]},{\"@type\":\"ImageObject\",\"inLanguage\":\"en-US\",\"@id\":\"https:\/\/fasgrel.com\/producto\/conectores-multipolares-ti\/#primaryimage\",\"url\":\"https:\/\/fasgrel.com\/wp-content\/uploads\/2024\/07\/conectores-it.jpg\",\"contentUrl\":\"https:\/\/fasgrel.com\/wp-content\/uploads\/2024\/07\/conectores-it.jpg\",\"width\":498,\"height\":600,\"caption\":\"conectores multipolares datos ti\"},{\"@type\":\"BreadcrumbList\",\"@id\":\"https:\/\/fasgrel.com\/producto\/conectores-multipolares-ti\/#breadcrumb\",\"itemListElement\":[{\"@type\":\"ListItem\",\"position\":1,\"name\":\"Portada\",\"item\":\"https:\/\/fasgrel.com\/\"},{\"@type\":\"ListItem\",\"position\":2,\"name\":\"Tienda\",\"item\":\"https:\/\/fasgrel.com\/tienda\/\"},{\"@type\":\"ListItem\",\"position\":3,\"name\":\"CONECTORES MULTIPOLARES Datos TI\"}]},{\"@type\":\"WebSite\",\"@id\":\"https:\/\/fasgrel.com\/#website\",\"url\":\"https:\/\/fasgrel.com\/\",\"name\":\"Fasgrel\",\"description\":\"Sitio en Construcci\u00f3n\",\"publisher\":{\"@id\":\"https:\/\/fasgrel.com\/#organization\"},\"potentialAction\":[{\"@type\":\"SearchAction\",\"target\":{\"@type\":\"EntryPoint\",\"urlTemplate\":\"https:\/\/fasgrel.com\/?s={search_term_string}\"},\"query-input\":{\"@type\":\"PropertyValueSpecification\",\"valueRequired\":true,\"valueName\":\"search_term_string\"}}],\"inLanguage\":\"en-US\"},{\"@type\":\"Organization\",\"@id\":\"https:\/\/fasgrel.com\/#organization\",\"name\":\"FASGREL\",\"url\":\"https:\/\/fasgrel.com\/\",\"logo\":{\"@type\":\"ImageObject\",\"inLanguage\":\"en-US\",\"@id\":\"https:\/\/fasgrel.com\/#\/schema\/logo\/image\/\",\"url\":\"https:\/\/fasgrel.com\/wp-content\/uploads\/2024\/10\/logo-fasgrel.png\",\"contentUrl\":\"https:\/\/fasgrel.com\/wp-content\/uploads\/2024\/10\/logo-fasgrel.png\",\"width\":427,\"height\":110,\"caption\":\"FASGREL\"},\"image\":{\"@id\":\"https:\/\/fasgrel.com\/#\/schema\/logo\/image\/\"}}]}<\/script>\n<!-- \/ Yoast SEO Premium plugin. -->","yoast_head_json":{"title":"Conectores Multipolares | Transmisi\u00f3n de Datos TI | WIELAND","description":"Conectores multipolares para transmisi\u00f3n de datos WIELAND permiten m\u00faltiples configuraciones y est\u00e1n dise\u00f1ados para su uso en los ambientes m\u00e1s hostiles.","robots":{"index":"index","follow":"follow","max-snippet":"max-snippet:-1","max-image-preview":"max-image-preview:large","max-video-preview":"max-video-preview:-1"},"canonical":"https:\/\/fasgrel.com\/en\/product\/conectores-multipolares-ti\/","og_locale":"en_US","og_type":"article","og_title":"CONECTORES MULTIPOLARES Datos TI","og_description":"Conectores multipolares para transmisi\u00f3n de datos WIELAND permiten m\u00faltiples configuraciones y est\u00e1n dise\u00f1ados para su uso en los ambientes m\u00e1s hostiles.","og_url":"https:\/\/fasgrel.com\/en\/product\/conectores-multipolares-ti\/","og_site_name":"Fasgrel","article_modified_time":"2024-10-11T04:20:39+00:00","og_image":[{"width":498,"height":600,"url":"https:\/\/fasgrel.com\/wp-content\/uploads\/2024\/07\/conectores-it.jpg","type":"image\/jpeg"}],"twitter_card":"summary_large_image","twitter_misc":{"Est. reading time":"1 minute"},"schema":{"@context":"https:\/\/schema.org","@graph":[{"@type":"WebPage","@id":"https:\/\/fasgrel.com\/producto\/conectores-multipolares-ti\/","url":"https:\/\/fasgrel.com\/producto\/conectores-multipolares-ti\/","name":"Conectores Multipolares | Transmisi\u00f3n de Datos TI | WIELAND","isPartOf":{"@id":"https:\/\/fasgrel.com\/#website"},"primaryImageOfPage":{"@id":"https:\/\/fasgrel.com\/producto\/conectores-multipolares-ti\/#primaryimage"},"image":{"@id":"https:\/\/fasgrel.com\/producto\/conectores-multipolares-ti\/#primaryimage"},"thumbnailUrl":"https:\/\/fasgrel.com\/wp-content\/uploads\/2024\/07\/conectores-it.jpg","datePublished":"2024-07-08T16:38:57+00:00","dateModified":"2024-10-11T04:20:39+00:00","description":"Conectores multipolares para transmisi\u00f3n de datos WIELAND permiten m\u00faltiples configuraciones y est\u00e1n dise\u00f1ados para su uso en los ambientes m\u00e1s hostiles.","breadcrumb":{"@id":"https:\/\/fasgrel.com\/producto\/conectores-multipolares-ti\/#breadcrumb"},"inLanguage":"en-US","potentialAction":[{"@type":"ReadAction","target":["https:\/\/fasgrel.com\/producto\/conectores-multipolares-ti\/"]}]},{"@type":"ImageObject","inLanguage":"en-US","@id":"https:\/\/fasgrel.com\/producto\/conectores-multipolares-ti\/#primaryimage","url":"https:\/\/fasgrel.com\/wp-content\/uploads\/2024\/07\/conectores-it.jpg","contentUrl":"https:\/\/fasgrel.com\/wp-content\/uploads\/2024\/07\/conectores-it.jpg","width":498,"height":600,"caption":"conectores multipolares datos ti"},{"@type":"BreadcrumbList","@id":"https:\/\/fasgrel.com\/producto\/conectores-multipolares-ti\/#breadcrumb","itemListElement":[{"@type":"ListItem","position":1,"name":"Portada","item":"https:\/\/fasgrel.com\/"},{"@type":"ListItem","position":2,"name":"Tienda","item":"https:\/\/fasgrel.com\/tienda\/"},{"@type":"ListItem","position":3,"name":"CONECTORES MULTIPOLARES Datos TI"}]},{"@type":"WebSite","@id":"https:\/\/fasgrel.com\/#website","url":"https:\/\/fasgrel.com\/","name":"Fasgrel","description":"Sitio en Construcci\u00f3n","publisher":{"@id":"https:\/\/fasgrel.com\/#organization"},"potentialAction":[{"@type":"SearchAction","target":{"@type":"EntryPoint","urlTemplate":"https:\/\/fasgrel.com\/?s={search_term_string}"},"query-input":{"@type":"PropertyValueSpecification","valueRequired":true,"valueName":"search_term_string"}}],"inLanguage":"en-US"},{"@type":"Organization","@id":"https:\/\/fasgrel.com\/#organization","name":"FASGREL","url":"https:\/\/fasgrel.com\/","logo":{"@type":"ImageObject","inLanguage":"en-US","@id":"https:\/\/fasgrel.com\/#\/schema\/logo\/image\/","url":"https:\/\/fasgrel.com\/wp-content\/uploads\/2024\/10\/logo-fasgrel.png","contentUrl":"https:\/\/fasgrel.com\/wp-content\/uploads\/2024\/10\/logo-fasgrel.png","width":427,"height":110,"caption":"FASGREL"},"image":{"@id":"https:\/\/fasgrel.com\/#\/schema\/logo\/image\/"}}]}},"brands":[{"id":34,"name":"Wieland","slug":"wieland"}],"_links":{"self":[{"href":"https:\/\/fasgrel.com\/en\/wp-json\/wp\/v2\/product\/433","targetHints":{"allow":["GET"]}}],"collection":[{"href":"https:\/\/fasgrel.com\/en\/wp-json\/wp\/v2\/product"}],"about":[{"href":"https:\/\/fasgrel.com\/en\/wp-json\/wp\/v2\/types\/product"}],"replies":[{"embeddable":true,"href":"https:\/\/fasgrel.com\/en\/wp-json\/wp\/v2\/comments?post=433"}],"wp:featuredmedia":[{"embeddable":true,"href":"https:\/\/fasgrel.com\/en\/wp-json\/wp\/v2\/media\/2315"}],"wp:attachment":[{"href":"https:\/\/fasgrel.com\/en\/wp-json\/wp\/v2\/media?parent=433"}],"wp:term":[{"taxonomy":"pwb-brand","embeddable":true,"href":"https:\/\/fasgrel.com\/en\/wp-json\/wp\/v2\/pwb-brand?post=433"},{"taxonomy":"product_brand","embeddable":true,"href":"https:\/\/fasgrel.com\/en\/wp-json\/wp\/v2\/product_brand?post=433"},{"taxonomy":"product_cat","embeddable":true,"href":"https:\/\/fasgrel.com\/en\/wp-json\/wp\/v2\/product_cat?post=433"},{"taxonomy":"product_tag","embeddable":true,"href":"https:\/\/fasgrel.com\/en\/wp-json\/wp\/v2\/product_tag?post=433"}],"curies":[{"name":"wp","href":"https:\/\/api.w.org\/{rel}","templated":true}]}}